{"id":47038,"date":"2026-05-11T18:57:57","date_gmt":"2026-05-11T15:57:57","guid":{"rendered":"https:\/\/kaustinen.net\/?page_id=47038"},"modified":"2026-05-11T19:08:58","modified_gmt":"2026-05-11T16:08:58","slug":"lahde-perhemajoittajaksi","status":"publish","type":"page","link":"https:\/\/kaustinen.net\/sv\/lahde-perhemajoittajaksi\/","title":{"rendered":"L\u00e4hde mukaan perhemajoittajaksi 2026"},"content":{"rendered":"[et_pb_section fb_built=&#8221;1&#8243; admin_label=&#8221;section&#8221; _builder_version=&#8221;3.22&#8243;][et_pb_row admin_label=&#8221;row&#8221; _builder_version=&#8221;3.25&#8243; background_size=&#8221;initial&#8221; background_position=&#8221;top_left&#8221; background_repeat=&#8221;repeat&#8221;][et_pb_column type=&#8221;4_4&#8243; _builder_version=&#8221;3.25&#8243; custom_padding=&#8221;|||&#8221; custom_padding__hover=&#8221;|||&#8221;][et_pb_text admin_label=&#8221;Text&#8221; _builder_version=&#8221;3.27.4&#8243; background_size=&#8221;initial&#8221; background_position=&#8221;top_left&#8221; background_repeat=&#8221;repeat&#8221;]<p><\/p>\n<h3 class=\"wp-block-heading\"><\/h3>\n<p><\/p>\n<p><\/p>\n<p><a href=\"mailto:perhemajoitus@kaustinen.net\"><\/a><\/p>\n<p><\/p>[\/et_pb_text][\/et_pb_column][\/et_pb_row][et_pb_row column_structure=&#8221;1_4,3_4&#8243; _builder_version=&#8221;3.25&#8243; background_size=&#8221;initial&#8221; background_position=&#8221;top_left&#8221; background_repeat=&#8221;repeat&#8221; locked=&#8221;off&#8221;][et_pb_column type=&#8221;1_4&#8243; _builder_version=&#8221;3.25&#8243; custom_padding=&#8221;|||&#8221; custom_padding__hover=&#8221;|||&#8221;][et_pb_sidebar area=&#8221;et_pb_widget_area_1&#8243; _builder_version=&#8221;4.6.6&#8243; _module_preset=&#8221;default&#8221;][\/et_pb_sidebar][\/et_pb_column][et_pb_column type=&#8221;3_4&#8243; _builder_version=&#8221;3.25&#8243; custom_padding=&#8221;|||&#8221; custom_padding__hover=&#8221;|||&#8221;][et_pb_text _builder_version=&#8221;4.6.6&#8243; background_size=&#8221;initial&#8221; background_position=&#8221;top_left&#8221; background_repeat=&#8221;repeat&#8221; custom_padding=&#8221;2px||1px|||&#8221; link_option_url_new_window=&#8221;on&#8221; inline_fonts=&#8221;Juhulat&#8221;]<p><span style=\"font-family: inherit; font-size: 26px;\"><b>L\u00e4hde mukaan perhemajoittajaksi<\/b><\/span><\/p>\n<p><span style=\"font-family: inherit; font-size: medium;\">Tarjoa yksitt\u00e4ist\u00e4 huonetta, kokonaista rakennusta tai pihapaikkoja teltoille ja karavaanareille. <br \/>Lis\u00e4tietoja: <\/span><a href=\"mailto:staff@kaustinen.net\" style=\"font-family: inherit; font-size: medium;\">perhemajoitus@kaustinen.net<\/a><span style=\"font-family: inherit; font-size: medium;\">.<\/span><\/p>\n<p><span style=\"font-size: large;\"><span style=\"font-family: inherit; font-weight: normal; font-size: medium;\"><\/span><\/span><\/p>\n<p><span style=\"font-size: 14px;\">Kaustinen on piskuinen kunta niukalla majoituskapasiteetilla ja festivaalivieraita on runsaasti. Siksi tarvitsemme lis\u00e4\u00e4 perhemajoittajia kysynn\u00e4n vastineeksi. Tarjota voi yksitt\u00e4isi\u00e4 huoneita, kokonaisia rakennuksia, pihapaikkoja teltoille tai karavaanareille tai n\u00e4iden yhdistelmille.<\/span><\/p>\n<p>Majoittaja voi p\u00e4\u00e4tt\u00e4\u00e4 tarjoaako h\u00e4n majoitusta aamiaisella vai ilman. Erilaisilla j\u00e4rjestelyill\u00e4 voi majoittaja p\u00e4\u00e4tt\u00e4\u00e4, kuinka perhemajoitus h\u00e4nt\u00e4 sitoo. Voitte ilmoittaa perhemajoitustarjonnastanne perhemajoituslomakkeella, s\u00e4hk\u00f6postilla tai puhelimitse, yhteystiedot alla.<\/p>\n<p>Tarvitsemme seuraavat tiedot:\u00a0<\/p>\n<ul>\n<li>majoituksen yhteyshenkil\u00f6tiedot<\/li>\n<li>majoituskohteesta osoitteineen, huoneiden tai muiden majoituskohteiden lukum\u00e4\u00e4r\u00e4 ja varustelu<\/li>\n<li>aamiaistarjonta<\/li>\n<li>mahdolliset lemmikkiel\u00e4imet (sek\u00e4 omat, ett\u00e4 vieraan)<\/li>\n<li>esteett\u00f6myys<\/li>\n<\/ul>\n<p>Kaustinen Folk Music Festival majoitustoimisto ottaa varaukset vastaan ja sijoittelee majoittujat toiveiden sek\u00e4 mahdollisuuksien mukaan kohteisiinsa. Majoittajat saavat majoittujien yhteystiedot varauksen vahvistuttua. Majoittujat k\u00e4yv\u00e4t festivaalille saapuessaan majoitustoimistossa (musiikkilukiolla, Meerbuschintie 1) maksamassa majoituksen ja saamassa tarkemmat ohjeet.<\/p>\n<p>Majoittujan saapuessa festivaalille majoitustoimiston sulkemisajan klo 21 j\u00e4lkeen voidaan sopia tapauskohtaisesti muista j\u00e4rjestelyist\u00e4. Kaustinen Folk Music Festival hoitaa laskutuksen ja tilitt\u00e4\u00e4 majoittajaosuuden tapahtuman j\u00e4lkeen.<\/p>\n<p>Huomioi, ett\u00e4 hakemus on sitova. Kohteet ovat Perhemajoituksen v\u00e4litett\u00e4v\u00e4n\u00e4 yksinoikeudella 4.7.2026 saakka, t\u00e4m\u00e4n j\u00e4lkeen on my\u00f6s omatoiminen v\u00e4litys mahdollista.<\/p>\n<p>Lue ilmoittautumisohjeet tarkasti l\u00e4pi ja varmista tietosi ennen hakemuksen l\u00e4hett\u00e4mist\u00e4. Liit\u00e4 mukaan my\u00f6s kuvia majoituskohteesta.<\/p>\n<p><span style=\"font-size: 14px;\">Perhemajoittajaksi voi ilmoittautua t\u00e4ytt\u00e4m\u00e4ll\u00e4 lomake: <\/span><a href=\"https:\/\/gest.fi\/customers\/chfaei\/9530\" target=\"_blank\" rel=\"noreferrer noopener\" style=\"font-size: 14px;\">Perhemajoittajalomake<\/a><\/p>\n<p><!-- \/wp:post-content --><\/p>\n<p><!-- wp:paragraph --><\/p>\n<p>Ota yhteytt\u00e4: <a href=\"mailto:perhemajoitus@kaustinen.net\">perhemajoitus@kaustinen.net<br \/><span>+358 40 170 1968<\/span><\/a><\/p>\n<p>&nbsp;<\/p>[\/et_pb_text][\/et_pb_column][\/et_pb_row][\/et_pb_section]","protected":false},"excerpt":{"rendered":"<p>[et_pb_section fb_built=&#8221;1&#8243; admin_label=&#8221;section&#8221; _builder_version=&#8221;3.22&#8243;][et_pb_row admin_label=&#8221;row&#8221; _builder_version=&#8221;3.25&#8243; background_size=&#8221;initial&#8221; background_position=&#8221;top_left&#8221; background_repeat=&#8221;repeat&#8221;][et_pb_column type=&#8221;4_4&#8243; _builder_version=&#8221;3.25&#8243; custom_padding=&#8221;|||&#8221; custom_padding__hover=&#8221;|||&#8221;][et_pb_text admin_label=&#8221;Text&#8221; _builder_version=&#8221;3.27.4&#8243; background_size=&#8221;initial&#8221; background_position=&#8221;top_left&#8221; background_repeat=&#8221;repeat&#8221;] [\/et_pb_text][\/et_pb_column][\/et_pb_row][et_pb_row column_structure=&#8221;1_4,3_4&#8243; _builder_version=&#8221;3.25&#8243; background_size=&#8221;initial&#8221; background_position=&#8221;top_left&#8221; background_repeat=&#8221;repeat&#8221; locked=&#8221;off&#8221;][et_pb_column type=&#8221;1_4&#8243; _builder_version=&#8221;3.25&#8243; custom_padding=&#8221;|||&#8221; custom_padding__hover=&#8221;|||&#8221;][et_pb_sidebar area=&#8221;et_pb_widget_area_1&#8243; _builder_version=&#8221;4.6.6&#8243; _module_preset=&#8221;default&#8221;][\/et_pb_sidebar][\/et_pb_column][et_pb_column type=&#8221;3_4&#8243; _builder_version=&#8221;3.25&#8243; custom_padding=&#8221;|||&#8221; custom_padding__hover=&#8221;|||&#8221;][et_pb_text _builder_version=&#8221;4.6.6&#8243; background_size=&#8221;initial&#8221; background_position=&#8221;top_left&#8221; background_repeat=&#8221;repeat&#8221; custom_padding=&#8221;2px||1px|||&#8221; link_option_url_new_window=&#8221;on&#8221; inline_fonts=&#8221;Juhulat&#8221;] L\u00e4hde mukaan perhemajoittajaksi Tarjoa yksitt\u00e4ist\u00e4 huonetta, kokonaista rakennusta tai pihapaikkoja teltoille ja [&hellip;]<\/p>\n","protected":false},"author":25,"featured_media":0,"parent":0,"menu_order":0,"comment_status":"closed","ping_status":"closed","template":"","meta":{"_et_pb_use_builder":"on","_et_pb_old_content":"<!-- wp:heading {\"level\":3} -->\n<h3 class=\"wp-block-heading\"><\/h3>\n<!-- \/wp:heading -->\n\n<!-- wp:paragraph -->\n<p><em>Kaustinen on piskuinen kunta niukalla majoituskapasiteetilla ja festivaalivieraita on runsaasti. Siksi tarvitsemme lis\u00e4\u00e4 perhemajoittajia kysynn\u00e4n vastineeksi. Tarjota voi yksitt\u00e4isi\u00e4 huoneita, kokonaisia rakennuksia, pihapaikkoja teltoille tai karavaanareille tai n\u00e4iden yhdistelmille. Majoittaja voi p\u00e4\u00e4tt\u00e4\u00e4 tarjoaako h\u00e4n majoitusta aamiaisella vai ilman. Erilaisilla j\u00e4rjestelyill\u00e4 voi majoittaja p\u00e4\u00e4tt\u00e4\u00e4, kuinka perhemajoitus h\u00e4nt\u00e4 sitoo. Voitte ilmoittaa perhemajoitustarjonnastanne perhemajoituslomakkeella, s\u00e4hk\u00f6postilla tai puhelimitse.<\/em><\/p>\n<!-- \/wp:paragraph -->\n\n<!-- wp:paragraph -->\n<p>Perhemajoittajaksi voi ilmoittautua t\u00e4ytt\u00e4m\u00e4ll\u00e4 lomake: <a href=\"https:\/\/gest.fi\/customers\/chfaei\/9530\" target=\"_blank\" rel=\"noreferrer noopener\">Perhemajoittajalomake<\/a><\/p>\n<!-- \/wp:paragraph -->\n\n<!-- wp:paragraph -->\n<p>Ota yhteytt\u00e4: <a href=\"mailto:perhemajoitus@kaustinen.net\">perhemajoitus@kaustinen.net<\/a><\/p>\n<!-- \/wp:paragraph -->","_et_gb_content_width":"","footnotes":""},"class_list":["post-47038","page","type-page","status-publish","hentry"],"yoast_head":"<!-- This site is optimized with the Yoast SEO plugin v27.5 - https:\/\/yoast.com\/product\/yoast-seo-wordpress\/ -->\n<title>L\u00e4hde mukaan perhemajoittajaksi 2026 - Kaustinen Folk Music Festival<\/title>\n<meta name=\"robots\" content=\"index, follow, max-snippet:-1, max-image-preview:large, max-video-preview:-1\" \/>\n<link rel=\"canonical\" href=\"https:\/\/kaustinen.net\/sv\/lahde-perhemajoittajaksi\/\" \/>\n<meta property=\"og:locale\" content=\"sv_SE\" \/>\n<meta property=\"og:type\" content=\"article\" \/>\n<meta property=\"og:title\" content=\"L\u00e4hde mukaan perhemajoittajaksi 2026 - Kaustinen Folk Music Festival\" \/>\n<meta property=\"og:description\" content=\"[et_pb_section fb_built=&#8221;1&#8243; admin_label=&#8221;section&#8221; _builder_version=&#8221;3.22&#8243;][et_pb_row admin_label=&#8221;row&#8221; _builder_version=&#8221;3.25&#8243; background_size=&#8221;initial&#8221; background_position=&#8221;top_left&#8221; background_repeat=&#8221;repeat&#8221;][et_pb_column type=&#8221;4_4&#8243; _builder_version=&#8221;3.25&#8243; custom_padding=&#8221;|||&#8221; custom_padding__hover=&#8221;|||&#8221;][et_pb_text admin_label=&#8221;Text&#8221; _builder_version=&#8221;3.27.4&#8243; background_size=&#8221;initial&#8221; background_position=&#8221;top_left&#8221; background_repeat=&#8221;repeat&#8221;] [\/et_pb_text][\/et_pb_column][\/et_pb_row][et_pb_row column_structure=&#8221;1_4,3_4&#8243; _builder_version=&#8221;3.25&#8243; background_size=&#8221;initial&#8221; background_position=&#8221;top_left&#8221; background_repeat=&#8221;repeat&#8221; locked=&#8221;off&#8221;][et_pb_column type=&#8221;1_4&#8243; _builder_version=&#8221;3.25&#8243; custom_padding=&#8221;|||&#8221; custom_padding__hover=&#8221;|||&#8221;][et_pb_sidebar area=&#8221;et_pb_widget_area_1&#8243; _builder_version=&#8221;4.6.6&#8243; _module_preset=&#8221;default&#8221;][\/et_pb_sidebar][\/et_pb_column][et_pb_column type=&#8221;3_4&#8243; _builder_version=&#8221;3.25&#8243; custom_padding=&#8221;|||&#8221; custom_padding__hover=&#8221;|||&#8221;][et_pb_text _builder_version=&#8221;4.6.6&#8243; background_size=&#8221;initial&#8221; background_position=&#8221;top_left&#8221; background_repeat=&#8221;repeat&#8221; custom_padding=&#8221;2px||1px|||&#8221; link_option_url_new_window=&#8221;on&#8221; inline_fonts=&#8221;Juhulat&#8221;] L\u00e4hde mukaan perhemajoittajaksi Tarjoa yksitt\u00e4ist\u00e4 huonetta, kokonaista rakennusta tai pihapaikkoja teltoille ja [&hellip;]\" \/>\n<meta property=\"og:url\" content=\"https:\/\/kaustinen.net\/sv\/lahde-perhemajoittajaksi\/\" \/>\n<meta property=\"og:site_name\" content=\"Kaustinen Folk Music Festival\" \/>\n<meta property=\"article:modified_time\" content=\"2026-05-11T16:08:58+00:00\" \/>\n<meta name=\"twitter:card\" content=\"summary_large_image\" \/>\n<meta name=\"twitter:label1\" content=\"Ber\u00e4knad l\u00e4stid\" \/>\n\t<meta name=\"twitter:data1\" content=\"1 minut\" \/>\n<script type=\"application\/ld+json\" class=\"yoast-schema-graph\">{\"@context\":\"https:\\\/\\\/schema.org\",\"@graph\":[{\"@type\":\"WebPage\",\"@id\":\"https:\\\/\\\/kaustinen.net\\\/lahde-perhemajoittajaksi\\\/\",\"url\":\"https:\\\/\\\/kaustinen.net\\\/lahde-perhemajoittajaksi\\\/\",\"name\":\"L\u00e4hde mukaan perhemajoittajaksi 2026 - Kaustinen Folk Music Festival\",\"isPartOf\":{\"@id\":\"https:\\\/\\\/kaustinen.net\\\/sv\\\/#website\"},\"datePublished\":\"2026-05-11T15:57:57+00:00\",\"dateModified\":\"2026-05-11T16:08:58+00:00\",\"breadcrumb\":{\"@id\":\"https:\\\/\\\/kaustinen.net\\\/lahde-perhemajoittajaksi\\\/#breadcrumb\"},\"inLanguage\":\"sv-SE\",\"potentialAction\":[{\"@type\":\"ReadAction\",\"target\":[\"https:\\\/\\\/kaustinen.net\\\/lahde-perhemajoittajaksi\\\/\"]}]},{\"@type\":\"BreadcrumbList\",\"@id\":\"https:\\\/\\\/kaustinen.net\\\/lahde-perhemajoittajaksi\\\/#breadcrumb\",\"itemListElement\":[{\"@type\":\"ListItem\",\"position\":1,\"name\":\"Home\",\"item\":\"https:\\\/\\\/kaustinen.net\\\/\"},{\"@type\":\"ListItem\",\"position\":2,\"name\":\"L\u00e4hde mukaan perhemajoittajaksi 2026\"}]},{\"@type\":\"WebSite\",\"@id\":\"https:\\\/\\\/kaustinen.net\\\/sv\\\/#website\",\"url\":\"https:\\\/\\\/kaustinen.net\\\/sv\\\/\",\"name\":\"Kaustinen Folk Music Festival\",\"description\":\"Kes\u00e4n onnellisimmat p\u00e4iv\u00e4t\",\"potentialAction\":[{\"@type\":\"SearchAction\",\"target\":{\"@type\":\"EntryPoint\",\"urlTemplate\":\"https:\\\/\\\/kaustinen.net\\\/sv\\\/?s={search_term_string}\"},\"query-input\":{\"@type\":\"PropertyValueSpecification\",\"valueRequired\":true,\"valueName\":\"search_term_string\"}}],\"inLanguage\":\"sv-SE\"}]}<\/script>\n<!-- \/ Yoast SEO plugin. -->","yoast_head_json":{"title":"L\u00e4hde mukaan perhemajoittajaksi 2026 - Kaustinen Folk Music Festival","robots":{"index":"index","follow":"follow","max-snippet":"max-snippet:-1","max-image-preview":"max-image-preview:large","max-video-preview":"max-video-preview:-1"},"canonical":"https:\/\/kaustinen.net\/sv\/lahde-perhemajoittajaksi\/","og_locale":"sv_SE","og_type":"article","og_title":"L\u00e4hde mukaan perhemajoittajaksi 2026 - Kaustinen Folk Music Festival","og_description":"[et_pb_section fb_built=&#8221;1&#8243; admin_label=&#8221;section&#8221; _builder_version=&#8221;3.22&#8243;][et_pb_row admin_label=&#8221;row&#8221; _builder_version=&#8221;3.25&#8243; background_size=&#8221;initial&#8221; background_position=&#8221;top_left&#8221; background_repeat=&#8221;repeat&#8221;][et_pb_column type=&#8221;4_4&#8243; _builder_version=&#8221;3.25&#8243; custom_padding=&#8221;|||&#8221; custom_padding__hover=&#8221;|||&#8221;][et_pb_text admin_label=&#8221;Text&#8221; _builder_version=&#8221;3.27.4&#8243; background_size=&#8221;initial&#8221; background_position=&#8221;top_left&#8221; background_repeat=&#8221;repeat&#8221;] [\/et_pb_text][\/et_pb_column][\/et_pb_row][et_pb_row column_structure=&#8221;1_4,3_4&#8243; _builder_version=&#8221;3.25&#8243; background_size=&#8221;initial&#8221; background_position=&#8221;top_left&#8221; background_repeat=&#8221;repeat&#8221; locked=&#8221;off&#8221;][et_pb_column type=&#8221;1_4&#8243; _builder_version=&#8221;3.25&#8243; custom_padding=&#8221;|||&#8221; custom_padding__hover=&#8221;|||&#8221;][et_pb_sidebar area=&#8221;et_pb_widget_area_1&#8243; _builder_version=&#8221;4.6.6&#8243; _module_preset=&#8221;default&#8221;][\/et_pb_sidebar][\/et_pb_column][et_pb_column type=&#8221;3_4&#8243; _builder_version=&#8221;3.25&#8243; custom_padding=&#8221;|||&#8221; custom_padding__hover=&#8221;|||&#8221;][et_pb_text _builder_version=&#8221;4.6.6&#8243; background_size=&#8221;initial&#8221; background_position=&#8221;top_left&#8221; background_repeat=&#8221;repeat&#8221; custom_padding=&#8221;2px||1px|||&#8221; link_option_url_new_window=&#8221;on&#8221; inline_fonts=&#8221;Juhulat&#8221;] L\u00e4hde mukaan perhemajoittajaksi Tarjoa yksitt\u00e4ist\u00e4 huonetta, kokonaista rakennusta tai pihapaikkoja teltoille ja [&hellip;]","og_url":"https:\/\/kaustinen.net\/sv\/lahde-perhemajoittajaksi\/","og_site_name":"Kaustinen Folk Music Festival","article_modified_time":"2026-05-11T16:08:58+00:00","twitter_card":"summary_large_image","twitter_misc":{"Ber\u00e4knad l\u00e4stid":"1 minut"},"schema":{"@context":"https:\/\/schema.org","@graph":[{"@type":"WebPage","@id":"https:\/\/kaustinen.net\/lahde-perhemajoittajaksi\/","url":"https:\/\/kaustinen.net\/lahde-perhemajoittajaksi\/","name":"L\u00e4hde mukaan perhemajoittajaksi 2026 - Kaustinen Folk Music Festival","isPartOf":{"@id":"https:\/\/kaustinen.net\/sv\/#website"},"datePublished":"2026-05-11T15:57:57+00:00","dateModified":"2026-05-11T16:08:58+00:00","breadcrumb":{"@id":"https:\/\/kaustinen.net\/lahde-perhemajoittajaksi\/#breadcrumb"},"inLanguage":"sv-SE","potentialAction":[{"@type":"ReadAction","target":["https:\/\/kaustinen.net\/lahde-perhemajoittajaksi\/"]}]},{"@type":"BreadcrumbList","@id":"https:\/\/kaustinen.net\/lahde-perhemajoittajaksi\/#breadcrumb","itemListElement":[{"@type":"ListItem","position":1,"name":"Home","item":"https:\/\/kaustinen.net\/"},{"@type":"ListItem","position":2,"name":"L\u00e4hde mukaan perhemajoittajaksi 2026"}]},{"@type":"WebSite","@id":"https:\/\/kaustinen.net\/sv\/#website","url":"https:\/\/kaustinen.net\/sv\/","name":"Kaustinen Folk Music Festival","description":"Sommarens lyckligaste dagar","potentialAction":[{"@type":"SearchAction","target":{"@type":"EntryPoint","urlTemplate":"https:\/\/kaustinen.net\/sv\/?s={search_term_string}"},"query-input":{"@type":"PropertyValueSpecification","valueRequired":true,"valueName":"search_term_string"}}],"inLanguage":"sv-SE"}]}},"_links":{"self":[{"href":"https:\/\/kaustinen.net\/sv\/wp-json\/wp\/v2\/pages\/47038","targetHints":{"allow":["GET"]}}],"collection":[{"href":"https:\/\/kaustinen.net\/sv\/wp-json\/wp\/v2\/pages"}],"about":[{"href":"https:\/\/kaustinen.net\/sv\/wp-json\/wp\/v2\/types\/page"}],"author":[{"embeddable":true,"href":"https:\/\/kaustinen.net\/sv\/wp-json\/wp\/v2\/users\/25"}],"replies":[{"embeddable":true,"href":"https:\/\/kaustinen.net\/sv\/wp-json\/wp\/v2\/comments?post=47038"}],"version-history":[{"count":4,"href":"https:\/\/kaustinen.net\/sv\/wp-json\/wp\/v2\/pages\/47038\/revisions"}],"predecessor-version":[{"id":47046,"href":"https:\/\/kaustinen.net\/sv\/wp-json\/wp\/v2\/pages\/47038\/revisions\/47046"}],"wp:attachment":[{"href":"https:\/\/kaustinen.net\/sv\/wp-json\/wp\/v2\/media?parent=47038"}],"curies":[{"name":"wp","href":"https:\/\/api.w.org\/{rel}","templated":true}]}}