{"id":45047,"date":"2025-01-28T13:51:33","date_gmt":"2025-01-28T11:51:33","guid":{"rendered":"https:\/\/kaustinen.net\/?page_id=45047"},"modified":"2026-04-13T10:23:45","modified_gmt":"2026-04-13T07:23:45","slug":"myyntipaikat","status":"publish","type":"page","link":"https:\/\/kaustinen.net\/sv\/myyntipaikat\/","title":{"rendered":"Myyntipaikat 2026"},"content":{"rendered":"<p>[et_pb_section fb_built=&#8221;1&#8243; _builder_version=&#8221;4.6.6&#8243; _module_preset=&#8221;default&#8221;][et_pb_row column_structure=&#8221;1_4,3_4&#8243; _builder_version=&#8221;4.6.6&#8243; _module_preset=&#8221;default&#8221;][et_pb_column type=&#8221;1_4&#8243; _builder_version=&#8221;4.6.6&#8243; _module_preset=&#8221;default&#8221;][et_pb_sidebar area=&#8221;et_pb_widget_area_1&#8243; _builder_version=&#8221;4.6.6&#8243; _module_preset=&#8221;default&#8221;][\/et_pb_sidebar][\/et_pb_column][et_pb_column type=&#8221;3_4&#8243; _builder_version=&#8221;4.6.6&#8243; _module_preset=&#8221;default&#8221;][et_pb_text _builder_version=&#8221;4.6.6&#8243; _module_preset=&#8221;default&#8221; hover_enabled=&#8221;0&#8243; sticky_enabled=&#8221;0&#8243;]<\/p>\n<h2>Festivaalin myyntipaikat 2026<\/h2>\n<p>&nbsp;<\/p>\n<h3>Myyntipaikkojen haku vuodelle 2026\u00a0<\/h3>\n<p>Myyntipaikkojen haku on p\u00e4\u00e4ttynyt. Haettavissa on ollut n\u00e4ytteilleasettajapaikkoja, elintarvikemyyntipaikkoja sek\u00e4 tuotemyyntipaikkoja Juhlapihan basaariin. Paikkoja on rajallisesti ja valinnat suoritetaan tapauskohtaisesti. Kaikkien paikkojen haut ovat avoinna 31.3.2026 saakka. Seuraavassa tarkempia tietoja myyntipaikoista hakulinkkeineen.<\/p>\n<h4>Elintarvikemyyntipaikat<\/h4>\n<p>Elintarvikemyyntiin on tarjolla ruokamyynti- ja kahvilapaikkoja, makeismyyntipaikkoja sek\u00e4 j\u00e4\u00e4tel\u00f6nmyyntipaikkoja. Tarkemmat tiedot hinnastoineen l\u00f6ytyv\u00e4t<a href=\"https:\/\/kaustinen.net\/elintarvikkeiden-myynti-kaustisen-kansanmusiikkijuhlilla-2026\/\" target=\"_blank\" rel=\"noopener noreferrer\" title=\"Elintarvikemyynnin yleiset myyntiehdot 2026\"> t\u00e4\u00e4lt\u00e4<\/a>.<\/p>\n<p><a href=\"https:\/\/gest.fi\/customers\/chfaei\/9381\" target=\"_blank\" rel=\"noopener noreferrer\" title=\"Elintarvikemyyjien hakulomake 2026\">Elintarvikemyyjien hakulomake<\/a><\/p>\n<h4>Tuotemyyj\u00e4paikat<\/h4>\n<p>Tuotemyyj\u00e4paikat sijaitsevat Juhlapihan basaariteltassa. Tarjolla on erikokoisia myyntipaikkoja esimerkiksi k\u00e4sity\u00f6myyntiin. Tarkemmat tiedot hinnastoineen hakulomakkeessa.<\/p>\n<p><a href=\"https:\/\/gest.fi\/customers\/chfaei\/9399\" target=\"_blank\" rel=\"noopener noreferrer\" title=\"Tuotemyyj\u00e4hakulomake 2026\">Tuotemyyjien hakulomake<\/a><\/p>\n<h4>N\u00e4ytteilleasettajapaikat<\/h4>\n<p>N\u00e4ytteilleasettajapaikat on tarkoitettu esimerkiksi myyntin\u00e4yttelyille, ty\u00f6n\u00e4yt\u00f6stoiminnalle, tai esittelypisteille. Painotamme valinnoissamme festivaalin luonteeseen sopivia toimijoita ja tuotteita. Tarkempia tietoja hakulomakkeessa.<\/p>\n<p><a href=\"https:\/\/gest.fi\/customers\/chfaei\/9400\" target=\"_blank\" rel=\"noopener noreferrer\" title=\"N\u00e4ytteilleasettajapaikkahakemus 2026\">N\u00e4ytteilleasettajapaikkojen hakulomake<\/a><\/p>\n<p>&nbsp;<\/p>\n<p>Lis\u00e4tiedot:<\/p>\n<p>Elintarvike- ja tuotemyyj\u00e4paikat: Tuotantop\u00e4\u00e4llikk\u00f6 Jukka Virkkala, puh. 040 172 9566<\/p>\n<p>N\u00e4ytteilleasettajapaikat: Toiminnanjohtaja Valtteri Valo, puh. 040 358 2413<\/p>\n<p>[\/et_pb_text][\/et_pb_column][\/et_pb_row][\/et_pb_section]<\/p>\n","protected":false},"excerpt":{"rendered":"<p>[et_pb_section fb_built=&#8221;1&#8243; _builder_version=&#8221;4.6.6&#8243; _module_preset=&#8221;default&#8221;][et_pb_row column_structure=&#8221;1_4,3_4&#8243; _builder_version=&#8221;4.6.6&#8243; _module_preset=&#8221;default&#8221;][et_pb_column type=&#8221;1_4&#8243; _builder_version=&#8221;4.6.6&#8243; _module_preset=&#8221;default&#8221;][et_pb_sidebar area=&#8221;et_pb_widget_area_1&#8243; _builder_version=&#8221;4.6.6&#8243; _module_preset=&#8221;default&#8221;][\/et_pb_sidebar][\/et_pb_column][et_pb_column type=&#8221;3_4&#8243; _builder_version=&#8221;4.6.6&#8243; _module_preset=&#8221;default&#8221;][et_pb_text _builder_version=&#8221;4.6.6&#8243; _module_preset=&#8221;default&#8221; hover_enabled=&#8221;0&#8243; sticky_enabled=&#8221;0&#8243;] Festivaalin myyntipaikat 2026 &nbsp; Myyntipaikkojen haku vuodelle 2026\u00a0 Myyntipaikkojen haku on p\u00e4\u00e4ttynyt. Haettavissa on ollut n\u00e4ytteilleasettajapaikkoja, elintarvikemyyntipaikkoja sek\u00e4 tuotemyyntipaikkoja Juhlapihan basaariin. Paikkoja on rajallisesti ja valinnat suoritetaan tapauskohtaisesti. Kaikkien paikkojen haut ovat avoinna 31.3.2026 saakka. [&hellip;]<\/p>\n","protected":false},"author":12,"featured_media":43056,"parent":0,"menu_order":0,"comment_status":"closed","ping_status":"closed","template":"","meta":{"_et_pb_use_builder":"on","_et_pb_old_content":"","_et_gb_content_width":"","footnotes":""},"class_list":["post-45047","page","type-page","status-publish","has-post-thumbnail","hentry"],"yoast_head":"<!-- This site is optimized with the Yoast SEO plugin v27.4 - https:\/\/yoast.com\/product\/yoast-seo-wordpress\/ -->\n<title>Myyntipaikat 2026 - Kaustinen Folk Music Festival<\/title>\n<meta name=\"robots\" content=\"index, follow, max-snippet:-1, max-image-preview:large, max-video-preview:-1\" \/>\n<link rel=\"canonical\" href=\"https:\/\/kaustinen.net\/sv\/myyntipaikat\/\" \/>\n<meta property=\"og:locale\" content=\"sv_SE\" \/>\n<meta property=\"og:type\" content=\"article\" \/>\n<meta property=\"og:title\" content=\"Myyntipaikat 2026 - Kaustinen Folk Music Festival\" \/>\n<meta property=\"og:description\" content=\"[et_pb_section fb_built=&#8221;1&#8243; _builder_version=&#8221;4.6.6&#8243; _module_preset=&#8221;default&#8221;][et_pb_row column_structure=&#8221;1_4,3_4&#8243; _builder_version=&#8221;4.6.6&#8243; _module_preset=&#8221;default&#8221;][et_pb_column type=&#8221;1_4&#8243; _builder_version=&#8221;4.6.6&#8243; _module_preset=&#8221;default&#8221;][et_pb_sidebar area=&#8221;et_pb_widget_area_1&#8243; _builder_version=&#8221;4.6.6&#8243; _module_preset=&#8221;default&#8221;][\/et_pb_sidebar][\/et_pb_column][et_pb_column type=&#8221;3_4&#8243; _builder_version=&#8221;4.6.6&#8243; _module_preset=&#8221;default&#8221;][et_pb_text _builder_version=&#8221;4.6.6&#8243; _module_preset=&#8221;default&#8221; hover_enabled=&#8221;0&#8243; sticky_enabled=&#8221;0&#8243;] Festivaalin myyntipaikat 2026 &nbsp; Myyntipaikkojen haku vuodelle 2026\u00a0 Myyntipaikkojen haku on p\u00e4\u00e4ttynyt. Haettavissa on ollut n\u00e4ytteilleasettajapaikkoja, elintarvikemyyntipaikkoja sek\u00e4 tuotemyyntipaikkoja Juhlapihan basaariin. Paikkoja on rajallisesti ja valinnat suoritetaan tapauskohtaisesti. Kaikkien paikkojen haut ovat avoinna 31.3.2026 saakka. [&hellip;]\" \/>\n<meta property=\"og:url\" content=\"https:\/\/kaustinen.net\/sv\/myyntipaikat\/\" \/>\n<meta property=\"og:site_name\" content=\"Kaustinen Folk Music Festival\" \/>\n<meta property=\"article:modified_time\" content=\"2026-04-13T07:23:45+00:00\" \/>\n<meta property=\"og:image\" content=\"https:\/\/kaustinen.net\/wp-content\/uploads\/2023\/02\/Ruokakojuja.-Kuva-Krista-Jarvela.jpg\" \/>\n\t<meta property=\"og:image:width\" content=\"2000\" \/>\n\t<meta property=\"og:image:height\" content=\"1335\" \/>\n\t<meta property=\"og:image:type\" content=\"image\/jpeg\" \/>\n<meta name=\"twitter:card\" content=\"summary_large_image\" \/>\n<meta name=\"twitter:label1\" content=\"Ber\u00e4knad l\u00e4stid\" \/>\n\t<meta name=\"twitter:data1\" content=\"1 minut\" \/>\n<script type=\"application\/ld+json\" class=\"yoast-schema-graph\">{\"@context\":\"https:\\\/\\\/schema.org\",\"@graph\":[{\"@type\":\"WebPage\",\"@id\":\"https:\\\/\\\/kaustinen.net\\\/myyntipaikat\\\/\",\"url\":\"https:\\\/\\\/kaustinen.net\\\/myyntipaikat\\\/\",\"name\":\"Myyntipaikat 2026 - Kaustinen Folk Music Festival\",\"isPartOf\":{\"@id\":\"https:\\\/\\\/kaustinen.net\\\/sv\\\/#website\"},\"primaryImageOfPage\":{\"@id\":\"https:\\\/\\\/kaustinen.net\\\/myyntipaikat\\\/#primaryimage\"},\"image\":{\"@id\":\"https:\\\/\\\/kaustinen.net\\\/myyntipaikat\\\/#primaryimage\"},\"thumbnailUrl\":\"https:\\\/\\\/kaustinen.net\\\/wp-content\\\/uploads\\\/2023\\\/02\\\/Ruokakojuja.-Kuva-Krista-Jarvela.jpg\",\"datePublished\":\"2025-01-28T11:51:33+00:00\",\"dateModified\":\"2026-04-13T07:23:45+00:00\",\"breadcrumb\":{\"@id\":\"https:\\\/\\\/kaustinen.net\\\/myyntipaikat\\\/#breadcrumb\"},\"inLanguage\":\"sv-SE\",\"potentialAction\":[{\"@type\":\"ReadAction\",\"target\":[\"https:\\\/\\\/kaustinen.net\\\/myyntipaikat\\\/\"]}]},{\"@type\":\"ImageObject\",\"inLanguage\":\"sv-SE\",\"@id\":\"https:\\\/\\\/kaustinen.net\\\/myyntipaikat\\\/#primaryimage\",\"url\":\"https:\\\/\\\/kaustinen.net\\\/wp-content\\\/uploads\\\/2023\\\/02\\\/Ruokakojuja.-Kuva-Krista-Jarvela.jpg\",\"contentUrl\":\"https:\\\/\\\/kaustinen.net\\\/wp-content\\\/uploads\\\/2023\\\/02\\\/Ruokakojuja.-Kuva-Krista-Jarvela.jpg\",\"width\":2000,\"height\":1335,\"caption\":\"Ihmisi\u00e4 ostamassa ruokaa myyntikojuista.\"},{\"@type\":\"BreadcrumbList\",\"@id\":\"https:\\\/\\\/kaustinen.net\\\/myyntipaikat\\\/#breadcrumb\",\"itemListElement\":[{\"@type\":\"ListItem\",\"position\":1,\"name\":\"Home\",\"item\":\"https:\\\/\\\/kaustinen.net\\\/\"},{\"@type\":\"ListItem\",\"position\":2,\"name\":\"Myyntipaikat 2026\"}]},{\"@type\":\"WebSite\",\"@id\":\"https:\\\/\\\/kaustinen.net\\\/sv\\\/#website\",\"url\":\"https:\\\/\\\/kaustinen.net\\\/sv\\\/\",\"name\":\"Kaustinen Folk Music Festival\",\"description\":\"Kes\u00e4n onnellisimmat p\u00e4iv\u00e4t\",\"potentialAction\":[{\"@type\":\"SearchAction\",\"target\":{\"@type\":\"EntryPoint\",\"urlTemplate\":\"https:\\\/\\\/kaustinen.net\\\/sv\\\/?s={search_term_string}\"},\"query-input\":{\"@type\":\"PropertyValueSpecification\",\"valueRequired\":true,\"valueName\":\"search_term_string\"}}],\"inLanguage\":\"sv-SE\"}]}<\/script>\n<!-- \/ Yoast SEO plugin. -->","yoast_head_json":{"title":"Myyntipaikat 2026 - Kaustinen Folk Music Festival","robots":{"index":"index","follow":"follow","max-snippet":"max-snippet:-1","max-image-preview":"max-image-preview:large","max-video-preview":"max-video-preview:-1"},"canonical":"https:\/\/kaustinen.net\/sv\/myyntipaikat\/","og_locale":"sv_SE","og_type":"article","og_title":"Myyntipaikat 2026 - Kaustinen Folk Music Festival","og_description":"[et_pb_section fb_built=&#8221;1&#8243; _builder_version=&#8221;4.6.6&#8243; _module_preset=&#8221;default&#8221;][et_pb_row column_structure=&#8221;1_4,3_4&#8243; _builder_version=&#8221;4.6.6&#8243; _module_preset=&#8221;default&#8221;][et_pb_column type=&#8221;1_4&#8243; _builder_version=&#8221;4.6.6&#8243; _module_preset=&#8221;default&#8221;][et_pb_sidebar area=&#8221;et_pb_widget_area_1&#8243; _builder_version=&#8221;4.6.6&#8243; _module_preset=&#8221;default&#8221;][\/et_pb_sidebar][\/et_pb_column][et_pb_column type=&#8221;3_4&#8243; _builder_version=&#8221;4.6.6&#8243; _module_preset=&#8221;default&#8221;][et_pb_text _builder_version=&#8221;4.6.6&#8243; _module_preset=&#8221;default&#8221; hover_enabled=&#8221;0&#8243; sticky_enabled=&#8221;0&#8243;] Festivaalin myyntipaikat 2026 &nbsp; Myyntipaikkojen haku vuodelle 2026\u00a0 Myyntipaikkojen haku on p\u00e4\u00e4ttynyt. Haettavissa on ollut n\u00e4ytteilleasettajapaikkoja, elintarvikemyyntipaikkoja sek\u00e4 tuotemyyntipaikkoja Juhlapihan basaariin. Paikkoja on rajallisesti ja valinnat suoritetaan tapauskohtaisesti. Kaikkien paikkojen haut ovat avoinna 31.3.2026 saakka. [&hellip;]","og_url":"https:\/\/kaustinen.net\/sv\/myyntipaikat\/","og_site_name":"Kaustinen Folk Music Festival","article_modified_time":"2026-04-13T07:23:45+00:00","og_image":[{"width":2000,"height":1335,"url":"https:\/\/kaustinen.net\/wp-content\/uploads\/2023\/02\/Ruokakojuja.-Kuva-Krista-Jarvela.jpg","type":"image\/jpeg"}],"twitter_card":"summary_large_image","twitter_misc":{"Ber\u00e4knad l\u00e4stid":"1 minut"},"schema":{"@context":"https:\/\/schema.org","@graph":[{"@type":"WebPage","@id":"https:\/\/kaustinen.net\/myyntipaikat\/","url":"https:\/\/kaustinen.net\/myyntipaikat\/","name":"Myyntipaikat 2026 - Kaustinen Folk Music Festival","isPartOf":{"@id":"https:\/\/kaustinen.net\/sv\/#website"},"primaryImageOfPage":{"@id":"https:\/\/kaustinen.net\/myyntipaikat\/#primaryimage"},"image":{"@id":"https:\/\/kaustinen.net\/myyntipaikat\/#primaryimage"},"thumbnailUrl":"https:\/\/kaustinen.net\/wp-content\/uploads\/2023\/02\/Ruokakojuja.-Kuva-Krista-Jarvela.jpg","datePublished":"2025-01-28T11:51:33+00:00","dateModified":"2026-04-13T07:23:45+00:00","breadcrumb":{"@id":"https:\/\/kaustinen.net\/myyntipaikat\/#breadcrumb"},"inLanguage":"sv-SE","potentialAction":[{"@type":"ReadAction","target":["https:\/\/kaustinen.net\/myyntipaikat\/"]}]},{"@type":"ImageObject","inLanguage":"sv-SE","@id":"https:\/\/kaustinen.net\/myyntipaikat\/#primaryimage","url":"https:\/\/kaustinen.net\/wp-content\/uploads\/2023\/02\/Ruokakojuja.-Kuva-Krista-Jarvela.jpg","contentUrl":"https:\/\/kaustinen.net\/wp-content\/uploads\/2023\/02\/Ruokakojuja.-Kuva-Krista-Jarvela.jpg","width":2000,"height":1335,"caption":"Ihmisi\u00e4 ostamassa ruokaa myyntikojuista."},{"@type":"BreadcrumbList","@id":"https:\/\/kaustinen.net\/myyntipaikat\/#breadcrumb","itemListElement":[{"@type":"ListItem","position":1,"name":"Home","item":"https:\/\/kaustinen.net\/"},{"@type":"ListItem","position":2,"name":"Myyntipaikat 2026"}]},{"@type":"WebSite","@id":"https:\/\/kaustinen.net\/sv\/#website","url":"https:\/\/kaustinen.net\/sv\/","name":"Kaustinen Folk Music Festival","description":"Sommarens lyckligaste dagar","potentialAction":[{"@type":"SearchAction","target":{"@type":"EntryPoint","urlTemplate":"https:\/\/kaustinen.net\/sv\/?s={search_term_string}"},"query-input":{"@type":"PropertyValueSpecification","valueRequired":true,"valueName":"search_term_string"}}],"inLanguage":"sv-SE"}]}},"jetpack_sharing_enabled":true,"_links":{"self":[{"href":"https:\/\/kaustinen.net\/sv\/wp-json\/wp\/v2\/pages\/45047","targetHints":{"allow":["GET"]}}],"collection":[{"href":"https:\/\/kaustinen.net\/sv\/wp-json\/wp\/v2\/pages"}],"about":[{"href":"https:\/\/kaustinen.net\/sv\/wp-json\/wp\/v2\/types\/page"}],"author":[{"embeddable":true,"href":"https:\/\/kaustinen.net\/sv\/wp-json\/wp\/v2\/users\/12"}],"replies":[{"embeddable":true,"href":"https:\/\/kaustinen.net\/sv\/wp-json\/wp\/v2\/comments?post=45047"}],"version-history":[{"count":8,"href":"https:\/\/kaustinen.net\/sv\/wp-json\/wp\/v2\/pages\/45047\/revisions"}],"predecessor-version":[{"id":46542,"href":"https:\/\/kaustinen.net\/sv\/wp-json\/wp\/v2\/pages\/45047\/revisions\/46542"}],"wp:featuredmedia":[{"embeddable":true,"href":"https:\/\/kaustinen.net\/sv\/wp-json\/wp\/v2\/media\/43056"}],"wp:attachment":[{"href":"https:\/\/kaustinen.net\/sv\/wp-json\/wp\/v2\/media?parent=45047"}],"curies":[{"name":"wp","href":"https:\/\/api.w.org\/{rel}","templated":true}]}}