{"id":45035,"date":"2025-01-28T13:53:32","date_gmt":"2025-01-28T11:53:32","guid":{"rendered":"https:\/\/kaustinen.net\/?page_id=45035"},"modified":"2026-01-28T13:16:39","modified_gmt":"2026-01-28T11:16:39","slug":"toihin-talkoisiin","status":"publish","type":"page","link":"https:\/\/kaustinen.net\/sv\/toihin-talkoisiin\/","title":{"rendered":"Att arbeta \/ Volont\u00e4rarbeta"},"content":{"rendered":"<p>[et_pb_section fb_built=&#8221;1&#8243; _builder_version=&#8221;3.22&#8243;][et_pb_row column_structure=&#8221;1_4,3_4&#8243; _builder_version=&#8221;3.25&#8243; background_size=&#8221;initial&#8221; background_position=&#8221;top_left&#8221; background_repeat=&#8221;repeat&#8221;][et_pb_column type=&#8221;1_4&#8243; _builder_version=&#8221;3.25&#8243; custom_padding=&#8221;|||&#8221; custom_padding__hover=&#8221;|||&#8221;][et_pb_sidebar area=&#8221;et_pb_widget_area_1&#8243; _builder_version=&#8221;4.6.6&#8243; _module_preset=&#8221;default&#8221;][\/et_pb_sidebar][\/et_pb_column][et_pb_column type=&#8221;3_4&#8243; _builder_version=&#8221;3.25&#8243; custom_padding=&#8221;|||&#8221; custom_padding__hover=&#8221;|||&#8221;][et_pb_text _builder_version=&#8221;4.6.6&#8243; background_size=&#8221;initial&#8221; background_position=&#8221;top_left&#8221; background_repeat=&#8221;repeat&#8221; custom_padding=&#8221;0px||1px|||&#8221; link_option_url_new_window=&#8221;on&#8221; hover_enabled=&#8221;0&#8243; inline_fonts=&#8221;Juhulat&#8221; sticky_enabled=&#8221;0&#8243;]<\/p>\n<p><span style=\"font-size: 26px;\"><strong><span style=\"font-family: inherit;\">Festivaaliaikaisten teht\u00e4vien kuvaus<\/span><\/strong><\/span><\/p>\n<p><span style=\"font-size: large;\"><span style=\"font-family: inherit; font-weight: normal; font-size: medium;\">Kaustinen Folk Music Festivalin aikana tarvitaan runsaasti sek\u00e4 palkattua ty\u00f6voimaa, eli toimihenkil\u00f6it\u00e4, ett\u00e4 talkoolaisia. Seuraavassa on selostettu teht\u00e4v\u00e4kuvien erityispiirteit\u00e4 ja asiaan liittyvi\u00e4 tarkennuksia. Lis\u00e4tietoja s\u00e4hk\u00f6postiosoitteesta staff@kaustinen.net.<\/span><span style=\"font-family: inherit;\"><br \/> <\/span><\/span><\/p>\n<p>&nbsp;<\/p>\n<h2>Ty\u00f6ntekij\u00e4t eli toimihenkil\u00f6t<\/h2>\n<p>Toimihenkil\u00f6teht\u00e4v\u00e4t vaativat joko aikaisempaa kokemusta, koulutusta, tai muuta soveltuvuutta ty\u00f6h\u00f6n. Toimihenkil\u00f6 saa ty\u00f6st\u00e4\u00e4n palkkaa ja h\u00e4net on velvoitettu sitoutumaan pidempiin ty\u00f6aikoihin sek\u00e4 tarvittaessa y\u00f6t\u00f6ihin.<br \/> Toimihenkil\u00f6teht\u00e4vi\u00e4 ovat muun muassa j\u00e4rjestyksenvalvonta, ravintolaty\u00f6ntekij\u00e4, lipunmyynti, Info-pisteen asiakaspalvelija, sek\u00e4 vaativimmat toimistoty\u00f6t.<br \/> Toimihenkil\u00f6lle tarjotaan teht\u00e4v\u00e4ss\u00e4\u00e4n ty\u00f6paita, toimihenkil\u00f6passi joka oikeuttaa p\u00e4\u00e4syyn juhla-alueelle, majoitus yhteismajoitustiloissa sek\u00e4 alennus ruoasta festivaaliravintolassa.<\/p>\n<h3>Toimihenkil\u00f6teht\u00e4vi\u00e4 (palkalliset toimet)<\/h3>\n<p><strong>J\u00e4rjestyksenvalvoja<\/strong><\/p>\n<p>J\u00e4rjestyksenvalvojat vastaavat tapahtuman yleisest\u00e4 j\u00e4rjestyksenpidosta, lipuntarkastuksesta, anniskelualueiden valvonnasta ja muista tarvittavista j\u00e4rjestysteht\u00e4vist\u00e4. Osa j\u00e4rjestyksenvalvojista osallistuu liikenteenvalvontaan. J\u00e4rjestyksenvalvojilla tulee olla voimassa oleva j\u00e4rjestyksenvalvojakortti. Muut p\u00e4tevyydet katsotaan lis\u00e4eduiksi. Ty\u00f6 sis\u00e4lt\u00e4\u00e4 jalan liikkumista ja y\u00f6vuoroja. Teht\u00e4v\u00e4\u00e4n vaaditaan 18 vuoden ik\u00e4.<\/p>\n<p><strong>Lipunmyynti<\/strong><\/p>\n<p>Lipunmyyj\u00e4t toimivat tapahtumaporteilla p\u00e4\u00e4s\u00e4\u00e4nt\u00f6isesti aamuyhdeks\u00e4st\u00e4 y\u00f6h\u00f6n tarpeen ja ohjelman keston mukaan. Porttivuorot ovat kaksituntisia kerrallaan, joita seuraa palkallinen vapaatunti. P\u00e4ivien pituudet voivat vaihdella tarpeiden mukaan tai sovitusti. Porttivuoroissa toimii yhdest\u00e4 kahteen lipunmyyj\u00e4\u00e4 tilanteen mukaan. Lipunmyynti\u00e4 on my\u00f6s Kansantaiteenkeskuksessa, jossa toimiminen sis\u00e4lt\u00e4\u00e4 my\u00f6s yleist\u00e4 neuvontaa. Lipunmyyj\u00e4n tulee olla 18 vuotta t\u00e4ytt\u00e4nyt.<\/p>\n<p><strong>Infoty\u00f6ntekij\u00e4<\/strong><\/p>\n<p>Infopisteen toimihenkil\u00f6t ty\u00f6skentelev\u00e4t Musiikkilukiolla ymp\u00e4ri vuorokauden auki olevassa toimipisteess\u00e4. He opastavat yleisesti tapahtumaa koskevissa asioissa, neuvovat eri palvelupisteisiin lukiorakennuksen sis\u00e4lle, sek\u00e4 muun muassa vastaanottavat ja luovuttavat erilaisia tapahtuman sis\u00e4isi\u00e4 l\u00e4hetyksi\u00e4 ja muita asioita. Ty\u00f6 sis\u00e4lt\u00e4\u00e4 y\u00f6vuoroja.<\/p>\n<p><strong>Ravintolaty\u00f6ntekij\u00e4<\/strong><\/p>\n<p>Ravintolaty\u00f6ntekij\u00e4t ty\u00f6skentelev\u00e4t tapahtuman anniskelu- ja kahvilapisteiss\u00e4. Teht\u00e4vi\u00e4 ovat baarity\u00f6ntekij\u00e4, festivaaliravintolaty\u00f6ntekij\u00e4, kahvilaty\u00f6ntekij\u00e4 ja niin kutsuttu roudari. Useimmat teht\u00e4v\u00e4t vaativat anniskelupassia ja hygieniapassia. Alaik\u00e4raja ravintola- ja kahvilat\u00f6ihin on 15 vuotta. Baarity\u00f6ntekij\u00f6iden tulee olla t\u00e4ysi-ik\u00e4isi\u00e4 ja ty\u00f6 sis\u00e4lt\u00e4\u00e4 my\u00f6s y\u00f6vuoroja. Ravintolaty\u00f6ntekij\u00e4t hakevat omalla alempana olevalla lomakkeellaan.<\/p>\n<p><strong>Rakennusty\u00f6ntekij\u00e4<\/strong><\/p>\n<p>Rakennusty\u00f6ryhm\u00e4n toimihenkil\u00f6t ty\u00f6skentelev\u00e4t p\u00e4\u00e4s\u00e4\u00e4nt\u00f6isesti koko kes\u00e4n. Teht\u00e4v\u00e4 sis\u00e4lt\u00e4\u00e4 alkukes\u00e4st\u00e4 tapahtuman rakentamiseen liittyvi\u00e4 toimia ja tapahtuman j\u00e4lkeen sen purkamista. Lis\u00e4ksi teht\u00e4v\u00e4t sis\u00e4lt\u00e4v\u00e4t festivaalin aikaisia korjaus- ja kuljetusteht\u00e4vi\u00e4.<\/p>\n<p><strong>Yksitt\u00e4iset vaativammat toimistoteht\u00e4v\u00e4t<\/strong><\/p>\n<p>Tapahtumaorganisaatiossa on lis\u00e4ksi erilaisia vaativampia avusteisia toimistoteht\u00e4vi\u00e4, joihin henkil\u00f6t valitaan tapauskohtaisesti.<\/p>\n<p>&nbsp;<\/p>\n<p>Ty\u00f6ntekij\u00f6iden hakulomake:<a href=\"https:\/\/gest.fi\/customers\/chfaei\/9369\" target=\"_blank\" rel=\"noopener noreferrer\" title=\"Ty\u00f6ntekij\u00f6iden hakulomake 2026\">\u00a0https:\/\/gest.fi\/customers\/chfaei\/9369<\/a><\/p>\n<p>Ravintolaty\u00f6ntekij\u00f6iden hakulomake:\u00a0<a href=\"https:\/\/gest.fi\/customers\/chfaei\/9370\" target=\"_blank\" rel=\"noopener noreferrer\" title=\"Ravintolaty\u00f6ntekij\u00f6iden hakulomake 2026\">https:\/\/gest.fi\/customers\/chfaei\/9370<\/a><\/p>\n<h2><\/h2>\n<h2>Talkoolaiset<\/h2>\n<p>Talkoolaisteht\u00e4v\u00e4t ovat monipuolisia ja yleisluontoisempia teht\u00e4vi\u00e4, joita tarvitaan festivaaliorganisaation tukitoimina. Talkoolainen ei saa ty\u00f6st\u00e4\u00e4n palkkaa, mutta h\u00e4nelle tarjotaan my\u00f6hemmin mainittuja etuja. Talkoolainen tekee mahdollisuuksiensa mukaan maksimissaan viisituntista vuoroa. Ensisijaisesti haemme talkoolaisia, jotka pystyv\u00e4t olemaan paikalla koko viikon ajan.<br \/> Talkooteht\u00e4vi\u00e4 ovat esimerkkein\u00e4 majoitusvalvonta, lasten puuhateltta, juontoteht\u00e4v\u00e4t, artistiopastus ja -kuljetukset, soitinnarikka sek\u00e4 siistiminen.<br \/> Talkoolaisille tarjotaan niin ik\u00e4\u00e4n ty\u00f6paita, majoitus ja talkoolaispassi, joiden lis\u00e4ksi tarjolla on l\u00e4mmin ruoka p\u00e4ivitt\u00e4isesti festivaaliravintolassa.<\/p>\n<h3>Talkooteht\u00e4vi\u00e4 (palkattomat toimet)<\/h3>\n<p><strong>Soitinnarikka<\/strong><\/p>\n<p>Soitinnarikka on avoinna aamusta my\u00f6h\u00e4isiltaan saakka ja sinne tarvitaan runsaasti talkoolaisia henkil\u00f6kunnaksi. Soitinnarikan talkoolaiset ottavat vastaan soittimia s\u00e4ilytykseen, valvovat niit\u00e4 ja luovuttavat haettaessa omistajilleen.<\/p>\n<p><strong>Majoitusvalvonta<\/strong><\/p>\n<p>Majoitusvalvojat istuvat muun muassa Urheilutalolla ja koulurakennuksissa sijaitsevien majoituskohteiden sis\u00e4\u00e4ntulon l\u00e4heisyydess\u00e4 ottamassa majoittujia vastaan valvoen samalla majoituksen rauhallista sujumista. He ilmoittavat tarvittaessa puutteista ja muista havaituista seikoista eteenp\u00e4in, sek\u00e4 voivat mm. t\u00e4ydent\u00e4\u00e4 wc-tilojen papereita niiden loppuessa.<\/p>\n<p><strong>Infotalkoolainen<\/strong><\/p>\n<p>Infon talkoolaiset suorittavat soveltuvilta osin samoja teht\u00e4vi\u00e4 mit\u00e4 toimihenkil\u00f6t, mutta lyhyemm\u00e4ll\u00e4 talkooajalla ja ilman y\u00f6vuoroja. Juhlapihan Info-Puodissa teht\u00e4v\u00e4\u00e4n kuuluu my\u00f6s festivaalituotteiden myynti.<\/p>\n<p><strong>Roudari \/ l\u00e4hetti<\/strong><\/p>\n<p>L\u00e4hetit kuljettavat tarvikkeita ja vesi\u00e4 lavoille, porteille sek\u00e4 muihin tarvittaviin pisteisiin. He voivat kuljettaa muitakin tarpeellisia asioita pyydett\u00e4ess\u00e4. Kuljetusv\u00e4lineen\u00e4 tapahtuma-alueella ovat maito- ja nokkak\u00e4rryt. L\u00e4hetit jakavat my\u00f6s aamuisin lavakohtaisia p\u00e4iv\u00e4ohjelmia paikoilleen lavojen ohjelmatauluihin.<\/p>\n<p><strong>Lavamanageri<\/strong><\/p>\n<p>Lavamanagerit vastaavat pelimannilavojen toiminnasta sek\u00e4 auttavat ja ohjeistavat esiintyji\u00e4 tarpeen mukaan. Valvovat esiintymislavojen aikatauluja, siisteytt\u00e4 ja ovat festivaalin kasvot esiintyjille sek\u00e4 yleis\u00f6lle.<\/p>\n<p><strong>Juontaja<\/strong><\/p>\n<p>Juontajat juontavat esiintyjien sis\u00e4\u00e4ntulot sek\u00e4 poistumiskiitokset ja konserteissa voi olla my\u00f6s v\u00e4lijuontoja. Juontajan tulee suunnitella juonnot etuk\u00e4teen tutustumalla esiintyjiin esimerkiksi netiss\u00e4 ja\/tai jututtamalla esiintyji\u00e4 ennen keikkaa. Juontorungon pohjalta voi tilanteen mukaan my\u00f6s improvisoida. Juontokeikat ovat p\u00e4\u00e4s\u00e4\u00e4nt\u00f6isesti iltap\u00e4iv\u00e4st\u00e4 my\u00f6h\u00e4\u00e4n y\u00f6h\u00f6n eri kokoisilla lavoilla. Yhden talkoop\u00e4iv\u00e4n pesti kest\u00e4\u00e4 noin 5-6 tuntia.<\/p>\n<p><strong>Lastenteltta<\/strong><\/p>\n<p>Lasten Kaustiseen kuuluu lasten ohjelmaa esitt\u00e4v\u00e4 Lastenteltta sek\u00e4 sen viereinen Puuhateltta. Lapset osallistuvat puuhateltan toimintaan aikuisen seurassa tai yksin aikuisen vastuulla. Puuhateltan ohjelmassa on ohjattua k\u00e4sill\u00e4 tekemist\u00e4 sek\u00e4 vapaata piirustelua. Talkoolaiselta vaaditaan taitoja luontevaan lasten kohtaamiseen sek\u00e4 hyvi\u00e4 vuorovaikutustaitoja. Teht\u00e4v\u00e4n\u00e4 on ohjata ja avustaa lapsia puuhateltan puuhissa.<\/p>\n<p><strong>Artistikuljettaja<\/strong><\/p>\n<p>Artistikuljettajat kuljettavat artisteja ja muita kyytiin luvan saaneita henkil\u00f6it\u00e4 festivaalin vuokra-autoilla. He hakevat artisteja p\u00e4\u00e4asiassa l\u00e4hialueen lentoasemilta, junilta sek\u00e4 muista mahdollisista noutopaikoista kuljettaen my\u00f6hemmin heid\u00e4t takaisin. Kuljetusteht\u00e4vi\u00e4 voi olla my\u00f6s paikkakunnan sis\u00e4ll\u00e4 tai toisaalta kauempana kuin mihin maakunnan rajat ylt\u00e4v\u00e4t. Teht\u00e4v\u00e4 vaatii B-ajokortin ja matkat voivat olla kestoltaan pitki\u00e4kin talkooty\u00f6ajan puitteissa.<\/p>\n<p><strong>Siistij\u00e4<\/strong><\/p>\n<p>Siistij\u00e4t toimivat festivaalin ostosiivouspalveluiden ohella tapahtuman siisteyden yll\u00e4pidossa. Talkoolaissiistij\u00f6iden teht\u00e4v\u00e4kohteisiin kuuluvat l\u00e4hinn\u00e4 muutamien lavojen takahuonetilojen siisteyden yll\u00e4pito, sek\u00e4 tarvittaessa muitakin pienimuotoisempia siivousteht\u00e4vi\u00e4. Varsinaisen tapahtumasiivouksen hoitaa ostopalveluyritys.<\/p>\n<p><strong>Tiedotus ja viestint\u00e4<\/strong><\/p>\n<p>Pressitoimiston talkoolaiset ovat t\u00e4rke\u00e4 osa festivaalin viestint\u00e4tiimi\u00e4, ja heid\u00e4n teht\u00e4v\u00e4n\u00e4\u00e4n on tukea median edustajien ty\u00f6skentely\u00e4 sek\u00e4 tallentaa festivaalin tunnelmia eri viestint\u00e4kanaviin. Teht\u00e4viin kuuluu somesis\u00e4lt\u00f6jen tuottaminen (mukana tulee olla oma kamera tai laadukas k\u00e4nnykk\u00e4), pienet haastattelut ja festivaalitunnelman taltiointi sek\u00e4 infotilaisuuksien j\u00e4rjestelyt ja muut viestint\u00e4\u00e4n liittyv\u00e4t teht\u00e4v\u00e4t. Teht\u00e4v\u00e4 sopii erityisesti sellaiselle, joka viihtyy ihmisten parissa, hallitsee sosiaalisen median sis\u00e4ll\u00f6ntuotannon ja on kiinnostunut viestinn\u00e4st\u00e4. Pressitoimistossa ty\u00f6vuorot ovat joustavasti sovittavissa, vuoroja on sek\u00e4 aamussa ett\u00e4 illassa.<\/p>\n<p><strong>Toimistotalkoolainen<\/strong><\/p>\n<p>Toimistotalkoolainen voi toimia esimerkiksi esiintyj\u00e4vastaanoton, majoitustoimiston, tai toimihenkil\u00f6vastaanoton avustavissa asiakaspalveluteht\u00e4viss\u00e4, sek\u00e4 olla apuna muissakin tarvittavissa tapahtumatoimistoissa.<\/p>\n<p>&nbsp;<\/p>\n<p>Talkoolaisten hakulomake:\u00a0<a href=\"https:\/\/gest.fi\/customers\/chfaei\/9365\" target=\"_blank\" rel=\"noopener noreferrer\" title=\"Talkoohakulomake 2026\">https:\/\/gest.fi\/customers\/chfaei\/9365<\/a><\/p>\n<h3><\/h3>\n<h3>Muita yleisi\u00e4 seikkoja<\/h3>\n<p>Toimihenkil\u00f6ille ja talkoolaisille on juhlien aikana olemassa taukotila, jossa on tarjolla kahvia ja jonka j\u00e4\u00e4kaapeissa voi s\u00e4ilytt\u00e4\u00e4 ev\u00e4it\u00e4\u00e4n. Koko henkil\u00f6kunta on vakuutettu tapahtuman puolesta tapaturmien varalta. Henkil\u00f6kunnalle pidet\u00e4\u00e4n yhteinen tervetulotilaisuus tapahtuman alussa, sek\u00e4 tarvittavat perehdytykset teht\u00e4v\u00e4kohtaisesti.<\/p>\n<h3>Rakennus- ja purkutalkoot<\/h3>\n<p>J\u00e4rjest\u00e4mme my\u00f6s festivaalin pystytys- ja purkutalkoita l\u00e4hinn\u00e4 iltaisin kes\u00e4- ja hein\u00e4kuun aikana. Teht\u00e4vin\u00e4 on mm. festivaalialueen ja tilojen j\u00e4rjest\u00e4minen, majoitustilojen valmistelu, alueen somistaminen ja yleinen siistiminen.<br \/> Samalla lomakkeella voi ilmoittautua my\u00f6s festivaalinaikaiseen talkooreserviin. Olemme silloin yhteydess\u00e4 lyhyell\u00e4kin varoitusajalla vaihtelevin teht\u00e4v\u00e4tarjouksin. Rakennustalkoolomake avataan toukokuussa.<\/p>\n<p>[\/et_pb_text][\/et_pb_column][\/et_pb_row][et_pb_row _builder_version=&#8221;4.6.6&#8243; _module_preset=&#8221;default&#8221;][et_pb_column type=&#8221;4_4&#8243; disabled_on=&#8221;on|on|on&#8221; _builder_version=&#8221;4.6.6&#8243; _module_preset=&#8221;default&#8221; disabled=&#8221;on&#8221;][\/et_pb_column][\/et_pb_row][\/et_pb_section]<\/p>\n","protected":false},"excerpt":{"rendered":"<p>[et_pb_section fb_built=&#8221;1&#8243; _builder_version=&#8221;3.22&#8243;][et_pb_row column_structure=&#8221;1_4,3_4&#8243; _builder_version=&#8221;3.25&#8243; background_size=&#8221;initial&#8221; background_position=&#8221;top_left&#8221; background_repeat=&#8221;repeat&#8221;][et_pb_column type=&#8221;1_4&#8243; _builder_version=&#8221;3.25&#8243; custom_padding=&#8221;|||&#8221; custom_padding__hover=&#8221;|||&#8221;][et_pb_sidebar area=&#8221;et_pb_widget_area_1&#8243; _builder_version=&#8221;4.6.6&#8243; _module_preset=&#8221;default&#8221;][\/et_pb_sidebar][\/et_pb_column][et_pb_column type=&#8221;3_4&#8243; _builder_version=&#8221;3.25&#8243; custom_padding=&#8221;|||&#8221; custom_padding__hover=&#8221;|||&#8221;][et_pb_text _builder_version=&#8221;4.6.6&#8243; background_size=&#8221;initial&#8221; background_position=&#8221;top_left&#8221; background_repeat=&#8221;repeat&#8221; custom_padding=&#8221;0px||1px|||&#8221; link_option_url_new_window=&#8221;on&#8221; hover_enabled=&#8221;0&#8243; inline_fonts=&#8221;Juhulat&#8221; sticky_enabled=&#8221;0&#8243;] Festivaaliaikaisten teht\u00e4vien kuvaus Kaustinen Folk Music Festivalin aikana tarvitaan runsaasti sek\u00e4 palkattua ty\u00f6voimaa, eli toimihenkil\u00f6it\u00e4, ett\u00e4 talkoolaisia. Seuraavassa on selostettu teht\u00e4v\u00e4kuvien erityispiirteit\u00e4 ja asiaan liittyvi\u00e4 tarkennuksia. Lis\u00e4tietoja [&hellip;]<\/p>\n","protected":false},"author":12,"featured_media":0,"parent":0,"menu_order":0,"comment_status":"closed","ping_status":"closed","template":"","meta":{"_et_pb_use_builder":"on","_et_pb_old_content":"<!-- wp:paragraph -->\n<p>Festivaaliaikaisten teht\u00e4vien kuvaus<\/p>\n<!-- \/wp:paragraph -->\n\n<!-- wp:paragraph -->\n<p>Kaustinen Folk Music Festivalin aikana tarvitaan runsaasti sek\u00e4 palkattua ty\u00f6voimaa, eli toimihenkil\u00f6it\u00e4, ett\u00e4 talkoolaisia. Seuraavassa on selostettu teht\u00e4v\u00e4kuvien erityispiirteit\u00e4 ja asiaan llittyvi\u00e4 tarkennuksia.<\/p>\n<!-- \/wp:paragraph -->","_et_gb_content_width":"","footnotes":""},"class_list":["post-45035","page","type-page","status-publish","hentry"],"yoast_head":"<!-- This site is optimized with the Yoast SEO plugin v27.3 - https:\/\/yoast.com\/product\/yoast-seo-wordpress\/ -->\n<title>T\u00f6ihin \/ Talkoisiin - Kaustinen Folk Music Festival<\/title>\n<meta name=\"robots\" content=\"index, follow, max-snippet:-1, max-image-preview:large, max-video-preview:-1\" \/>\n<link rel=\"canonical\" href=\"https:\/\/kaustinen.net\/sv\/toihin-talkoisiin\/\" \/>\n<meta property=\"og:locale\" content=\"sv_SE\" \/>\n<meta property=\"og:type\" content=\"article\" \/>\n<meta property=\"og:title\" content=\"T\u00f6ihin \/ Talkoisiin - Kaustinen Folk Music Festival\" \/>\n<meta property=\"og:description\" content=\"[et_pb_section fb_built=&#8221;1&#8243; _builder_version=&#8221;3.22&#8243;][et_pb_row column_structure=&#8221;1_4,3_4&#8243; _builder_version=&#8221;3.25&#8243; background_size=&#8221;initial&#8221; background_position=&#8221;top_left&#8221; background_repeat=&#8221;repeat&#8221;][et_pb_column type=&#8221;1_4&#8243; _builder_version=&#8221;3.25&#8243; custom_padding=&#8221;|||&#8221; custom_padding__hover=&#8221;|||&#8221;][et_pb_sidebar area=&#8221;et_pb_widget_area_1&#8243; _builder_version=&#8221;4.6.6&#8243; _module_preset=&#8221;default&#8221;][\/et_pb_sidebar][\/et_pb_column][et_pb_column type=&#8221;3_4&#8243; _builder_version=&#8221;3.25&#8243; custom_padding=&#8221;|||&#8221; custom_padding__hover=&#8221;|||&#8221;][et_pb_text _builder_version=&#8221;4.6.6&#8243; background_size=&#8221;initial&#8221; background_position=&#8221;top_left&#8221; background_repeat=&#8221;repeat&#8221; custom_padding=&#8221;0px||1px|||&#8221; link_option_url_new_window=&#8221;on&#8221; hover_enabled=&#8221;0&#8243; inline_fonts=&#8221;Juhulat&#8221; sticky_enabled=&#8221;0&#8243;] Festivaaliaikaisten teht\u00e4vien kuvaus Kaustinen Folk Music Festivalin aikana tarvitaan runsaasti sek\u00e4 palkattua ty\u00f6voimaa, eli toimihenkil\u00f6it\u00e4, ett\u00e4 talkoolaisia. Seuraavassa on selostettu teht\u00e4v\u00e4kuvien erityispiirteit\u00e4 ja asiaan liittyvi\u00e4 tarkennuksia. Lis\u00e4tietoja [&hellip;]\" \/>\n<meta property=\"og:url\" content=\"https:\/\/kaustinen.net\/sv\/toihin-talkoisiin\/\" \/>\n<meta property=\"og:site_name\" content=\"Kaustinen Folk Music Festival\" \/>\n<meta property=\"article:modified_time\" content=\"2026-01-28T11:16:39+00:00\" \/>\n<meta name=\"twitter:card\" content=\"summary_large_image\" \/>\n<meta name=\"twitter:label1\" content=\"Ber\u00e4knad l\u00e4stid\" \/>\n\t<meta name=\"twitter:data1\" content=\"4 minuter\" \/>\n<script type=\"application\/ld+json\" class=\"yoast-schema-graph\">{\"@context\":\"https:\\\/\\\/schema.org\",\"@graph\":[{\"@type\":\"WebPage\",\"@id\":\"https:\\\/\\\/kaustinen.net\\\/toihin-talkoisiin\\\/\",\"url\":\"https:\\\/\\\/kaustinen.net\\\/toihin-talkoisiin\\\/\",\"name\":\"T\u00f6ihin \\\/ Talkoisiin - Kaustinen Folk Music Festival\",\"isPartOf\":{\"@id\":\"https:\\\/\\\/kaustinen.net\\\/sv\\\/#website\"},\"datePublished\":\"2025-01-28T11:53:32+00:00\",\"dateModified\":\"2026-01-28T11:16:39+00:00\",\"breadcrumb\":{\"@id\":\"https:\\\/\\\/kaustinen.net\\\/toihin-talkoisiin\\\/#breadcrumb\"},\"inLanguage\":\"sv-SE\",\"potentialAction\":[{\"@type\":\"ReadAction\",\"target\":[\"https:\\\/\\\/kaustinen.net\\\/toihin-talkoisiin\\\/\"]}]},{\"@type\":\"BreadcrumbList\",\"@id\":\"https:\\\/\\\/kaustinen.net\\\/toihin-talkoisiin\\\/#breadcrumb\",\"itemListElement\":[{\"@type\":\"ListItem\",\"position\":1,\"name\":\"Home\",\"item\":\"https:\\\/\\\/kaustinen.net\\\/\"},{\"@type\":\"ListItem\",\"position\":2,\"name\":\"T\u00f6ihin \\\/ Talkoisiin\"}]},{\"@type\":\"WebSite\",\"@id\":\"https:\\\/\\\/kaustinen.net\\\/sv\\\/#website\",\"url\":\"https:\\\/\\\/kaustinen.net\\\/sv\\\/\",\"name\":\"Kaustinen Folk Music Festival\",\"description\":\"Kes\u00e4n onnellisimmat p\u00e4iv\u00e4t\",\"potentialAction\":[{\"@type\":\"SearchAction\",\"target\":{\"@type\":\"EntryPoint\",\"urlTemplate\":\"https:\\\/\\\/kaustinen.net\\\/sv\\\/?s={search_term_string}\"},\"query-input\":{\"@type\":\"PropertyValueSpecification\",\"valueRequired\":true,\"valueName\":\"search_term_string\"}}],\"inLanguage\":\"sv-SE\"}]}<\/script>\n<!-- \/ Yoast SEO plugin. -->","yoast_head_json":{"title":"T\u00f6ihin \/ Talkoisiin - Kaustinen Folk Music Festival","robots":{"index":"index","follow":"follow","max-snippet":"max-snippet:-1","max-image-preview":"max-image-preview:large","max-video-preview":"max-video-preview:-1"},"canonical":"https:\/\/kaustinen.net\/sv\/toihin-talkoisiin\/","og_locale":"sv_SE","og_type":"article","og_title":"T\u00f6ihin \/ Talkoisiin - Kaustinen Folk Music Festival","og_description":"[et_pb_section fb_built=&#8221;1&#8243; _builder_version=&#8221;3.22&#8243;][et_pb_row column_structure=&#8221;1_4,3_4&#8243; _builder_version=&#8221;3.25&#8243; background_size=&#8221;initial&#8221; background_position=&#8221;top_left&#8221; background_repeat=&#8221;repeat&#8221;][et_pb_column type=&#8221;1_4&#8243; _builder_version=&#8221;3.25&#8243; custom_padding=&#8221;|||&#8221; custom_padding__hover=&#8221;|||&#8221;][et_pb_sidebar area=&#8221;et_pb_widget_area_1&#8243; _builder_version=&#8221;4.6.6&#8243; _module_preset=&#8221;default&#8221;][\/et_pb_sidebar][\/et_pb_column][et_pb_column type=&#8221;3_4&#8243; _builder_version=&#8221;3.25&#8243; custom_padding=&#8221;|||&#8221; custom_padding__hover=&#8221;|||&#8221;][et_pb_text _builder_version=&#8221;4.6.6&#8243; background_size=&#8221;initial&#8221; background_position=&#8221;top_left&#8221; background_repeat=&#8221;repeat&#8221; custom_padding=&#8221;0px||1px|||&#8221; link_option_url_new_window=&#8221;on&#8221; hover_enabled=&#8221;0&#8243; inline_fonts=&#8221;Juhulat&#8221; sticky_enabled=&#8221;0&#8243;] Festivaaliaikaisten teht\u00e4vien kuvaus Kaustinen Folk Music Festivalin aikana tarvitaan runsaasti sek\u00e4 palkattua ty\u00f6voimaa, eli toimihenkil\u00f6it\u00e4, ett\u00e4 talkoolaisia. Seuraavassa on selostettu teht\u00e4v\u00e4kuvien erityispiirteit\u00e4 ja asiaan liittyvi\u00e4 tarkennuksia. Lis\u00e4tietoja [&hellip;]","og_url":"https:\/\/kaustinen.net\/sv\/toihin-talkoisiin\/","og_site_name":"Kaustinen Folk Music Festival","article_modified_time":"2026-01-28T11:16:39+00:00","twitter_card":"summary_large_image","twitter_misc":{"Ber\u00e4knad l\u00e4stid":"4 minuter"},"schema":{"@context":"https:\/\/schema.org","@graph":[{"@type":"WebPage","@id":"https:\/\/kaustinen.net\/toihin-talkoisiin\/","url":"https:\/\/kaustinen.net\/toihin-talkoisiin\/","name":"T\u00f6ihin \/ Talkoisiin - Kaustinen Folk Music Festival","isPartOf":{"@id":"https:\/\/kaustinen.net\/sv\/#website"},"datePublished":"2025-01-28T11:53:32+00:00","dateModified":"2026-01-28T11:16:39+00:00","breadcrumb":{"@id":"https:\/\/kaustinen.net\/toihin-talkoisiin\/#breadcrumb"},"inLanguage":"sv-SE","potentialAction":[{"@type":"ReadAction","target":["https:\/\/kaustinen.net\/toihin-talkoisiin\/"]}]},{"@type":"BreadcrumbList","@id":"https:\/\/kaustinen.net\/toihin-talkoisiin\/#breadcrumb","itemListElement":[{"@type":"ListItem","position":1,"name":"Home","item":"https:\/\/kaustinen.net\/"},{"@type":"ListItem","position":2,"name":"T\u00f6ihin \/ Talkoisiin"}]},{"@type":"WebSite","@id":"https:\/\/kaustinen.net\/sv\/#website","url":"https:\/\/kaustinen.net\/sv\/","name":"Kaustinen Folk Music Festival","description":"Sommarens lyckligaste dagar","potentialAction":[{"@type":"SearchAction","target":{"@type":"EntryPoint","urlTemplate":"https:\/\/kaustinen.net\/sv\/?s={search_term_string}"},"query-input":{"@type":"PropertyValueSpecification","valueRequired":true,"valueName":"search_term_string"}}],"inLanguage":"sv-SE"}]}},"jetpack_sharing_enabled":true,"_links":{"self":[{"href":"https:\/\/kaustinen.net\/sv\/wp-json\/wp\/v2\/pages\/45035","targetHints":{"allow":["GET"]}}],"collection":[{"href":"https:\/\/kaustinen.net\/sv\/wp-json\/wp\/v2\/pages"}],"about":[{"href":"https:\/\/kaustinen.net\/sv\/wp-json\/wp\/v2\/types\/page"}],"author":[{"embeddable":true,"href":"https:\/\/kaustinen.net\/sv\/wp-json\/wp\/v2\/users\/12"}],"replies":[{"embeddable":true,"href":"https:\/\/kaustinen.net\/sv\/wp-json\/wp\/v2\/comments?post=45035"}],"version-history":[{"count":22,"href":"https:\/\/kaustinen.net\/sv\/wp-json\/wp\/v2\/pages\/45035\/revisions"}],"predecessor-version":[{"id":46236,"href":"https:\/\/kaustinen.net\/sv\/wp-json\/wp\/v2\/pages\/45035\/revisions\/46236"}],"wp:attachment":[{"href":"https:\/\/kaustinen.net\/sv\/wp-json\/wp\/v2\/media?parent=45035"}],"curies":[{"name":"wp","href":"https:\/\/api.w.org\/{rel}","templated":true}]}}