{"id":43685,"date":"2023-10-18T13:44:58","date_gmt":"2023-10-18T10:44:58","guid":{"rendered":"https:\/\/kaustinen.net\/?page_id=43685"},"modified":"2026-03-04T10:07:46","modified_gmt":"2026-03-04T08:07:46","slug":"sakrare-kaustisk","status":"publish","type":"page","link":"https:\/\/kaustinen.net\/sv\/turvallisempi-kaustinen\/","title":{"rendered":"Safer Kaustby"},"content":{"rendered":"<p>[et_pb_section fb_built=&#8221;1&#8243; _builder_version=&#8221;4.6.6&#8243; _module_preset=&#8221;default&#8221;][et_pb_row column_structure=&#8221;1_4,3_4&#8243; _builder_version=&#8221;4.6.6&#8243; _module_preset=&#8221;default&#8221;][et_pb_column type=&#8221;1_4&#8243; _builder_version=&#8221;4.6.6&#8243; _module_preset=&#8221;default&#8221;][et_pb_sidebar area=&#8221;et_pb_widget_area_1&#8243; _builder_version=&#8221;4.6.6&#8243; _module_preset=&#8221;default&#8221; background_enable_color=&#8221;off&#8221; border_color_all=&#8221;#ffffff&#8221;][\/et_pb_sidebar][\/et_pb_column][et_pb_column type=&#8221;3_4&#8243; _builder_version=&#8221;4.6.6&#8243; _module_preset=&#8221;default&#8221;][et_pb_text admin_label=&#8221;Teksti&#8221; _builder_version=&#8221;4.6.6&#8243; _module_preset=&#8221;default&#8221;]<\/p>\n<h1>Turvallisempi Kaustinen<\/h1>\n<div class=\"et_pb_toggle_content clearfix\">\n<h2><span data-contrast=\"none\">Turvallisuus ja yhdenvertaisuus<\/span><\/h2>\n<p><span data-contrast=\"none\">Kaustinen Folk Music Festival sitoutuu edist\u00e4m\u00e4\u00e4n tasa-arvoa ja yhdenvertaisuutta festivaalilla. Toivotamme jokaisen festivaalivieraan, pelimannin, artistin, ty\u00f6ntekij\u00e4n ja talkoolaisen tervetulleeksi omana itsen\u00e4\u00e4n. Edellyt\u00e4mme, ett\u00e4 festivaalilla jokainen osallistuu osaltaan turvallisemman tilan luomiseen kunnioittamalla toisia, k\u00e4ytt\u00e4ytym\u00e4ll\u00e4 asiallisesti ja ottamalla muut huomioon. Emme hyv\u00e4ksy mink\u00e4\u00e4nlaista syrjint\u00e4\u00e4 tai h\u00e4irint\u00e4\u00e4 esimerkiksi sukupuolen, tiettyyn etniseen ryhm\u00e4\u00e4n kuulumisen, ihonv\u00e4rin tai seksuaalisen suuntautumisen vuoksi, emmek\u00e4 fyysist\u00e4, verbaalista tai seksuaalista ahdistelua. <\/span><\/p>\n<p><span data-contrast=\"none\">Jos n\u00e4et tai koet itseesi, yst\u00e4v\u00e4\u00e4si tai muuhun festivaalivieraaseen tai ty\u00f6ntekij\u00e4\u00e4n kohdistuvaa k\u00e4yt\u00f6st\u00e4, joka tuntuu ahdistavalta tai ep\u00e4sopivalta, tai ei jollain tavalla tue tasa-arvoisuutta ja yhdenvertaisuutta, ilmoitathan siit\u00e4 festivaalin j\u00e4rjestyksenvalvojille tai muulle henkil\u00f6kunnalle. Festivaalin henkil\u00f6kuntaa ja j\u00e4rjestyksenvalvojia on ohjeistettu kiinnitt\u00e4m\u00e4\u00e4n huomiota turvallisuuteen ja yhdenvertaisuuteen.\u00a0<\/span><\/p>\n<p>Voit ilmoittaa h\u00e4irinn\u00e4st\u00e4 joko l\u00e4hett\u00e4m\u00e4ll\u00e4 lomakkeen nimett\u00f6m\u00e4n\u00e4 tai halutessasi j\u00e4tt\u00e4\u00e4 yhteystietosi, jotta h\u00e4irint\u00e4yhdyshenkil\u00f6mme voi ottaa sinuun yhteytt\u00e4 tapahtumien l\u00e4pik\u00e4ymiseksi. Kaikki keskustelut k\u00e4yd\u00e4\u00e4n luottamuksellisesti ja sinun ehdoillasi. L\u00e4hett\u00e4j\u00e4n tietoja ei tallenneta tai k\u00e4ytet\u00e4 muihin tarkoituksiin.<\/p>\n<p><span data-ccp-props=\"{&quot;201341983&quot;:0,&quot;335559739&quot;:160,&quot;335559740&quot;:259}\">Luottamuksellinen yhteyslomake sek\u00e4 h\u00e4irint\u00e4yhdyshenkil\u00f6n yhteystiedot l\u00f6ytyv\u00e4t t\u00e4lt\u00e4 sivulta festivaalin ajan.<\/span><\/p>\n<\/div>\n<div class=\"et_pb_toggle_content clearfix\">\n<h2><span data-contrast=\"none\">YK:n turvallisemman tilan periaatteet:<\/span><\/h2>\n<ul>\n<li data-leveltext=\"\uf0b7\" data-font=\"Symbol\" data-listid=\"1\" data-list-defn-props=\"{&quot;335552541&quot;:1,&quot;335559684&quot;:-2,&quot;335559685&quot;:720,&quot;335559991&quot;:360,&quot;469769226&quot;:&quot;Symbol&quot;,&quot;469769242&quot;:[8226],&quot;469777803&quot;:&quot;left&quot;,&quot;469777804&quot;:&quot;\uf0b7&quot;,&quot;469777815&quot;:&quot;hybridMultilevel&quot;}\" aria-setsize=\"-1\" data-aria-posinset=\"1\" data-aria-level=\"1\"><b><span data-contrast=\"auto\">Kunnioita<\/span><\/b><span data-contrast=\"auto\">\u00a0toisen henkil\u00f6kohtaista fyysist\u00e4 ja psyykkist\u00e4 tilaa. Kunnioita itsem\u00e4\u00e4r\u00e4\u00e4misoikeutta. \u00c4l\u00e4 koske toista kysym\u00e4tt\u00e4 lupaa. Muista, ettet voi tiet\u00e4\u00e4 toisen rajoja kysym\u00e4tt\u00e4 niit\u00e4. Pyyd\u00e4 tilaa my\u00f6s itsellesi tarvittaessa.<\/span><\/li>\n<li data-leveltext=\"\uf0b7\" data-font=\"Symbol\" data-listid=\"1\" data-list-defn-props=\"{&quot;335552541&quot;:1,&quot;335559684&quot;:-2,&quot;335559685&quot;:720,&quot;335559991&quot;:360,&quot;469769226&quot;:&quot;Symbol&quot;,&quot;469769242&quot;:[8226],&quot;469777803&quot;:&quot;left&quot;,&quot;469777804&quot;:&quot;\uf0b7&quot;,&quot;469777815&quot;:&quot;hybridMultilevel&quot;}\" aria-setsize=\"-1\" data-aria-posinset=\"2\" data-aria-level=\"1\"><b><span data-contrast=\"auto\">\u00c4l\u00e4 pilkkaa<\/span><\/b><span data-contrast=\"auto\">, ivaa, halvenna, sys\u00e4\u00e4 syrj\u00e4\u00e4n tai nolaa ket\u00e4\u00e4n puheillasi, k\u00e4yt\u00f6ksell\u00e4si tai teoillasi. Pit\u00e4ydy ulkon\u00e4\u00f6n arvostelusta, juoruilusta ja stereotypioiden yll\u00e4pit\u00e4misest\u00e4.<\/span><\/li>\n<li data-leveltext=\"\uf0b7\" data-font=\"Symbol\" data-listid=\"1\" data-list-defn-props=\"{&quot;335552541&quot;:1,&quot;335559684&quot;:-2,&quot;335559685&quot;:720,&quot;335559991&quot;:360,&quot;469769226&quot;:&quot;Symbol&quot;,&quot;469769242&quot;:[8226],&quot;469777803&quot;:&quot;left&quot;,&quot;469777804&quot;:&quot;\uf0b7&quot;,&quot;469777815&quot;:&quot;hybridMultilevel&quot;}\" aria-setsize=\"-1\" data-aria-posinset=\"3\" data-aria-level=\"1\"><b><span data-contrast=\"auto\">\u00c4l\u00e4 tee oletuksia<\/span><\/b><span data-contrast=\"auto\">\u00a0ulkon\u00e4k\u00f6\u00f6n tai toimintaan perustuen. \u00c4l\u00e4 tee oletuksia kenenk\u00e4\u00e4n seksuaalisuudesta, sukupuolesta, kansallisuudesta, etnisyydest\u00e4, uskonnosta, arvoista, sosioekonomisesta taustasta, terveydest\u00e4 tai toimintakyvyst\u00e4<\/span><\/li>\n<li data-leveltext=\"\uf0b7\" data-font=\"Symbol\" data-listid=\"1\" data-list-defn-props=\"{&quot;335552541&quot;:1,&quot;335559684&quot;:-2,&quot;335559685&quot;:720,&quot;335559991&quot;:360,&quot;469769226&quot;:&quot;Symbol&quot;,&quot;469769242&quot;:[8226],&quot;469777803&quot;:&quot;left&quot;,&quot;469777804&quot;:&quot;\uf0b7&quot;,&quot;469777815&quot;:&quot;hybridMultilevel&quot;}\" aria-setsize=\"-1\" data-aria-posinset=\"4\" data-aria-level=\"1\"><b><span data-contrast=\"auto\">Anna tilaa<\/span><\/b><span data-contrast=\"auto\">. Pyri huolehtimaan siit\u00e4, ett\u00e4 kaikilla on mahdollisuus osallistua keskusteluun. \u00c4l\u00e4 jyr\u00e4\u00e4 muiden mielipiteit\u00e4 ja anna puheenvuoro. Kunnioita my\u00f6s toisten yksityisyytt\u00e4 ja k\u00e4sittele arkoja aiheita kunnioittavasti.<\/span><\/li>\n<li data-leveltext=\"\uf0b7\" data-font=\"Symbol\" data-listid=\"1\" data-list-defn-props=\"{&quot;335552541&quot;:1,&quot;335559684&quot;:-2,&quot;335559685&quot;:720,&quot;335559991&quot;:360,&quot;469769226&quot;:&quot;Symbol&quot;,&quot;469769242&quot;:[8226],&quot;469777803&quot;:&quot;left&quot;,&quot;469777804&quot;:&quot;\uf0b7&quot;,&quot;469777815&quot;:&quot;hybridMultilevel&quot;}\" aria-setsize=\"-1\" data-aria-posinset=\"5\" data-aria-level=\"1\"><b><span data-contrast=\"auto\">Kuuntele ja opi.<\/span><\/b><span data-contrast=\"auto\">\u00a0Ota vastaan uudet aiheet, henkil\u00f6t ja n\u00e4k\u00f6kulmat ennakkoluulottomasti. Suhtaudu jokaiseen vastaantulevaan asiaan ja tilanteeseen mahdollisuutena oppia uutta ja kehitty\u00e4.<\/span><\/li>\n<\/ul>\n<ul>\n<li data-leveltext=\"\uf0b7\" data-font=\"Symbol\" data-listid=\"1\" data-list-defn-props=\"{&quot;335552541&quot;:1,&quot;335559684&quot;:-2,&quot;335559685&quot;:720,&quot;335559991&quot;:360,&quot;469769226&quot;:&quot;Symbol&quot;,&quot;469769242&quot;:[8226],&quot;469777803&quot;:&quot;left&quot;,&quot;469777804&quot;:&quot;\uf0b7&quot;,&quot;469777815&quot;:&quot;hybridMultilevel&quot;}\" aria-setsize=\"-1\" data-aria-posinset=\"1\" data-aria-level=\"1\"><b><span data-contrast=\"auto\">Pyyd\u00e4 anteeksi,<\/span><\/b><span data-contrast=\"auto\">\u00a0jos olet loukannut tahallisesti tai tahattomasti muita.<\/span><\/li>\n<\/ul>\n<p><span data-contrast=\"auto\">Jos huomaat jonkun k\u00e4ytt\u00e4ytyv\u00e4n asiattomasti tai muutoin rikkovan Turvallisemman tilan toimintaperiaatteita, puutu tilanteeseen.<\/p>\n<p><\/span><\/p>\n<\/div>\n<h2><span data-contrast=\"none\">H\u00e4irinn\u00e4st\u00e4 ilmoittaminen\u00a0<\/span><\/h2>\n<p>H\u00e4irint\u00e4yhdyshenkil\u00f6n puhelin on +358 40 1384794. Tavoitat h\u00e4irint\u00e4yhdyshenkil\u00f6n festivaalin aikana soittamalla tai l\u00e4hett\u00e4m\u00e4ll\u00e4 WhatsApp-viestin. H\u00e4irint\u00e4yhdyshenkil\u00f6 p\u00e4ivyst\u00e4\u00e4 festivaalin ajan ma-la klo 10-21.<\/p>\n<p><a href=\"https:\/\/docs.google.com\/forms\/d\/e\/1FAIpQLSdi08BR27jWzQxfzVnjQUeEmgbodUQU0meTDbbDdm8Xtsr-xg\/viewform?usp=dialog\">T\u00e4ll\u00e4 lomakkeella<\/a> voit ilmoittaa havaitsemastasi h\u00e4irint\u00e4tilanteesta tai antaa palautetta. Ilmoituksen voi tehd\u00e4 anonyymisti tai voit j\u00e4tt\u00e4\u00e4 yhtyestietosi, mik\u00e4li haluat, ett\u00e4 otamme sinuun yhteytt\u00e4. Ilmoitukset k\u00e4sitell\u00e4\u00e4n luottamuksellisesti.<\/p>\n<div class=\"et_pb_toggle_content clearfix\">\n<p><span data-contrast=\"none\">Tehd\u00e4\u00e4n yhdess\u00e4 Kaustisen kansanmusiikkijuhlista Kes\u00e4n onnellisimmat p\u00e4iv\u00e4t!<\/span><\/p>\n<\/div>\n<div class=\"et_pb_toggle_content clearfix\">\n<h2 style=\"text-align: center;\"><em>Tervetuloa Kaustisen kansanmusiikkijuhlille viett\u00e4m\u00e4\u00e4n <\/em><br \/>\n<em>kes\u00e4n onnellisimpia p\u00e4ivi\u00e4!<\/em><\/h2>\n<h2 style=\"text-align: center;\"><\/h2>\n<\/div>\n<p>[\/et_pb_text][\/et_pb_column][\/et_pb_row][\/et_pb_section]<\/p>\n","protected":false},"excerpt":{"rendered":"<p>[et_pb_section fb_built=&#8221;1&#8243; _builder_version=&#8221;4.6.6&#8243; _module_preset=&#8221;default&#8221;][et_pb_row column_structure=&#8221;1_4,3_4&#8243; _builder_version=&#8221;4.6.6&#8243; _module_preset=&#8221;default&#8221;][et_pb_column type=&#8221;1_4&#8243; _builder_version=&#8221;4.6.6&#8243; _module_preset=&#8221;default&#8221;][et_pb_sidebar area=&#8221;et_pb_widget_area_1&#8243; _builder_version=&#8221;4.6.6&#8243; _module_preset=&#8221;default&#8221; background_enable_color=&#8221;off&#8221; border_color_all=&#8221;#ffffff&#8221;][\/et_pb_sidebar][\/et_pb_column][et_pb_column type=&#8221;3_4&#8243; _builder_version=&#8221;4.6.6&#8243; _module_preset=&#8221;default&#8221;][et_pb_text admin_label=&#8221;Teksti&#8221; _builder_version=&#8221;4.6.6&#8243; _module_preset=&#8221;default&#8221;] Turvallisempi Kaustinen Turvallisuus ja yhdenvertaisuus Kaustinen Folk Music Festival sitoutuu edist\u00e4m\u00e4\u00e4n tasa-arvoa ja yhdenvertaisuutta festivaalilla. Toivotamme jokaisen festivaalivieraan, pelimannin, artistin, ty\u00f6ntekij\u00e4n ja talkoolaisen tervetulleeksi omana itsen\u00e4\u00e4n. Edellyt\u00e4mme, ett\u00e4 festivaalilla jokainen osallistuu osaltaan turvallisemman tilan [&hellip;]<\/p>\n","protected":false},"author":11,"featured_media":0,"parent":0,"menu_order":0,"comment_status":"closed","ping_status":"closed","template":"","meta":{"_et_pb_use_builder":"on","_et_pb_old_content":"","_et_gb_content_width":"","footnotes":""},"class_list":["post-43685","page","type-page","status-publish","hentry"],"yoast_head":"<!-- This site is optimized with the Yoast SEO plugin v27.4 - https:\/\/yoast.com\/product\/yoast-seo-wordpress\/ -->\n<title>Turvallisempi Kaustinen - Kaustinen Folk Music Festival<\/title>\n<meta name=\"robots\" content=\"index, follow, max-snippet:-1, max-image-preview:large, max-video-preview:-1\" \/>\n<link rel=\"canonical\" href=\"https:\/\/kaustinen.net\/sv\/sakrare-kaustisk\/\" \/>\n<meta property=\"og:locale\" content=\"sv_SE\" \/>\n<meta property=\"og:type\" content=\"article\" \/>\n<meta property=\"og:title\" content=\"Turvallisempi Kaustinen - Kaustinen Folk Music Festival\" \/>\n<meta property=\"og:description\" content=\"[et_pb_section fb_built=&#8221;1&#8243; _builder_version=&#8221;4.6.6&#8243; _module_preset=&#8221;default&#8221;][et_pb_row column_structure=&#8221;1_4,3_4&#8243; _builder_version=&#8221;4.6.6&#8243; _module_preset=&#8221;default&#8221;][et_pb_column type=&#8221;1_4&#8243; _builder_version=&#8221;4.6.6&#8243; _module_preset=&#8221;default&#8221;][et_pb_sidebar area=&#8221;et_pb_widget_area_1&#8243; _builder_version=&#8221;4.6.6&#8243; _module_preset=&#8221;default&#8221; background_enable_color=&#8221;off&#8221; border_color_all=&#8221;#ffffff&#8221;][\/et_pb_sidebar][\/et_pb_column][et_pb_column type=&#8221;3_4&#8243; _builder_version=&#8221;4.6.6&#8243; _module_preset=&#8221;default&#8221;][et_pb_text admin_label=&#8221;Teksti&#8221; _builder_version=&#8221;4.6.6&#8243; _module_preset=&#8221;default&#8221;] Turvallisempi Kaustinen Turvallisuus ja yhdenvertaisuus Kaustinen Folk Music Festival sitoutuu edist\u00e4m\u00e4\u00e4n tasa-arvoa ja yhdenvertaisuutta festivaalilla. Toivotamme jokaisen festivaalivieraan, pelimannin, artistin, ty\u00f6ntekij\u00e4n ja talkoolaisen tervetulleeksi omana itsen\u00e4\u00e4n. Edellyt\u00e4mme, ett\u00e4 festivaalilla jokainen osallistuu osaltaan turvallisemman tilan [&hellip;]\" \/>\n<meta property=\"og:url\" content=\"https:\/\/kaustinen.net\/sv\/sakrare-kaustisk\/\" \/>\n<meta property=\"og:site_name\" content=\"Kaustinen Folk Music Festival\" \/>\n<meta property=\"article:modified_time\" content=\"2026-03-04T08:07:46+00:00\" \/>\n<meta name=\"twitter:card\" content=\"summary_large_image\" \/>\n<meta name=\"twitter:label1\" content=\"Ber\u00e4knad l\u00e4stid\" \/>\n\t<meta name=\"twitter:data1\" content=\"2 minuter\" \/>\n<script type=\"application\/ld+json\" class=\"yoast-schema-graph\">{\"@context\":\"https:\\\/\\\/schema.org\",\"@graph\":[{\"@type\":\"WebPage\",\"@id\":\"https:\\\/\\\/kaustinen.net\\\/turvallisempi-kaustinen\\\/\",\"url\":\"https:\\\/\\\/kaustinen.net\\\/turvallisempi-kaustinen\\\/\",\"name\":\"Turvallisempi Kaustinen - Kaustinen Folk Music Festival\",\"isPartOf\":{\"@id\":\"https:\\\/\\\/kaustinen.net\\\/sv\\\/#website\"},\"datePublished\":\"2023-10-18T10:44:58+00:00\",\"dateModified\":\"2026-03-04T08:07:46+00:00\",\"breadcrumb\":{\"@id\":\"https:\\\/\\\/kaustinen.net\\\/turvallisempi-kaustinen\\\/#breadcrumb\"},\"inLanguage\":\"sv-SE\",\"potentialAction\":[{\"@type\":\"ReadAction\",\"target\":[\"https:\\\/\\\/kaustinen.net\\\/turvallisempi-kaustinen\\\/\"]}]},{\"@type\":\"BreadcrumbList\",\"@id\":\"https:\\\/\\\/kaustinen.net\\\/turvallisempi-kaustinen\\\/#breadcrumb\",\"itemListElement\":[{\"@type\":\"ListItem\",\"position\":1,\"name\":\"Home\",\"item\":\"https:\\\/\\\/kaustinen.net\\\/\"},{\"@type\":\"ListItem\",\"position\":2,\"name\":\"Turvallisempi Kaustinen\"}]},{\"@type\":\"WebSite\",\"@id\":\"https:\\\/\\\/kaustinen.net\\\/sv\\\/#website\",\"url\":\"https:\\\/\\\/kaustinen.net\\\/sv\\\/\",\"name\":\"Kaustinen Folk Music Festival\",\"description\":\"Kes\u00e4n onnellisimmat p\u00e4iv\u00e4t\",\"potentialAction\":[{\"@type\":\"SearchAction\",\"target\":{\"@type\":\"EntryPoint\",\"urlTemplate\":\"https:\\\/\\\/kaustinen.net\\\/sv\\\/?s={search_term_string}\"},\"query-input\":{\"@type\":\"PropertyValueSpecification\",\"valueRequired\":true,\"valueName\":\"search_term_string\"}}],\"inLanguage\":\"sv-SE\"}]}<\/script>\n<!-- \/ Yoast SEO plugin. -->","yoast_head_json":{"title":"Safer Kaustinen - Kaustby folkmusikfestival","robots":{"index":"index","follow":"follow","max-snippet":"max-snippet:-1","max-image-preview":"max-image-preview:large","max-video-preview":"max-video-preview:-1"},"canonical":"https:\/\/kaustinen.net\/sv\/sakrare-kaustisk\/","og_locale":"sv_SE","og_type":"article","og_title":"Turvallisempi Kaustinen - Kaustinen Folk Music Festival","og_description":"[et_pb_section fb_built=&#8221;1&#8243; _builder_version=&#8221;4.6.6&#8243; _module_preset=&#8221;default&#8221;][et_pb_row column_structure=&#8221;1_4,3_4&#8243; _builder_version=&#8221;4.6.6&#8243; _module_preset=&#8221;default&#8221;][et_pb_column type=&#8221;1_4&#8243; _builder_version=&#8221;4.6.6&#8243; _module_preset=&#8221;default&#8221;][et_pb_sidebar area=&#8221;et_pb_widget_area_1&#8243; _builder_version=&#8221;4.6.6&#8243; _module_preset=&#8221;default&#8221; background_enable_color=&#8221;off&#8221; border_color_all=&#8221;#ffffff&#8221;][\/et_pb_sidebar][\/et_pb_column][et_pb_column type=&#8221;3_4&#8243; _builder_version=&#8221;4.6.6&#8243; _module_preset=&#8221;default&#8221;][et_pb_text admin_label=&#8221;Teksti&#8221; _builder_version=&#8221;4.6.6&#8243; _module_preset=&#8221;default&#8221;] Turvallisempi Kaustinen Turvallisuus ja yhdenvertaisuus Kaustinen Folk Music Festival sitoutuu edist\u00e4m\u00e4\u00e4n tasa-arvoa ja yhdenvertaisuutta festivaalilla. Toivotamme jokaisen festivaalivieraan, pelimannin, artistin, ty\u00f6ntekij\u00e4n ja talkoolaisen tervetulleeksi omana itsen\u00e4\u00e4n. Edellyt\u00e4mme, ett\u00e4 festivaalilla jokainen osallistuu osaltaan turvallisemman tilan [&hellip;]","og_url":"https:\/\/kaustinen.net\/sv\/sakrare-kaustisk\/","og_site_name":"Kaustinen Folk Music Festival","article_modified_time":"2026-03-04T08:07:46+00:00","twitter_card":"summary_large_image","twitter_misc":{"Ber\u00e4knad l\u00e4stid":"2 minuter"},"schema":{"@context":"https:\/\/schema.org","@graph":[{"@type":"WebPage","@id":"https:\/\/kaustinen.net\/turvallisempi-kaustinen\/","url":"https:\/\/kaustinen.net\/turvallisempi-kaustinen\/","name":"Safer Kaustinen - Kaustby folkmusikfestival","isPartOf":{"@id":"https:\/\/kaustinen.net\/sv\/#website"},"datePublished":"2023-10-18T10:44:58+00:00","dateModified":"2026-03-04T08:07:46+00:00","breadcrumb":{"@id":"https:\/\/kaustinen.net\/turvallisempi-kaustinen\/#breadcrumb"},"inLanguage":"sv-SE","potentialAction":[{"@type":"ReadAction","target":["https:\/\/kaustinen.net\/turvallisempi-kaustinen\/"]}]},{"@type":"BreadcrumbList","@id":"https:\/\/kaustinen.net\/turvallisempi-kaustinen\/#breadcrumb","itemListElement":[{"@type":"ListItem","position":1,"name":"Home","item":"https:\/\/kaustinen.net\/"},{"@type":"ListItem","position":2,"name":"Turvallisempi Kaustinen"}]},{"@type":"WebSite","@id":"https:\/\/kaustinen.net\/sv\/#website","url":"https:\/\/kaustinen.net\/sv\/","name":"Kaustinen Folk Music Festival","description":"Sommarens lyckligaste dagar","potentialAction":[{"@type":"SearchAction","target":{"@type":"EntryPoint","urlTemplate":"https:\/\/kaustinen.net\/sv\/?s={search_term_string}"},"query-input":{"@type":"PropertyValueSpecification","valueRequired":true,"valueName":"search_term_string"}}],"inLanguage":"sv-SE"}]}},"jetpack_sharing_enabled":true,"_links":{"self":[{"href":"https:\/\/kaustinen.net\/sv\/wp-json\/wp\/v2\/pages\/43685","targetHints":{"allow":["GET"]}}],"collection":[{"href":"https:\/\/kaustinen.net\/sv\/wp-json\/wp\/v2\/pages"}],"about":[{"href":"https:\/\/kaustinen.net\/sv\/wp-json\/wp\/v2\/types\/page"}],"author":[{"embeddable":true,"href":"https:\/\/kaustinen.net\/sv\/wp-json\/wp\/v2\/users\/11"}],"replies":[{"embeddable":true,"href":"https:\/\/kaustinen.net\/sv\/wp-json\/wp\/v2\/comments?post=43685"}],"version-history":[{"count":17,"href":"https:\/\/kaustinen.net\/sv\/wp-json\/wp\/v2\/pages\/43685\/revisions"}],"predecessor-version":[{"id":46343,"href":"https:\/\/kaustinen.net\/sv\/wp-json\/wp\/v2\/pages\/43685\/revisions\/46343"}],"wp:attachment":[{"href":"https:\/\/kaustinen.net\/sv\/wp-json\/wp\/v2\/media?parent=43685"}],"curies":[{"name":"wp","href":"https:\/\/api.w.org\/{rel}","templated":true}]}}