{"id":43392,"date":"2023-06-29T00:57:44","date_gmt":"2023-06-28T21:57:44","guid":{"rendered":"https:\/\/kaustinen.net\/?page_id=43392"},"modified":"2023-06-29T17:35:05","modified_gmt":"2023-06-29T14:35:05","slug":"soivat-luennot","status":"publish","type":"page","link":"https:\/\/kaustinen.net\/sv\/soivat-luennot\/","title":{"rendered":"Soivat luennot"},"content":{"rendered":"\n\n<p>[et_pb_section fb_built=&#8221;1&#8243; _builder_version=&#8221;4.6.6&#8243; _module_preset=&#8221;default&#8221;][et_pb_row _builder_version=&#8221;4.6.6&#8243; _module_preset=&#8221;default&#8221; width=&#8221;50vw&#8221; width_tablet=&#8221;70vw&#8221; width_phone=&#8221;80vw&#8221; width_last_edited=&#8221;on|phone&#8221;][et_pb_column type=&#8221;4_4&#8243; _builder_version=&#8221;4.6.6&#8243; _module_preset=&#8221;default&#8221;][et_pb_text _builder_version=&#8221;4.6.6&#8243; _module_preset=&#8221;default&#8221; header_font_size=&#8221;5vw&#8221; text_orientation=&#8221;center&#8221; hover_enabled=&#8221;0&#8243; header_font_size_tablet=&#8221;10vw&#8221; header_font_size_phone=&#8221;13vw&#8221; header_font_size_last_edited=&#8221;on|phone&#8221; sticky_enabled=&#8221;0&#8243;]<\/p>\n<h1 style=\"text-align: center;\">Soivat luennot 2023<\/h1>\n<h2 style=\"text-align: center;\">\u00a0<\/h2>\n<p>Soivilla luennoilla k\u00e4sitell\u00e4\u00e4n mm. yhteis\u00f6l\u00e4ht\u00f6ist\u00e4 arkistotoimintaa, rauhaa ja aineetonta kulttuuriperint\u00f6\u00e4 ja keskipohjalaista ja keskisuomalaista pelimannihistoriaa. Luennot j\u00e4rjestet\u00e4\u00e4n Kansantaiteenkeskuksen Museosalissa ja ovat kaikille avoimia.<\/p>\n<hr \/>\n<p><strong>Ti 11.7. klo 11.30-12.30<\/strong><\/p>\n<h2>Kaustisen historian ja el\u00e4v\u00e4n kulttuuriperinn\u00f6n tietokanta Arviiiti: Siirtolaistieto talteen<\/h2>\n<p>Siirtolaismusiikkia esitt\u00e4\u00e4 Komia, luennoitsijoina Pekka Rauhala, Kauppi Virkkala, Taina Lehtonen, Kauppi Virkkala, Aulis Kaunisto ja Jarmo Rauma<\/p>\n<hr \/>\n<h2>\u00a0<\/h2>\n<h2>Ullavan tyylill\u00e4: Ullavan kansanmusiikin historia ja nuottikirja<\/h2>\n<p><img loading=\"lazy\" decoding=\"async\" class=\"alignnone  wp-image-43406\" src=\"https:\/\/kaustinen.net\/wp-content\/uploads\/2023\/06\/Ullava-kansi.jpg.png\" alt=\"\" width=\"349\" height=\"312\" \/><\/p>\n<p><strong>Ke 12.7. klo 17.30-18.30<\/strong><\/p>\n<p>Esittelij\u00e4n\u00e4 Mauno J\u00e4rvel\u00e4, musisoimassa my\u00f6s Vuokko Korva, Ritva Talvitie ja Timo Valo.<\/p>\n<hr \/>\n<h2>\u00a0<\/h2>\n<h2>Aukaisen sanaisen arkun \u2013tietoa runolaulusta ja sen olemuksesta.<\/h2>\n<p><img loading=\"lazy\" decoding=\"async\" class=\"alignnone  wp-image-43411\" src=\"https:\/\/kaustinen.net\/wp-content\/uploads\/2023\/06\/Maari-Kallberg.png\" alt=\"\" width=\"356\" height=\"342\" \/><\/p>\n<p><strong>To 13.7. klo 18.00-19.00<\/strong><\/p>\n<p>Johdattelijana Vuoden yhtye \u00c4\u00e4niteatteri Iki-Turson j\u00e4sen, MuT Maari Kallberg.<\/p>\n<hr \/>\n<h2>\u00a0<\/h2>\n<h2>Paananen, Raatikainen ja Kinnunen \u2013 persoonalliset viulupelimannit Keski-Suomesta.<\/h2>\n<p><img loading=\"lazy\" decoding=\"async\" class=\"alignnone  wp-image-43414\" src=\"https:\/\/kaustinen.net\/wp-content\/uploads\/2023\/06\/Emilia_Lajunen.jpeg\" alt=\"\" width=\"385\" height=\"578\" \/><\/p>\n<p><strong>Pe 14.7. klo 12.30-13.30<\/strong><\/p>\n<p>Jatkotutkintoaan valmisteleva Emilia Lajunen esittelee tutkimuskohteitaan.<\/p>\n<hr \/>\n<h2>\u00a0<\/h2>\n<h2>Polyphony project \u2013 Ukrainan kansanlaulukyl\u00e4t<\/h2>\n<p><img loading=\"lazy\" decoding=\"async\" class=\"alignnone  wp-image-43415\" src=\"https:\/\/kaustinen.net\/wp-content\/uploads\/2023\/06\/Miklos-Both.png\" alt=\"\" width=\"392\" height=\"565\" \/><\/p>\n<p><strong>Pe 14.7. klo 17.00-18.30<\/strong><\/p>\n<p>Hankkeen johtaja Mikl\u00f3s Both (HU) esittelee taustoja, vaiheita ja missiota.<\/p>\n<p>[\/et_pb_text][\/et_pb_column][\/et_pb_row][\/et_pb_section][et_pb_section fb_built=&#8221;1&#8243; _builder_version=&#8221;4.6.6&#8243; _module_preset=&#8221;default&#8221; custom_padding=&#8221;||0px|||&#8221;][et_pb_row _builder_version=&#8221;4.6.6&#8243; _module_preset=&#8221;default&#8221; background_image=&#8221;https:\/\/kaustinen.net\/wp-content\/uploads\/2021\/02\/pikkuteltta.png&#8221; background_size=&#8221;contain&#8221; background_position=&#8221;top_center&#8221; width=&#8221;50%&#8221; width_tablet=&#8221;80%&#8221; width_phone=&#8221;92%&#8221; width_last_edited=&#8221;on|tablet&#8221; module_alignment=&#8221;center&#8221; custom_padding=&#8221;||59px|||&#8221;][et_pb_column type=&#8221;4_4&#8243; _builder_version=&#8221;4.6.6&#8243; _module_preset=&#8221;default&#8221;][\/et_pb_column][\/et_pb_row][et_pb_row _builder_version=&#8221;4.6.6&#8243; _module_preset=&#8221;default&#8221; background_enable_image=&#8221;off&#8221; background_size=&#8221;contain&#8221; background_position=&#8221;top_center&#8221; width=&#8221;50%&#8221; width_tablet=&#8221;80%&#8221; width_phone=&#8221;92%&#8221; width_last_edited=&#8221;on|tablet&#8221; module_alignment=&#8221;center&#8221; custom_padding=&#8221;59px||59px||true|&#8221;][et_pb_column type=&#8221;4_4&#8243; _builder_version=&#8221;4.6.6&#8243; _module_preset=&#8221;default&#8221;][et_pb_text _builder_version=&#8221;4.6.6&#8243; _module_preset=&#8221;default&#8221; header_text_color=&#8221;#fec02d&#8221; header_2_text_color=&#8221;#000000&#8243; text_orientation=&#8221;center&#8221; width=&#8221;80%&#8221; width_tablet=&#8221;&#8221; width_phone=&#8221;&#8221; width_last_edited=&#8221;on|phone&#8221; module_alignment=&#8221;center&#8221; header_text_color__hover_enabled=&#8221;on|desktop&#8221; header_2_text_color__hover_enabled=&#8221;on|hover&#8221; header_2_text_color__hover=&#8221;#fec02d&#8221;][\/et_pb_text][\/et_pb_column][\/et_pb_row][\/et_pb_section][et_pb_section fb_built=&#8221;1&#8243; _builder_version=&#8221;4.6.6&#8243; _module_preset=&#8221;default&#8221; custom_padding=&#8221;||0px|||&#8221;][et_pb_row _builder_version=&#8221;4.6.6&#8243; _module_preset=&#8221;default&#8221; background_image=&#8221;https:\/\/kaustinen.net\/wp-content\/uploads\/2021\/02\/pikkuteltta.png&#8221; background_size=&#8221;contain&#8221; background_position=&#8221;top_center&#8221; width=&#8221;50%&#8221; width_tablet=&#8221;80%&#8221; width_phone=&#8221;92%&#8221; width_last_edited=&#8221;on|tablet&#8221; module_alignment=&#8221;center&#8221; custom_padding=&#8221;||59px|||&#8221;][et_pb_column type=&#8221;4_4&#8243; _builder_version=&#8221;4.6.6&#8243; _module_preset=&#8221;default&#8221;][\/et_pb_column][\/et_pb_row][et_pb_row _builder_version=&#8221;4.6.6&#8243; _module_preset=&#8221;default&#8221; background_enable_image=&#8221;off&#8221; background_size=&#8221;contain&#8221; background_position=&#8221;top_center&#8221; width=&#8221;50%&#8221; width_tablet=&#8221;80%&#8221; width_phone=&#8221;92%&#8221; width_last_edited=&#8221;on|tablet&#8221; module_alignment=&#8221;center&#8221; custom_padding=&#8221;59px||59px||true|&#8221;][et_pb_column type=&#8221;4_4&#8243; _builder_version=&#8221;4.6.6&#8243; _module_preset=&#8221;default&#8221;][et_pb_text _builder_version=&#8221;4.6.6&#8243; _module_preset=&#8221;default&#8221; header_text_color=&#8221;#fec02d&#8221; header_2_text_color=&#8221;#000000&#8243; text_orientation=&#8221;center&#8221; width=&#8221;80%&#8221; width_tablet=&#8221;&#8221; width_phone=&#8221;&#8221; width_last_edited=&#8221;on|phone&#8221; module_alignment=&#8221;center&#8221; header_text_color__hover_enabled=&#8221;on|desktop&#8221; header_2_text_color__hover_enabled=&#8221;on|hover&#8221; header_2_text_color__hover=&#8221;#fec02d&#8221;][\/et_pb_text][\/et_pb_column][\/et_pb_row][\/et_pb_section][et_pb_section fb_built=&#8221;1&#8243; _builder_version=&#8221;4.6.6&#8243; _module_preset=&#8221;default&#8221; custom_padding=&#8221;||0px|||&#8221;][et_pb_row _builder_version=&#8221;4.6.6&#8243; _module_preset=&#8221;default&#8221; background_image=&#8221;https:\/\/kaustinen.net\/wp-content\/uploads\/2021\/02\/pikkuteltta.png&#8221; background_size=&#8221;contain&#8221; background_position=&#8221;top_center&#8221; width=&#8221;50%&#8221; width_tablet=&#8221;80%&#8221; width_phone=&#8221;92%&#8221; width_last_edited=&#8221;on|tablet&#8221; module_alignment=&#8221;center&#8221; custom_padding=&#8221;||59px|||&#8221;][et_pb_column type=&#8221;4_4&#8243; _builder_version=&#8221;4.6.6&#8243; _module_preset=&#8221;default&#8221;][\/et_pb_column][\/et_pb_row][et_pb_row _builder_version=&#8221;4.6.6&#8243; _module_preset=&#8221;default&#8221; background_enable_image=&#8221;off&#8221; background_size=&#8221;contain&#8221; background_position=&#8221;top_center&#8221; width=&#8221;50%&#8221; width_tablet=&#8221;80%&#8221; width_phone=&#8221;92%&#8221; width_last_edited=&#8221;on|tablet&#8221; module_alignment=&#8221;center&#8221; custom_padding=&#8221;59px||59px||true|&#8221;][et_pb_column type=&#8221;4_4&#8243; _builder_version=&#8221;4.6.6&#8243; _module_preset=&#8221;default&#8221;][et_pb_text _builder_version=&#8221;4.6.6&#8243; _module_preset=&#8221;default&#8221; header_text_color=&#8221;#fec02d&#8221; header_2_text_color=&#8221;#000000&#8243; text_orientation=&#8221;center&#8221; width=&#8221;80%&#8221; width_tablet=&#8221;&#8221; width_phone=&#8221;&#8221; width_last_edited=&#8221;on|phone&#8221; module_alignment=&#8221;center&#8221; header_text_color__hover_enabled=&#8221;on|desktop&#8221; header_2_text_color__hover_enabled=&#8221;on|hover&#8221; header_2_text_color__hover=&#8221;#fec02d&#8221;][\/et_pb_text][\/et_pb_column][\/et_pb_row][\/et_pb_section]<\/p>\n\n\n<p><\/p>\n","protected":false},"excerpt":{"rendered":"<p>[et_pb_section fb_built=&#8221;1&#8243; _builder_version=&#8221;4.6.6&#8243; _module_preset=&#8221;default&#8221;][et_pb_row _builder_version=&#8221;4.6.6&#8243; _module_preset=&#8221;default&#8221; width=&#8221;50vw&#8221; width_tablet=&#8221;70vw&#8221; width_phone=&#8221;80vw&#8221; width_last_edited=&#8221;on|phone&#8221;][et_pb_column type=&#8221;4_4&#8243; _builder_version=&#8221;4.6.6&#8243; _module_preset=&#8221;default&#8221;][et_pb_text _builder_version=&#8221;4.6.6&#8243; _module_preset=&#8221;default&#8221; header_font_size=&#8221;5vw&#8221; text_orientation=&#8221;center&#8221; hover_enabled=&#8221;0&#8243; header_font_size_tablet=&#8221;10vw&#8221; header_font_size_phone=&#8221;13vw&#8221; header_font_size_last_edited=&#8221;on|phone&#8221; sticky_enabled=&#8221;0&#8243;] Soivat luennot 2023 \u00a0 Soivilla luennoilla k\u00e4sitell\u00e4\u00e4n mm. yhteis\u00f6l\u00e4ht\u00f6ist\u00e4 arkistotoimintaa, rauhaa ja aineetonta kulttuuriperint\u00f6\u00e4 ja keskipohjalaista ja keskisuomalaista pelimannihistoriaa. Luennot j\u00e4rjestet\u00e4\u00e4n Kansantaiteenkeskuksen Museosalissa ja ovat kaikille avoimia. Ti 11.7. klo 11.30-12.30 Kaustisen historian [&hellip;]<\/p>\n","protected":false},"author":2,"featured_media":0,"parent":0,"menu_order":0,"comment_status":"closed","ping_status":"closed","template":"","meta":{"_et_pb_use_builder":"on","_et_pb_old_content":"","_et_gb_content_width":"","footnotes":""},"class_list":["post-43392","page","type-page","status-publish","hentry"],"yoast_head":"<!-- This site is optimized with the Yoast SEO plugin v27.4 - https:\/\/yoast.com\/product\/yoast-seo-wordpress\/ -->\n<title>Soivat luennot - Kaustinen Folk Music Festival<\/title>\n<meta name=\"description\" content=\"Kaustinen Folk Music Festivalin kes\u00e4n 2023 Showcase-yhtyeet on valittu. Yhtyeet ovat Hurja halla, Pelkk\u00e4 Poutanen ja Polenta.\" \/>\n<meta name=\"robots\" content=\"index, follow, max-snippet:-1, max-image-preview:large, max-video-preview:-1\" \/>\n<link rel=\"canonical\" href=\"https:\/\/kaustinen.net\/sv\/soivat-luennot\/\" \/>\n<meta property=\"og:locale\" content=\"sv_SE\" \/>\n<meta property=\"og:type\" content=\"article\" \/>\n<meta property=\"og:title\" content=\"Kaustinen Folk Music Festivalin Showcase-yhtyeet kes\u00e4lle 2023 on valittu.\" \/>\n<meta property=\"og:description\" content=\"Kaustinen Folk Music Festivalin kes\u00e4n 2023 Showcase-yhtyeet on valittu. Yhtyeet ovat Hurja halla, Pelkk\u00e4 Poutanen ja Polenta.\" \/>\n<meta property=\"og:url\" content=\"https:\/\/kaustinen.net\/sv\/soivat-luennot\/\" \/>\n<meta property=\"og:site_name\" content=\"Kaustinen Folk Music Festival\" \/>\n<meta property=\"article:modified_time\" content=\"2023-06-29T14:35:05+00:00\" \/>\n<meta property=\"og:image\" content=\"https:\/\/kaustinen.net\/wp-content\/uploads\/2023\/03\/Showcaset-2023-levea-kuva.jpg\" \/>\n\t<meta property=\"og:image:width\" content=\"640\" \/>\n\t<meta property=\"og:image:height\" content=\"428\" \/>\n\t<meta property=\"og:image:type\" content=\"image\/jpeg\" \/>\n<meta name=\"twitter:card\" content=\"summary_large_image\" \/>\n<meta name=\"twitter:title\" content=\"Kaustinen Folk Music Festivalin Showcase-yhtyeet kes\u00e4lle 2023 on valittu.\" \/>\n<meta name=\"twitter:image\" content=\"https:\/\/kaustinen.net\/wp-content\/uploads\/2023\/03\/Showcaset-2023-levea-kuva.jpg\" \/>\n<meta name=\"twitter:label1\" content=\"Ber\u00e4knad l\u00e4stid\" \/>\n\t<meta name=\"twitter:data1\" content=\"3 minuter\" \/>\n<script type=\"application\/ld+json\" class=\"yoast-schema-graph\">{\"@context\":\"https:\\\/\\\/schema.org\",\"@graph\":[{\"@type\":\"WebPage\",\"@id\":\"https:\\\/\\\/kaustinen.net\\\/soivat-luennot\\\/\",\"url\":\"https:\\\/\\\/kaustinen.net\\\/soivat-luennot\\\/\",\"name\":\"Soivat luennot - Kaustinen Folk Music Festival\",\"isPartOf\":{\"@id\":\"https:\\\/\\\/kaustinen.net\\\/sv\\\/#website\"},\"primaryImageOfPage\":{\"@id\":\"https:\\\/\\\/kaustinen.net\\\/soivat-luennot\\\/#primaryimage\"},\"image\":{\"@id\":\"https:\\\/\\\/kaustinen.net\\\/soivat-luennot\\\/#primaryimage\"},\"thumbnailUrl\":\"https:\\\/\\\/kaustinen.net\\\/wp-content\\\/uploads\\\/2023\\\/06\\\/Ullava-kansi.jpg.png\",\"datePublished\":\"2023-06-28T21:57:44+00:00\",\"dateModified\":\"2023-06-29T14:35:05+00:00\",\"description\":\"Kaustinen Folk Music Festivalin kes\u00e4n 2023 Showcase-yhtyeet on valittu. Yhtyeet ovat Hurja halla, Pelkk\u00e4 Poutanen ja Polenta.\",\"breadcrumb\":{\"@id\":\"https:\\\/\\\/kaustinen.net\\\/soivat-luennot\\\/#breadcrumb\"},\"inLanguage\":\"sv-SE\",\"potentialAction\":[{\"@type\":\"ReadAction\",\"target\":[\"https:\\\/\\\/kaustinen.net\\\/soivat-luennot\\\/\"]}]},{\"@type\":\"ImageObject\",\"inLanguage\":\"sv-SE\",\"@id\":\"https:\\\/\\\/kaustinen.net\\\/soivat-luennot\\\/#primaryimage\",\"url\":\"https:\\\/\\\/kaustinen.net\\\/wp-content\\\/uploads\\\/2023\\\/06\\\/Ullava-kansi.jpg.png\",\"contentUrl\":\"https:\\\/\\\/kaustinen.net\\\/wp-content\\\/uploads\\\/2023\\\/06\\\/Ullava-kansi.jpg.png\"},{\"@type\":\"BreadcrumbList\",\"@id\":\"https:\\\/\\\/kaustinen.net\\\/soivat-luennot\\\/#breadcrumb\",\"itemListElement\":[{\"@type\":\"ListItem\",\"position\":1,\"name\":\"Home\",\"item\":\"https:\\\/\\\/kaustinen.net\\\/\"},{\"@type\":\"ListItem\",\"position\":2,\"name\":\"Soivat luennot\"}]},{\"@type\":\"WebSite\",\"@id\":\"https:\\\/\\\/kaustinen.net\\\/sv\\\/#website\",\"url\":\"https:\\\/\\\/kaustinen.net\\\/sv\\\/\",\"name\":\"Kaustinen Folk Music Festival\",\"description\":\"Kes\u00e4n onnellisimmat p\u00e4iv\u00e4t\",\"potentialAction\":[{\"@type\":\"SearchAction\",\"target\":{\"@type\":\"EntryPoint\",\"urlTemplate\":\"https:\\\/\\\/kaustinen.net\\\/sv\\\/?s={search_term_string}\"},\"query-input\":{\"@type\":\"PropertyValueSpecification\",\"valueRequired\":true,\"valueName\":\"search_term_string\"}}],\"inLanguage\":\"sv-SE\"}]}<\/script>\n<!-- \/ Yoast SEO plugin. -->","yoast_head_json":{"title":"Soivat luennot - Kaustinen Folk Music Festival","description":"Kaustinen Folk Music Festivalin kes\u00e4n 2023 Showcase-yhtyeet on valittu. Yhtyeet ovat Hurja halla, Pelkk\u00e4 Poutanen ja Polenta.","robots":{"index":"index","follow":"follow","max-snippet":"max-snippet:-1","max-image-preview":"max-image-preview:large","max-video-preview":"max-video-preview:-1"},"canonical":"https:\/\/kaustinen.net\/sv\/soivat-luennot\/","og_locale":"sv_SE","og_type":"article","og_title":"Kaustinen Folk Music Festivalin Showcase-yhtyeet kes\u00e4lle 2023 on valittu.","og_description":"Kaustinen Folk Music Festivalin kes\u00e4n 2023 Showcase-yhtyeet on valittu. Yhtyeet ovat Hurja halla, Pelkk\u00e4 Poutanen ja Polenta.","og_url":"https:\/\/kaustinen.net\/sv\/soivat-luennot\/","og_site_name":"Kaustinen Folk Music Festival","article_modified_time":"2023-06-29T14:35:05+00:00","og_image":[{"width":640,"height":428,"url":"https:\/\/kaustinen.net\/wp-content\/uploads\/2023\/03\/Showcaset-2023-levea-kuva.jpg","type":"image\/jpeg"}],"twitter_card":"summary_large_image","twitter_title":"Kaustinen Folk Music Festivalin Showcase-yhtyeet kes\u00e4lle 2023 on valittu.","twitter_image":"https:\/\/kaustinen.net\/wp-content\/uploads\/2023\/03\/Showcaset-2023-levea-kuva.jpg","twitter_misc":{"Ber\u00e4knad l\u00e4stid":"3 minuter"},"schema":{"@context":"https:\/\/schema.org","@graph":[{"@type":"WebPage","@id":"https:\/\/kaustinen.net\/soivat-luennot\/","url":"https:\/\/kaustinen.net\/soivat-luennot\/","name":"Soivat luennot - Kaustinen Folk Music Festival","isPartOf":{"@id":"https:\/\/kaustinen.net\/sv\/#website"},"primaryImageOfPage":{"@id":"https:\/\/kaustinen.net\/soivat-luennot\/#primaryimage"},"image":{"@id":"https:\/\/kaustinen.net\/soivat-luennot\/#primaryimage"},"thumbnailUrl":"https:\/\/kaustinen.net\/wp-content\/uploads\/2023\/06\/Ullava-kansi.jpg.png","datePublished":"2023-06-28T21:57:44+00:00","dateModified":"2023-06-29T14:35:05+00:00","description":"Kaustinen Folk Music Festivalin kes\u00e4n 2023 Showcase-yhtyeet on valittu. Yhtyeet ovat Hurja halla, Pelkk\u00e4 Poutanen ja Polenta.","breadcrumb":{"@id":"https:\/\/kaustinen.net\/soivat-luennot\/#breadcrumb"},"inLanguage":"sv-SE","potentialAction":[{"@type":"ReadAction","target":["https:\/\/kaustinen.net\/soivat-luennot\/"]}]},{"@type":"ImageObject","inLanguage":"sv-SE","@id":"https:\/\/kaustinen.net\/soivat-luennot\/#primaryimage","url":"https:\/\/kaustinen.net\/wp-content\/uploads\/2023\/06\/Ullava-kansi.jpg.png","contentUrl":"https:\/\/kaustinen.net\/wp-content\/uploads\/2023\/06\/Ullava-kansi.jpg.png"},{"@type":"BreadcrumbList","@id":"https:\/\/kaustinen.net\/soivat-luennot\/#breadcrumb","itemListElement":[{"@type":"ListItem","position":1,"name":"Home","item":"https:\/\/kaustinen.net\/"},{"@type":"ListItem","position":2,"name":"Soivat luennot"}]},{"@type":"WebSite","@id":"https:\/\/kaustinen.net\/sv\/#website","url":"https:\/\/kaustinen.net\/sv\/","name":"Kaustinen Folk Music Festival","description":"Sommarens lyckligaste dagar","potentialAction":[{"@type":"SearchAction","target":{"@type":"EntryPoint","urlTemplate":"https:\/\/kaustinen.net\/sv\/?s={search_term_string}"},"query-input":{"@type":"PropertyValueSpecification","valueRequired":true,"valueName":"search_term_string"}}],"inLanguage":"sv-SE"}]}},"jetpack_sharing_enabled":true,"_links":{"self":[{"href":"https:\/\/kaustinen.net\/sv\/wp-json\/wp\/v2\/pages\/43392","targetHints":{"allow":["GET"]}}],"collection":[{"href":"https:\/\/kaustinen.net\/sv\/wp-json\/wp\/v2\/pages"}],"about":[{"href":"https:\/\/kaustinen.net\/sv\/wp-json\/wp\/v2\/types\/page"}],"author":[{"embeddable":true,"href":"https:\/\/kaustinen.net\/sv\/wp-json\/wp\/v2\/users\/2"}],"replies":[{"embeddable":true,"href":"https:\/\/kaustinen.net\/sv\/wp-json\/wp\/v2\/comments?post=43392"}],"version-history":[{"count":6,"href":"https:\/\/kaustinen.net\/sv\/wp-json\/wp\/v2\/pages\/43392\/revisions"}],"predecessor-version":[{"id":43417,"href":"https:\/\/kaustinen.net\/sv\/wp-json\/wp\/v2\/pages\/43392\/revisions\/43417"}],"wp:attachment":[{"href":"https:\/\/kaustinen.net\/sv\/wp-json\/wp\/v2\/media?parent=43392"}],"curies":[{"name":"wp","href":"https:\/\/api.w.org\/{rel}","templated":true}]}}