{"id":42803,"date":"2024-12-17T13:37:35","date_gmt":"2024-12-17T11:37:35","guid":{"rendered":"https:\/\/kaustinen.net\/?page_id=42803"},"modified":"2025-12-17T14:22:27","modified_gmt":"2025-12-17T12:22:27","slug":"showcase-yhtyeet-kautta-aikain","status":"publish","type":"page","link":"https:\/\/kaustinen.net\/sv\/showcase-yhtyeet-kautta-aikain\/","title":{"rendered":"Showcase -yhtyeet kautta aikain"},"content":{"rendered":"[et_pb_section fb_built=&#8221;1&#8243; admin_label=&#8221;section&#8221; _builder_version=&#8221;3.22&#8243;][et_pb_row admin_label=&#8221;row&#8221; _builder_version=&#8221;3.25&#8243; background_size=&#8221;initial&#8221; background_position=&#8221;top_left&#8221; background_repeat=&#8221;repeat&#8221;][et_pb_column type=&#8221;4_4&#8243; _builder_version=&#8221;3.25&#8243; custom_padding=&#8221;|||&#8221; custom_padding__hover=&#8221;|||&#8221;][et_pb_text admin_label=&#8221;Text&#8221; _builder_version=&#8221;4.6.6&#8243; background_size=&#8221;initial&#8221; background_position=&#8221;top_left&#8221; background_repeat=&#8221;repeat&#8221; hover_enabled=&#8221;0&#8243; sticky_enabled=&#8221;0&#8243;]<p><\/p>\n<figure class=\"wp-block-image size-full\"><img loading=\"lazy\" decoding=\"async\" width=\"2048\" height=\"1366\" src=\"https:\/\/kaustinen.net\/wp-content\/uploads\/2022\/12\/Vuoden-2022-showcase-yhtye-Berga-Folk-Project-Mondossa-kuva-Risto-Savolainen.jpg\" alt=\"Vuoden 2022 Kaustisen festivaalin showcase-yhtye Berg\u00e5 Folk Project festivaalin perjantaip\u00e4iv\u00e4n\u00e4 Mondo-lavalla. Kuvassa n\u00e4kyy esiintyjien sel\u00e4t kun kuva on otettu lavalta katsoen yleis\u00f6st\u00e4, jotka hurraavat runsaslukuisena yhtyeelle.\" class=\"wp-image-42804\" \/><\/p>\n<figcaption>Vuoden 2022 Kaustinen Folk Music Festivalin showcase-yhtye Berg\u00e5 Folk Project esiintym\u00e4ss\u00e4 Mondon lavalla. Kuva: Risto Savolainen.<\/figcaption>\n<\/figure>\n<p><\/p>\n<p><\/p>\n<h2 class=\"wp-block-heading\">Kaustinen Folk Music Festivalin Showcase-sarja<\/h2>\n<p><\/p>\n<p>Kaustisen festivaalin jo vakiintuneessa showcase-sarjassa esitell\u00e4\u00e4n eteenp\u00e4in tavoittelevia, nousevia ja kansainv\u00e4listyvi\u00e4 kansanmusiikin nimi\u00e4. Raati valitsee vuosittain kolme edustavaa kokoonpanoa. Showcase-yhtyeit\u00e4 on Kaustisen kansanmusiikkijuhlilla valittu vuodesta 2013 l\u00e4htien.<\/p>\n<p>Vuodesta 2022 l\u00e4htien Showcase-sarjan osana on toteutettu delegaatti-ohjelmaa, johon osallistuu\u00a0muiden tapahtumien promoottoreita sek\u00e4 ulkomaisia delegaatteja. Delegaatit osallistuvat valittujen showcase-yhtyeiden keikoille ja yhtyeiden j\u00e4senet p\u00e4\u00e4sev\u00e4t verkostoitumaan delegaattivieraiden kanssa.<\/p>\n<p><\/p>\n<p><\/p>\n<h2 class=\"wp-block-heading\">Showcase-yhtyeet kautta aikain<\/h2>\n<h2>2025<\/h2>\n<p><a href=\"https:\/\/sickboogie.com\/portfolio\/dankki-briha\/\" target=\"_blank\" rel=\"noopener noreferrer\">D\u00e4nkki Briha<\/a><\/p>\n<p><a href=\"https:\/\/emilialajunen.fi\" target=\"_blank\" rel=\"noopener noreferrer\">Emilia Lajunen &amp; Eero Grundstr\u00f6m<\/a><\/p>\n<p><a href=\"https:\/\/www.instagram.com\/huippuband\/\" target=\"_blank\" rel=\"noopener noreferrer\">HUIPPU<\/a><\/p>\n<h2>2024<\/h2>\n<p><a href=\"https:\/\/www.ilkkaheinonenmusic.com\/\" target=\"_blank\" rel=\"noopener noreferrer\">Ilkka Heinonen<\/a><\/p>\n<p><a href=\"https:\/\/penttilaemusic.com\/yhtyeet\/hostikka\/\" target=\"_blank\" rel=\"noopener noreferrer\">Hostikka<\/a><\/p>\n<p><a href=\"https:\/\/www.saurabooking.com\/en\/artists\/luomuduo\/\" target=\"_blank\" rel=\"noopener noreferrer\">Luomuduo<\/a><\/p>\n<h2>2023<\/h2>\n<p><a href=\"http:\/\/www.hurjahalla.com\">Hurja halla<\/a><\/p>\n<p><a href=\"https:\/\/www.petrapoutanen.com\/\" target=\"_blank\" rel=\"noopener noreferrer\">Pelkk\u00e4 Poutanen<\/a><\/p>\n<p><\/p>\n<p><a href=\"https:\/\/www.polentamusic.com\/\" target=\"_blank\" rel=\"noopener noreferrer\">Polenta<\/a><\/p>\n<p><!-- \/wp:post-content --><\/p>\n<p><!-- wp:heading --><\/p>\n<h2>2022<\/h2>\n<p><!-- \/wp:heading --><\/p>\n<p><!-- wp:paragraph --><a href=\"https:\/\/fi.bergafolkproject.com\/\">Berg\u00e5 Folk Project<\/a><\/p>\n<p><!-- \/wp:paragraph --><\/p>\n<p><!-- wp:paragraph --><a href=\"https:\/\/lapuauusiguinea.com\/\">Lapua-Uusi-Guinea<\/a><\/p>\n<p><!-- \/wp:paragraph --><\/p>\n<p><!-- wp:paragraph --><a href=\"https:\/\/marjosmolander.com\/zapammat\/\" target=\"_blank\" rel=\"noopener noreferrer\">Z\u00e4p\u00e4mm\u00e4t<\/a><\/p>\n<p><!-- \/wp:paragraph --><\/p>\n<p><!-- wp:heading --><\/p>\n<h2>2019<\/h2>\n<p><!-- \/wp:heading --><\/p>\n<p><!-- wp:paragraph --><a href=\"https:\/\/www.instagram.com\/axvyofficial\/\" target=\"_blank\" rel=\"noopener noreferrer\">Axvy<\/a> (SE)<\/p>\n<p><!-- \/wp:paragraph --><\/p>\n<p><!-- wp:paragraph --><a href=\"https:\/\/evavaljaots.com\/\" target=\"_blank\" rel=\"noopener noreferrer\">Eva V\u00e4ljaots (EE)<\/a><\/p>\n<p><!-- \/wp:paragraph --><\/p>\n<p><!-- wp:paragraph --><a href=\"https:\/\/www.noolimusic.com\/\" target=\"_blank\" rel=\"noopener noreferrer\">Nooli<\/a><\/p>\n<p><!-- \/wp:paragraph --><\/p>\n<p><!-- wp:heading --><\/p>\n<h2>2018<\/h2>\n<p><!-- \/wp:heading --><\/p>\n<p><!-- wp:paragraph --><a href=\"https:\/\/www.facebook.com\/bestcasescenarioband\/\" target=\"_blank\" rel=\"noopener noreferrer\">Maria Reikko &amp; Best Case Scenario Band<\/a><\/p>\n<p><!-- \/wp:paragraph --><\/p>\n<p><!-- wp:paragraph --><a href=\"https:\/\/www.facebook.com\/triotornofficial\/\" target=\"_blank\" rel=\"noopener noreferrer\">Trio T\u00f6rn (SE)<\/a><\/p>\n<p><!-- \/wp:paragraph --><\/p>\n<p><!-- wp:paragraph --><a href=\"https:\/\/www.facebook.com\/vaisanenjne\/\" target=\"_blank\" rel=\"noopener noreferrer\">V\u00e4is\u00e4nen jne<\/a><\/p>\n<h2>2017<\/h2>\n<p><a href=\"https:\/\/www.youtube.com\/watch?v=RhtP9-6py84\" target=\"_blank\" rel=\"noopener noreferrer\">Duo Systrami (SE)<\/a><\/p>\n<p><a href=\"https:\/\/www.markosiekkinen.com\/\" target=\"_blank\" rel=\"noopener noreferrer\">Marko Siekkinen &amp; Toivoniemen reservaatti<\/a><\/p>\n<p><a href=\"https:\/\/perpetuumlokomobile.wordpress.com\/\" target=\"_blank\" rel=\"noopener noreferrer\">Perpetuum Lokomobile<\/a><\/p>\n<h2>2016<\/h2>\n<p><a href=\"https:\/\/www.facebook.com\/HermanniTurkki\/\" target=\"_blank\" rel=\"noopener noreferrer\">Hermanni Turkki<\/a><\/p>\n<p><a href=\"https:\/\/slackbird.com\/\" target=\"_blank\" rel=\"noopener noreferrer\">Slack Bird<\/a><\/p>\n<p><a href=\"https:\/\/www.youtube.com\/channel\/UC4kbhvkxRMO83kfFcat8p8w\" target=\"_blank\" rel=\"noopener noreferrer\">Onni Rajaniemi<\/a><\/p>\n<h2>2015<\/h2>\n<p>Kopla<\/p>\n<p><a href=\"https:\/\/www.jaerv.com\/\" target=\"_blank\" rel=\"noopener noreferrer\">Jaerv<\/a> (SE)<\/p>\n<p><a href=\"https:\/\/www.jppiirainen.com\/\" target=\"_blank\" rel=\"noopener noreferrer\">J-P Piirainen &#8211; Nordic Guitar Music<\/a><\/p>\n<h2>2014<\/h2>\n<p>Tradikaali<\/p>\n<p>R\u00e4synukke<\/p>\n<p><a href=\"https:\/\/stnotes.fi\/\" target=\"_blank\" rel=\"noopener noreferrer\">St. Notes<\/a><\/p>\n<h2>2013<\/h2>\n<p><a href=\"https:\/\/www.akkajee.com\/\" target=\"_blank\" rel=\"noopener noreferrer\">Akkajee<\/a><\/p>\n<p>Hormon\u00e9s<\/p>\n<p><a href=\"https:\/\/tuuletar.com\/band\/\" target=\"_blank\" rel=\"noopener noreferrer\">Tuuletar<\/a><\/p>\n<p><!-- \/wp:paragraph --><\/p>\n[\/et_pb_text][\/et_pb_column][\/et_pb_row][\/et_pb_section]","protected":false},"excerpt":{"rendered":"<p>[et_pb_section fb_built=&#8221;1&#8243; admin_label=&#8221;section&#8221; _builder_version=&#8221;3.22&#8243;][et_pb_row admin_label=&#8221;row&#8221; _builder_version=&#8221;3.25&#8243; background_size=&#8221;initial&#8221; background_position=&#8221;top_left&#8221; background_repeat=&#8221;repeat&#8221;][et_pb_column type=&#8221;4_4&#8243; _builder_version=&#8221;3.25&#8243; custom_padding=&#8221;|||&#8221; custom_padding__hover=&#8221;|||&#8221;][et_pb_text admin_label=&#8221;Text&#8221; _builder_version=&#8221;4.6.6&#8243; background_size=&#8221;initial&#8221; background_position=&#8221;top_left&#8221; background_repeat=&#8221;repeat&#8221; hover_enabled=&#8221;0&#8243; sticky_enabled=&#8221;0&#8243;] Kaustinen Folk Music Festivalin Showcase-sarja Kaustisen festivaalin jo vakiintuneessa showcase-sarjassa esitell\u00e4\u00e4n eteenp\u00e4in tavoittelevia, nousevia ja kansainv\u00e4listyvi\u00e4 kansanmusiikin nimi\u00e4. Raati valitsee vuosittain kolme edustavaa kokoonpanoa. Showcase-yhtyeit\u00e4 on Kaustisen kansanmusiikkijuhlilla valittu vuodesta 2013 l\u00e4htien. Vuodesta 2022 l\u00e4htien [&hellip;]<\/p>\n","protected":false},"author":2,"featured_media":0,"parent":0,"menu_order":0,"comment_status":"closed","ping_status":"closed","template":"","meta":{"_et_pb_use_builder":"on","_et_pb_old_content":"<!-- wp:image {\"id\":42804,\"sizeSlug\":\"full\",\"linkDestination\":\"none\"} -->\n<figure class=\"wp-block-image size-full\"><img src=\"https:\/\/kaustinen.net\/wp-content\/uploads\/2022\/12\/Vuoden-2022-showcase-yhtye-Berga-Folk-Project-Mondossa-kuva-Risto-Savolainen.jpg\" alt=\"Vuoden 2022 Kaustisen festivaalin showcase-yhtye Berg\u00e5 Folk Project festivaalin perjantaip\u00e4iv\u00e4n\u00e4 Mondo-lavalla. Kuvassa n\u00e4kyy esiintyjien sel\u00e4t kun kuva on otettu lavalta katsoen yleis\u00f6st\u00e4, jotka hurraavat runsaslukuisena yhtyeelle.\" class=\"wp-image-42804\"\/><figcaption>Vuoden 2022 Kaustinen Folk Music Festivalin showcase-yhtye Berg\u00e5 Folk Project esiintym\u00e4ss\u00e4 Mondon lavalla. Kuva: Risto Savolainen.<\/figcaption><\/figure>\n<!-- \/wp:image -->\n\n<!-- wp:heading -->\n<h2>Kaustinen Folk Music Festivalin Showcase-sarja<\/h2>\n<!-- \/wp:heading -->\n\n<!-- wp:paragraph -->\n<p>Kaustisen festivaalin jo vakiintuneessa showcase-sarjassa esitell\u00e4\u00e4n eteenp\u00e4in tavoittelevia, nousevia ja kansainv\u00e4listyvi\u00e4 kansanmusiikin nimi\u00e4. Raati valitsee vuosittain kolme edustavaa kokoonpanoa. Showcase-yhtyeit\u00e4 on Kaustisen kansanmusiikkijuhlilla valittu vuodesta 2013 l\u00e4htien. <\/p>\n<!-- \/wp:paragraph -->\n\n<!-- wp:heading -->\n<h2>Showcase-yhtyeet<\/h2>\n<!-- \/wp:heading -->\n\n<!-- wp:paragraph -->\n<p><\/p>\n<!-- \/wp:paragraph -->\n\n<!-- wp:heading -->\n<h2>2022<\/h2>\n<!-- \/wp:heading -->\n\n<!-- wp:paragraph -->\n<p><a href=\"https:\/\/fi.bergafolkproject.com\/\">Berg\u00e5 Folk Project<\/a><\/p>\n<!-- \/wp:paragraph -->\n\n<!-- wp:paragraph -->\n<p><a href=\"https:\/\/lapuauusiguinea.com\/\">Lapua-Uusi-Guinea<\/a><\/p>\n<!-- \/wp:paragraph -->\n\n<!-- wp:paragraph -->\n<p>Z\u00e4p\u00e4mm\u00e4t<\/p>\n<!-- \/wp:paragraph -->\n\n<!-- wp:heading -->\n<h2>2019<\/h2>\n<!-- \/wp:heading -->\n\n<!-- wp:paragraph -->\n<p>Axvy (SE)<\/p>\n<!-- \/wp:paragraph -->\n\n<!-- wp:paragraph -->\n<p>Eva V\u00e4ljaots (EE)<\/p>\n<!-- \/wp:paragraph -->\n\n<!-- wp:paragraph -->\n<p>Nooli<\/p>\n<!-- \/wp:paragraph -->\n\n<!-- wp:heading -->\n<h2>2018<\/h2>\n<!-- \/wp:heading -->\n\n<!-- wp:paragraph -->\n<p>Maria Reikko &amp; Best Case Scenario Band<\/p>\n<!-- \/wp:paragraph -->\n\n<!-- wp:paragraph -->\n<p>Trio T\u00f6rn (SE)<\/p>\n<!-- \/wp:paragraph -->\n\n<!-- wp:paragraph -->\n<p>V\u00e4is\u00e4nen jne<\/p>\n<!-- \/wp:paragraph -->","_et_gb_content_width":"","footnotes":""},"class_list":["post-42803","page","type-page","status-publish","hentry"],"yoast_head":"<!-- This site is optimized with the Yoast SEO plugin v27.3 - https:\/\/yoast.com\/product\/yoast-seo-wordpress\/ -->\n<title>Showcase -yhtyeet kautta aikain - Kaustinen Folk Music Festival<\/title>\n<meta name=\"robots\" content=\"index, follow, max-snippet:-1, max-image-preview:large, max-video-preview:-1\" \/>\n<link rel=\"canonical\" href=\"https:\/\/kaustinen.net\/sv\/showcase-yhtyeet-kautta-aikain\/\" \/>\n<meta property=\"og:locale\" content=\"sv_SE\" \/>\n<meta property=\"og:type\" content=\"article\" \/>\n<meta property=\"og:title\" content=\"Showcase -yhtyeet kautta aikain - Kaustinen Folk Music Festival\" \/>\n<meta property=\"og:description\" content=\"[et_pb_section fb_built=&#8221;1&#8243; admin_label=&#8221;section&#8221; _builder_version=&#8221;3.22&#8243;][et_pb_row admin_label=&#8221;row&#8221; _builder_version=&#8221;3.25&#8243; background_size=&#8221;initial&#8221; background_position=&#8221;top_left&#8221; background_repeat=&#8221;repeat&#8221;][et_pb_column type=&#8221;4_4&#8243; _builder_version=&#8221;3.25&#8243; custom_padding=&#8221;|||&#8221; custom_padding__hover=&#8221;|||&#8221;][et_pb_text admin_label=&#8221;Text&#8221; _builder_version=&#8221;4.6.6&#8243; background_size=&#8221;initial&#8221; background_position=&#8221;top_left&#8221; background_repeat=&#8221;repeat&#8221; hover_enabled=&#8221;0&#8243; sticky_enabled=&#8221;0&#8243;] Kaustinen Folk Music Festivalin Showcase-sarja Kaustisen festivaalin jo vakiintuneessa showcase-sarjassa esitell\u00e4\u00e4n eteenp\u00e4in tavoittelevia, nousevia ja kansainv\u00e4listyvi\u00e4 kansanmusiikin nimi\u00e4. Raati valitsee vuosittain kolme edustavaa kokoonpanoa. Showcase-yhtyeit\u00e4 on Kaustisen kansanmusiikkijuhlilla valittu vuodesta 2013 l\u00e4htien. Vuodesta 2022 l\u00e4htien [&hellip;]\" \/>\n<meta property=\"og:url\" content=\"https:\/\/kaustinen.net\/sv\/showcase-yhtyeet-kautta-aikain\/\" \/>\n<meta property=\"og:site_name\" content=\"Kaustinen Folk Music Festival\" \/>\n<meta property=\"article:modified_time\" content=\"2025-12-17T12:22:27+00:00\" \/>\n<meta property=\"og:image\" content=\"https:\/\/kaustinen.net\/wp-content\/uploads\/2022\/12\/Vuoden-2022-showcase-yhtye-Berga-Folk-Project-Mondossa-kuva-Risto-Savolainen.jpg\" \/>\n\t<meta property=\"og:image:width\" content=\"2048\" \/>\n\t<meta property=\"og:image:height\" content=\"1366\" \/>\n\t<meta property=\"og:image:type\" content=\"image\/jpeg\" \/>\n<meta name=\"twitter:card\" content=\"summary_large_image\" \/>\n<meta name=\"twitter:label1\" content=\"Ber\u00e4knad l\u00e4stid\" \/>\n\t<meta name=\"twitter:data1\" content=\"1 minut\" \/>\n<script type=\"application\/ld+json\" class=\"yoast-schema-graph\">{\"@context\":\"https:\\\/\\\/schema.org\",\"@graph\":[{\"@type\":\"WebPage\",\"@id\":\"https:\\\/\\\/kaustinen.net\\\/showcase-yhtyeet-kautta-aikain\\\/\",\"url\":\"https:\\\/\\\/kaustinen.net\\\/showcase-yhtyeet-kautta-aikain\\\/\",\"name\":\"Showcase -yhtyeet kautta aikain - Kaustinen Folk Music Festival\",\"isPartOf\":{\"@id\":\"https:\\\/\\\/kaustinen.net\\\/sv\\\/#website\"},\"primaryImageOfPage\":{\"@id\":\"https:\\\/\\\/kaustinen.net\\\/showcase-yhtyeet-kautta-aikain\\\/#primaryimage\"},\"image\":{\"@id\":\"https:\\\/\\\/kaustinen.net\\\/showcase-yhtyeet-kautta-aikain\\\/#primaryimage\"},\"thumbnailUrl\":\"https:\\\/\\\/kaustinen.net\\\/wp-content\\\/uploads\\\/2022\\\/12\\\/Vuoden-2022-showcase-yhtye-Berga-Folk-Project-Mondossa-kuva-Risto-Savolainen.jpg\",\"datePublished\":\"2024-12-17T11:37:35+00:00\",\"dateModified\":\"2025-12-17T12:22:27+00:00\",\"breadcrumb\":{\"@id\":\"https:\\\/\\\/kaustinen.net\\\/showcase-yhtyeet-kautta-aikain\\\/#breadcrumb\"},\"inLanguage\":\"sv-SE\",\"potentialAction\":[{\"@type\":\"ReadAction\",\"target\":[\"https:\\\/\\\/kaustinen.net\\\/showcase-yhtyeet-kautta-aikain\\\/\"]}]},{\"@type\":\"ImageObject\",\"inLanguage\":\"sv-SE\",\"@id\":\"https:\\\/\\\/kaustinen.net\\\/showcase-yhtyeet-kautta-aikain\\\/#primaryimage\",\"url\":\"https:\\\/\\\/kaustinen.net\\\/wp-content\\\/uploads\\\/2022\\\/12\\\/Vuoden-2022-showcase-yhtye-Berga-Folk-Project-Mondossa-kuva-Risto-Savolainen.jpg\",\"contentUrl\":\"https:\\\/\\\/kaustinen.net\\\/wp-content\\\/uploads\\\/2022\\\/12\\\/Vuoden-2022-showcase-yhtye-Berga-Folk-Project-Mondossa-kuva-Risto-Savolainen.jpg\"},{\"@type\":\"BreadcrumbList\",\"@id\":\"https:\\\/\\\/kaustinen.net\\\/showcase-yhtyeet-kautta-aikain\\\/#breadcrumb\",\"itemListElement\":[{\"@type\":\"ListItem\",\"position\":1,\"name\":\"Home\",\"item\":\"https:\\\/\\\/kaustinen.net\\\/\"},{\"@type\":\"ListItem\",\"position\":2,\"name\":\"Showcase -yhtyeet kautta aikain\"}]},{\"@type\":\"WebSite\",\"@id\":\"https:\\\/\\\/kaustinen.net\\\/sv\\\/#website\",\"url\":\"https:\\\/\\\/kaustinen.net\\\/sv\\\/\",\"name\":\"Kaustinen Folk Music Festival\",\"description\":\"Kes\u00e4n onnellisimmat p\u00e4iv\u00e4t\",\"potentialAction\":[{\"@type\":\"SearchAction\",\"target\":{\"@type\":\"EntryPoint\",\"urlTemplate\":\"https:\\\/\\\/kaustinen.net\\\/sv\\\/?s={search_term_string}\"},\"query-input\":{\"@type\":\"PropertyValueSpecification\",\"valueRequired\":true,\"valueName\":\"search_term_string\"}}],\"inLanguage\":\"sv-SE\"}]}<\/script>\n<!-- \/ Yoast SEO plugin. -->","yoast_head_json":{"title":"Showcase -yhtyeet kautta aikain - Kaustinen Folk Music Festival","robots":{"index":"index","follow":"follow","max-snippet":"max-snippet:-1","max-image-preview":"max-image-preview:large","max-video-preview":"max-video-preview:-1"},"canonical":"https:\/\/kaustinen.net\/sv\/showcase-yhtyeet-kautta-aikain\/","og_locale":"sv_SE","og_type":"article","og_title":"Showcase -yhtyeet kautta aikain - Kaustinen Folk Music Festival","og_description":"[et_pb_section fb_built=&#8221;1&#8243; admin_label=&#8221;section&#8221; _builder_version=&#8221;3.22&#8243;][et_pb_row admin_label=&#8221;row&#8221; _builder_version=&#8221;3.25&#8243; background_size=&#8221;initial&#8221; background_position=&#8221;top_left&#8221; background_repeat=&#8221;repeat&#8221;][et_pb_column type=&#8221;4_4&#8243; _builder_version=&#8221;3.25&#8243; custom_padding=&#8221;|||&#8221; custom_padding__hover=&#8221;|||&#8221;][et_pb_text admin_label=&#8221;Text&#8221; _builder_version=&#8221;4.6.6&#8243; background_size=&#8221;initial&#8221; background_position=&#8221;top_left&#8221; background_repeat=&#8221;repeat&#8221; hover_enabled=&#8221;0&#8243; sticky_enabled=&#8221;0&#8243;] Kaustinen Folk Music Festivalin Showcase-sarja Kaustisen festivaalin jo vakiintuneessa showcase-sarjassa esitell\u00e4\u00e4n eteenp\u00e4in tavoittelevia, nousevia ja kansainv\u00e4listyvi\u00e4 kansanmusiikin nimi\u00e4. Raati valitsee vuosittain kolme edustavaa kokoonpanoa. Showcase-yhtyeit\u00e4 on Kaustisen kansanmusiikkijuhlilla valittu vuodesta 2013 l\u00e4htien. Vuodesta 2022 l\u00e4htien [&hellip;]","og_url":"https:\/\/kaustinen.net\/sv\/showcase-yhtyeet-kautta-aikain\/","og_site_name":"Kaustinen Folk Music Festival","article_modified_time":"2025-12-17T12:22:27+00:00","og_image":[{"width":2048,"height":1366,"url":"https:\/\/kaustinen.net\/wp-content\/uploads\/2022\/12\/Vuoden-2022-showcase-yhtye-Berga-Folk-Project-Mondossa-kuva-Risto-Savolainen.jpg","type":"image\/jpeg"}],"twitter_card":"summary_large_image","twitter_misc":{"Ber\u00e4knad l\u00e4stid":"1 minut"},"schema":{"@context":"https:\/\/schema.org","@graph":[{"@type":"WebPage","@id":"https:\/\/kaustinen.net\/showcase-yhtyeet-kautta-aikain\/","url":"https:\/\/kaustinen.net\/showcase-yhtyeet-kautta-aikain\/","name":"Showcase -yhtyeet kautta aikain - Kaustinen Folk Music Festival","isPartOf":{"@id":"https:\/\/kaustinen.net\/sv\/#website"},"primaryImageOfPage":{"@id":"https:\/\/kaustinen.net\/showcase-yhtyeet-kautta-aikain\/#primaryimage"},"image":{"@id":"https:\/\/kaustinen.net\/showcase-yhtyeet-kautta-aikain\/#primaryimage"},"thumbnailUrl":"https:\/\/kaustinen.net\/wp-content\/uploads\/2022\/12\/Vuoden-2022-showcase-yhtye-Berga-Folk-Project-Mondossa-kuva-Risto-Savolainen.jpg","datePublished":"2024-12-17T11:37:35+00:00","dateModified":"2025-12-17T12:22:27+00:00","breadcrumb":{"@id":"https:\/\/kaustinen.net\/showcase-yhtyeet-kautta-aikain\/#breadcrumb"},"inLanguage":"sv-SE","potentialAction":[{"@type":"ReadAction","target":["https:\/\/kaustinen.net\/showcase-yhtyeet-kautta-aikain\/"]}]},{"@type":"ImageObject","inLanguage":"sv-SE","@id":"https:\/\/kaustinen.net\/showcase-yhtyeet-kautta-aikain\/#primaryimage","url":"https:\/\/kaustinen.net\/wp-content\/uploads\/2022\/12\/Vuoden-2022-showcase-yhtye-Berga-Folk-Project-Mondossa-kuva-Risto-Savolainen.jpg","contentUrl":"https:\/\/kaustinen.net\/wp-content\/uploads\/2022\/12\/Vuoden-2022-showcase-yhtye-Berga-Folk-Project-Mondossa-kuva-Risto-Savolainen.jpg"},{"@type":"BreadcrumbList","@id":"https:\/\/kaustinen.net\/showcase-yhtyeet-kautta-aikain\/#breadcrumb","itemListElement":[{"@type":"ListItem","position":1,"name":"Home","item":"https:\/\/kaustinen.net\/"},{"@type":"ListItem","position":2,"name":"Showcase -yhtyeet kautta aikain"}]},{"@type":"WebSite","@id":"https:\/\/kaustinen.net\/sv\/#website","url":"https:\/\/kaustinen.net\/sv\/","name":"Kaustinen Folk Music Festival","description":"Sommarens lyckligaste dagar","potentialAction":[{"@type":"SearchAction","target":{"@type":"EntryPoint","urlTemplate":"https:\/\/kaustinen.net\/sv\/?s={search_term_string}"},"query-input":{"@type":"PropertyValueSpecification","valueRequired":true,"valueName":"search_term_string"}}],"inLanguage":"sv-SE"}]}},"jetpack_sharing_enabled":true,"_links":{"self":[{"href":"https:\/\/kaustinen.net\/sv\/wp-json\/wp\/v2\/pages\/42803","targetHints":{"allow":["GET"]}}],"collection":[{"href":"https:\/\/kaustinen.net\/sv\/wp-json\/wp\/v2\/pages"}],"about":[{"href":"https:\/\/kaustinen.net\/sv\/wp-json\/wp\/v2\/types\/page"}],"author":[{"embeddable":true,"href":"https:\/\/kaustinen.net\/sv\/wp-json\/wp\/v2\/users\/2"}],"replies":[{"embeddable":true,"href":"https:\/\/kaustinen.net\/sv\/wp-json\/wp\/v2\/comments?post=42803"}],"version-history":[{"count":8,"href":"https:\/\/kaustinen.net\/sv\/wp-json\/wp\/v2\/pages\/42803\/revisions"}],"predecessor-version":[{"id":46036,"href":"https:\/\/kaustinen.net\/sv\/wp-json\/wp\/v2\/pages\/42803\/revisions\/46036"}],"wp:attachment":[{"href":"https:\/\/kaustinen.net\/sv\/wp-json\/wp\/v2\/media?parent=42803"}],"curies":[{"name":"wp","href":"https:\/\/api.w.org\/{rel}","templated":true}]}}