{"id":42266,"date":"2022-06-03T14:00:14","date_gmt":"2022-06-03T11:00:14","guid":{"rendered":"https:\/\/kaustinen.net\/?page_id=42266"},"modified":"2026-05-11T18:56:50","modified_gmt":"2026-05-11T15:56:50","slug":"familjeboende","status":"publish","type":"page","link":"https:\/\/kaustinen.net\/sv\/perhemajoitus\/","title":{"rendered":"Logi"},"content":{"rendered":"<p>[et_pb_section fb_built=&#8221;1&#8243; _builder_version=&#8221;4.6.6&#8243; _module_preset=&#8221;default&#8221; hover_enabled=&#8221;0&#8243; sticky_enabled=&#8221;0&#8243;][et_pb_row column_structure=&#8221;1_4,3_4&#8243; _builder_version=&#8221;4.6.6&#8243; _module_preset=&#8221;default&#8221;][et_pb_column type=&#8221;1_4&#8243; _builder_version=&#8221;4.6.6&#8243; _module_preset=&#8221;default&#8221;][et_pb_sidebar area=&#8221;sidebar-6&#8243; _builder_version=&#8221;4.6.6&#8243; _module_preset=&#8221;default&#8221;][\/et_pb_sidebar][\/et_pb_column][et_pb_column type=&#8221;3_4&#8243; _builder_version=&#8221;4.6.6&#8243; _module_preset=&#8221;default&#8221;][et_pb_text _builder_version=&#8221;4.6.6&#8243; _module_preset=&#8221;default&#8221; hover_enabled=&#8221;0&#8243; sticky_enabled=&#8221;0&#8243;]<\/p>\n<div class=\"et_pb_toggle_content clearfix\" style=\"display: block;\">\n<p><a title=\"KP-V Festivaalileirint\u00e4\" href=\"https:\/\/veikot.kaustinen.fi\/seura\/2816\/festivaalileirinta\" target=\"_blank\" rel=\"noopener noreferrer\"><\/a><\/p>\n<p>&nbsp;<\/p>\n<\/div>\n<h1>Kaustinen Folk Music Festival -perhemajoitus<\/h1>\n<p><em>Perhemajoitus on l\u00e4hes koko tapahtuman historian ajan tarjolla ollut palvelu, jossa festivaalivieraita majoitetaan paikallisten asukkaiden koteihin Kes\u00e4n onnellisimpien p\u00e4ivien v\u00e4lisiksi \u00f6iksi. Majoitusmuoto on l\u00e4mmintunnelmainen tapa el\u00e4\u00e4 festivaalin ja kyl\u00e4n yhteis\u00f6llisyydess\u00e4 mukana. Vierailujen my\u00f6t\u00e4 on syntynyt paljon mukavia muistoja ja yst\u00e4vyyksi\u00e4. Aamiaisp\u00f6yd\u00e4ss\u00e4 voi kuulla soittoa ja laulua sek\u00e4 muiden vieraiden hupaisia kokemuksia &#8211; perhemajoitus on ohjelmanumero jo itsess\u00e4\u00e4n.<\/em><\/p>\n<p><em>Tarjolla on vy\u00f6hykkeitt\u00e4in erilaisia majoitusmahdollisuuksia, kuten huonemajoitus tai telttapaikka kotipihalla, aamiaisella tai ilman. Hinnat vaihtelevat vy\u00f6hykkeiden ja palvelujen mukaan. Pyrimme siihen, ett\u00e4 jokaiselle vieraalle l\u00f6ytyy sopiva majoitus ja majoittajalle sopiva vieras.<\/em><\/p>\n<p>Lis\u00e4tietoa perhemajoituksesta hakulomakkeineen seuraavasta linkist\u00e4: <a href=\"https:\/\/gest.fi\/customers\/chfaei\/9587?lang=fi\" target=\"_blank\" rel=\"noopener noreferrer\" title=\"Perhemajoituksen hakulomake 2026\">Perhemajoituksen hakulomake<\/a><\/p>\n<p>Yhteystiedot: <a href=\"mailto:perhemajoitus@kaustinen.net,\">perhemajoitus@kaustinen.net<\/a><\/p>\n<p>&nbsp;<\/p>\n<h1><strong>Majoitusta Keski-Pohjanmaalla ja l\u00e4hialueilla<\/strong><\/h1>\n<p>Kaustisen ja l\u00e4hialueen majoitusvaihtoehtoja l\u00f6yd\u00e4t\u00a0<a title=\"Visit Kaustisen seutu \/ Majoitus\" href=\"https:\/\/visitkaustisenseutu.fi\/majoitus\" target=\"_blank\" rel=\"noopener noreferrer\">Visit Kaustisen seudun<\/a>, <a title=\"Visit Kokkola majoitus\" href=\"https:\/\/www.visitkokkola.fi\/majoitus\/\" target=\"_blank\" rel=\"noopener noreferrer\">Visit Kokkolan<\/a> ja <a title=\"Visit Pietarsaari \/ Majoitus\" href=\"https:\/\/visitpietarsaari.fi\/majoitu-ja-matkusta\/\" target=\"_blank\" rel=\"noopener noreferrer\">Visit Pietarsaaren<\/a> sivuilta.\u00a0Kannattaa tarkistaa my\u00f6s muut majoituspalvelut ja yksityismajoituksen vaihtoehdot.<strong><br \/> <\/strong><\/p>\n<p>Kaustinen Folk Music Festival j\u00e4rjest\u00e4\u00e4 itse perhemajoitusta, josta lis\u00e4tietoa alempana.<\/p>\n<p>Urheiluseura KP-V:n j\u00e4rjest\u00e4m\u00e4 Festivaalileirint\u00e4 sijaitsee Kaustisen urheilukent\u00e4n alueella, varausmahdollisuus avautuu kev\u00e4\u00e4n aikana. Tarkemmat tiedot<span>\u00a0<\/span><a title=\"KP-V Festivaalileirint\u00e4\" href=\"https:\/\/veikot.kaustinen.fi\/seura\/2816\/festivaalileirinta\" target=\"_blank\" rel=\"noopener noreferrer\">Kaustisen Pohjan-Veikkojen sivulta.<\/a><\/p>\n<p>&nbsp;<\/p>\n<p><em><\/em><\/p>\n<p>[\/et_pb_text][\/et_pb_column][\/et_pb_row][\/et_pb_section]<\/p>\n","protected":false},"excerpt":{"rendered":"<p>[et_pb_section fb_built=&#8221;1&#8243; _builder_version=&#8221;4.6.6&#8243; _module_preset=&#8221;default&#8221; hover_enabled=&#8221;0&#8243; sticky_enabled=&#8221;0&#8243;][et_pb_row column_structure=&#8221;1_4,3_4&#8243; _builder_version=&#8221;4.6.6&#8243; _module_preset=&#8221;default&#8221;][et_pb_column type=&#8221;1_4&#8243; _builder_version=&#8221;4.6.6&#8243; _module_preset=&#8221;default&#8221;][et_pb_sidebar area=&#8221;sidebar-6&#8243; _builder_version=&#8221;4.6.6&#8243; _module_preset=&#8221;default&#8221;][\/et_pb_sidebar][\/et_pb_column][et_pb_column type=&#8221;3_4&#8243; _builder_version=&#8221;4.6.6&#8243; _module_preset=&#8221;default&#8221;][et_pb_text _builder_version=&#8221;4.6.6&#8243; _module_preset=&#8221;default&#8221; hover_enabled=&#8221;0&#8243; sticky_enabled=&#8221;0&#8243;] &nbsp; Kaustinen Folk Music Festival -perhemajoitus Perhemajoitus on l\u00e4hes koko tapahtuman historian ajan tarjolla ollut palvelu, jossa festivaalivieraita majoitetaan paikallisten asukkaiden koteihin Kes\u00e4n onnellisimpien p\u00e4ivien v\u00e4lisiksi \u00f6iksi. Majoitusmuoto on l\u00e4mmintunnelmainen tapa el\u00e4\u00e4 festivaalin [&hellip;]<\/p>\n","protected":false},"author":10,"featured_media":0,"parent":0,"menu_order":0,"comment_status":"closed","ping_status":"closed","template":"","meta":{"_et_pb_use_builder":"on","_et_pb_old_content":"","_et_gb_content_width":"","footnotes":""},"class_list":["post-42266","page","type-page","status-publish","hentry"],"yoast_head":"<!-- This site is optimized with the Yoast SEO plugin v27.6 - https:\/\/yoast.com\/product\/yoast-seo-wordpress\/ -->\n<title>Majoitus - Kaustinen Folk Music Festival<\/title>\n<meta name=\"robots\" content=\"index, follow, max-snippet:-1, max-image-preview:large, max-video-preview:-1\" \/>\n<link rel=\"canonical\" href=\"https:\/\/kaustinen.net\/sv\/familjeboende\/\" \/>\n<meta property=\"og:locale\" content=\"sv_SE\" \/>\n<meta property=\"og:type\" content=\"article\" \/>\n<meta property=\"og:title\" content=\"Majoitus - Kaustinen Folk Music Festival\" \/>\n<meta property=\"og:description\" content=\"[et_pb_section fb_built=&#8221;1&#8243; _builder_version=&#8221;4.6.6&#8243; _module_preset=&#8221;default&#8221; hover_enabled=&#8221;0&#8243; sticky_enabled=&#8221;0&#8243;][et_pb_row column_structure=&#8221;1_4,3_4&#8243; _builder_version=&#8221;4.6.6&#8243; _module_preset=&#8221;default&#8221;][et_pb_column type=&#8221;1_4&#8243; _builder_version=&#8221;4.6.6&#8243; _module_preset=&#8221;default&#8221;][et_pb_sidebar area=&#8221;sidebar-6&#8243; _builder_version=&#8221;4.6.6&#8243; _module_preset=&#8221;default&#8221;][\/et_pb_sidebar][\/et_pb_column][et_pb_column type=&#8221;3_4&#8243; _builder_version=&#8221;4.6.6&#8243; _module_preset=&#8221;default&#8221;][et_pb_text _builder_version=&#8221;4.6.6&#8243; _module_preset=&#8221;default&#8221; hover_enabled=&#8221;0&#8243; sticky_enabled=&#8221;0&#8243;] &nbsp; Kaustinen Folk Music Festival -perhemajoitus Perhemajoitus on l\u00e4hes koko tapahtuman historian ajan tarjolla ollut palvelu, jossa festivaalivieraita majoitetaan paikallisten asukkaiden koteihin Kes\u00e4n onnellisimpien p\u00e4ivien v\u00e4lisiksi \u00f6iksi. Majoitusmuoto on l\u00e4mmintunnelmainen tapa el\u00e4\u00e4 festivaalin [&hellip;]\" \/>\n<meta property=\"og:url\" content=\"https:\/\/kaustinen.net\/sv\/familjeboende\/\" \/>\n<meta property=\"og:site_name\" content=\"Kaustinen Folk Music Festival\" \/>\n<meta property=\"article:modified_time\" content=\"2026-05-11T15:56:50+00:00\" \/>\n<meta name=\"twitter:card\" content=\"summary_large_image\" \/>\n<meta name=\"twitter:label1\" content=\"Ber\u00e4knad l\u00e4stid\" \/>\n\t<meta name=\"twitter:data1\" content=\"2 minuter\" \/>\n<script type=\"application\/ld+json\" class=\"yoast-schema-graph\">{\"@context\":\"https:\\\/\\\/schema.org\",\"@graph\":[{\"@type\":\"WebPage\",\"@id\":\"https:\\\/\\\/kaustinen.net\\\/perhemajoitus\\\/\",\"url\":\"https:\\\/\\\/kaustinen.net\\\/perhemajoitus\\\/\",\"name\":\"Majoitus - Kaustinen Folk Music Festival\",\"isPartOf\":{\"@id\":\"https:\\\/\\\/kaustinen.net\\\/sv\\\/#website\"},\"datePublished\":\"2022-06-03T11:00:14+00:00\",\"dateModified\":\"2026-05-11T15:56:50+00:00\",\"breadcrumb\":{\"@id\":\"https:\\\/\\\/kaustinen.net\\\/perhemajoitus\\\/#breadcrumb\"},\"inLanguage\":\"sv-SE\",\"potentialAction\":[{\"@type\":\"ReadAction\",\"target\":[\"https:\\\/\\\/kaustinen.net\\\/perhemajoitus\\\/\"]}]},{\"@type\":\"BreadcrumbList\",\"@id\":\"https:\\\/\\\/kaustinen.net\\\/perhemajoitus\\\/#breadcrumb\",\"itemListElement\":[{\"@type\":\"ListItem\",\"position\":1,\"name\":\"Home\",\"item\":\"https:\\\/\\\/kaustinen.net\\\/\"},{\"@type\":\"ListItem\",\"position\":2,\"name\":\"Majoitus\"}]},{\"@type\":\"WebSite\",\"@id\":\"https:\\\/\\\/kaustinen.net\\\/sv\\\/#website\",\"url\":\"https:\\\/\\\/kaustinen.net\\\/sv\\\/\",\"name\":\"Kaustinen Folk Music Festival\",\"description\":\"Kes\u00e4n onnellisimmat p\u00e4iv\u00e4t\",\"potentialAction\":[{\"@type\":\"SearchAction\",\"target\":{\"@type\":\"EntryPoint\",\"urlTemplate\":\"https:\\\/\\\/kaustinen.net\\\/sv\\\/?s={search_term_string}\"},\"query-input\":{\"@type\":\"PropertyValueSpecification\",\"valueRequired\":true,\"valueName\":\"search_term_string\"}}],\"inLanguage\":\"sv-SE\"}]}<\/script>\n<!-- \/ Yoast SEO plugin. -->","yoast_head_json":{"title":"Boende - Kaustinen folkmusikfestival","robots":{"index":"index","follow":"follow","max-snippet":"max-snippet:-1","max-image-preview":"max-image-preview:large","max-video-preview":"max-video-preview:-1"},"canonical":"https:\/\/kaustinen.net\/sv\/familjeboende\/","og_locale":"sv_SE","og_type":"article","og_title":"Majoitus - Kaustinen Folk Music Festival","og_description":"[et_pb_section fb_built=&#8221;1&#8243; _builder_version=&#8221;4.6.6&#8243; _module_preset=&#8221;default&#8221; hover_enabled=&#8221;0&#8243; sticky_enabled=&#8221;0&#8243;][et_pb_row column_structure=&#8221;1_4,3_4&#8243; _builder_version=&#8221;4.6.6&#8243; _module_preset=&#8221;default&#8221;][et_pb_column type=&#8221;1_4&#8243; _builder_version=&#8221;4.6.6&#8243; _module_preset=&#8221;default&#8221;][et_pb_sidebar area=&#8221;sidebar-6&#8243; _builder_version=&#8221;4.6.6&#8243; _module_preset=&#8221;default&#8221;][\/et_pb_sidebar][\/et_pb_column][et_pb_column type=&#8221;3_4&#8243; _builder_version=&#8221;4.6.6&#8243; _module_preset=&#8221;default&#8221;][et_pb_text _builder_version=&#8221;4.6.6&#8243; _module_preset=&#8221;default&#8221; hover_enabled=&#8221;0&#8243; sticky_enabled=&#8221;0&#8243;] &nbsp; Kaustinen Folk Music Festival -perhemajoitus Perhemajoitus on l\u00e4hes koko tapahtuman historian ajan tarjolla ollut palvelu, jossa festivaalivieraita majoitetaan paikallisten asukkaiden koteihin Kes\u00e4n onnellisimpien p\u00e4ivien v\u00e4lisiksi \u00f6iksi. Majoitusmuoto on l\u00e4mmintunnelmainen tapa el\u00e4\u00e4 festivaalin [&hellip;]","og_url":"https:\/\/kaustinen.net\/sv\/familjeboende\/","og_site_name":"Kaustinen Folk Music Festival","article_modified_time":"2026-05-11T15:56:50+00:00","twitter_card":"summary_large_image","twitter_misc":{"Ber\u00e4knad l\u00e4stid":"2 minuter"},"schema":{"@context":"https:\/\/schema.org","@graph":[{"@type":"WebPage","@id":"https:\/\/kaustinen.net\/perhemajoitus\/","url":"https:\/\/kaustinen.net\/perhemajoitus\/","name":"Boende - Kaustinen folkmusikfestival","isPartOf":{"@id":"https:\/\/kaustinen.net\/sv\/#website"},"datePublished":"2022-06-03T11:00:14+00:00","dateModified":"2026-05-11T15:56:50+00:00","breadcrumb":{"@id":"https:\/\/kaustinen.net\/perhemajoitus\/#breadcrumb"},"inLanguage":"sv-SE","potentialAction":[{"@type":"ReadAction","target":["https:\/\/kaustinen.net\/perhemajoitus\/"]}]},{"@type":"BreadcrumbList","@id":"https:\/\/kaustinen.net\/perhemajoitus\/#breadcrumb","itemListElement":[{"@type":"ListItem","position":1,"name":"Home","item":"https:\/\/kaustinen.net\/"},{"@type":"ListItem","position":2,"name":"Majoitus"}]},{"@type":"WebSite","@id":"https:\/\/kaustinen.net\/sv\/#website","url":"https:\/\/kaustinen.net\/sv\/","name":"Kaustinen Folk Music Festival","description":"Sommarens lyckligaste dagar","potentialAction":[{"@type":"SearchAction","target":{"@type":"EntryPoint","urlTemplate":"https:\/\/kaustinen.net\/sv\/?s={search_term_string}"},"query-input":{"@type":"PropertyValueSpecification","valueRequired":true,"valueName":"search_term_string"}}],"inLanguage":"sv-SE"}]}},"_links":{"self":[{"href":"https:\/\/kaustinen.net\/sv\/wp-json\/wp\/v2\/pages\/42266","targetHints":{"allow":["GET"]}}],"collection":[{"href":"https:\/\/kaustinen.net\/sv\/wp-json\/wp\/v2\/pages"}],"about":[{"href":"https:\/\/kaustinen.net\/sv\/wp-json\/wp\/v2\/types\/page"}],"author":[{"embeddable":true,"href":"https:\/\/kaustinen.net\/sv\/wp-json\/wp\/v2\/users\/10"}],"replies":[{"embeddable":true,"href":"https:\/\/kaustinen.net\/sv\/wp-json\/wp\/v2\/comments?post=42266"}],"version-history":[{"count":1,"href":"https:\/\/kaustinen.net\/sv\/wp-json\/wp\/v2\/pages\/42266\/revisions"}],"predecessor-version":[{"id":47037,"href":"https:\/\/kaustinen.net\/sv\/wp-json\/wp\/v2\/pages\/42266\/revisions\/47037"}],"wp:attachment":[{"href":"https:\/\/kaustinen.net\/sv\/wp-json\/wp\/v2\/media?parent=42266"}],"curies":[{"name":"wp","href":"https:\/\/api.w.org\/{rel}","templated":true}]}}