{"id":42250,"date":"2022-06-02T16:31:50","date_gmt":"2022-06-02T13:31:50","guid":{"rendered":"https:\/\/kaustinen.net\/?page_id=42250"},"modified":"2026-03-26T12:44:04","modified_gmt":"2026-03-26T10:44:04","slug":"festivaalibussi","status":"publish","type":"page","link":"https:\/\/kaustinen.net\/sv\/festivaalibussi\/","title":{"rendered":"Festivalbus"},"content":{"rendered":"<p>[et_pb_section fb_built=&#8221;1&#8243; _builder_version=&#8221;4.6.6&#8243; _module_preset=&#8221;default&#8221;][et_pb_row column_structure=&#8221;1_4,3_4&#8243; _builder_version=&#8221;4.6.6&#8243; _module_preset=&#8221;default&#8221;][et_pb_column type=&#8221;1_4&#8243; _builder_version=&#8221;4.6.6&#8243; _module_preset=&#8221;default&#8221;][et_pb_sidebar area=&#8221;sidebar-6&#8243; _builder_version=&#8221;4.6.6&#8243; _module_preset=&#8221;default&#8221;][\/et_pb_sidebar][\/et_pb_column][et_pb_column type=&#8221;3_4&#8243; _builder_version=&#8221;4.6.6&#8243; _module_preset=&#8221;default&#8221;][et_pb_text _builder_version=&#8221;4.6.6&#8243; _module_preset=&#8221;default&#8221;][\/et_pb_text][et_pb_text _builder_version=&#8221;4.6.6&#8243; _module_preset=&#8221;default&#8221;]<\/p>\n<h2>Saapuminen Kaustiselle<\/h2>\n<p><span class=\"TextRun  BCX9 SCXW21667813\" lang=\"FI-FI\" xml:lang=\"FI-FI\" data-contrast=\"auto\"><span class=\"NormalTextRun  BCX9 SCXW21667813\">Valitse sinulle sopivin liikkumistapa<\/span><\/span><\/p>\n<p>\ud83d\ude8d <strong data-start=\"1171\" data-end=\"1190\">Festivaalibussi\u00a0<\/strong>Helpoin vaihtoehto, jos majoitut Kokkolassa tai l\u00e4hialueella.<\/p>\n<p>\ud83d\ude97 <strong data-start=\"1264\" data-end=\"1282\">Omalla autolla\u00a0<\/strong>Kaustinen valtatie 13 ja kantatie 63 risteyksess\u00e4. Pys\u00e4k\u00f6intiopasteet alueella.<\/p>\n<p>\ud83d\ude86 <strong data-start=\"1374\" data-end=\"1396\">Junalla + bussilla\u00a0<\/strong>Kokkola \u2192 festivaalibussi Pelimannitorille.<\/p>\n<p>\ud83e\udded <strong data-start=\"1452\" data-end=\"1490\">L\u00e4hialueeen paikallisliikenne festivaaliaikaan\u00a0<\/strong>Kaksi reitti\u00e4 kylien ja majoitusten kautta.<\/p>\n<p><span class=\"TextRun  BCX9 SCXW21667813\" lang=\"FI-FI\" xml:lang=\"FI-FI\" data-contrast=\"auto\"><span class=\"NormalTextRun  BCX9 SCXW21667813\">\u00a0<\/span><\/span><\/p>\n<p>[\/et_pb_text][et_pb_image src=&#8221;https:\/\/kaustinen.net\/wp-content\/uploads\/2026\/03\/liikenneyhteydet-1.jpg&#8221; title_text=&#8221;liikenneyhteydet&#8221; _builder_version=&#8221;4.6.6&#8243; _module_preset=&#8221;default&#8221; width=&#8221;80%&#8221;][\/et_pb_image][et_pb_accordion _builder_version=&#8221;4.6.6&#8243; _module_preset=&#8221;default&#8221; hover_enabled=&#8221;0&#8243; sticky_enabled=&#8221;0&#8243;][et_pb_accordion_item title=&#8221;Festivaalibussi&#8221; open=&#8221;on&#8221; _builder_version=&#8221;4.6.6&#8243; _module_preset=&#8221;default&#8221; hover_enabled=&#8221;0&#8243; sticky_enabled=&#8221;0&#8243;]<\/p>\n<p>Festivaalibussilla liikut k\u00e4tev\u00e4sti suoraan Kaustiselle. Kyytiin p\u00e4\u00e4see k\u00e4tt\u00e4 heilauttamalla my\u00f6s reitin varrelta.<\/p>\n<p>Bussiyhteydell\u00e4 kuljet helposti Kokkolan keskeisilt\u00e4 majoituspaikoilta, linja-autoasemalta tai rautatieasemalta suoraan Pelimannitorille ja takaisin parin tunnin v\u00e4lein. Bussi kulkee parin tunnin v\u00e4lein maanantaista lauantaihin. Sunnuntaiaamuna bussi kulkee kahdella vuorolla majoituskohteista Pelimannitorille ja edelleen Kokkolaan.<\/p>\n<p>Festivaalibussi Kokkola\u2013Kaustinen 8 \u20ac\/sivu. Liput ostettavissa kuljettajalta sek\u00e4 osoitteesta <a href=\"https:\/\/www.matkahuolto.fi\/\" target=\"_blank\" rel=\"noopener noreferrer\" title=\"Matkahuolto.fi\">Matkahuolto.fi<\/a>. Verkkokaupassa hintaan lis\u00e4t\u00e4\u00e4n toimituskulut.<\/p>\n<p><div id=\"attachment_46387\" style=\"width: 1758px\" class=\"wp-caption alignnone\"><img loading=\"lazy\" decoding=\"async\" aria-describedby=\"caption-attachment-46387\" src=\"https:\/\/kaustinen.net\/wp-content\/uploads\/2026\/03\/festivaalibussi-kokkola-kaustinen-1.jpg\" width=\"1748\" height=\"440\" alt=\"\" class=\"wp-image-46387 size-full\" \/><p id=\"caption-attachment-46387\" class=\"wp-caption-text\">Festivaalibussi Kokkola\u2013Kaustinen maanantaista lauantaihin 13.-18.7.<\/p><\/div><div id=\"attachment_46388\" style=\"width: 1758px\" class=\"wp-caption alignnone\"><img loading=\"lazy\" decoding=\"async\" aria-describedby=\"caption-attachment-46388\" src=\"https:\/\/kaustinen.net\/wp-content\/uploads\/2026\/03\/festivaalibussi-kaustinen-kokkola.jpg\" width=\"1748\" height=\"484\" alt=\"\" class=\"wp-image-46388 size-full\" \/><p id=\"caption-attachment-46388\" class=\"wp-caption-text\">Festivaalibussi Kaustinen\u2013Kokkola maanantaista lauantaihin 13.-18.7.<\/p><\/div><\/p>\n<p><strong>Lis\u00e4ksi ajetaan yksi Kokkola-Kaustinen -vuoro festivaalia edelt\u00e4v\u00e4n\u00e4 sunnuntaina 12.7.2026 klo 16.15. Perill\u00e4 Pelimannitorilla klo 17.00.<\/strong><\/p>\n<h3><span>Kaustisen paikallisliikenne<\/span><\/h3>\n<p><span>Kaustisen paikallisliikenteess\u00e4 on kolme reitti\u00e4, jotka kulkevat kylien ja useiden majoituskohteiden kautta festivaalialueelle. Paikallisliikenne kulkee maanantaista lauantaihin ja sunnuntai-aamulle on kaksi vuoroa, jolla p\u00e4\u00e4see Pelimannitorille ja siit\u00e4 edelleen Kokkolaan.<\/span><\/p>\n<p>Paikallisliikenteen hinta:<br \/> Kaustinen\u2013Veteli 5 \u20ac,<br \/> Kaustinen\u2013Kaustinen 5 \u20ac<br \/> Paikallisliikenne Kaustisen sis\u00e4ll\u00e4 ja Veteliin on pelimanneille ilmainen. N\u00e4yt\u00e4th\u00e4n pelimannirannekkeen bussiin noustessa.<\/p>\n<p><span><\/span><\/p>\n<div id=\"attachment_46382\" style=\"width: 1758px\" class=\"wp-caption alignnone\"><img loading=\"lazy\" decoding=\"async\" aria-describedby=\"caption-attachment-46382\" src=\"https:\/\/kaustinen.net\/wp-content\/uploads\/2026\/03\/festivaalibussi-varila-veteli-jarvelankoulu.jpg\" width=\"1748\" height=\"566\" alt=\"\" class=\"wp-image-46382 size-full\" \/><p id=\"caption-attachment-46382\" class=\"wp-caption-text\">Festivaalibussi Varila\u2013Veteli\u2013Jarvelankoulu\u2013Pelimannitori maanantaista lauantaihin 13.-18.7.<\/p><\/div>\n<p>&nbsp;<\/p>\n<div id=\"attachment_46385\" style=\"width: 1758px\" class=\"wp-caption alignnone\"><img loading=\"lazy\" decoding=\"async\" aria-describedby=\"caption-attachment-46385\" src=\"https:\/\/kaustinen.net\/wp-content\/uploads\/2026\/03\/festivaalibussi-nikula-kansala-puumala.jpg\" width=\"1748\" height=\"586\" alt=\"\" class=\"wp-image-46385 size-full\" \/><p id=\"caption-attachment-46385\" class=\"wp-caption-text\">Festivaalibussi Nikula\u2013K\u00e4ns\u00e4l\u00e4\u2013Puumala\u2013Kansanopisto\u2013Pelimannitori\u00a0<span>maanantaista lauantaihin 13.-18.7.<\/span><\/p><\/div>\n<p>Kaustinen\u2013Tastula 5 \u20ac<br \/> Kaustinen\u2013K\u00f6yh\u00e4joki 5\u20ac<br \/> Kaustinen\u2013Halsua 8 \u20ac.<\/p>\n<div id=\"attachment_46403\" style=\"width: 1758px\" class=\"wp-caption alignnone\"><img loading=\"lazy\" decoding=\"async\" aria-describedby=\"caption-attachment-46403\" src=\"https:\/\/kaustinen.net\/wp-content\/uploads\/2026\/03\/bussivuorot-halsua-koyhajoki-tastula-1.jpg\" width=\"1748\" height=\"427\" alt=\"\" class=\"wp-image-46403 size-full\" \/><p id=\"caption-attachment-46403\" class=\"wp-caption-text\">Festivaalibussi Halsua\u2013K\u00f6yh\u00e4joki\u2013Tastula\u2013Pelimannitori maanantaista lauantaihin 13.-18.7.<\/p><\/div>\n<p>&nbsp;<\/p>\n<p>Pelimannimajoituksista on kuljetukset sunnuntai-aamuna Pelimannitorille.<\/p>\n<p>Kaustinen\u2013Kokkola 8\u20ac.<\/p>\n<div id=\"attachment_46404\" style=\"width: 1758px\" class=\"wp-caption alignnone\"><img loading=\"lazy\" decoding=\"async\" aria-describedby=\"caption-attachment-46404\" src=\"https:\/\/kaustinen.net\/wp-content\/uploads\/2026\/03\/festivaalibussi-sunnuntai-1.jpg\" width=\"1748\" height=\"434\" alt=\"\" class=\"wp-image-46404 size-full\" \/><p id=\"caption-attachment-46404\" class=\"wp-caption-text\">Festivaalibussi sunnuntaina majoituksista Pelimannitorille ja Pelimannitorilta Kokkolaan.<\/p><\/div>\n<p>&nbsp;<\/p>\n<p><span><img loading=\"lazy\" decoding=\"async\" src=\"https:\/\/kaustinen.net\/wp-content\/uploads\/2025\/07\/festivaalibussit-by-Krista-Jarvela-1600.jpg\" width=\"629\" height=\"420\" alt=\"Kuva kahden bussin v\u00e4list\u00e4, kyljet n\u00e4kyv\u00e4t\" class=\"wp-image-45819 alignnone size-full\" \/><\/span><\/p>\n<p><span>Festivaalibussi toteutetaan Linja-autoliikenne <a href=\"https:\/\/osmoaho.fi\/\" target=\"_blank\" rel=\"noopener noreferrer\">O.A. Aho Oy<\/a>:n kanssa. Kokkolan linjalla mukana on lis\u00e4ksi\u00a0 yhteisty\u00f6kumppanimme <a href=\"https:\/\/www.visitkokkola.fi\/\">Visit Kokkola.<\/a><\/span><\/p>\n<p><img loading=\"lazy\" decoding=\"async\" src=\"https:\/\/kaustinen.net\/wp-content\/uploads\/2022\/06\/aho-logo.png\" width=\"151\" height=\"72\" alt=\"\" class=\"wp-image-42345 alignnone size-full\" \/>\u00a0<img loading=\"lazy\" decoding=\"async\" src=\"https:\/\/kaustinen.net\/wp-content\/uploads\/2022\/06\/visit-punainen.png\" width=\"166\" height=\"75\" alt=\"\" class=\"wp-image-42350 alignnone size-full\" \/><\/p>\n<p>[\/et_pb_accordion_item][et_pb_accordion_item title=&#8221;Linja-autolla&#8221; _builder_version=&#8221;4.6.6&#8243; _module_preset=&#8221;default&#8221; open=&#8221;off&#8221;]<\/p>\n<p><strong>Liikenneyhteydet<\/strong>: <em><strong>Linja-autolla<\/strong><\/em> Festivaalibussin pys\u00e4kki sijaitsee Pelimannitorilla, festivaalialueen ytimess\u00e4. Kaustiselle p\u00e4\u00e4set sek\u00e4 Festivaalibussilla ett\u00e4 Matkahuollon vakiovuoroilla. Katso normaalin kaukoliikenteen linja-autojen aikataulut sivuilla Matkahuolto.fi ja Onnibus.com. Matkahuollon pys\u00e4kki sijaitsee Kaustisella Teboil-huoltoaseman takana, Onnibussin pys\u00e4kki sijaitsee Neste Kaustisen pihassa.<\/p>\n<p>&nbsp;<\/p>\n<p>[\/et_pb_accordion_item][et_pb_accordion_item title=&#8221;Junalla&#8221; _builder_version=&#8221;4.6.6&#8243; _module_preset=&#8221;default&#8221; open=&#8221;off&#8221;]<\/p>\n<p><em><strong>Junalla<\/strong><\/em> Kaustiselta katsottuna l\u00e4hin juna-asema sijaitsee <strong>Kokkolassa<\/strong> (n. 45 kilometrin p\u00e4\u00e4ss\u00e4). Juna-aikataulut l\u00f6yd\u00e4t VR:n kotisivuilta. Bussiyhteys Kokkolasta Kaustiselle l\u00e4htee rautatieaseman l\u00e4heisyydest\u00e4. Linja-autoasema sijaitsee n. korttelin p\u00e4\u00e4ss\u00e4 rautatieasemasta. Rautatieaseman edess\u00e4 kulkevan tien varressa on my\u00f6s pys\u00e4kki, jossa vakiovuorot pys\u00e4htyv\u00e4t.<\/p>\n<p>&nbsp;<\/p>\n<p>[\/et_pb_accordion_item][et_pb_accordion_item title=&#8221;Lent\u00e4en&#8221; _builder_version=&#8221;4.6.6&#8243; _module_preset=&#8221;default&#8221; open=&#8221;off&#8221;]<\/p>\n<p><em><strong>Lent\u00e4en<\/strong><\/em>\u00a0Kaustisen l\u00e4hin lentokentt\u00e4 on Kokkola-Pietarsaaren lentokentt\u00e4 Kruunupyyss\u00e4. Kaustiselta lentokent\u00e4lle on matkaa noin 35 km.<\/p>\n<p>[\/et_pb_accordion_item][et_pb_accordion_item title=&#8221;Omalla autolla&#8221; _builder_version=&#8221;4.6.6&#8243; _module_preset=&#8221;default&#8221; open=&#8221;off&#8221;]<\/p>\n<p><span class=\"TextRun  BCX9 SCXW21667813\" lang=\"FI-FI\" xml:lang=\"FI-FI\" data-contrast=\"auto\"><span class=\"NormalTextRun  BCX9 SCXW21667813\">Kaustinen sijaitsee valtatie 13 ja kantatie 63 risteyksess\u00e4<\/span><\/span><span class=\"TextRun  BCX9 SCXW21667813\" lang=\"FI-FI\" xml:lang=\"FI-FI\" data-contrast=\"auto\"><span class=\"NormalTextRun  BCX9 SCXW21667813\">.\u00a0<\/span><\/span>Kaustisen keskustasta opasteet ohjaavat festivaalialueelle.<\/p>\n<p><span class=\"TextRun  BCX9 SCXW21667813\" lang=\"FI-FI\" xml:lang=\"FI-FI\" data-contrast=\"auto\"><span class=\"NormalTextRun  BCX9 SCXW21667813\"><img loading=\"lazy\" decoding=\"async\" src=\"https:\/\/kaustinen.net\/wp-content\/uploads\/2026\/02\/kartta-e1770212112851.jpg\" width=\"467\" height=\"373\" alt=\"\" class=\"wp-image-46311 alignnone size-full\" \/><\/span><\/span><\/p>\n<p>&nbsp;<\/p>\n<p>[\/et_pb_accordion_item][et_pb_accordion_item title=&#8221;Pys\u00e4k\u00f6inti&#8221; _builder_version=&#8221;4.6.6&#8243; _module_preset=&#8221;default&#8221; open=&#8221;off&#8221;]<\/p>\n<p><span class=\"TextRun  BCX9 SCXW21667813\" lang=\"FI-FI\" xml:lang=\"FI-FI\" data-contrast=\"auto\"><span class=\"NormalTextRun  BCX9 SCXW21667813\">Alueen l\u00e4heisyydest\u00e4 l\u00f6ytyy useita ilmaisia pys\u00e4k\u00f6intialueita festivaalivieraille, pys\u00e4k\u00f6intipaikoille ohjaa opasteet.\u00a0<\/span><\/span>Pys\u00e4k\u00f6intialueet on merkitty P1-P5 tunnuksilla, liikenteenohjaajat opastavat oikeille paikoille.\u00a0<span class=\"TextRun  BCX9 SCXW21667813\" lang=\"FI-FI\" xml:lang=\"FI-FI\" data-contrast=\"auto\"><span class=\"NormalTextRun  BCX9 SCXW21667813\">Pys\u00e4k\u00f6intialueilla leiriytyminen on kielletty.<\/span><\/span><\/p>\n<p>[\/et_pb_accordion_item][\/et_pb_accordion][\/et_pb_column][\/et_pb_row][\/et_pb_section]<\/p>\n","protected":false},"excerpt":{"rendered":"<p>[et_pb_section fb_built=&#8221;1&#8243; _builder_version=&#8221;4.6.6&#8243; _module_preset=&#8221;default&#8221;][et_pb_row column_structure=&#8221;1_4,3_4&#8243; _builder_version=&#8221;4.6.6&#8243; _module_preset=&#8221;default&#8221;][et_pb_column type=&#8221;1_4&#8243; _builder_version=&#8221;4.6.6&#8243; _module_preset=&#8221;default&#8221;][et_pb_sidebar area=&#8221;sidebar-6&#8243; _builder_version=&#8221;4.6.6&#8243; _module_preset=&#8221;default&#8221;][\/et_pb_sidebar][\/et_pb_column][et_pb_column type=&#8221;3_4&#8243; _builder_version=&#8221;4.6.6&#8243; _module_preset=&#8221;default&#8221;][et_pb_text _builder_version=&#8221;4.6.6&#8243; _module_preset=&#8221;default&#8221;][\/et_pb_text][et_pb_text _builder_version=&#8221;4.6.6&#8243; _module_preset=&#8221;default&#8221;] Saapuminen Kaustiselle Valitse sinulle sopivin liikkumistapa \ud83d\ude8d Festivaalibussi\u00a0Helpoin vaihtoehto, jos majoitut Kokkolassa tai l\u00e4hialueella. \ud83d\ude97 Omalla autolla\u00a0Kaustinen valtatie 13 ja kantatie 63 risteyksess\u00e4. Pys\u00e4k\u00f6intiopasteet alueella. \ud83d\ude86 Junalla + bussilla\u00a0Kokkola \u2192 festivaalibussi Pelimannitorille. \ud83e\udded L\u00e4hialueeen paikallisliikenne [&hellip;]<\/p>\n","protected":false},"author":10,"featured_media":0,"parent":0,"menu_order":0,"comment_status":"closed","ping_status":"closed","template":"","meta":{"_et_pb_use_builder":"on","_et_pb_old_content":"","_et_gb_content_width":"","footnotes":""},"class_list":["post-42250","page","type-page","status-publish","hentry"],"yoast_head":"<!-- This site is optimized with the Yoast SEO plugin v27.4 - https:\/\/yoast.com\/product\/yoast-seo-wordpress\/ -->\n<title>Festivaalibussi - Kaustinen Folk Music Festival<\/title>\n<meta name=\"robots\" content=\"index, follow, max-snippet:-1, max-image-preview:large, max-video-preview:-1\" \/>\n<link rel=\"canonical\" href=\"https:\/\/kaustinen.net\/sv\/festivaalibussi\/\" \/>\n<meta property=\"og:locale\" content=\"sv_SE\" \/>\n<meta property=\"og:type\" content=\"article\" \/>\n<meta property=\"og:title\" content=\"Festivaalibussi - Kaustinen Folk Music Festival\" \/>\n<meta property=\"og:description\" content=\"[et_pb_section fb_built=&#8221;1&#8243; _builder_version=&#8221;4.6.6&#8243; _module_preset=&#8221;default&#8221;][et_pb_row column_structure=&#8221;1_4,3_4&#8243; _builder_version=&#8221;4.6.6&#8243; _module_preset=&#8221;default&#8221;][et_pb_column type=&#8221;1_4&#8243; _builder_version=&#8221;4.6.6&#8243; _module_preset=&#8221;default&#8221;][et_pb_sidebar area=&#8221;sidebar-6&#8243; _builder_version=&#8221;4.6.6&#8243; _module_preset=&#8221;default&#8221;][\/et_pb_sidebar][\/et_pb_column][et_pb_column type=&#8221;3_4&#8243; _builder_version=&#8221;4.6.6&#8243; _module_preset=&#8221;default&#8221;][et_pb_text _builder_version=&#8221;4.6.6&#8243; _module_preset=&#8221;default&#8221;][\/et_pb_text][et_pb_text _builder_version=&#8221;4.6.6&#8243; _module_preset=&#8221;default&#8221;] Saapuminen Kaustiselle Valitse sinulle sopivin liikkumistapa \ud83d\ude8d Festivaalibussi\u00a0Helpoin vaihtoehto, jos majoitut Kokkolassa tai l\u00e4hialueella. \ud83d\ude97 Omalla autolla\u00a0Kaustinen valtatie 13 ja kantatie 63 risteyksess\u00e4. Pys\u00e4k\u00f6intiopasteet alueella. \ud83d\ude86 Junalla + bussilla\u00a0Kokkola \u2192 festivaalibussi Pelimannitorille. \ud83e\udded L\u00e4hialueeen paikallisliikenne [&hellip;]\" \/>\n<meta property=\"og:url\" content=\"https:\/\/kaustinen.net\/sv\/festivaalibussi\/\" \/>\n<meta property=\"og:site_name\" content=\"Kaustinen Folk Music Festival\" \/>\n<meta property=\"article:modified_time\" content=\"2026-03-26T10:44:04+00:00\" \/>\n<meta property=\"og:image\" content=\"https:\/\/kaustinen.net\/wp-content\/uploads\/2026\/03\/festivaalibussi-kokkola-kaustinen-1.jpg\" \/>\n<meta name=\"twitter:card\" content=\"summary_large_image\" \/>\n<meta name=\"twitter:label1\" content=\"Ber\u00e4knad l\u00e4stid\" \/>\n\t<meta name=\"twitter:data1\" content=\"1 minut\" \/>\n<script type=\"application\/ld+json\" class=\"yoast-schema-graph\">{\"@context\":\"https:\\\/\\\/schema.org\",\"@graph\":[{\"@type\":\"WebPage\",\"@id\":\"https:\\\/\\\/kaustinen.net\\\/festivaalibussi\\\/\",\"url\":\"https:\\\/\\\/kaustinen.net\\\/festivaalibussi\\\/\",\"name\":\"Festivaalibussi - Kaustinen Folk Music Festival\",\"isPartOf\":{\"@id\":\"https:\\\/\\\/kaustinen.net\\\/sv\\\/#website\"},\"primaryImageOfPage\":{\"@id\":\"https:\\\/\\\/kaustinen.net\\\/festivaalibussi\\\/#primaryimage\"},\"image\":{\"@id\":\"https:\\\/\\\/kaustinen.net\\\/festivaalibussi\\\/#primaryimage\"},\"thumbnailUrl\":\"https:\\\/\\\/kaustinen.net\\\/wp-content\\\/uploads\\\/2026\\\/03\\\/festivaalibussi-kokkola-kaustinen-1.jpg\",\"datePublished\":\"2022-06-02T13:31:50+00:00\",\"dateModified\":\"2026-03-26T10:44:04+00:00\",\"breadcrumb\":{\"@id\":\"https:\\\/\\\/kaustinen.net\\\/festivaalibussi\\\/#breadcrumb\"},\"inLanguage\":\"sv-SE\",\"potentialAction\":[{\"@type\":\"ReadAction\",\"target\":[\"https:\\\/\\\/kaustinen.net\\\/festivaalibussi\\\/\"]}]},{\"@type\":\"ImageObject\",\"inLanguage\":\"sv-SE\",\"@id\":\"https:\\\/\\\/kaustinen.net\\\/festivaalibussi\\\/#primaryimage\",\"url\":\"https:\\\/\\\/kaustinen.net\\\/wp-content\\\/uploads\\\/2026\\\/03\\\/festivaalibussi-kokkola-kaustinen-1.jpg\",\"contentUrl\":\"https:\\\/\\\/kaustinen.net\\\/wp-content\\\/uploads\\\/2026\\\/03\\\/festivaalibussi-kokkola-kaustinen-1.jpg\"},{\"@type\":\"BreadcrumbList\",\"@id\":\"https:\\\/\\\/kaustinen.net\\\/festivaalibussi\\\/#breadcrumb\",\"itemListElement\":[{\"@type\":\"ListItem\",\"position\":1,\"name\":\"Home\",\"item\":\"https:\\\/\\\/kaustinen.net\\\/\"},{\"@type\":\"ListItem\",\"position\":2,\"name\":\"Festivaalibussi\"}]},{\"@type\":\"WebSite\",\"@id\":\"https:\\\/\\\/kaustinen.net\\\/sv\\\/#website\",\"url\":\"https:\\\/\\\/kaustinen.net\\\/sv\\\/\",\"name\":\"Kaustinen Folk Music Festival\",\"description\":\"Kes\u00e4n onnellisimmat p\u00e4iv\u00e4t\",\"potentialAction\":[{\"@type\":\"SearchAction\",\"target\":{\"@type\":\"EntryPoint\",\"urlTemplate\":\"https:\\\/\\\/kaustinen.net\\\/sv\\\/?s={search_term_string}\"},\"query-input\":{\"@type\":\"PropertyValueSpecification\",\"valueRequired\":true,\"valueName\":\"search_term_string\"}}],\"inLanguage\":\"sv-SE\"}]}<\/script>\n<!-- \/ Yoast SEO plugin. -->","yoast_head_json":{"title":"Festivaalibussi - Kaustinen Folk Music Festival","robots":{"index":"index","follow":"follow","max-snippet":"max-snippet:-1","max-image-preview":"max-image-preview:large","max-video-preview":"max-video-preview:-1"},"canonical":"https:\/\/kaustinen.net\/sv\/festivaalibussi\/","og_locale":"sv_SE","og_type":"article","og_title":"Festivaalibussi - Kaustinen Folk Music Festival","og_description":"[et_pb_section fb_built=&#8221;1&#8243; _builder_version=&#8221;4.6.6&#8243; _module_preset=&#8221;default&#8221;][et_pb_row column_structure=&#8221;1_4,3_4&#8243; _builder_version=&#8221;4.6.6&#8243; _module_preset=&#8221;default&#8221;][et_pb_column type=&#8221;1_4&#8243; _builder_version=&#8221;4.6.6&#8243; _module_preset=&#8221;default&#8221;][et_pb_sidebar area=&#8221;sidebar-6&#8243; _builder_version=&#8221;4.6.6&#8243; _module_preset=&#8221;default&#8221;][\/et_pb_sidebar][\/et_pb_column][et_pb_column type=&#8221;3_4&#8243; _builder_version=&#8221;4.6.6&#8243; _module_preset=&#8221;default&#8221;][et_pb_text _builder_version=&#8221;4.6.6&#8243; _module_preset=&#8221;default&#8221;][\/et_pb_text][et_pb_text _builder_version=&#8221;4.6.6&#8243; _module_preset=&#8221;default&#8221;] Saapuminen Kaustiselle Valitse sinulle sopivin liikkumistapa \ud83d\ude8d Festivaalibussi\u00a0Helpoin vaihtoehto, jos majoitut Kokkolassa tai l\u00e4hialueella. \ud83d\ude97 Omalla autolla\u00a0Kaustinen valtatie 13 ja kantatie 63 risteyksess\u00e4. Pys\u00e4k\u00f6intiopasteet alueella. \ud83d\ude86 Junalla + bussilla\u00a0Kokkola \u2192 festivaalibussi Pelimannitorille. \ud83e\udded L\u00e4hialueeen paikallisliikenne [&hellip;]","og_url":"https:\/\/kaustinen.net\/sv\/festivaalibussi\/","og_site_name":"Kaustinen Folk Music Festival","article_modified_time":"2026-03-26T10:44:04+00:00","og_image":[{"url":"https:\/\/kaustinen.net\/wp-content\/uploads\/2026\/03\/festivaalibussi-kokkola-kaustinen-1.jpg","type":"","width":"","height":""}],"twitter_card":"summary_large_image","twitter_misc":{"Ber\u00e4knad l\u00e4stid":"1 minut"},"schema":{"@context":"https:\/\/schema.org","@graph":[{"@type":"WebPage","@id":"https:\/\/kaustinen.net\/festivaalibussi\/","url":"https:\/\/kaustinen.net\/festivaalibussi\/","name":"Festivaalibussi - Kaustinen Folk Music Festival","isPartOf":{"@id":"https:\/\/kaustinen.net\/sv\/#website"},"primaryImageOfPage":{"@id":"https:\/\/kaustinen.net\/festivaalibussi\/#primaryimage"},"image":{"@id":"https:\/\/kaustinen.net\/festivaalibussi\/#primaryimage"},"thumbnailUrl":"https:\/\/kaustinen.net\/wp-content\/uploads\/2026\/03\/festivaalibussi-kokkola-kaustinen-1.jpg","datePublished":"2022-06-02T13:31:50+00:00","dateModified":"2026-03-26T10:44:04+00:00","breadcrumb":{"@id":"https:\/\/kaustinen.net\/festivaalibussi\/#breadcrumb"},"inLanguage":"sv-SE","potentialAction":[{"@type":"ReadAction","target":["https:\/\/kaustinen.net\/festivaalibussi\/"]}]},{"@type":"ImageObject","inLanguage":"sv-SE","@id":"https:\/\/kaustinen.net\/festivaalibussi\/#primaryimage","url":"https:\/\/kaustinen.net\/wp-content\/uploads\/2026\/03\/festivaalibussi-kokkola-kaustinen-1.jpg","contentUrl":"https:\/\/kaustinen.net\/wp-content\/uploads\/2026\/03\/festivaalibussi-kokkola-kaustinen-1.jpg"},{"@type":"BreadcrumbList","@id":"https:\/\/kaustinen.net\/festivaalibussi\/#breadcrumb","itemListElement":[{"@type":"ListItem","position":1,"name":"Home","item":"https:\/\/kaustinen.net\/"},{"@type":"ListItem","position":2,"name":"Festivaalibussi"}]},{"@type":"WebSite","@id":"https:\/\/kaustinen.net\/sv\/#website","url":"https:\/\/kaustinen.net\/sv\/","name":"Kaustinen Folk Music Festival","description":"Sommarens lyckligaste dagar","potentialAction":[{"@type":"SearchAction","target":{"@type":"EntryPoint","urlTemplate":"https:\/\/kaustinen.net\/sv\/?s={search_term_string}"},"query-input":{"@type":"PropertyValueSpecification","valueRequired":true,"valueName":"search_term_string"}}],"inLanguage":"sv-SE"}]}},"jetpack_sharing_enabled":true,"_links":{"self":[{"href":"https:\/\/kaustinen.net\/sv\/wp-json\/wp\/v2\/pages\/42250","targetHints":{"allow":["GET"]}}],"collection":[{"href":"https:\/\/kaustinen.net\/sv\/wp-json\/wp\/v2\/pages"}],"about":[{"href":"https:\/\/kaustinen.net\/sv\/wp-json\/wp\/v2\/types\/page"}],"author":[{"embeddable":true,"href":"https:\/\/kaustinen.net\/sv\/wp-json\/wp\/v2\/users\/10"}],"replies":[{"embeddable":true,"href":"https:\/\/kaustinen.net\/sv\/wp-json\/wp\/v2\/comments?post=42250"}],"version-history":[{"count":53,"href":"https:\/\/kaustinen.net\/sv\/wp-json\/wp\/v2\/pages\/42250\/revisions"}],"predecessor-version":[{"id":46440,"href":"https:\/\/kaustinen.net\/sv\/wp-json\/wp\/v2\/pages\/42250\/revisions\/46440"}],"wp:attachment":[{"href":"https:\/\/kaustinen.net\/sv\/wp-json\/wp\/v2\/media?parent=42250"}],"curies":[{"name":"wp","href":"https:\/\/api.w.org\/{rel}","templated":true}]}}