{"id":41851,"date":"2022-03-15T13:37:35","date_gmt":"2022-03-15T11:37:35","guid":{"rendered":"https:\/\/kaustinen.net\/?page_id=41851"},"modified":"2025-04-25T10:41:42","modified_gmt":"2025-04-25T07:41:42","slug":"pelimannimajoitus","status":"publish","type":"page","link":"https:\/\/kaustinen.net\/sv\/pelimannimajoitus\/","title":{"rendered":"Logi f\u00f6r spelmen"},"content":{"rendered":"<p>[et_pb_section fb_built=&#8221;1&#8243; _builder_version=&#8221;4.6.6&#8243; _module_preset=&#8221;default&#8221;][et_pb_row _builder_version=&#8221;4.6.6&#8243; _module_preset=&#8221;default&#8221;][et_pb_column type=&#8221;4_4&#8243; _builder_version=&#8221;4.6.6&#8243; _module_preset=&#8221;default&#8221;][et_pb_text _builder_version=&#8221;4.6.6&#8243; _module_preset=&#8221;default&#8221;]<\/p>\n<h1 style=\"text-align: center;\">Pelimannimajoitusohjeistus<\/h1>\n<p>[\/et_pb_text][et_pb_text _builder_version=&#8221;4.6.6&#8243; _module_preset=&#8221;default&#8221; hover_enabled=&#8221;0&#8243; sticky_enabled=&#8221;0&#8243;]<\/p>\n<p>Kaustinen Folk Music Festival j\u00e4rjest\u00e4\u00e4 tapahtuma-aikaan pelimannimajoitusta, joka toteutetaan ryhm\u00e4majoituksena saleissa, luokkatiloissa ja muissa soveltuvissa kohteissa. Yksitt\u00e4isten kohteiden majoituspaikkam\u00e4\u00e4r\u00e4t vaihtelevat. Majoituspaikkoja ovat festivaalialueen tuntumassa sijaitseva urheilutalo ja kauempana olevat Puumalan koulu ja J\u00e4rvel\u00e4n koulu Kaustisella sek\u00e4 liikuntakeskus ja Tunkkarin koulu Veteliss\u00e4. Majoituskohteisiin voi tulla muutoksia ja lis\u00e4yksi\u00e4. Kauempana sijaitseviin kohteisiin on festivaalibussikuljetus. Omalla autolla kulkevia ryhmi\u00e4 voidaan sijoittaa my\u00f6s muihin ilman bussiyhteytt\u00e4 oleviin sijainteihin. <\/p>\n<p><strong>Pelimannimajoituksen varaaminen ja hinnat<\/strong><\/p>\n<p>Pelimannimajoitusta voi varata s\u00e4hk\u00f6isell\u00e4 lomakkeella. Lomake aukeaa sen j\u00e4lkeen, kun pelimannien esiintymisajat on julkaistu ja on avoinna <strong>15.6. klo 23.59 saakka<\/strong>. Linkki lomakkeeseen l\u00e4hetet\u00e4\u00e4n kaikille yhteyshenkil\u00f6ille. Lis\u00e4ksi se julkaistaan festivaalin nettisivuilla. Varaus tehd\u00e4\u00e4n henkil\u00f6kohtaisesti, mutta ryhm\u00e4n yhteyshenkil\u00f6 voi my\u00f6s varata majoituksen koko ryhm\u00e4lle sen majoittuessa samaan paikkaan samaksi ajaksi. Lomakkeeseen voi kirjata mahdollisia toiveita majoituspaikasta sek\u00e4 muista tarpeista, kuten esteett\u00f6myydest\u00e4.<\/p>\n<p>Majoitus varataan ensisijaisesti esiintymisp\u00e4ivien v\u00e4lisiksi \u00f6iksi, jotta kaikille halukkaille l\u00f6ytyy varmasti majoituspaikka. N\u00e4m\u00e4 ajat m\u00e4\u00e4rittyv\u00e4t pelimannihaussa ilmoitettujen p\u00e4ivien mukaan. Mik\u00e4li haluat majoitusta pidemm\u00e4ksi ajaksi voit tiedustella sit\u00e4 26.6. alkaen osoitteesta <a href=\"mailto:pelimannimajoitus@kaustinen.net\">pelimannimajoitus@kaustinen.net<\/a>.<\/p>\n<p>Majoitusvuorokauden hinta m\u00e4\u00e4r\u00e4ytyy vy\u00f6hykkeitt\u00e4in:<\/p>\n<ul>\n<li>Urheilutalo festivaalialueen kupeessa 35 \u20ac y\u00f6lt\u00e4<\/li>\n<li>Puumalan koulu, J\u00e4rvel\u00e4n koulu, Vetelin liikuntakeskus ja Tunkkarin koulu 25 \u20ac y\u00f6lt\u00e4<\/li>\n<\/ul>\n<p><strong>Pelimannimajoitukseen majoittuminen<\/strong><\/p>\n<p>Saavuttaessa festivaalialueelle ilmoittaudutaan pelimannimajoitusvastaanottoon musiikkilukiolla. Vastaanotto on auki sunnuntaina 6.7. klo 12.00-21.00 ja ma-la\u00a0 klo 9.00-21.00. Majoitus maksetaan ilmoittautuessa. Silloin annetaan my\u00f6s tarkemmat ohjeet majoituspaikasta. Majoituspaikassa on vastassa majoitusvalvoja, joka ohjaa oikeaan majoitustilaan. Valvoja on tavoitettavissa ymp\u00e4ri vuorokauden. Kohteissa on tarjolla patja, peitto ja tyyny, sek\u00e4 joissakin tapauksissa my\u00f6s vuode. Ota mukaan omat liinavaatteet tai makuupussi. Voit halutessasi tuoda my\u00f6s oman patjan. Olemme my\u00f6s yhteydess\u00e4 mik\u00e4li toivomme omien y\u00f6pymistarvikkeiden mukaan ottamista (esim. ryhm\u00e4t). Peseytymistilat juhla-alueen tuntumassa ovat keskitetysti urheilutalolla, miss\u00e4 sijaitsee my\u00f6s sauna. Suihkutilat ovat auki klo 8.00\u201320.00 ja saunat seuraavasti: aamusauna klo 8.00\u201311.00 ja iltasauna klo 18.00\u201321.00 (aikoihin voi tulla tarkennuksia). Kauempana sijaitsevissa kohteissa on omat peseytymistilat.<\/p>\n<p>Pid\u00e4th\u00e4n majoitustilasi siistin\u00e4 ja ilmoita mahdollisista puutteista majoitusvalvojalle. Urheilutalon lattia on suojattu, mutta sille ei saa kaataa juomia tai muita nesteit\u00e4 johtuen alla olevasta lattiamateriaalista. Tupakointi majoitustiloissa on ehdottomasti kielletty. Kohteissa on paloturvallisuusohjeet ja majoitusvalvojalla pelastautumisohjeistus. Juhla-alueella yl\u00e4koululla toimii ensiapupiste ja alueella on kiert\u00e4v\u00e4 partio. Kauempana yhteydenotot tarpeen vaatiessa yleiseen h\u00e4t\u00e4numeroon.<\/p>\n<p style=\"margin-bottom: 8px;\"><strong>Majoittujan muistilista<\/strong>:<\/p>\n<ul>\n<li style=\"margin-bottom: 8px;\">Saapumisp\u00e4iv\u00e4n\u00e4 oma patjapaikka on k\u00e4yt\u00f6ss\u00e4 kello 12 alkaen, ja vastaavasti oma patjapaikka luovutetaan l\u00e4ht\u00f6p\u00e4iv\u00e4n\u00e4 kello 12.<\/li>\n<li style=\"margin-bottom: 8px;\">Muista ilmoittaa peruutuksista ja muutoksista heti, kun saat ne tietoosi.<\/li>\n<li style=\"margin-bottom: 8px;\">Ilmoitathan etuk\u00e4teen, mik\u00e4li tied\u00e4t saapuvasi majoitustoimiston aukioloaikojen ulkopuolella. T\u00e4ll\u00f6in musiikkilukiolla ymp\u00e4rivuorokautisesti toimiva infopiste ottaa vastaan ja neuvoo majoituspaikkaan.<\/li>\n<\/ul>\n<p><strong>Pelimannimajoituksen yhteystiedot<\/strong><\/p>\n<p>S\u00e4hk\u00f6posti: <a href=\"mailto:pelimannimajoitus@kaustinen.net\">pelimannimajoitus@kaustinen.net<\/a><\/p>\n<p>Puhelin: 040 573 9275<\/p>\n<p><em>L\u00e4mpim\u00e4sti tervetuloa nukkumaan kes\u00e4n onnellisimpien p\u00e4ivien v\u00e4lisiksi \u00f6iksi!<\/em><\/p>\n<p>[\/et_pb_text][\/et_pb_column][\/et_pb_row][\/et_pb_section]<\/p>\n","protected":false},"excerpt":{"rendered":"<p>[et_pb_section fb_built=&#8221;1&#8243; _builder_version=&#8221;4.6.6&#8243; _module_preset=&#8221;default&#8221;][et_pb_row _builder_version=&#8221;4.6.6&#8243; _module_preset=&#8221;default&#8221;][et_pb_column type=&#8221;4_4&#8243; _builder_version=&#8221;4.6.6&#8243; _module_preset=&#8221;default&#8221;][et_pb_text _builder_version=&#8221;4.6.6&#8243; _module_preset=&#8221;default&#8221;] Pelimannimajoitusohjeistus [\/et_pb_text][et_pb_text _builder_version=&#8221;4.6.6&#8243; _module_preset=&#8221;default&#8221; hover_enabled=&#8221;0&#8243; sticky_enabled=&#8221;0&#8243;] Kaustinen Folk Music Festival j\u00e4rjest\u00e4\u00e4 tapahtuma-aikaan pelimannimajoitusta, joka toteutetaan ryhm\u00e4majoituksena saleissa, luokkatiloissa ja muissa soveltuvissa kohteissa. Yksitt\u00e4isten kohteiden majoituspaikkam\u00e4\u00e4r\u00e4t vaihtelevat. Majoituspaikkoja ovat festivaalialueen tuntumassa sijaitseva urheilutalo ja kauempana olevat Puumalan koulu ja J\u00e4rvel\u00e4n koulu Kaustisella sek\u00e4 liikuntakeskus ja [&hellip;]<\/p>\n","protected":false},"author":12,"featured_media":0,"parent":0,"menu_order":0,"comment_status":"closed","ping_status":"closed","template":"","meta":{"_et_pb_use_builder":"on","_et_pb_old_content":"","_et_gb_content_width":"","footnotes":""},"class_list":["post-41851","page","type-page","status-publish","hentry"],"yoast_head":"<!-- This site is optimized with the Yoast SEO plugin v27.3 - https:\/\/yoast.com\/product\/yoast-seo-wordpress\/ -->\n<title>Pelimannimajoitus - Kaustinen Folk Music Festival<\/title>\n<meta name=\"robots\" content=\"index, follow, max-snippet:-1, max-image-preview:large, max-video-preview:-1\" \/>\n<link rel=\"canonical\" href=\"https:\/\/kaustinen.net\/sv\/pelimannimajoitus\/\" \/>\n<meta property=\"og:locale\" content=\"sv_SE\" \/>\n<meta property=\"og:type\" content=\"article\" \/>\n<meta property=\"og:title\" content=\"Pelimannimajoitus - Kaustinen Folk Music Festival\" \/>\n<meta property=\"og:description\" content=\"[et_pb_section fb_built=&#8221;1&#8243; _builder_version=&#8221;4.6.6&#8243; _module_preset=&#8221;default&#8221;][et_pb_row _builder_version=&#8221;4.6.6&#8243; _module_preset=&#8221;default&#8221;][et_pb_column type=&#8221;4_4&#8243; _builder_version=&#8221;4.6.6&#8243; _module_preset=&#8221;default&#8221;][et_pb_text _builder_version=&#8221;4.6.6&#8243; _module_preset=&#8221;default&#8221;] Pelimannimajoitusohjeistus [\/et_pb_text][et_pb_text _builder_version=&#8221;4.6.6&#8243; _module_preset=&#8221;default&#8221; hover_enabled=&#8221;0&#8243; sticky_enabled=&#8221;0&#8243;] Kaustinen Folk Music Festival j\u00e4rjest\u00e4\u00e4 tapahtuma-aikaan pelimannimajoitusta, joka toteutetaan ryhm\u00e4majoituksena saleissa, luokkatiloissa ja muissa soveltuvissa kohteissa. Yksitt\u00e4isten kohteiden majoituspaikkam\u00e4\u00e4r\u00e4t vaihtelevat. Majoituspaikkoja ovat festivaalialueen tuntumassa sijaitseva urheilutalo ja kauempana olevat Puumalan koulu ja J\u00e4rvel\u00e4n koulu Kaustisella sek\u00e4 liikuntakeskus ja [&hellip;]\" \/>\n<meta property=\"og:url\" content=\"https:\/\/kaustinen.net\/sv\/pelimannimajoitus\/\" \/>\n<meta property=\"og:site_name\" content=\"Kaustinen Folk Music Festival\" \/>\n<meta property=\"article:modified_time\" content=\"2025-04-25T07:41:42+00:00\" \/>\n<meta name=\"twitter:card\" content=\"summary_large_image\" \/>\n<meta name=\"twitter:label1\" content=\"Ber\u00e4knad l\u00e4stid\" \/>\n\t<meta name=\"twitter:data1\" content=\"2 minuter\" \/>\n<script type=\"application\/ld+json\" class=\"yoast-schema-graph\">{\"@context\":\"https:\\\/\\\/schema.org\",\"@graph\":[{\"@type\":\"WebPage\",\"@id\":\"https:\\\/\\\/kaustinen.net\\\/pelimannimajoitus\\\/\",\"url\":\"https:\\\/\\\/kaustinen.net\\\/pelimannimajoitus\\\/\",\"name\":\"Pelimannimajoitus - Kaustinen Folk Music Festival\",\"isPartOf\":{\"@id\":\"https:\\\/\\\/kaustinen.net\\\/sv\\\/#website\"},\"datePublished\":\"2022-03-15T11:37:35+00:00\",\"dateModified\":\"2025-04-25T07:41:42+00:00\",\"breadcrumb\":{\"@id\":\"https:\\\/\\\/kaustinen.net\\\/pelimannimajoitus\\\/#breadcrumb\"},\"inLanguage\":\"sv-SE\",\"potentialAction\":[{\"@type\":\"ReadAction\",\"target\":[\"https:\\\/\\\/kaustinen.net\\\/pelimannimajoitus\\\/\"]}]},{\"@type\":\"BreadcrumbList\",\"@id\":\"https:\\\/\\\/kaustinen.net\\\/pelimannimajoitus\\\/#breadcrumb\",\"itemListElement\":[{\"@type\":\"ListItem\",\"position\":1,\"name\":\"Home\",\"item\":\"https:\\\/\\\/kaustinen.net\\\/\"},{\"@type\":\"ListItem\",\"position\":2,\"name\":\"Pelimannimajoitus\"}]},{\"@type\":\"WebSite\",\"@id\":\"https:\\\/\\\/kaustinen.net\\\/sv\\\/#website\",\"url\":\"https:\\\/\\\/kaustinen.net\\\/sv\\\/\",\"name\":\"Kaustinen Folk Music Festival\",\"description\":\"Kes\u00e4n onnellisimmat p\u00e4iv\u00e4t\",\"potentialAction\":[{\"@type\":\"SearchAction\",\"target\":{\"@type\":\"EntryPoint\",\"urlTemplate\":\"https:\\\/\\\/kaustinen.net\\\/sv\\\/?s={search_term_string}\"},\"query-input\":{\"@type\":\"PropertyValueSpecification\",\"valueRequired\":true,\"valueName\":\"search_term_string\"}}],\"inLanguage\":\"sv-SE\"}]}<\/script>\n<!-- \/ Yoast SEO plugin. -->","yoast_head_json":{"title":"Pelimannimajoitus - Kaustinen Folk Music Festival","robots":{"index":"index","follow":"follow","max-snippet":"max-snippet:-1","max-image-preview":"max-image-preview:large","max-video-preview":"max-video-preview:-1"},"canonical":"https:\/\/kaustinen.net\/sv\/pelimannimajoitus\/","og_locale":"sv_SE","og_type":"article","og_title":"Pelimannimajoitus - Kaustinen Folk Music Festival","og_description":"[et_pb_section fb_built=&#8221;1&#8243; _builder_version=&#8221;4.6.6&#8243; _module_preset=&#8221;default&#8221;][et_pb_row _builder_version=&#8221;4.6.6&#8243; _module_preset=&#8221;default&#8221;][et_pb_column type=&#8221;4_4&#8243; _builder_version=&#8221;4.6.6&#8243; _module_preset=&#8221;default&#8221;][et_pb_text _builder_version=&#8221;4.6.6&#8243; _module_preset=&#8221;default&#8221;] Pelimannimajoitusohjeistus [\/et_pb_text][et_pb_text _builder_version=&#8221;4.6.6&#8243; _module_preset=&#8221;default&#8221; hover_enabled=&#8221;0&#8243; sticky_enabled=&#8221;0&#8243;] Kaustinen Folk Music Festival j\u00e4rjest\u00e4\u00e4 tapahtuma-aikaan pelimannimajoitusta, joka toteutetaan ryhm\u00e4majoituksena saleissa, luokkatiloissa ja muissa soveltuvissa kohteissa. Yksitt\u00e4isten kohteiden majoituspaikkam\u00e4\u00e4r\u00e4t vaihtelevat. Majoituspaikkoja ovat festivaalialueen tuntumassa sijaitseva urheilutalo ja kauempana olevat Puumalan koulu ja J\u00e4rvel\u00e4n koulu Kaustisella sek\u00e4 liikuntakeskus ja [&hellip;]","og_url":"https:\/\/kaustinen.net\/sv\/pelimannimajoitus\/","og_site_name":"Kaustinen Folk Music Festival","article_modified_time":"2025-04-25T07:41:42+00:00","twitter_card":"summary_large_image","twitter_misc":{"Ber\u00e4knad l\u00e4stid":"2 minuter"},"schema":{"@context":"https:\/\/schema.org","@graph":[{"@type":"WebPage","@id":"https:\/\/kaustinen.net\/pelimannimajoitus\/","url":"https:\/\/kaustinen.net\/pelimannimajoitus\/","name":"Pelimannimajoitus - Kaustinen Folk Music Festival","isPartOf":{"@id":"https:\/\/kaustinen.net\/sv\/#website"},"datePublished":"2022-03-15T11:37:35+00:00","dateModified":"2025-04-25T07:41:42+00:00","breadcrumb":{"@id":"https:\/\/kaustinen.net\/pelimannimajoitus\/#breadcrumb"},"inLanguage":"sv-SE","potentialAction":[{"@type":"ReadAction","target":["https:\/\/kaustinen.net\/pelimannimajoitus\/"]}]},{"@type":"BreadcrumbList","@id":"https:\/\/kaustinen.net\/pelimannimajoitus\/#breadcrumb","itemListElement":[{"@type":"ListItem","position":1,"name":"Home","item":"https:\/\/kaustinen.net\/"},{"@type":"ListItem","position":2,"name":"Pelimannimajoitus"}]},{"@type":"WebSite","@id":"https:\/\/kaustinen.net\/sv\/#website","url":"https:\/\/kaustinen.net\/sv\/","name":"Kaustinen Folk Music Festival","description":"Sommarens lyckligaste dagar","potentialAction":[{"@type":"SearchAction","target":{"@type":"EntryPoint","urlTemplate":"https:\/\/kaustinen.net\/sv\/?s={search_term_string}"},"query-input":{"@type":"PropertyValueSpecification","valueRequired":true,"valueName":"search_term_string"}}],"inLanguage":"sv-SE"}]}},"jetpack_sharing_enabled":true,"_links":{"self":[{"href":"https:\/\/kaustinen.net\/sv\/wp-json\/wp\/v2\/pages\/41851","targetHints":{"allow":["GET"]}}],"collection":[{"href":"https:\/\/kaustinen.net\/sv\/wp-json\/wp\/v2\/pages"}],"about":[{"href":"https:\/\/kaustinen.net\/sv\/wp-json\/wp\/v2\/types\/page"}],"author":[{"embeddable":true,"href":"https:\/\/kaustinen.net\/sv\/wp-json\/wp\/v2\/users\/12"}],"replies":[{"embeddable":true,"href":"https:\/\/kaustinen.net\/sv\/wp-json\/wp\/v2\/comments?post=41851"}],"version-history":[{"count":20,"href":"https:\/\/kaustinen.net\/sv\/wp-json\/wp\/v2\/pages\/41851\/revisions"}],"predecessor-version":[{"id":45308,"href":"https:\/\/kaustinen.net\/sv\/wp-json\/wp\/v2\/pages\/41851\/revisions\/45308"}],"wp:attachment":[{"href":"https:\/\/kaustinen.net\/sv\/wp-json\/wp\/v2\/media?parent=41851"}],"curies":[{"name":"wp","href":"https:\/\/api.w.org\/{rel}","templated":true}]}}