{"id":40999,"date":"2021-06-15T13:37:27","date_gmt":"2021-06-15T10:37:27","guid":{"rendered":"https:\/\/kaustinen.net\/?page_id=40999"},"modified":"2021-06-15T13:37:27","modified_gmt":"2021-06-15T10:37:27","slug":"yhteissoitto","status":"publish","type":"page","link":"https:\/\/kaustinen.net\/sv\/yhteissoitto\/","title":{"rendered":"Yhteissoitto"},"content":{"rendered":"<p>[et_pb_section fb_built=&#8221;1&#8243; _builder_version=&#8221;4.6.6&#8243; _module_preset=&#8221;default&#8221;][et_pb_row column_structure=&#8221;1_4,3_4&#8243; _builder_version=&#8221;4.6.6&#8243; _module_preset=&#8221;default&#8221;][et_pb_column type=&#8221;1_4&#8243; _builder_version=&#8221;4.6.6&#8243; _module_preset=&#8221;default&#8221;][et_pb_sidebar area=&#8221;et_pb_widget_area_1&#8243; _builder_version=&#8221;4.6.6&#8243; _module_preset=&#8221;default&#8221; background_enable_color=&#8221;off&#8221; border_color_all=&#8221;#ffffff&#8221;][\/et_pb_sidebar][\/et_pb_column][et_pb_column type=&#8221;3_4&#8243; _builder_version=&#8221;4.6.6&#8243; _module_preset=&#8221;default&#8221;][et_pb_image src=&#8221;https:\/\/kaustinen.net\/wp-content\/uploads\/2021\/01\/Kuva-Krista-Ja\u0308rvela\u0308-3.jpg&#8221; title_text=&#8221;Kuva Krista Ja\u0308rvela\u0308 (3)&#8221; _builder_version=&#8221;4.6.6&#8243; _module_preset=&#8221;default&#8221;][\/et_pb_image][et_pb_text _builder_version=&#8221;4.6.6&#8243; _module_preset=&#8221;default&#8221;]<\/p>\n<h1>Pienen kyl\u00e4n suuri juhla<\/h1>\n<h2>tervetuloa Kaustisen kansanmusiikkijuhlille j\u00e4lleen 12.-18.7.2021!<\/h2>\n<p>Kaustisen kansanmusiikkijuhlat (Kaustinen Folk Music Festival) on jo yli viiden vuosikymmenen ajan kuulunut Pohjoismaiden ja koko Euroopan keskeisimpiin kansanmusiikkitapahtumiin. Perheyst\u00e4v\u00e4llisille festivaaleille palataan vuosi vuoden j\u00e4lkeen uudestaan, sill\u00e4 Kaustisen tunnelma on unohtumaton.<\/p>\n<p>4300 asukkaan keskipohjalaiskunta Kaustinen kutsuu hein\u00e4kuussa vuodesta toiseen kymmeni\u00e4 tuhansia vieraita nauttimaan kes\u00e4n onnellisimmista p\u00e4ivist\u00e4. Festivaali on alusta saakka rakentunut vahvan, katkeamattomana s\u00e4ilyneen kaustislaisen pelimanniperinteen pohjalta ja nelj\u00e4n vuosisadan pelimannihenki el\u00e4\u00e4 yh\u00e4 voimakkaana ja dynaamisena Kaustisen seudulla. Soittoaikaa on kellon ymp\u00e4ri ja lukuisat festivaalialueen ja Kaustisen alueen fasiliteetit tarjoavat pidemm\u00e4lle tai lyhyemm\u00e4lle vierailulle hyv\u00e4t puitteet. Kaustisella viihtyv\u00e4t kaikki!<\/p>\n<p>T\u00e4lt\u00e4 sivulta saat apuja festivaalivierailun onnistumiseksi ja t\u00e4ydenn\u00e4mme sivua festivaalin l\u00e4hestyess\u00e4. Mik\u00e4li n\u00e4iden asioiden lis\u00e4ksi viel\u00e4 joku asia mietitytt\u00e4\u00e4, ota yhteytt\u00e4 info@kaustinen.net<\/p>\n<p>[\/et_pb_text][et_pb_accordion closed_toggle_background_color=&#8221;#ffffff&#8221; icon_color=&#8221;#ffc73b&#8221; use_icon_font_size=&#8221;on&#8221; icon_font_size=&#8221;30px&#8221; _builder_version=&#8221;4.6.6&#8243; _module_preset=&#8221;default&#8221; toggle_font_size=&#8221;2vw&#8221; locked=&#8221;off&#8221;][et_pb_accordion_item title=&#8221;Esiintyjille&#8221; _builder_version=&#8221;4.6.6&#8243; _module_preset=&#8221;default&#8221; custom_css_main_element=&#8221;display: none;&#8221; open=&#8221;on&#8221;]<\/p>\n<p>Your content goes here. Edit or remove this text inline or in the module Content settings. You can also style every aspect of this content in the module Design settings and even apply custom CSS to this text in the module Advanced settings.<\/p>\n<p>[\/et_pb_accordion_item][et_pb_accordion_item title=&#8221;Saapuminen ja pys\u00e4k\u00f6inti&#8221; _builder_version=&#8221;4.6.6&#8243; _module_preset=&#8221;default&#8221; open=&#8221;off&#8221;]<\/p>\n<p><span data-contrast=\"auto\" class=\"TextRun  BCX9 SCXW21667813\" xml:lang=\"FI-FI\" lang=\"FI-FI\"><span class=\"NormalTextRun  BCX9 SCXW21667813\">Kaustinen sijaitsee valtatie 13 ja kantatie 63 risteyksess\u00e4<\/span><\/span><span data-contrast=\"auto\" class=\"TextRun  BCX9 SCXW21667813\" xml:lang=\"FI-FI\" lang=\"FI-FI\"><span class=\"NormalTextRun  BCX9 SCXW21667813\">. L\u00e4hin rautatieasema sijaitsee Kokkolassa (<\/span><\/span><span data-contrast=\"auto\" class=\"TextRun  BCX9 SCXW21667813\" xml:lang=\"FI-FI\" lang=\"FI-FI\"><span class=\"NormalTextRun  BCX9 SCXW21667813\">45km<\/span><\/span><span data-contrast=\"auto\" class=\"TextRun  BCX9 SCXW21667813\" xml:lang=\"FI-FI\" lang=\"FI-FI\"><span class=\"NormalTextRun  BCX9 SCXW21667813\"><span>\u00a0<\/span>Kaustiselta)<\/span><\/span><span data-contrast=\"auto\" class=\"TextRun  BCX9 SCXW21667813\" xml:lang=\"FI-FI\" lang=\"FI-FI\"><span class=\"NormalTextRun  BCX9 SCXW21667813\">, l\u00e4hin lentokentt\u00e4 sijaitsee Kruunupyyss\u00e4 (Kokkola-Pietarsaaren lentoasema) noin puolen tunnin ajomatkan p\u00e4\u00e4ss\u00e4 Kaustiselta.<span>\u00a0<\/span><\/span><\/span><span data-contrast=\"auto\" class=\"TextRun  BCX9 SCXW21667813\" xml:lang=\"FI-FI\" lang=\"FI-FI\"><span class=\"NormalTextRun  BCX9 SCXW21667813\">Festivaaliviikolla liikenn\u00f6i oma festaribussi l\u00e4hes ymp\u00e4ri vuorokauden Kokkolan ja Kaustisen v\u00e4li\u00e4<\/span><\/span><span data-contrast=\"auto\" class=\"TextRun  BCX9 SCXW21667813\" xml:lang=\"FI-FI\" lang=\"FI-FI\"><span class=\"NormalTextRun  BCX9 SCXW21667813\">, normaalit bussivuorot l\u00f6ytyv\u00e4t matkahuollon sivuilta.<\/span><\/span><\/p>\n<p><span data-contrast=\"auto\" class=\"TextRun  BCX9 SCXW21667813\" xml:lang=\"FI-FI\" lang=\"FI-FI\"><span class=\"NormalTextRun  BCX9 SCXW21667813\">Festivaalialueen l\u00e4heisyydest\u00e4 l\u00f6ytyy useita ilmaisia pys\u00e4k\u00f6intialueita festivaalivieraille. Pys\u00e4k\u00f6intialueilla leiriytyminen on kielletty.<\/span><\/span><\/p>\n<p>[\/et_pb_accordion_item][et_pb_accordion_item title=&#8221;Liput&#8221; open=&#8221;off&#8221; _builder_version=&#8221;4.6.6&#8243; _module_preset=&#8221;default&#8221;]<\/p>\n<p>Alkuper\u00e4inen lipunmyynti on suljettu, ja festivaali haluaa palauttaa kaikki t\u00e4h\u00e4n menness\u00e4 ostetut p\u00e4\u00e4syliput, jotta ensi vuoden lipunmyynti voi alkaa alusta. Liput voi palauttaa 31.8.2021 menness\u00e4. Nykyisi\u00e4 lippuja ei voi k\u00e4ytt\u00e4\u00e4 seuraavilla festivaaleilla.<\/p>\n<p>Tarkemmat tiedot l\u00f6ytyv\u00e4t Liput -valikosta.<\/p>\n<p>Tiedotamme kes\u00e4n 2021 uudesta lipunmyynnist\u00e4 15.6.2021.<\/p>\n<p>[\/et_pb_accordion_item][et_pb_accordion_item title=&#8221;Majoitus&#8221; _builder_version=&#8221;4.6.6&#8243; _module_preset=&#8221;default&#8221; open=&#8221;off&#8221;]<\/p>\n<p><span data-contrast=\"auto\" class=\"TextRun SCXW152122359 BCX9\" xml:lang=\"FI-FI\" lang=\"FI-FI\"><span class=\"NormalTextRun SCXW152122359 BCX9\">Kaustisen ja l\u00e4hialueen majoitusvaihtoehtoja l\u00f6yd\u00e4t<\/span><\/span><span data-contrast=\"auto\" class=\"TextRun SCXW152122359 BCX9\" xml:lang=\"FI-FI\" lang=\"FI-FI\"><span class=\"NormalTextRun CommentStart SCXW152122359 BCX9\"><span>\u00a0<\/span><\/span><\/span><a class=\"Hyperlink SCXW152122359 BCX9\" href=\"https:\/\/visitkeskipohjanmaa.fi\/fi_FI\/majoitusta\" target=\"_blank\" rel=\"noopener noreferrer\"><span data-contrast=\"none\" class=\"TextRun Underlined SCXW152122359 BCX9\" xml:lang=\"FI-FI\" lang=\"FI-FI\"><span class=\"NormalTextRun SCXW152122359 BCX9\" data-ccp-charstyle=\"Hyperlink\">t\u00e4\u00e4lt\u00e4.<\/span><\/span><\/a><\/p>\n<p>[\/et_pb_accordion_item][et_pb_accordion_item title=&#8221;Tasa-arvo ja yhdenvertaisuus&#8221; _builder_version=&#8221;4.6.6&#8243; _module_preset=&#8221;default&#8221; open=&#8221;off&#8221;]<\/p>\n<p>Kaustinen Folk Music Festival on 100% tasa-arvoinen ja yhdenvertainen festivaali ja toivotamme jokaisen pelimannin ja festivaalivieraan tervetulleeksi omana itsen\u00e4\u00e4n. Emme hyv\u00e4ksy mink\u00e4\u00e4nlaista syrjint\u00e4\u00e4 tai h\u00e4irint\u00e4\u00e4 esimerkiksi sukupuolen, tiettyyn etniseen ryhm\u00e4\u00e4n kuulumisen, ihonv\u00e4rin tai seksuaalisen suuntautumisen vuoksi.<\/p>\n<p>Jos n\u00e4et tai koet itseesi, yst\u00e4viisi tai muihin festivaalivieraisiin kohdistuvaa k\u00e4yt\u00f6st\u00e4, joka tuntuu ahdistavalta tai ep\u00e4sopivalta, tai ei jollain tavalla tue tasa-arvoisuutta ja yhdenvertaisuutta, ilmoitathan siit\u00e4 festivaalin j\u00e4rjestyksenvalvojille tai muulle henkil\u00f6kunnalle.<\/p>\n<p>Edellyt\u00e4mme, ett\u00e4 pelimannit, festivaalivieraat ja festivaalin henkil\u00f6kunta kunnioittaa toisiaan, k\u00e4ytt\u00e4ytyy asiallisesti ja ottaa toisensa huomioon.<\/p>\n<p>Tehd\u00e4\u00e4n yhdess\u00e4 Kaustisen kansanmusiikkijuhlista Kes\u00e4n onnellisimmat p\u00e4iv\u00e4t!<\/p>\n<p>[\/et_pb_accordion_item][\/et_pb_accordion][\/et_pb_column][\/et_pb_row][\/et_pb_section]<\/p>\n","protected":false},"excerpt":{"rendered":"<p>[et_pb_section fb_built=&#8221;1&#8243; _builder_version=&#8221;4.6.6&#8243; _module_preset=&#8221;default&#8221;][et_pb_row column_structure=&#8221;1_4,3_4&#8243; _builder_version=&#8221;4.6.6&#8243; _module_preset=&#8221;default&#8221;][et_pb_column type=&#8221;1_4&#8243; _builder_version=&#8221;4.6.6&#8243; _module_preset=&#8221;default&#8221;][et_pb_sidebar area=&#8221;et_pb_widget_area_1&#8243; _builder_version=&#8221;4.6.6&#8243; _module_preset=&#8221;default&#8221; background_enable_color=&#8221;off&#8221; border_color_all=&#8221;#ffffff&#8221;][\/et_pb_sidebar][\/et_pb_column][et_pb_column type=&#8221;3_4&#8243; _builder_version=&#8221;4.6.6&#8243; _module_preset=&#8221;default&#8221;][et_pb_image src=&#8221;https:\/\/kaustinen.net\/wp-content\/uploads\/2021\/01\/Kuva-Krista-Ja\u0308rvela\u0308-3.jpg&#8221; title_text=&#8221;Kuva Krista Ja\u0308rvela\u0308 (3)&#8221; _builder_version=&#8221;4.6.6&#8243; _module_preset=&#8221;default&#8221;][\/et_pb_image][et_pb_text _builder_version=&#8221;4.6.6&#8243; _module_preset=&#8221;default&#8221;] Pienen kyl\u00e4n suuri juhla tervetuloa Kaustisen kansanmusiikkijuhlille j\u00e4lleen 12.-18.7.2021! Kaustisen kansanmusiikkijuhlat (Kaustinen Folk Music Festival) on jo yli viiden vuosikymmenen ajan kuulunut Pohjoismaiden ja koko Euroopan keskeisimpiin kansanmusiikkitapahtumiin. [&hellip;]<\/p>\n","protected":false},"author":1,"featured_media":0,"parent":0,"menu_order":0,"comment_status":"closed","ping_status":"closed","template":"","meta":{"_et_pb_use_builder":"on","_et_pb_old_content":"","_et_gb_content_width":"","footnotes":""},"class_list":["post-40999","page","type-page","status-publish","hentry"],"yoast_head":"<!-- This site is optimized with the Yoast SEO plugin v27.3 - https:\/\/yoast.com\/product\/yoast-seo-wordpress\/ -->\n<title>Yhteissoitto - Kaustinen Folk Music Festival<\/title>\n<meta name=\"robots\" content=\"index, follow, max-snippet:-1, max-image-preview:large, max-video-preview:-1\" \/>\n<link rel=\"canonical\" href=\"https:\/\/kaustinen.net\/sv\/yhteissoitto\/\" \/>\n<meta property=\"og:locale\" content=\"sv_SE\" \/>\n<meta property=\"og:type\" content=\"article\" \/>\n<meta property=\"og:title\" content=\"Yhteissoitto - Kaustinen Folk Music Festival\" \/>\n<meta property=\"og:description\" content=\"[et_pb_section fb_built=&#8221;1&#8243; _builder_version=&#8221;4.6.6&#8243; _module_preset=&#8221;default&#8221;][et_pb_row column_structure=&#8221;1_4,3_4&#8243; _builder_version=&#8221;4.6.6&#8243; _module_preset=&#8221;default&#8221;][et_pb_column type=&#8221;1_4&#8243; _builder_version=&#8221;4.6.6&#8243; _module_preset=&#8221;default&#8221;][et_pb_sidebar area=&#8221;et_pb_widget_area_1&#8243; _builder_version=&#8221;4.6.6&#8243; _module_preset=&#8221;default&#8221; background_enable_color=&#8221;off&#8221; border_color_all=&#8221;#ffffff&#8221;][\/et_pb_sidebar][\/et_pb_column][et_pb_column type=&#8221;3_4&#8243; _builder_version=&#8221;4.6.6&#8243; _module_preset=&#8221;default&#8221;][et_pb_image src=&#8221;https:\/\/kaustinen.net\/wp-content\/uploads\/2021\/01\/Kuva-Krista-Ja\u0308rvela\u0308-3.jpg&#8221; title_text=&#8221;Kuva Krista Ja\u0308rvela\u0308 (3)&#8221; _builder_version=&#8221;4.6.6&#8243; _module_preset=&#8221;default&#8221;][\/et_pb_image][et_pb_text _builder_version=&#8221;4.6.6&#8243; _module_preset=&#8221;default&#8221;] Pienen kyl\u00e4n suuri juhla tervetuloa Kaustisen kansanmusiikkijuhlille j\u00e4lleen 12.-18.7.2021! Kaustisen kansanmusiikkijuhlat (Kaustinen Folk Music Festival) on jo yli viiden vuosikymmenen ajan kuulunut Pohjoismaiden ja koko Euroopan keskeisimpiin kansanmusiikkitapahtumiin. [&hellip;]\" \/>\n<meta property=\"og:url\" content=\"https:\/\/kaustinen.net\/sv\/yhteissoitto\/\" \/>\n<meta property=\"og:site_name\" content=\"Kaustinen Folk Music Festival\" \/>\n<meta name=\"twitter:card\" content=\"summary_large_image\" \/>\n<script type=\"application\/ld+json\" class=\"yoast-schema-graph\">{\"@context\":\"https:\\\/\\\/schema.org\",\"@graph\":[{\"@type\":\"WebPage\",\"@id\":\"https:\\\/\\\/kaustinen.net\\\/yhteissoitto\\\/\",\"url\":\"https:\\\/\\\/kaustinen.net\\\/yhteissoitto\\\/\",\"name\":\"Yhteissoitto - Kaustinen Folk Music Festival\",\"isPartOf\":{\"@id\":\"https:\\\/\\\/kaustinen.net\\\/sv\\\/#website\"},\"datePublished\":\"2021-06-15T10:37:27+00:00\",\"breadcrumb\":{\"@id\":\"https:\\\/\\\/kaustinen.net\\\/yhteissoitto\\\/#breadcrumb\"},\"inLanguage\":\"sv-SE\",\"potentialAction\":[{\"@type\":\"ReadAction\",\"target\":[\"https:\\\/\\\/kaustinen.net\\\/yhteissoitto\\\/\"]}]},{\"@type\":\"BreadcrumbList\",\"@id\":\"https:\\\/\\\/kaustinen.net\\\/yhteissoitto\\\/#breadcrumb\",\"itemListElement\":[{\"@type\":\"ListItem\",\"position\":1,\"name\":\"Home\",\"item\":\"https:\\\/\\\/kaustinen.net\\\/\"},{\"@type\":\"ListItem\",\"position\":2,\"name\":\"Yhteissoitto\"}]},{\"@type\":\"WebSite\",\"@id\":\"https:\\\/\\\/kaustinen.net\\\/sv\\\/#website\",\"url\":\"https:\\\/\\\/kaustinen.net\\\/sv\\\/\",\"name\":\"Kaustinen Folk Music Festival\",\"description\":\"Kes\u00e4n onnellisimmat p\u00e4iv\u00e4t\",\"potentialAction\":[{\"@type\":\"SearchAction\",\"target\":{\"@type\":\"EntryPoint\",\"urlTemplate\":\"https:\\\/\\\/kaustinen.net\\\/sv\\\/?s={search_term_string}\"},\"query-input\":{\"@type\":\"PropertyValueSpecification\",\"valueRequired\":true,\"valueName\":\"search_term_string\"}}],\"inLanguage\":\"sv-SE\"}]}<\/script>\n<!-- \/ Yoast SEO plugin. -->","yoast_head_json":{"title":"Yhteissoitto - Kaustinen Folk Music Festival","robots":{"index":"index","follow":"follow","max-snippet":"max-snippet:-1","max-image-preview":"max-image-preview:large","max-video-preview":"max-video-preview:-1"},"canonical":"https:\/\/kaustinen.net\/sv\/yhteissoitto\/","og_locale":"sv_SE","og_type":"article","og_title":"Yhteissoitto - Kaustinen Folk Music Festival","og_description":"[et_pb_section fb_built=&#8221;1&#8243; _builder_version=&#8221;4.6.6&#8243; _module_preset=&#8221;default&#8221;][et_pb_row column_structure=&#8221;1_4,3_4&#8243; _builder_version=&#8221;4.6.6&#8243; _module_preset=&#8221;default&#8221;][et_pb_column type=&#8221;1_4&#8243; _builder_version=&#8221;4.6.6&#8243; _module_preset=&#8221;default&#8221;][et_pb_sidebar area=&#8221;et_pb_widget_area_1&#8243; _builder_version=&#8221;4.6.6&#8243; _module_preset=&#8221;default&#8221; background_enable_color=&#8221;off&#8221; border_color_all=&#8221;#ffffff&#8221;][\/et_pb_sidebar][\/et_pb_column][et_pb_column type=&#8221;3_4&#8243; _builder_version=&#8221;4.6.6&#8243; _module_preset=&#8221;default&#8221;][et_pb_image src=&#8221;https:\/\/kaustinen.net\/wp-content\/uploads\/2021\/01\/Kuva-Krista-Ja\u0308rvela\u0308-3.jpg&#8221; title_text=&#8221;Kuva Krista Ja\u0308rvela\u0308 (3)&#8221; _builder_version=&#8221;4.6.6&#8243; _module_preset=&#8221;default&#8221;][\/et_pb_image][et_pb_text _builder_version=&#8221;4.6.6&#8243; _module_preset=&#8221;default&#8221;] Pienen kyl\u00e4n suuri juhla tervetuloa Kaustisen kansanmusiikkijuhlille j\u00e4lleen 12.-18.7.2021! Kaustisen kansanmusiikkijuhlat (Kaustinen Folk Music Festival) on jo yli viiden vuosikymmenen ajan kuulunut Pohjoismaiden ja koko Euroopan keskeisimpiin kansanmusiikkitapahtumiin. [&hellip;]","og_url":"https:\/\/kaustinen.net\/sv\/yhteissoitto\/","og_site_name":"Kaustinen Folk Music Festival","twitter_card":"summary_large_image","schema":{"@context":"https:\/\/schema.org","@graph":[{"@type":"WebPage","@id":"https:\/\/kaustinen.net\/yhteissoitto\/","url":"https:\/\/kaustinen.net\/yhteissoitto\/","name":"Yhteissoitto - Kaustinen Folk Music Festival","isPartOf":{"@id":"https:\/\/kaustinen.net\/sv\/#website"},"datePublished":"2021-06-15T10:37:27+00:00","breadcrumb":{"@id":"https:\/\/kaustinen.net\/yhteissoitto\/#breadcrumb"},"inLanguage":"sv-SE","potentialAction":[{"@type":"ReadAction","target":["https:\/\/kaustinen.net\/yhteissoitto\/"]}]},{"@type":"BreadcrumbList","@id":"https:\/\/kaustinen.net\/yhteissoitto\/#breadcrumb","itemListElement":[{"@type":"ListItem","position":1,"name":"Home","item":"https:\/\/kaustinen.net\/"},{"@type":"ListItem","position":2,"name":"Yhteissoitto"}]},{"@type":"WebSite","@id":"https:\/\/kaustinen.net\/sv\/#website","url":"https:\/\/kaustinen.net\/sv\/","name":"Kaustinen Folk Music Festival","description":"Sommarens lyckligaste dagar","potentialAction":[{"@type":"SearchAction","target":{"@type":"EntryPoint","urlTemplate":"https:\/\/kaustinen.net\/sv\/?s={search_term_string}"},"query-input":{"@type":"PropertyValueSpecification","valueRequired":true,"valueName":"search_term_string"}}],"inLanguage":"sv-SE"}]}},"jetpack_sharing_enabled":true,"_links":{"self":[{"href":"https:\/\/kaustinen.net\/sv\/wp-json\/wp\/v2\/pages\/40999","targetHints":{"allow":["GET"]}}],"collection":[{"href":"https:\/\/kaustinen.net\/sv\/wp-json\/wp\/v2\/pages"}],"about":[{"href":"https:\/\/kaustinen.net\/sv\/wp-json\/wp\/v2\/types\/page"}],"author":[{"embeddable":true,"href":"https:\/\/kaustinen.net\/sv\/wp-json\/wp\/v2\/users\/1"}],"replies":[{"embeddable":true,"href":"https:\/\/kaustinen.net\/sv\/wp-json\/wp\/v2\/comments?post=40999"}],"version-history":[{"count":2,"href":"https:\/\/kaustinen.net\/sv\/wp-json\/wp\/v2\/pages\/40999\/revisions"}],"predecessor-version":[{"id":41002,"href":"https:\/\/kaustinen.net\/sv\/wp-json\/wp\/v2\/pages\/40999\/revisions\/41002"}],"wp:attachment":[{"href":"https:\/\/kaustinen.net\/sv\/wp-json\/wp\/v2\/media?parent=40999"}],"curies":[{"name":"wp","href":"https:\/\/api.w.org\/{rel}","templated":true}]}}