{"id":40080,"date":"2022-02-22T12:01:41","date_gmt":"2022-02-22T10:01:41","guid":{"rendered":"https:\/\/kaustinen.net\/?page_id=40080"},"modified":"2025-12-17T11:41:58","modified_gmt":"2025-12-17T09:41:58","slug":"showcase","status":"publish","type":"page","link":"https:\/\/kaustinen.net\/sv\/showcase\/","title":{"rendered":"Ans\u00f6k till Showcase 2024"},"content":{"rendered":"<p>[et_pb_section fb_built=&#8221;1&#8243; _builder_version=&#8221;4.6.6&#8243; _module_preset=&#8221;default&#8221;][et_pb_row _builder_version=&#8221;4.6.6&#8243; _module_preset=&#8221;default&#8221; width=&#8221;50vw&#8221; width_tablet=&#8221;70vw&#8221; width_phone=&#8221;80vw&#8221; width_last_edited=&#8221;on|phone&#8221;][et_pb_column type=&#8221;4_4&#8243; _builder_version=&#8221;4.6.6&#8243; _module_preset=&#8221;default&#8221;][et_pb_text _builder_version=&#8221;4.6.6&#8243; _module_preset=&#8221;default&#8221; header_font_size=&#8221;5vw&#8221; text_orientation=&#8221;center&#8221; hover_enabled=&#8221;0&#8243; header_font_size_tablet=&#8221;10vw&#8221; header_font_size_phone=&#8221;13vw&#8221; header_font_size_last_edited=&#8221;on|phone&#8221; sticky_enabled=&#8221;0&#8243;]<\/p>\n<h1 style=\"text-align: center;\">Kaustinen Showcase 2026<\/h1>\n<h3 style=\"text-align: center;\">Showcase-sarjaan haetaan yhtyeit\u00e4!<\/h3>\n<p><img loading=\"lazy\" decoding=\"async\" src=\"https:\/\/kaustinen.net\/wp-content\/uploads\/2025\/12\/Dankki-Priha_Kalliolla_by_susanna-salokannel_kaustinenfmf25-6389.jpg\" width=\"2048\" height=\"1365\" alt=\"\" class=\"wp-image-46022 alignnone size-full\" \/><\/p>\n<p><em>Festivaalin 2025 showcase-yhtye D\u00e4nkki Briha esiintym\u00e4ss\u00e4 Kallioklubin lavalla. Kuva Susanna Salokannel.<\/em><\/p>\n<p><strong>Showcase-hakemukset tulee j\u00e4tt\u00e4\u00e4 <a href=\"https:\/\/gest.fi\/customers\/chfaei\/9255?lang=fi\" target=\"_blank\" rel=\"noopener noreferrer\">t\u00e4ll\u00e4 hakulomakkeella<\/a> 15.2.2026 menness\u00e4.<\/strong><\/p>\n<p style=\"text-align: left;\">Kaustisen festivaaleilla on valittu Showcase-yhtyeit\u00e4 vuodesta 2013. Vakiintuneessa sarjassa esitell\u00e4\u00e4n eteenp\u00e4in tavoittelevia, nousevia ja kansainv\u00e4listyvi\u00e4 kansanmusiikin tekij\u00f6it\u00e4 ja nimi\u00e4. Showcase-sarjaan valitaan kolme yhtyett\u00e4 tai artistia, joista kukin esiintyy kahtena eri p\u00e4iv\u00e4n\u00e4 ja kahdella eri lavalla festivaaleilla. Kes\u00e4n 2026 showcase-sarja toteutetaan yhteisty\u00f6ss\u00e4<em>\u00a0Music Finlandin kanssa.<\/em><\/p>\n<p style=\"text-align: left;\">Sarjaan valitaan kolme artistia tai yhtyett\u00e4. Valituille esiintyjille ilmoitetaan valinnasta henkil\u00f6kohtaisesti maaliskuussa 2026.<\/p>\n<p style=\"text-align: left;\"><strong>Showcase-yhtyeeksi kannattaa hakea, mik\u00e4li on<\/strong><\/p>\n<ul>\n<li style=\"text-align: left;\">sooloartisti tai yhtye<\/li>\n<li style=\"text-align: left;\">toiveena esiinty\u00e4 festivaalin \u00e4\u00e4nentoistollisilla tai haluamillaan lavoilla<\/li>\n<li style=\"text-align: left;\">kiinnostus ja tavoite suunnata kansainv\u00e4lisille markkinoille<\/li>\n<li style=\"text-align: left;\">toiveena kehitt\u00e4\u00e4 yhtyeen \/ artistin omaa markkinointiosaamista<\/li>\n<\/ul>\n<p><strong>Showcase-sarjaan valituille tarjotaan<\/strong><\/p>\n<ul>\n<li style=\"text-align: left;\">esiintymispaikat Kallioklubilla, Mondossa, Kestikievarissa, PH Nordgren -salissa (akustinen) tai Pelimannitalossa (akustinen)<\/li>\n<li style=\"text-align: left;\">Music Finlandin valmennusta oman osaamisen markkinointiin, delegaation kanssa verkostoitumiseen sek\u00e4 kansainv\u00e4listen kontaktien luomiseen<\/li>\n<li style=\"text-align: left;\">erityist\u00e4 n\u00e4kyvyytt\u00e4 festivaalin markkinoinnissa (some, printti, nettisivut, festivaaliviikon lehdist\u00f6tilaisuus)<\/li>\n<\/ul>\n<p>Lis\u00e4ksi<\/p>\n<ul>\n<li style=\"text-align: left;\">festivaalimajoitus aamupalalla (maks. 3 y\u00f6t\u00e4)<\/li>\n<li style=\"text-align: left;\">kullekin esiintyj\u00e4lle yksi ruoka festivaalin esiintymisp\u00e4iv\u00e4n\u00e4<\/li>\n<li style=\"text-align: left;\">kullekin yhtyeelle 200\u20ac matkatuki (laskutettuna)<\/li>\n<\/ul>\n<p>Halutessaan lis\u00e4tietoja showcase-sarjasta saa ohjelmajohtajalta (<a href=\"mailto:etunimi.sukunimi@kaustinen.net\">etunimi.sukunimi@kaustinen.net<\/a>) tai osoitteesta <a href=\"mailto:artists@kaustinen.net\">artists@kaustinen.net<\/a><\/p>\n<p><strong><a href=\"https:\/\/kaustinen.net\/showcase-yhtyeet-kautta-aikain\/\" target=\"_blank\" rel=\"noopener noreferrer\">Katso t\u00e4\u00e4lt\u00e4 Showcase -yhtyeet kautta aikain.<\/a><\/strong><\/p>\n<p>[\/et_pb_text][\/et_pb_column][\/et_pb_row][\/et_pb_section]<\/p>\n","protected":false},"excerpt":{"rendered":"<p>[et_pb_section fb_built=&#8221;1&#8243; _builder_version=&#8221;4.6.6&#8243; _module_preset=&#8221;default&#8221;][et_pb_row _builder_version=&#8221;4.6.6&#8243; _module_preset=&#8221;default&#8221; width=&#8221;50vw&#8221; width_tablet=&#8221;70vw&#8221; width_phone=&#8221;80vw&#8221; width_last_edited=&#8221;on|phone&#8221;][et_pb_column type=&#8221;4_4&#8243; _builder_version=&#8221;4.6.6&#8243; _module_preset=&#8221;default&#8221;][et_pb_text _builder_version=&#8221;4.6.6&#8243; _module_preset=&#8221;default&#8221; header_font_size=&#8221;5vw&#8221; text_orientation=&#8221;center&#8221; hover_enabled=&#8221;0&#8243; header_font_size_tablet=&#8221;10vw&#8221; header_font_size_phone=&#8221;13vw&#8221; header_font_size_last_edited=&#8221;on|phone&#8221; sticky_enabled=&#8221;0&#8243;] Kaustinen Showcase 2026 Showcase-sarjaan haetaan yhtyeit\u00e4! Festivaalin 2025 showcase-yhtye D\u00e4nkki Briha esiintym\u00e4ss\u00e4 Kallioklubin lavalla. Kuva Susanna Salokannel. Showcase-hakemukset tulee j\u00e4tt\u00e4\u00e4 t\u00e4ll\u00e4 hakulomakkeella 15.2.2026 menness\u00e4. Kaustisen festivaaleilla on valittu Showcase-yhtyeit\u00e4 vuodesta 2013. Vakiintuneessa sarjassa [&hellip;]<\/p>\n","protected":false},"author":1,"featured_media":0,"parent":0,"menu_order":0,"comment_status":"closed","ping_status":"closed","template":"","meta":{"_et_pb_use_builder":"on","_et_pb_old_content":"","_et_gb_content_width":"","footnotes":""},"class_list":["post-40080","page","type-page","status-publish","hentry"],"yoast_head":"<!-- This site is optimized with the Yoast SEO plugin v27.4 - https:\/\/yoast.com\/product\/yoast-seo-wordpress\/ -->\n<title>Showcase haku - Kaustinen Folk Music Festival<\/title>\n<meta name=\"robots\" content=\"index, follow, max-snippet:-1, max-image-preview:large, max-video-preview:-1\" \/>\n<link rel=\"canonical\" href=\"https:\/\/kaustinen.net\/sv\/showcase\/\" \/>\n<meta property=\"og:locale\" content=\"sv_SE\" \/>\n<meta property=\"og:type\" content=\"article\" \/>\n<meta property=\"og:title\" content=\"Kaustinen Folk Music Festival hakee 2024 Showcase-sarjaan yhtyeit\u00e4\" \/>\n<meta property=\"og:description\" content=\"[et_pb_section fb_built=&#8221;1&#8243; _builder_version=&#8221;4.6.6&#8243; _module_preset=&#8221;default&#8221;][et_pb_row _builder_version=&#8221;4.6.6&#8243; _module_preset=&#8221;default&#8221; width=&#8221;50vw&#8221; width_tablet=&#8221;70vw&#8221; width_phone=&#8221;80vw&#8221; width_last_edited=&#8221;on|phone&#8221;][et_pb_column type=&#8221;4_4&#8243; _builder_version=&#8221;4.6.6&#8243; _module_preset=&#8221;default&#8221;][et_pb_text _builder_version=&#8221;4.6.6&#8243; _module_preset=&#8221;default&#8221; header_font_size=&#8221;5vw&#8221; text_orientation=&#8221;center&#8221; hover_enabled=&#8221;0&#8243; header_font_size_tablet=&#8221;10vw&#8221; header_font_size_phone=&#8221;13vw&#8221; header_font_size_last_edited=&#8221;on|phone&#8221; sticky_enabled=&#8221;0&#8243;] Kaustinen Showcase 2026 Showcase-sarjaan haetaan yhtyeit\u00e4! Festivaalin 2025 showcase-yhtye D\u00e4nkki Briha esiintym\u00e4ss\u00e4 Kallioklubin lavalla. Kuva Susanna Salokannel. Showcase-hakemukset tulee j\u00e4tt\u00e4\u00e4 t\u00e4ll\u00e4 hakulomakkeella 15.2.2026 menness\u00e4. Kaustisen festivaaleilla on valittu Showcase-yhtyeit\u00e4 vuodesta 2013. Vakiintuneessa sarjassa [&hellip;]\" \/>\n<meta property=\"og:url\" content=\"https:\/\/kaustinen.net\/sv\/showcase\/\" \/>\n<meta property=\"og:site_name\" content=\"Kaustinen Folk Music Festival\" \/>\n<meta property=\"article:modified_time\" content=\"2025-12-17T09:41:58+00:00\" \/>\n<meta property=\"og:image\" content=\"https:\/\/kaustinen.net\/wp-content\/uploads\/2023\/11\/pelkka-poutanen-kallioklubilla_kuvaaja-tiiu-hyyrylainen.jpg\" \/>\n\t<meta property=\"og:image:width\" content=\"2048\" \/>\n\t<meta property=\"og:image:height\" content=\"1366\" \/>\n\t<meta property=\"og:image:type\" content=\"image\/jpeg\" \/>\n<meta name=\"twitter:card\" content=\"summary_large_image\" \/>\n<meta name=\"twitter:title\" content=\"Kaustinen Folk Music Festival hakee 2024 Showcase-sarjaan yhtyeit\u00e4\" \/>\n<meta name=\"twitter:image\" content=\"https:\/\/kaustinen.net\/wp-content\/uploads\/2023\/11\/pelkka-poutanen-kallioklubilla_kuvaaja-tiiu-hyyrylainen.jpg\" \/>\n<meta name=\"twitter:label1\" content=\"Ber\u00e4knad l\u00e4stid\" \/>\n\t<meta name=\"twitter:data1\" content=\"2 minuter\" \/>\n<script type=\"application\/ld+json\" class=\"yoast-schema-graph\">{\"@context\":\"https:\\\/\\\/schema.org\",\"@graph\":[{\"@type\":\"WebPage\",\"@id\":\"https:\\\/\\\/kaustinen.net\\\/showcase\\\/\",\"url\":\"https:\\\/\\\/kaustinen.net\\\/showcase\\\/\",\"name\":\"Showcase haku - Kaustinen Folk Music Festival\",\"isPartOf\":{\"@id\":\"https:\\\/\\\/kaustinen.net\\\/sv\\\/#website\"},\"primaryImageOfPage\":{\"@id\":\"https:\\\/\\\/kaustinen.net\\\/showcase\\\/#primaryimage\"},\"image\":{\"@id\":\"https:\\\/\\\/kaustinen.net\\\/showcase\\\/#primaryimage\"},\"thumbnailUrl\":\"https:\\\/\\\/kaustinen.net\\\/wp-content\\\/uploads\\\/2025\\\/12\\\/Dankki-Priha_Kalliolla_by_susanna-salokannel_kaustinenfmf25-6389.jpg\",\"datePublished\":\"2022-02-22T10:01:41+00:00\",\"dateModified\":\"2025-12-17T09:41:58+00:00\",\"breadcrumb\":{\"@id\":\"https:\\\/\\\/kaustinen.net\\\/showcase\\\/#breadcrumb\"},\"inLanguage\":\"sv-SE\",\"potentialAction\":[{\"@type\":\"ReadAction\",\"target\":[\"https:\\\/\\\/kaustinen.net\\\/showcase\\\/\"]}]},{\"@type\":\"ImageObject\",\"inLanguage\":\"sv-SE\",\"@id\":\"https:\\\/\\\/kaustinen.net\\\/showcase\\\/#primaryimage\",\"url\":\"https:\\\/\\\/kaustinen.net\\\/wp-content\\\/uploads\\\/2025\\\/12\\\/Dankki-Priha_Kalliolla_by_susanna-salokannel_kaustinenfmf25-6389.jpg\",\"contentUrl\":\"https:\\\/\\\/kaustinen.net\\\/wp-content\\\/uploads\\\/2025\\\/12\\\/Dankki-Priha_Kalliolla_by_susanna-salokannel_kaustinenfmf25-6389.jpg\"},{\"@type\":\"BreadcrumbList\",\"@id\":\"https:\\\/\\\/kaustinen.net\\\/showcase\\\/#breadcrumb\",\"itemListElement\":[{\"@type\":\"ListItem\",\"position\":1,\"name\":\"Home\",\"item\":\"https:\\\/\\\/kaustinen.net\\\/\"},{\"@type\":\"ListItem\",\"position\":2,\"name\":\"Showcase haku\"}]},{\"@type\":\"WebSite\",\"@id\":\"https:\\\/\\\/kaustinen.net\\\/sv\\\/#website\",\"url\":\"https:\\\/\\\/kaustinen.net\\\/sv\\\/\",\"name\":\"Kaustinen Folk Music Festival\",\"description\":\"Kes\u00e4n onnellisimmat p\u00e4iv\u00e4t\",\"potentialAction\":[{\"@type\":\"SearchAction\",\"target\":{\"@type\":\"EntryPoint\",\"urlTemplate\":\"https:\\\/\\\/kaustinen.net\\\/sv\\\/?s={search_term_string}\"},\"query-input\":{\"@type\":\"PropertyValueSpecification\",\"valueRequired\":true,\"valueName\":\"search_term_string\"}}],\"inLanguage\":\"sv-SE\"}]}<\/script>\n<!-- \/ Yoast SEO plugin. -->","yoast_head_json":{"title":"Showcase haku - Kaustinen Folk Music Festival","robots":{"index":"index","follow":"follow","max-snippet":"max-snippet:-1","max-image-preview":"max-image-preview:large","max-video-preview":"max-video-preview:-1"},"canonical":"https:\/\/kaustinen.net\/sv\/showcase\/","og_locale":"sv_SE","og_type":"article","og_title":"Kaustinen Folk Music Festival hakee 2024 Showcase-sarjaan yhtyeit\u00e4","og_description":"[et_pb_section fb_built=&#8221;1&#8243; _builder_version=&#8221;4.6.6&#8243; _module_preset=&#8221;default&#8221;][et_pb_row _builder_version=&#8221;4.6.6&#8243; _module_preset=&#8221;default&#8221; width=&#8221;50vw&#8221; width_tablet=&#8221;70vw&#8221; width_phone=&#8221;80vw&#8221; width_last_edited=&#8221;on|phone&#8221;][et_pb_column type=&#8221;4_4&#8243; _builder_version=&#8221;4.6.6&#8243; _module_preset=&#8221;default&#8221;][et_pb_text _builder_version=&#8221;4.6.6&#8243; _module_preset=&#8221;default&#8221; header_font_size=&#8221;5vw&#8221; text_orientation=&#8221;center&#8221; hover_enabled=&#8221;0&#8243; header_font_size_tablet=&#8221;10vw&#8221; header_font_size_phone=&#8221;13vw&#8221; header_font_size_last_edited=&#8221;on|phone&#8221; sticky_enabled=&#8221;0&#8243;] Kaustinen Showcase 2026 Showcase-sarjaan haetaan yhtyeit\u00e4! Festivaalin 2025 showcase-yhtye D\u00e4nkki Briha esiintym\u00e4ss\u00e4 Kallioklubin lavalla. Kuva Susanna Salokannel. Showcase-hakemukset tulee j\u00e4tt\u00e4\u00e4 t\u00e4ll\u00e4 hakulomakkeella 15.2.2026 menness\u00e4. Kaustisen festivaaleilla on valittu Showcase-yhtyeit\u00e4 vuodesta 2013. Vakiintuneessa sarjassa [&hellip;]","og_url":"https:\/\/kaustinen.net\/sv\/showcase\/","og_site_name":"Kaustinen Folk Music Festival","article_modified_time":"2025-12-17T09:41:58+00:00","og_image":[{"width":2048,"height":1366,"url":"https:\/\/kaustinen.net\/wp-content\/uploads\/2023\/11\/pelkka-poutanen-kallioklubilla_kuvaaja-tiiu-hyyrylainen.jpg","type":"image\/jpeg"}],"twitter_card":"summary_large_image","twitter_title":"Kaustinen Folk Music Festival hakee 2024 Showcase-sarjaan yhtyeit\u00e4","twitter_image":"https:\/\/kaustinen.net\/wp-content\/uploads\/2023\/11\/pelkka-poutanen-kallioklubilla_kuvaaja-tiiu-hyyrylainen.jpg","twitter_misc":{"Ber\u00e4knad l\u00e4stid":"2 minuter"},"schema":{"@context":"https:\/\/schema.org","@graph":[{"@type":"WebPage","@id":"https:\/\/kaustinen.net\/showcase\/","url":"https:\/\/kaustinen.net\/showcase\/","name":"Showcase haku - Kaustinen Folk Music Festival","isPartOf":{"@id":"https:\/\/kaustinen.net\/sv\/#website"},"primaryImageOfPage":{"@id":"https:\/\/kaustinen.net\/showcase\/#primaryimage"},"image":{"@id":"https:\/\/kaustinen.net\/showcase\/#primaryimage"},"thumbnailUrl":"https:\/\/kaustinen.net\/wp-content\/uploads\/2025\/12\/Dankki-Priha_Kalliolla_by_susanna-salokannel_kaustinenfmf25-6389.jpg","datePublished":"2022-02-22T10:01:41+00:00","dateModified":"2025-12-17T09:41:58+00:00","breadcrumb":{"@id":"https:\/\/kaustinen.net\/showcase\/#breadcrumb"},"inLanguage":"sv-SE","potentialAction":[{"@type":"ReadAction","target":["https:\/\/kaustinen.net\/showcase\/"]}]},{"@type":"ImageObject","inLanguage":"sv-SE","@id":"https:\/\/kaustinen.net\/showcase\/#primaryimage","url":"https:\/\/kaustinen.net\/wp-content\/uploads\/2025\/12\/Dankki-Priha_Kalliolla_by_susanna-salokannel_kaustinenfmf25-6389.jpg","contentUrl":"https:\/\/kaustinen.net\/wp-content\/uploads\/2025\/12\/Dankki-Priha_Kalliolla_by_susanna-salokannel_kaustinenfmf25-6389.jpg"},{"@type":"BreadcrumbList","@id":"https:\/\/kaustinen.net\/showcase\/#breadcrumb","itemListElement":[{"@type":"ListItem","position":1,"name":"Home","item":"https:\/\/kaustinen.net\/"},{"@type":"ListItem","position":2,"name":"Showcase haku"}]},{"@type":"WebSite","@id":"https:\/\/kaustinen.net\/sv\/#website","url":"https:\/\/kaustinen.net\/sv\/","name":"Kaustinen Folk Music Festival","description":"Sommarens lyckligaste dagar","potentialAction":[{"@type":"SearchAction","target":{"@type":"EntryPoint","urlTemplate":"https:\/\/kaustinen.net\/sv\/?s={search_term_string}"},"query-input":{"@type":"PropertyValueSpecification","valueRequired":true,"valueName":"search_term_string"}}],"inLanguage":"sv-SE"}]}},"jetpack_sharing_enabled":true,"_links":{"self":[{"href":"https:\/\/kaustinen.net\/sv\/wp-json\/wp\/v2\/pages\/40080","targetHints":{"allow":["GET"]}}],"collection":[{"href":"https:\/\/kaustinen.net\/sv\/wp-json\/wp\/v2\/pages"}],"about":[{"href":"https:\/\/kaustinen.net\/sv\/wp-json\/wp\/v2\/types\/page"}],"author":[{"embeddable":true,"href":"https:\/\/kaustinen.net\/sv\/wp-json\/wp\/v2\/users\/1"}],"replies":[{"embeddable":true,"href":"https:\/\/kaustinen.net\/sv\/wp-json\/wp\/v2\/comments?post=40080"}],"version-history":[{"count":44,"href":"https:\/\/kaustinen.net\/sv\/wp-json\/wp\/v2\/pages\/40080\/revisions"}],"predecessor-version":[{"id":46030,"href":"https:\/\/kaustinen.net\/sv\/wp-json\/wp\/v2\/pages\/40080\/revisions\/46030"}],"wp:attachment":[{"href":"https:\/\/kaustinen.net\/sv\/wp-json\/wp\/v2\/media?parent=40080"}],"curies":[{"name":"wp","href":"https:\/\/api.w.org\/{rel}","templated":true}]}}