{"id":39919,"date":"2021-02-02T13:46:17","date_gmt":"2021-02-02T11:46:17","guid":{"rendered":"https:\/\/kaustinen.net\/?page_id=39919"},"modified":"2026-01-19T10:28:29","modified_gmt":"2026-01-19T08:28:29","slug":"liput","status":"publish","type":"page","link":"https:\/\/kaustinen.net\/sv\/liput\/","title":{"rendered":"Biljetter"},"content":{"rendered":"<p>[et_pb_section fb_built=&#8221;1&#8243; _builder_version=&#8221;4.6.6&#8243; _module_preset=&#8221;default&#8221;][et_pb_row _builder_version=&#8221;4.6.6&#8243; _module_preset=&#8221;default&#8221; width=&#8221;50%&#8221; width_tablet=&#8221;&#8221; width_phone=&#8221;90%&#8221; width_last_edited=&#8221;on|phone&#8221;][et_pb_column type=&#8221;4_4&#8243; _builder_version=&#8221;4.6.6&#8243; _module_preset=&#8221;default&#8221;][et_pb_text _builder_version=&#8221;4.6.6&#8243; _module_preset=&#8221;default&#8221;]<\/p>\n<h1>Kaustinen Folk Music Festival 13.-19.7.2026<\/h1>\n<p>[\/et_pb_text][et_pb_text _builder_version=&#8221;4.6.6&#8243; _module_preset=&#8221;default&#8221;]<\/p>\n<p>Lipunmyynti kes\u00e4n 2026 festivaalille on avoinna.<\/p>\n<p>[\/et_pb_text][et_pb_text _builder_version=&#8221;4.6.6&#8243; _module_preset=&#8221;default&#8221; hover_enabled=&#8221;0&#8243; sticky_enabled=&#8221;0&#8243;]<\/p>\n<h2>Lippujen hinnat 2026<\/h2>\n<p>&nbsp;<\/p>\n<table style=\"width: 765px; height: 404px;\" height=\"404\">\n<tbody>\n<tr>\n<td style=\"width: 236.9px;\"><strong>Lipputyyppi<\/strong><\/td>\n<td style=\"width: 168.025px;\"><strong>Hinta<br \/> 9.1.-13.4.2026<\/strong><\/td>\n<td style=\"width: 168.025px;\"><strong>Hinta<br \/> 14.4.-21.6.2026<\/strong><strong><\/strong><\/td>\n<td style=\"width: 168.05px;\"><strong>Hinta<br \/> 22.6.-18.7.2026<\/strong><strong><\/strong><\/td>\n<\/tr>\n<tr>\n<td style=\"width: 236.9px;\">Maanantai 13.7.2026<\/td>\n<td style=\"width: 168.025px; text-align: center;\" colspan=\"3\">Maksuton sis\u00e4\u00e4np\u00e4\u00e4sy!<\/td>\n<\/tr>\n<tr>\n<td style=\"width: 236.9px;\">Tiistai 14.7.2026<\/td>\n<td style=\"width: 168.025px;\">40,00 \u20ac<\/td>\n<td style=\"width: 168.025px;\">44,00 \u20ac<\/td>\n<td style=\"width: 168.05px;\">49,00 \u20ac<\/td>\n<\/tr>\n<tr>\n<td style=\"width: 236.9px;\">Keskiviikko 15.7.2026<\/td>\n<td style=\"width: 168.025px;\">40,00 \u20ac<\/td>\n<td style=\"width: 168.025px;\">44,00 \u20ac<\/td>\n<td style=\"width: 168.05px;\">49,00 \u20ac<\/td>\n<\/tr>\n<tr>\n<td style=\"width: 236.9px;\">Torstai 16.7.2026<\/td>\n<td style=\"width: 168.025px;\">45,00 \u20ac<\/td>\n<td style=\"width: 168.025px;\">49,00 \u20ac<\/td>\n<td style=\"width: 168.05px;\">54,00 \u20ac<\/td>\n<\/tr>\n<tr>\n<td style=\"width: 236.9px;\">Perjantai 17.7.2026<\/td>\n<td style=\"width: 168.025px;\">45,00 \u20ac<\/td>\n<td style=\"width: 168.025px;\">49,00 \u20ac<\/td>\n<td style=\"width: 168.05px;\">54,00 \u20ac<\/td>\n<\/tr>\n<tr>\n<td style=\"width: 236.9px;\">Lauantai 18.7.2026<\/td>\n<td style=\"width: 168.025px;\">45,00 \u20ac<\/td>\n<td style=\"width: 168.025px;\">49,00 \u20ac<\/td>\n<td style=\"width: 168.05px;\">54,00 \u20ac<\/td>\n<\/tr>\n<tr>\n<td style=\"width: 236.9px;\">Viikonloppulippu (pe-la)<\/td>\n<td style=\"width: 168.025px;\">85,00 \u20ac<\/td>\n<td style=\"width: 168.025px;\">90,00 \u20ac<\/td>\n<td style=\"width: 168.05px;\">100,00 \u20ac<\/td>\n<\/tr>\n<tr>\n<td style=\"width: 236.9px;\">Viikkolippu 13.-19.7.2026<\/td>\n<td style=\"width: 168.025px;\">180,00 \u20ac<\/td>\n<td style=\"width: 168.025px;\">190,00 \u20ac<\/td>\n<td style=\"width: 168.05px;\">215,00 \u20ac<\/td>\n<\/tr>\n<tr>\n<td style=\"width: 236.9px;\">Lasten viikkolippu<\/td>\n<td style=\"width: 168.025px;\">36,00 \u20ac<\/td>\n<td style=\"width: 168.025px;\">36,00 \u20ac<\/td>\n<td style=\"width: 168.05px;\">45,00 \u20ac<\/td>\n<\/tr>\n<tr>\n<td style=\"width: 236.9px;\">Lasten p\u00e4iv\u00e4lippu<\/td>\n<td style=\"width: 168.025px;\">10,00 \u20ac<\/td>\n<td style=\"width: 168.025px;\">10,00 \u20ac<\/td>\n<td style=\"width: 168.05px;\">10,00 \u20ac<\/td>\n<\/tr>\n<tr>\n<td style=\"width: 236.9px;\">Nuorison p\u00e4iv\u00e4lippu<\/td>\n<td style=\"width: 168.025px;\">20,00 \u20ac<\/td>\n<td style=\"width: 168.025px;\">20,00 \u20ac<\/td>\n<td style=\"width: 168.05px;\">20,00 \u20ac<\/td>\n<\/tr>\n<tr>\n<td style=\"width: 236.9px;\">Nuorison viikkolippu<\/td>\n<td style=\"width: 168.025px;\">80,00 \u20ac<\/td>\n<td style=\"width: 168.025px;\">80,00 \u20ac<\/td>\n<td style=\"width: 168.05px;\">80,00 \u20ac<\/td>\n<\/tr>\n<\/tbody>\n<\/table>\n<p>&nbsp;<\/p>\n<p><img loading=\"lazy\" decoding=\"async\" src=\"https:\/\/kaustinen.net\/wp-content\/uploads\/2022\/01\/AO-tunnus-RGB.jpg\" width=\"63\" height=\"63\" alt=\"\" class=\"wp-image-41524 alignnone size-full\" \/><\/p>\n<p>S-etukortilla 3,00 euron alennus aikuisten ennakkohintaisista p\u00e4iv\u00e4lipuista verkkokaupasta ostettaessa.<\/p>\n<p>Hinta sis\u00e4lt\u00e4\u00e4 arvonlis\u00e4veron 13,5%<br \/> Verkkokaupasta tai Lippupisteen myyntikanavista ostettaessa hintaan lis\u00e4t\u00e4\u00e4n verkkokaupan palvelumaksu ja tilausmaksu alkaen 1,50 \u20ac + 0,65 % tilauksesta \/koko tilaus<\/p>\n<p>&nbsp;<\/p>\n<p data-start=\"539\" data-end=\"633\"><strong data-start=\"539\" data-end=\"633\">Lasten ja nuorten lippuja myyd\u00e4\u00e4n festivaalin toimistolla sek\u00e4 tapahtuman aikana portilla.<\/strong><\/p>\n<p><span style=\"font-size: 14px;\">Lastenlippu 7-15 v.<\/span><\/p>\n<p>Nuorisolippu 16-21 v.<br \/> Alle 7-vuotiaat p\u00e4\u00e4sev\u00e4t festivaaleille maksutta.<\/p>\n<p>[\/et_pb_text][et_pb_text _builder_version=&#8221;4.6.6&#8243; _module_preset=&#8221;default&#8221; min_height=&#8221;215.4px&#8221; custom_margin=&#8221;20px|||||&#8221;]<\/p>\n<h3>Yritys- ja ryhm\u00e4myynti<\/h3>\n<p>Yhdistykset ja yhteis\u00f6t ovat aina olleet meille t\u00e4rkeit\u00e4 ja siksi haluammekin tarjota juuri teille sopivan paketin. Tuo joukkosi kokemaan unohtumaton el\u00e4mys Kaustiselle!<\/p>\n<p><a href=\"https:\/\/kaustinen.net\/ryhma-ja-yritysmyynti\/\">Lue lis\u00e4\u00e4 yritys- ja ryhm\u00e4myynnist\u00e4 t\u00e4\u00e4lt\u00e4<\/a><\/p>\n<p>Ota yhteytt\u00e4 <a href=\"mailto:myynti@kaustinen.net,\">myynti@kaustinen.net,<\/a>\u00a0tai 040 163 4398[\/et_pb_text][et_pb_text _builder_version=&#8221;4.6.6&#8243; _module_preset=&#8221;default&#8221;]<a href=\"https:\/\/www.lippu.fi\/artist\/kaustinen-folk-music-festival\/\" target=\"_blank\" rel=\"noopener noreferrer\">T\u00e4st\u00e4 linkist\u00e4 p\u00e4\u00e4set Lippupisteen Kaustinen Folk Music Festival -tapahtumasivulle.<\/a>[\/et_pb_text][et_pb_code _builder_version=&#8221;4.6.6&#8243; _module_preset=&#8221;default&#8221;]<script src=\"https:\/\/www.lippu.fi\/obj\/nucleus\/partner\/iframe.js\"><\/script>   <!-- [et_pb_line_break_holder] --><iframe frameborder=\"0\" style=\"width:100%; height:550px;\"<!-- [et_pb_line_break_holder] -->src=&#8221;https:\/\/www.lippu.fi\/eventseries\/3934660\/?affiliate=KMF&#8221;><!-- [et_pb_line_break_holder] --><\/iframe><!-- [et_pb_line_break_holder] --><script type=\"text\/javascript\"><!-- [et_pb_line_break_holder] -->eventim.iframe({scrollOnFirstLoad: false});<!-- [et_pb_line_break_holder] --><\/script><!-- [et_pb_line_break_holder] -->[\/et_pb_code][\/et_pb_column][\/et_pb_row][\/et_pb_section]<\/p>\n","protected":false},"excerpt":{"rendered":"<p>[et_pb_section fb_built=&#8221;1&#8243; _builder_version=&#8221;4.6.6&#8243; _module_preset=&#8221;default&#8221;][et_pb_row _builder_version=&#8221;4.6.6&#8243; _module_preset=&#8221;default&#8221; width=&#8221;50%&#8221; width_tablet=&#8221;&#8221; width_phone=&#8221;90%&#8221; width_last_edited=&#8221;on|phone&#8221;][et_pb_column type=&#8221;4_4&#8243; _builder_version=&#8221;4.6.6&#8243; _module_preset=&#8221;default&#8221;][et_pb_text _builder_version=&#8221;4.6.6&#8243; _module_preset=&#8221;default&#8221;] Kaustinen Folk Music Festival 13.-19.7.2026 [\/et_pb_text][et_pb_text _builder_version=&#8221;4.6.6&#8243; _module_preset=&#8221;default&#8221;] Lipunmyynti kes\u00e4n 2026 festivaalille on avoinna. [\/et_pb_text][et_pb_text _builder_version=&#8221;4.6.6&#8243; _module_preset=&#8221;default&#8221; hover_enabled=&#8221;0&#8243; sticky_enabled=&#8221;0&#8243;] Lippujen hinnat 2026 &nbsp; Lipputyyppi Hinta 9.1.-13.4.2026 Hinta 14.4.-21.6.2026 Hinta 22.6.-18.7.2026 Maanantai 13.7.2026 Maksuton sis\u00e4\u00e4np\u00e4\u00e4sy! Tiistai 14.7.2026 40,00 \u20ac 44,00 \u20ac [&hellip;]<\/p>\n","protected":false},"author":1,"featured_media":0,"parent":0,"menu_order":0,"comment_status":"closed","ping_status":"closed","template":"","meta":{"_et_pb_use_builder":"on","_et_pb_old_content":"","_et_gb_content_width":"","footnotes":""},"class_list":["post-39919","page","type-page","status-publish","hentry"],"yoast_head":"<!-- This site is optimized with the Yoast SEO plugin v27.3 - https:\/\/yoast.com\/product\/yoast-seo-wordpress\/ -->\n<title>Liput - Kaustinen Folk Music Festival<\/title>\n<meta name=\"robots\" content=\"index, follow, max-snippet:-1, max-image-preview:large, max-video-preview:-1\" \/>\n<link rel=\"canonical\" href=\"https:\/\/kaustinen.net\/sv\/liput\/\" \/>\n<meta property=\"og:locale\" content=\"sv_SE\" \/>\n<meta property=\"og:type\" content=\"article\" \/>\n<meta property=\"og:title\" content=\"Liput - Kaustinen Folk Music Festival\" \/>\n<meta property=\"og:description\" content=\"[et_pb_section fb_built=&#8221;1&#8243; _builder_version=&#8221;4.6.6&#8243; _module_preset=&#8221;default&#8221;][et_pb_row _builder_version=&#8221;4.6.6&#8243; _module_preset=&#8221;default&#8221; width=&#8221;50%&#8221; width_tablet=&#8221;&#8221; width_phone=&#8221;90%&#8221; width_last_edited=&#8221;on|phone&#8221;][et_pb_column type=&#8221;4_4&#8243; _builder_version=&#8221;4.6.6&#8243; _module_preset=&#8221;default&#8221;][et_pb_text _builder_version=&#8221;4.6.6&#8243; _module_preset=&#8221;default&#8221;] Kaustinen Folk Music Festival 13.-19.7.2026 [\/et_pb_text][et_pb_text _builder_version=&#8221;4.6.6&#8243; _module_preset=&#8221;default&#8221;] Lipunmyynti kes\u00e4n 2026 festivaalille on avoinna. [\/et_pb_text][et_pb_text _builder_version=&#8221;4.6.6&#8243; _module_preset=&#8221;default&#8221; hover_enabled=&#8221;0&#8243; sticky_enabled=&#8221;0&#8243;] Lippujen hinnat 2026 &nbsp; Lipputyyppi Hinta 9.1.-13.4.2026 Hinta 14.4.-21.6.2026 Hinta 22.6.-18.7.2026 Maanantai 13.7.2026 Maksuton sis\u00e4\u00e4np\u00e4\u00e4sy! Tiistai 14.7.2026 40,00 \u20ac 44,00 \u20ac [&hellip;]\" \/>\n<meta property=\"og:url\" content=\"https:\/\/kaustinen.net\/sv\/liput\/\" \/>\n<meta property=\"og:site_name\" content=\"Kaustinen Folk Music Festival\" \/>\n<meta property=\"article:modified_time\" content=\"2026-01-19T08:28:29+00:00\" \/>\n<meta property=\"og:image\" content=\"https:\/\/kaustinen.net\/wp-content\/uploads\/2022\/01\/AO-tunnus-RGB.jpg\" \/>\n\t<meta property=\"og:image:width\" content=\"1000\" \/>\n\t<meta property=\"og:image:height\" content=\"1000\" \/>\n\t<meta property=\"og:image:type\" content=\"image\/jpeg\" \/>\n<meta name=\"twitter:card\" content=\"summary_large_image\" \/>\n<meta name=\"twitter:label1\" content=\"Ber\u00e4knad l\u00e4stid\" \/>\n\t<meta name=\"twitter:data1\" content=\"1 minut\" \/>\n<script type=\"application\/ld+json\" class=\"yoast-schema-graph\">{\"@context\":\"https:\\\/\\\/schema.org\",\"@graph\":[{\"@type\":\"WebPage\",\"@id\":\"https:\\\/\\\/kaustinen.net\\\/liput\\\/\",\"url\":\"https:\\\/\\\/kaustinen.net\\\/liput\\\/\",\"name\":\"Liput - Kaustinen Folk Music Festival\",\"isPartOf\":{\"@id\":\"https:\\\/\\\/kaustinen.net\\\/sv\\\/#website\"},\"primaryImageOfPage\":{\"@id\":\"https:\\\/\\\/kaustinen.net\\\/liput\\\/#primaryimage\"},\"image\":{\"@id\":\"https:\\\/\\\/kaustinen.net\\\/liput\\\/#primaryimage\"},\"thumbnailUrl\":\"https:\\\/\\\/kaustinen.net\\\/wp-content\\\/uploads\\\/2022\\\/01\\\/AO-tunnus-RGB.jpg\",\"datePublished\":\"2021-02-02T11:46:17+00:00\",\"dateModified\":\"2026-01-19T08:28:29+00:00\",\"breadcrumb\":{\"@id\":\"https:\\\/\\\/kaustinen.net\\\/liput\\\/#breadcrumb\"},\"inLanguage\":\"sv-SE\",\"potentialAction\":[{\"@type\":\"ReadAction\",\"target\":[\"https:\\\/\\\/kaustinen.net\\\/liput\\\/\"]}]},{\"@type\":\"ImageObject\",\"inLanguage\":\"sv-SE\",\"@id\":\"https:\\\/\\\/kaustinen.net\\\/liput\\\/#primaryimage\",\"url\":\"https:\\\/\\\/kaustinen.net\\\/wp-content\\\/uploads\\\/2022\\\/01\\\/AO-tunnus-RGB.jpg\",\"contentUrl\":\"https:\\\/\\\/kaustinen.net\\\/wp-content\\\/uploads\\\/2022\\\/01\\\/AO-tunnus-RGB.jpg\"},{\"@type\":\"BreadcrumbList\",\"@id\":\"https:\\\/\\\/kaustinen.net\\\/liput\\\/#breadcrumb\",\"itemListElement\":[{\"@type\":\"ListItem\",\"position\":1,\"name\":\"Home\",\"item\":\"https:\\\/\\\/kaustinen.net\\\/\"},{\"@type\":\"ListItem\",\"position\":2,\"name\":\"Liput\"}]},{\"@type\":\"WebSite\",\"@id\":\"https:\\\/\\\/kaustinen.net\\\/sv\\\/#website\",\"url\":\"https:\\\/\\\/kaustinen.net\\\/sv\\\/\",\"name\":\"Kaustinen Folk Music Festival\",\"description\":\"Kes\u00e4n onnellisimmat p\u00e4iv\u00e4t\",\"potentialAction\":[{\"@type\":\"SearchAction\",\"target\":{\"@type\":\"EntryPoint\",\"urlTemplate\":\"https:\\\/\\\/kaustinen.net\\\/sv\\\/?s={search_term_string}\"},\"query-input\":{\"@type\":\"PropertyValueSpecification\",\"valueRequired\":true,\"valueName\":\"search_term_string\"}}],\"inLanguage\":\"sv-SE\"}]}<\/script>\n<!-- \/ Yoast SEO plugin. -->","yoast_head_json":{"title":"Liput - Kaustinen Folk Music Festival","robots":{"index":"index","follow":"follow","max-snippet":"max-snippet:-1","max-image-preview":"max-image-preview:large","max-video-preview":"max-video-preview:-1"},"canonical":"https:\/\/kaustinen.net\/sv\/liput\/","og_locale":"sv_SE","og_type":"article","og_title":"Liput - Kaustinen Folk Music Festival","og_description":"[et_pb_section fb_built=&#8221;1&#8243; _builder_version=&#8221;4.6.6&#8243; _module_preset=&#8221;default&#8221;][et_pb_row _builder_version=&#8221;4.6.6&#8243; _module_preset=&#8221;default&#8221; width=&#8221;50%&#8221; width_tablet=&#8221;&#8221; width_phone=&#8221;90%&#8221; width_last_edited=&#8221;on|phone&#8221;][et_pb_column type=&#8221;4_4&#8243; _builder_version=&#8221;4.6.6&#8243; _module_preset=&#8221;default&#8221;][et_pb_text _builder_version=&#8221;4.6.6&#8243; _module_preset=&#8221;default&#8221;] Kaustinen Folk Music Festival 13.-19.7.2026 [\/et_pb_text][et_pb_text _builder_version=&#8221;4.6.6&#8243; _module_preset=&#8221;default&#8221;] Lipunmyynti kes\u00e4n 2026 festivaalille on avoinna. [\/et_pb_text][et_pb_text _builder_version=&#8221;4.6.6&#8243; _module_preset=&#8221;default&#8221; hover_enabled=&#8221;0&#8243; sticky_enabled=&#8221;0&#8243;] Lippujen hinnat 2026 &nbsp; Lipputyyppi Hinta 9.1.-13.4.2026 Hinta 14.4.-21.6.2026 Hinta 22.6.-18.7.2026 Maanantai 13.7.2026 Maksuton sis\u00e4\u00e4np\u00e4\u00e4sy! Tiistai 14.7.2026 40,00 \u20ac 44,00 \u20ac [&hellip;]","og_url":"https:\/\/kaustinen.net\/sv\/liput\/","og_site_name":"Kaustinen Folk Music Festival","article_modified_time":"2026-01-19T08:28:29+00:00","og_image":[{"width":1000,"height":1000,"url":"https:\/\/kaustinen.net\/wp-content\/uploads\/2022\/01\/AO-tunnus-RGB.jpg","type":"image\/jpeg"}],"twitter_card":"summary_large_image","twitter_misc":{"Ber\u00e4knad l\u00e4stid":"1 minut"},"schema":{"@context":"https:\/\/schema.org","@graph":[{"@type":"WebPage","@id":"https:\/\/kaustinen.net\/liput\/","url":"https:\/\/kaustinen.net\/liput\/","name":"Liput - Kaustinen Folk Music Festival","isPartOf":{"@id":"https:\/\/kaustinen.net\/sv\/#website"},"primaryImageOfPage":{"@id":"https:\/\/kaustinen.net\/liput\/#primaryimage"},"image":{"@id":"https:\/\/kaustinen.net\/liput\/#primaryimage"},"thumbnailUrl":"https:\/\/kaustinen.net\/wp-content\/uploads\/2022\/01\/AO-tunnus-RGB.jpg","datePublished":"2021-02-02T11:46:17+00:00","dateModified":"2026-01-19T08:28:29+00:00","breadcrumb":{"@id":"https:\/\/kaustinen.net\/liput\/#breadcrumb"},"inLanguage":"sv-SE","potentialAction":[{"@type":"ReadAction","target":["https:\/\/kaustinen.net\/liput\/"]}]},{"@type":"ImageObject","inLanguage":"sv-SE","@id":"https:\/\/kaustinen.net\/liput\/#primaryimage","url":"https:\/\/kaustinen.net\/wp-content\/uploads\/2022\/01\/AO-tunnus-RGB.jpg","contentUrl":"https:\/\/kaustinen.net\/wp-content\/uploads\/2022\/01\/AO-tunnus-RGB.jpg"},{"@type":"BreadcrumbList","@id":"https:\/\/kaustinen.net\/liput\/#breadcrumb","itemListElement":[{"@type":"ListItem","position":1,"name":"Home","item":"https:\/\/kaustinen.net\/"},{"@type":"ListItem","position":2,"name":"Liput"}]},{"@type":"WebSite","@id":"https:\/\/kaustinen.net\/sv\/#website","url":"https:\/\/kaustinen.net\/sv\/","name":"Kaustinen Folk Music Festival","description":"Sommarens lyckligaste dagar","potentialAction":[{"@type":"SearchAction","target":{"@type":"EntryPoint","urlTemplate":"https:\/\/kaustinen.net\/sv\/?s={search_term_string}"},"query-input":{"@type":"PropertyValueSpecification","valueRequired":true,"valueName":"search_term_string"}}],"inLanguage":"sv-SE"}]}},"jetpack_sharing_enabled":true,"_links":{"self":[{"href":"https:\/\/kaustinen.net\/sv\/wp-json\/wp\/v2\/pages\/39919","targetHints":{"allow":["GET"]}}],"collection":[{"href":"https:\/\/kaustinen.net\/sv\/wp-json\/wp\/v2\/pages"}],"about":[{"href":"https:\/\/kaustinen.net\/sv\/wp-json\/wp\/v2\/types\/page"}],"author":[{"embeddable":true,"href":"https:\/\/kaustinen.net\/sv\/wp-json\/wp\/v2\/users\/1"}],"replies":[{"embeddable":true,"href":"https:\/\/kaustinen.net\/sv\/wp-json\/wp\/v2\/comments?post=39919"}],"version-history":[{"count":84,"href":"https:\/\/kaustinen.net\/sv\/wp-json\/wp\/v2\/pages\/39919\/revisions"}],"predecessor-version":[{"id":46175,"href":"https:\/\/kaustinen.net\/sv\/wp-json\/wp\/v2\/pages\/39919\/revisions\/46175"}],"wp:attachment":[{"href":"https:\/\/kaustinen.net\/sv\/wp-json\/wp\/v2\/media?parent=39919"}],"curies":[{"name":"wp","href":"https:\/\/api.w.org\/{rel}","templated":true}]}}