{"id":39789,"date":"2021-01-26T14:25:05","date_gmt":"2021-01-26T14:25:05","guid":{"rendered":"https:\/\/kaustinen.net\/?page_id=39789"},"modified":"2026-01-05T12:21:36","modified_gmt":"2026-01-05T10:21:36","slug":"kontakt","status":"publish","type":"page","link":"https:\/\/kaustinen.net\/sv\/yhteystiedot\/","title":{"rendered":"Kontaktuppgifter"},"content":{"rendered":"<p>[et_pb_section fb_built=&#8221;1&#8243; _builder_version=&#8221;4.6.6&#8243; _module_preset=&#8221;default&#8221;][et_pb_row column_structure=&#8221;1_4,3_4&#8243; _builder_version=&#8221;4.6.6&#8243; _module_preset=&#8221;default&#8221;][et_pb_column type=&#8221;1_4&#8243; _builder_version=&#8221;4.6.6&#8243; _module_preset=&#8221;default&#8221;][et_pb_sidebar area=&#8221;et_pb_widget_area_1&#8243; _builder_version=&#8221;4.6.6&#8243; _module_preset=&#8221;default&#8221; border_color_right=&#8221;#ffffff&#8221;][\/et_pb_sidebar][\/et_pb_column][et_pb_column type=&#8221;3_4&#8243; _builder_version=&#8221;4.6.6&#8243; _module_preset=&#8221;default&#8221;][et_pb_text _builder_version=&#8221;4.6.6&#8243; _module_preset=&#8221;default&#8221; hover_enabled=&#8221;0&#8243; sticky_enabled=&#8221;0&#8243;]<\/p>\n<h1>Yhteystiedot<\/h1>\n<p><strong>K\u00e4yntiosoite ja toimisto<br \/> <\/strong>Kansantaiteenkeskus<br \/> Jyv\u00e4skyl\u00e4ntie 3<br \/> 69600 Kaustinen<\/p>\n<p><strong>Postiosoite<\/strong><br \/> Pro Kaustinen ry<br \/> Jyv\u00e4skyl\u00e4ntie 3<br \/> 69600 Kaustinen<\/p>\n<p>Yleinen neuvonta: info@kaustinen.net, puh. 040 170 1966<\/p>\n<p><strong>Toiminnanjohtaja<\/strong><br \/> <strong> Valtteri Valo<\/strong><br \/> puh. 040 358 2413<\/p>\n<p><strong>Hallituksen puheenjohtaja<\/strong><br \/> <b>Teemu Seikkula<\/b><\/p>\n<h3>Henkil\u00f6kunta<\/h3>\n<p>S\u00e4hk\u00f6postimme ovat muotoa etunimi.sukunimi@kaustinen.net<\/p>\n<p><strong>Ohjelmajohtaja<\/strong><br \/> <strong> Anne-Mari Hakam\u00e4ki<\/strong><br \/> puh. 040 358 2446<\/p>\n<p><strong>Ohjelmatuottaja<\/strong><br \/> <strong> Paula Kettu<\/strong><\/p>\n<p><strong><\/strong><\/p>\n<p><strong>Markkinointi- ja myyntip\u00e4\u00e4llikk\u00f6<br \/> Sanna Uusivirta<br \/> <\/strong>puh. 040 163 4398<\/p>\n<p><strong>Tuotantop\u00e4\u00e4llikk\u00f6<br \/> Jukka Virkkala<br \/> <\/strong>puh. 040 172 9566<\/p>\n<p>&nbsp;<\/p>\n<p>[\/et_pb_text][et_pb_text _builder_version=&#8221;4.6.6&#8243; _module_preset=&#8221;default&#8221;]<\/p>\n<h4>Laskutusohje<\/h4>\n<p>Pro Kaustinen ry:n laskutusosoitteen l\u00f6yd\u00e4tte alla olevasta taulukosta.<\/p>\n<p>Huomioikaa, ett\u00e4 postilokero-osoitteeseen saa l\u00e4hett\u00e4\u00e4 vain laskuja ja sit\u00e4 ei voi k\u00e4ytt\u00e4\u00e4 tavarantoimitukseen tai mainosten l\u00e4hett\u00e4miseen tms.<\/p>\n<p>S\u00e4hk\u00f6postitse l\u00e4hetett\u00e4viss\u00e4 laskuissa toimittakaa yhdess\u00e4 s\u00e4hk\u00f6postissa yksi lasku ja sen liitteet yhten\u00e4 PDF liitetiedostona.<\/p>\n<p>Toivomme, ett\u00e4 tekin siirtyisitte verkkolaskutukseen. Voitte my\u00f6s l\u00e4hett\u00e4\u00e4 meille Eurooppa-normin (EN16931) mukaisia laskuja. Eurooppa-normin mukainen verkkolasku tehostaa laskun k\u00e4sittelyn automaatiota ja tietojen hy\u00f6dynt\u00e4mist\u00e4. Verkkolaskuosoitteen ja v\u00e4litt\u00e4j\u00e4mme tunnuksen l\u00f6yd\u00e4tte alla olevasta taulukosta.<\/p>\n<p>Ostolaskujen vastaanotto:<\/p>\n<table width=\"490\" height=\"142\">\n<tbody>\n<tr>\n<td style=\"width: 238.2px;\">Verkkolaskuna<\/td>\n<td style=\"width: 238.2px;\">003724051603<\/td>\n<\/tr>\n<tr>\n<td style=\"width: 238.2px;\">Verkkolaskujen v\u00e4litt\u00e4j\u00e4<\/td>\n<td style=\"width: 238.2px;\">003708599126 (OpenText)<\/td>\n<\/tr>\n<tr>\n<td style=\"width: 238.2px;\">S\u00e4hk\u00f6postitse<\/td>\n<td style=\"width: 238.2px;\">fennoa.517888@erin.posti.com<\/td>\n<\/tr>\n<tr>\n<td style=\"width: 238.2px;\">Postitse<\/td>\n<td style=\"width: 238.2px;\">Pro Kaustinen ry<br \/> PL 42727<br \/> 01051 LASKUT<\/td>\n<\/tr>\n<\/tbody>\n<\/table>\n<p>Mik\u00e4li sinulla on kysytt\u00e4v\u00e4\u00e4 laskutuksesta, ole yhteydess\u00e4 toiminnanjohtaja\u00a0Valtteri Valoon, valtteri.valo@kaustinen.net, +358403582413<\/p>\n<p>[\/et_pb_text][\/et_pb_column][\/et_pb_row][\/et_pb_section]<\/p>\n","protected":false},"excerpt":{"rendered":"<p>[et_pb_section fb_built=&#8221;1&#8243; _builder_version=&#8221;4.6.6&#8243; _module_preset=&#8221;default&#8221;][et_pb_row column_structure=&#8221;1_4,3_4&#8243; _builder_version=&#8221;4.6.6&#8243; _module_preset=&#8221;default&#8221;][et_pb_column type=&#8221;1_4&#8243; _builder_version=&#8221;4.6.6&#8243; _module_preset=&#8221;default&#8221;][et_pb_sidebar area=&#8221;et_pb_widget_area_1&#8243; _builder_version=&#8221;4.6.6&#8243; _module_preset=&#8221;default&#8221; border_color_right=&#8221;#ffffff&#8221;][\/et_pb_sidebar][\/et_pb_column][et_pb_column type=&#8221;3_4&#8243; _builder_version=&#8221;4.6.6&#8243; _module_preset=&#8221;default&#8221;][et_pb_text _builder_version=&#8221;4.6.6&#8243; _module_preset=&#8221;default&#8221; hover_enabled=&#8221;0&#8243; sticky_enabled=&#8221;0&#8243;] Yhteystiedot K\u00e4yntiosoite ja toimisto Kansantaiteenkeskus Jyv\u00e4skyl\u00e4ntie 3 69600 Kaustinen Postiosoite Pro Kaustinen ry Jyv\u00e4skyl\u00e4ntie 3 69600 Kaustinen Yleinen neuvonta: info@kaustinen.net, puh. 040 170 1966 Toiminnanjohtaja Valtteri Valo puh. 040 358 2413 Hallituksen puheenjohtaja Teemu [&hellip;]<\/p>\n","protected":false},"author":1,"featured_media":0,"parent":0,"menu_order":0,"comment_status":"closed","ping_status":"closed","template":"","meta":{"_et_pb_use_builder":"on","_et_pb_old_content":"","_et_gb_content_width":"","footnotes":""},"class_list":["post-39789","page","type-page","status-publish","hentry"],"yoast_head":"<!-- This site is optimized with the Yoast SEO plugin v27.3 - https:\/\/yoast.com\/product\/yoast-seo-wordpress\/ -->\n<title>Yhteystiedot - Kaustinen Folk Music Festival<\/title>\n<meta name=\"robots\" content=\"index, follow, max-snippet:-1, max-image-preview:large, max-video-preview:-1\" \/>\n<link rel=\"canonical\" href=\"https:\/\/kaustinen.net\/sv\/kontakt\/\" \/>\n<meta property=\"og:locale\" content=\"sv_SE\" \/>\n<meta property=\"og:type\" content=\"article\" \/>\n<meta property=\"og:title\" content=\"Yhteystiedot - Kaustinen Folk Music Festival\" \/>\n<meta property=\"og:description\" content=\"[et_pb_section fb_built=&#8221;1&#8243; _builder_version=&#8221;4.6.6&#8243; _module_preset=&#8221;default&#8221;][et_pb_row column_structure=&#8221;1_4,3_4&#8243; _builder_version=&#8221;4.6.6&#8243; _module_preset=&#8221;default&#8221;][et_pb_column type=&#8221;1_4&#8243; _builder_version=&#8221;4.6.6&#8243; _module_preset=&#8221;default&#8221;][et_pb_sidebar area=&#8221;et_pb_widget_area_1&#8243; _builder_version=&#8221;4.6.6&#8243; _module_preset=&#8221;default&#8221; border_color_right=&#8221;#ffffff&#8221;][\/et_pb_sidebar][\/et_pb_column][et_pb_column type=&#8221;3_4&#8243; _builder_version=&#8221;4.6.6&#8243; _module_preset=&#8221;default&#8221;][et_pb_text _builder_version=&#8221;4.6.6&#8243; _module_preset=&#8221;default&#8221; hover_enabled=&#8221;0&#8243; sticky_enabled=&#8221;0&#8243;] Yhteystiedot K\u00e4yntiosoite ja toimisto Kansantaiteenkeskus Jyv\u00e4skyl\u00e4ntie 3 69600 Kaustinen Postiosoite Pro Kaustinen ry Jyv\u00e4skyl\u00e4ntie 3 69600 Kaustinen Yleinen neuvonta: info@kaustinen.net, puh. 040 170 1966 Toiminnanjohtaja Valtteri Valo puh. 040 358 2413 Hallituksen puheenjohtaja Teemu [&hellip;]\" \/>\n<meta property=\"og:url\" content=\"https:\/\/kaustinen.net\/sv\/kontakt\/\" \/>\n<meta property=\"og:site_name\" content=\"Kaustinen Folk Music Festival\" \/>\n<meta property=\"article:modified_time\" content=\"2026-01-05T10:21:36+00:00\" \/>\n<meta name=\"twitter:card\" content=\"summary_large_image\" \/>\n<meta name=\"twitter:label1\" content=\"Ber\u00e4knad l\u00e4stid\" \/>\n\t<meta name=\"twitter:data1\" content=\"2 minuter\" \/>\n<script type=\"application\/ld+json\" class=\"yoast-schema-graph\">{\"@context\":\"https:\\\/\\\/schema.org\",\"@graph\":[{\"@type\":\"WebPage\",\"@id\":\"https:\\\/\\\/kaustinen.net\\\/yhteystiedot\\\/\",\"url\":\"https:\\\/\\\/kaustinen.net\\\/yhteystiedot\\\/\",\"name\":\"Yhteystiedot - Kaustinen Folk Music Festival\",\"isPartOf\":{\"@id\":\"https:\\\/\\\/kaustinen.net\\\/sv\\\/#website\"},\"datePublished\":\"2021-01-26T14:25:05+00:00\",\"dateModified\":\"2026-01-05T10:21:36+00:00\",\"breadcrumb\":{\"@id\":\"https:\\\/\\\/kaustinen.net\\\/yhteystiedot\\\/#breadcrumb\"},\"inLanguage\":\"sv-SE\",\"potentialAction\":[{\"@type\":\"ReadAction\",\"target\":[\"https:\\\/\\\/kaustinen.net\\\/yhteystiedot\\\/\"]}]},{\"@type\":\"BreadcrumbList\",\"@id\":\"https:\\\/\\\/kaustinen.net\\\/yhteystiedot\\\/#breadcrumb\",\"itemListElement\":[{\"@type\":\"ListItem\",\"position\":1,\"name\":\"Home\",\"item\":\"https:\\\/\\\/kaustinen.net\\\/\"},{\"@type\":\"ListItem\",\"position\":2,\"name\":\"Yhteystiedot\"}]},{\"@type\":\"WebSite\",\"@id\":\"https:\\\/\\\/kaustinen.net\\\/sv\\\/#website\",\"url\":\"https:\\\/\\\/kaustinen.net\\\/sv\\\/\",\"name\":\"Kaustinen Folk Music Festival\",\"description\":\"Kes\u00e4n onnellisimmat p\u00e4iv\u00e4t\",\"potentialAction\":[{\"@type\":\"SearchAction\",\"target\":{\"@type\":\"EntryPoint\",\"urlTemplate\":\"https:\\\/\\\/kaustinen.net\\\/sv\\\/?s={search_term_string}\"},\"query-input\":{\"@type\":\"PropertyValueSpecification\",\"valueRequired\":true,\"valueName\":\"search_term_string\"}}],\"inLanguage\":\"sv-SE\"}]}<\/script>\n<!-- \/ Yoast SEO plugin. -->","yoast_head_json":{"title":"Kontaktuppgifter - Kaustby Folkmusikfestival","robots":{"index":"index","follow":"follow","max-snippet":"max-snippet:-1","max-image-preview":"max-image-preview:large","max-video-preview":"max-video-preview:-1"},"canonical":"https:\/\/kaustinen.net\/sv\/kontakt\/","og_locale":"sv_SE","og_type":"article","og_title":"Yhteystiedot - Kaustinen Folk Music Festival","og_description":"[et_pb_section fb_built=&#8221;1&#8243; _builder_version=&#8221;4.6.6&#8243; _module_preset=&#8221;default&#8221;][et_pb_row column_structure=&#8221;1_4,3_4&#8243; _builder_version=&#8221;4.6.6&#8243; _module_preset=&#8221;default&#8221;][et_pb_column type=&#8221;1_4&#8243; _builder_version=&#8221;4.6.6&#8243; _module_preset=&#8221;default&#8221;][et_pb_sidebar area=&#8221;et_pb_widget_area_1&#8243; _builder_version=&#8221;4.6.6&#8243; _module_preset=&#8221;default&#8221; border_color_right=&#8221;#ffffff&#8221;][\/et_pb_sidebar][\/et_pb_column][et_pb_column type=&#8221;3_4&#8243; _builder_version=&#8221;4.6.6&#8243; _module_preset=&#8221;default&#8221;][et_pb_text _builder_version=&#8221;4.6.6&#8243; _module_preset=&#8221;default&#8221; hover_enabled=&#8221;0&#8243; sticky_enabled=&#8221;0&#8243;] Yhteystiedot K\u00e4yntiosoite ja toimisto Kansantaiteenkeskus Jyv\u00e4skyl\u00e4ntie 3 69600 Kaustinen Postiosoite Pro Kaustinen ry Jyv\u00e4skyl\u00e4ntie 3 69600 Kaustinen Yleinen neuvonta: info@kaustinen.net, puh. 040 170 1966 Toiminnanjohtaja Valtteri Valo puh. 040 358 2413 Hallituksen puheenjohtaja Teemu [&hellip;]","og_url":"https:\/\/kaustinen.net\/sv\/kontakt\/","og_site_name":"Kaustinen Folk Music Festival","article_modified_time":"2026-01-05T10:21:36+00:00","twitter_card":"summary_large_image","twitter_misc":{"Ber\u00e4knad l\u00e4stid":"2 minuter"},"schema":{"@context":"https:\/\/schema.org","@graph":[{"@type":"WebPage","@id":"https:\/\/kaustinen.net\/yhteystiedot\/","url":"https:\/\/kaustinen.net\/yhteystiedot\/","name":"Kontaktuppgifter - Kaustby Folkmusikfestival","isPartOf":{"@id":"https:\/\/kaustinen.net\/sv\/#website"},"datePublished":"2021-01-26T14:25:05+00:00","dateModified":"2026-01-05T10:21:36+00:00","breadcrumb":{"@id":"https:\/\/kaustinen.net\/yhteystiedot\/#breadcrumb"},"inLanguage":"sv-SE","potentialAction":[{"@type":"ReadAction","target":["https:\/\/kaustinen.net\/yhteystiedot\/"]}]},{"@type":"BreadcrumbList","@id":"https:\/\/kaustinen.net\/yhteystiedot\/#breadcrumb","itemListElement":[{"@type":"ListItem","position":1,"name":"Home","item":"https:\/\/kaustinen.net\/"},{"@type":"ListItem","position":2,"name":"Yhteystiedot"}]},{"@type":"WebSite","@id":"https:\/\/kaustinen.net\/sv\/#website","url":"https:\/\/kaustinen.net\/sv\/","name":"Kaustinen Folk Music Festival","description":"Sommarens lyckligaste dagar","potentialAction":[{"@type":"SearchAction","target":{"@type":"EntryPoint","urlTemplate":"https:\/\/kaustinen.net\/sv\/?s={search_term_string}"},"query-input":{"@type":"PropertyValueSpecification","valueRequired":true,"valueName":"search_term_string"}}],"inLanguage":"sv-SE"}]}},"jetpack_sharing_enabled":true,"_links":{"self":[{"href":"https:\/\/kaustinen.net\/sv\/wp-json\/wp\/v2\/pages\/39789","targetHints":{"allow":["GET"]}}],"collection":[{"href":"https:\/\/kaustinen.net\/sv\/wp-json\/wp\/v2\/pages"}],"about":[{"href":"https:\/\/kaustinen.net\/sv\/wp-json\/wp\/v2\/types\/page"}],"author":[{"embeddable":true,"href":"https:\/\/kaustinen.net\/sv\/wp-json\/wp\/v2\/users\/1"}],"replies":[{"embeddable":true,"href":"https:\/\/kaustinen.net\/sv\/wp-json\/wp\/v2\/comments?post=39789"}],"version-history":[{"count":59,"href":"https:\/\/kaustinen.net\/sv\/wp-json\/wp\/v2\/pages\/39789\/revisions"}],"predecessor-version":[{"id":46040,"href":"https:\/\/kaustinen.net\/sv\/wp-json\/wp\/v2\/pages\/39789\/revisions\/46040"}],"wp:attachment":[{"href":"https:\/\/kaustinen.net\/sv\/wp-json\/wp\/v2\/media?parent=39789"}],"curies":[{"name":"wp","href":"https:\/\/api.w.org\/{rel}","templated":true}]}}