{"id":46246,"date":"2026-01-28T13:59:15","date_gmt":"2026-01-28T11:59:15","guid":{"rendered":"https:\/\/kaustinen.net\/?page_id=46246"},"modified":"2026-03-05T14:47:32","modified_gmt":"2026-03-05T12:47:32","slug":"restaurant-services-and-cafes","status":"publish","type":"page","link":"https:\/\/kaustinen.net\/en\/ravintolapalvelut-ja-kaffilat\/","title":{"rendered":"Restaurant services and caf\u00e9s"},"content":{"rendered":"<p>[et_pb_section fb_built=&#8221;1&#8243; _builder_version=&#8221;3.22&#8243;][et_pb_row column_structure=&#8221;1_4,3_4&#8243; _builder_version=&#8221;3.25&#8243; background_size=&#8221;initial&#8221; background_position=&#8221;top_left&#8221; background_repeat=&#8221;repeat&#8221;][et_pb_column type=&#8221;1_4&#8243; _builder_version=&#8221;3.25&#8243; custom_padding=&#8221;|||&#8221; custom_padding__hover=&#8221;|||&#8221;][et_pb_sidebar area=&#8221;sidebar-6&#8243; _builder_version=&#8221;4.6.6&#8243; _module_preset=&#8221;default&#8221; hover_enabled=&#8221;0&#8243; sticky_enabled=&#8221;0&#8243;][\/et_pb_sidebar][\/et_pb_column][et_pb_column type=&#8221;3_4&#8243; _builder_version=&#8221;3.25&#8243; custom_padding=&#8221;|||&#8221; custom_padding__hover=&#8221;|||&#8221;][et_pb_text _builder_version=&#8221;4.6.6&#8243; background_size=&#8221;initial&#8221; background_position=&#8221;top_left&#8221; background_repeat=&#8221;repeat&#8221; custom_padding=&#8221;0px||1px|||&#8221; link_option_url_new_window=&#8221;on&#8221;]<\/p>\n<h2 class=\"et_pb_toggle_title\">Ravintolapalvelut ja kaffilat<\/h2>\n<h3 class=\"et_pb_toggle_content clearfix\"><strong>Tulukaa sy\u00f6mh\u00e4n!<\/strong><\/h3>\n<div class=\"et_pb_toggle_content clearfix\">\n<p><em>Muutokset mahdollisia<\/em><\/p>\n<p><strong>Festivaaliravintola\u00a0<\/strong>Avoinna 8.00-20.00. Runsas aamiainen tarjolla ma-su klo 8.00-10.00, t\u00f6rki\u00e4n hyv\u00e4\u00e4 kotiruokaa noutop\u00f6yd\u00e4st\u00e4 ma-la klo 11.00-20.00. Viikon ruokalista ilmoitetaan l\u00e4hemp\u00e4n\u00e4 festivaalia t\u00e4ll\u00e4 sivulla.<\/p>\n<p><strong>Kalliokrouvi<\/strong>\u00a0Korkealla kalliolla Kallioklubin syleilyss\u00e4 sijaitseva mukaansa tempaavana soittopubi.<\/p>\n<p><strong>Mondo<\/strong>\u00a0Keskipohjanmaa-areenan vieress\u00e4. Musiikkia, pitk\u00e4 baaritiski ja tunnelma katossa. K-18 klo 21 j\u00e4lkeen. Alaik\u00e4isille oma alueensa.<\/p>\n<p><strong>Troka<\/strong>\u00a0Viihtyis\u00e4 ravintolateltta Pelimannitalon vierustalla. Musiikkia, juomia, akustisia jameja ja nurkkatansseja. K-18 klo 21 j\u00e4lkeen.<\/p>\n<p><strong>Pelimannitalon kahvio<\/strong>\u00a0Vanhan hirsitalon tunnelmaa, musiikkia ja kahvia, kaustislaista juustopaistia unohtamatta, joka on tarjolla ti-la klo 11-15. Ik\u00e4raja K-18 klo 22 j\u00e4lkeen.<\/p>\n<p><strong>Marjaananvillen kaffila<\/strong>\u00a0Juhlapihan perinteik\u00e4s kaffila, jossa viihtyvyyden takaa Krenikka-lavan ohjelmisto. Tarjolla kahvia, teet\u00e4, virvokkeita, suolaista ja makeaa.<\/p>\n<p><strong>Kallioklubi<\/strong>\u00a0Festivaalin jo k\u00e4sitteeksi muodostunut klubi Kalliopaviljongilla. Tiivistunnelmaista musiikkia ja kylmi\u00e4 juomia. Alaik\u00e4isille oma alueensa.<\/p>\n<p><strong>Festivaaliareenan ruokakuja<\/strong>\u00a0Festivaalipuistosta l\u00f6ytyy ruokakujaa, josta l\u00f6yd\u00e4t monenlaista sy\u00f6t\u00e4v\u00e4\u00e4 pikkutunneille saakka. Tulevan kes\u00e4n tarjonta p\u00e4ivitet\u00e4\u00e4n my\u00f6hemmin.<\/p>\n<p><strong>Kestikievari\u00a0<\/strong>Avoinna klo 10\u201303.30 Musiikkia, tanssia, juomia ja soppatykki festivaalialueen teltassa Pelimannitorin portin kupeessa.<\/p>\n<p><strong>Festivaalipuiston myyntipisteet<\/strong> Festivaalipuistosta l\u00f6ytyy Juhlapihan basaarin viereinen ruokakuja, joista l\u00f6yd\u00e4t monenlaista sy\u00f6t\u00e4v\u00e4\u00e4 pikkutunneille saakka. Myyntipisteiden tiedot p\u00e4ivitet\u00e4\u00e4n kes\u00e4kuussa.<\/p>\n<p><strong>Kahvila Fiuli<\/strong>\u00a0Viihtyis\u00e4 kahvila Kansantaiteenkeskuksessa. Kahvia, virvokkeita, sek\u00e4 leivoksia &amp; herkkuja, niin suolaisia kuin makeitakin.<\/p>\n<\/div>\n<p>[\/et_pb_text][\/et_pb_column][\/et_pb_row][et_pb_row _builder_version=&#8221;4.6.6&#8243; _module_preset=&#8221;default&#8221;][et_pb_column type=&#8221;4_4&#8243; _builder_version=&#8221;4.6.6&#8243; _module_preset=&#8221;default&#8221;][et_pb_text _builder_version=&#8221;4.6.6&#8243; _module_preset=&#8221;default&#8221;]<\/p>\n<h2><\/h2>\n<p>[\/et_pb_text][\/et_pb_column][\/et_pb_row][\/et_pb_section]<\/p>\n","protected":false},"excerpt":{"rendered":"<p>[et_pb_section fb_built=&#8221;1&#8243; _builder_version=&#8221;3.22&#8243;][et_pb_row column_structure=&#8221;1_4,3_4&#8243; _builder_version=&#8221;3.25&#8243; background_size=&#8221;initial&#8221; background_position=&#8221;top_left&#8221; background_repeat=&#8221;repeat&#8221;][et_pb_column type=&#8221;1_4&#8243; _builder_version=&#8221;3.25&#8243; custom_padding=&#8221;|||&#8221; custom_padding__hover=&#8221;|||&#8221;][et_pb_sidebar area=&#8221;sidebar-6&#8243; _builder_version=&#8221;4.6.6&#8243; _module_preset=&#8221;default&#8221; hover_enabled=&#8221;0&#8243; sticky_enabled=&#8221;0&#8243;][\/et_pb_sidebar][\/et_pb_column][et_pb_column type=&#8221;3_4&#8243; _builder_version=&#8221;3.25&#8243; custom_padding=&#8221;|||&#8221; custom_padding__hover=&#8221;|||&#8221;][et_pb_text _builder_version=&#8221;4.6.6&#8243; background_size=&#8221;initial&#8221; background_position=&#8221;top_left&#8221; background_repeat=&#8221;repeat&#8221; custom_padding=&#8221;0px||1px|||&#8221; link_option_url_new_window=&#8221;on&#8221;] Ravintolapalvelut ja kaffilat Tulukaa sy\u00f6mh\u00e4n! Muutokset mahdollisia Festivaaliravintola\u00a0Avoinna 8.00-20.00. Runsas aamiainen tarjolla ma-su klo 8.00-10.00, t\u00f6rki\u00e4n hyv\u00e4\u00e4 kotiruokaa noutop\u00f6yd\u00e4st\u00e4 ma-la klo 11.00-20.00. Viikon ruokalista ilmoitetaan l\u00e4hemp\u00e4n\u00e4 festivaalia t\u00e4ll\u00e4 [&hellip;]<\/p>\n","protected":false},"author":25,"featured_media":0,"parent":0,"menu_order":0,"comment_status":"closed","ping_status":"closed","template":"","meta":{"_et_pb_use_builder":"on","_et_pb_old_content":"","_et_gb_content_width":"","footnotes":""},"class_list":["post-46246","page","type-page","status-publish","hentry"],"yoast_head":"<!-- This site is optimized with the Yoast SEO plugin v27.4 - https:\/\/yoast.com\/product\/yoast-seo-wordpress\/ -->\n<title>Ravintolapalvelut ja kaffilat - Kaustinen Folk Music Festival<\/title>\n<meta name=\"robots\" content=\"index, follow, max-snippet:-1, max-image-preview:large, max-video-preview:-1\" \/>\n<link rel=\"canonical\" href=\"https:\/\/kaustinen.net\/en\/restaurant-services-and-cafes\/\" \/>\n<meta property=\"og:locale\" content=\"en_GB\" \/>\n<meta property=\"og:type\" content=\"article\" \/>\n<meta property=\"og:title\" content=\"Ravintolapalvelut ja kaffilat - Kaustinen Folk Music Festival\" \/>\n<meta property=\"og:description\" content=\"[et_pb_section fb_built=&#8221;1&#8243; _builder_version=&#8221;3.22&#8243;][et_pb_row column_structure=&#8221;1_4,3_4&#8243; _builder_version=&#8221;3.25&#8243; background_size=&#8221;initial&#8221; background_position=&#8221;top_left&#8221; background_repeat=&#8221;repeat&#8221;][et_pb_column type=&#8221;1_4&#8243; _builder_version=&#8221;3.25&#8243; custom_padding=&#8221;|||&#8221; custom_padding__hover=&#8221;|||&#8221;][et_pb_sidebar area=&#8221;sidebar-6&#8243; _builder_version=&#8221;4.6.6&#8243; _module_preset=&#8221;default&#8221; hover_enabled=&#8221;0&#8243; sticky_enabled=&#8221;0&#8243;][\/et_pb_sidebar][\/et_pb_column][et_pb_column type=&#8221;3_4&#8243; _builder_version=&#8221;3.25&#8243; custom_padding=&#8221;|||&#8221; custom_padding__hover=&#8221;|||&#8221;][et_pb_text _builder_version=&#8221;4.6.6&#8243; background_size=&#8221;initial&#8221; background_position=&#8221;top_left&#8221; background_repeat=&#8221;repeat&#8221; custom_padding=&#8221;0px||1px|||&#8221; link_option_url_new_window=&#8221;on&#8221;] Ravintolapalvelut ja kaffilat Tulukaa sy\u00f6mh\u00e4n! Muutokset mahdollisia Festivaaliravintola\u00a0Avoinna 8.00-20.00. Runsas aamiainen tarjolla ma-su klo 8.00-10.00, t\u00f6rki\u00e4n hyv\u00e4\u00e4 kotiruokaa noutop\u00f6yd\u00e4st\u00e4 ma-la klo 11.00-20.00. Viikon ruokalista ilmoitetaan l\u00e4hemp\u00e4n\u00e4 festivaalia t\u00e4ll\u00e4 [&hellip;]\" \/>\n<meta property=\"og:url\" content=\"https:\/\/kaustinen.net\/en\/restaurant-services-and-cafes\/\" \/>\n<meta property=\"og:site_name\" content=\"Kaustinen Folk Music Festival\" \/>\n<meta property=\"article:modified_time\" content=\"2026-03-05T12:47:32+00:00\" \/>\n<meta name=\"twitter:card\" content=\"summary_large_image\" \/>\n<meta name=\"twitter:label1\" content=\"Estimated reading time\" \/>\n\t<meta name=\"twitter:data1\" content=\"1 minute\" \/>\n<script type=\"application\/ld+json\" class=\"yoast-schema-graph\">{\"@context\":\"https:\\\/\\\/schema.org\",\"@graph\":[{\"@type\":\"WebPage\",\"@id\":\"https:\\\/\\\/kaustinen.net\\\/ravintolapalvelut-ja-kaffilat\\\/\",\"url\":\"https:\\\/\\\/kaustinen.net\\\/ravintolapalvelut-ja-kaffilat\\\/\",\"name\":\"Ravintolapalvelut ja kaffilat - Kaustinen Folk Music Festival\",\"isPartOf\":{\"@id\":\"https:\\\/\\\/kaustinen.net\\\/sv\\\/#website\"},\"datePublished\":\"2026-01-28T11:59:15+00:00\",\"dateModified\":\"2026-03-05T12:47:32+00:00\",\"breadcrumb\":{\"@id\":\"https:\\\/\\\/kaustinen.net\\\/ravintolapalvelut-ja-kaffilat\\\/#breadcrumb\"},\"inLanguage\":\"en-GB\",\"potentialAction\":[{\"@type\":\"ReadAction\",\"target\":[\"https:\\\/\\\/kaustinen.net\\\/ravintolapalvelut-ja-kaffilat\\\/\"]}]},{\"@type\":\"BreadcrumbList\",\"@id\":\"https:\\\/\\\/kaustinen.net\\\/ravintolapalvelut-ja-kaffilat\\\/#breadcrumb\",\"itemListElement\":[{\"@type\":\"ListItem\",\"position\":1,\"name\":\"Home\",\"item\":\"https:\\\/\\\/kaustinen.net\\\/\"},{\"@type\":\"ListItem\",\"position\":2,\"name\":\"Ravintolapalvelut ja kaffilat\"}]},{\"@type\":\"WebSite\",\"@id\":\"https:\\\/\\\/kaustinen.net\\\/sv\\\/#website\",\"url\":\"https:\\\/\\\/kaustinen.net\\\/sv\\\/\",\"name\":\"Kaustinen Folk Music Festival\",\"description\":\"Kes\u00e4n onnellisimmat p\u00e4iv\u00e4t\",\"potentialAction\":[{\"@type\":\"SearchAction\",\"target\":{\"@type\":\"EntryPoint\",\"urlTemplate\":\"https:\\\/\\\/kaustinen.net\\\/sv\\\/?s={search_term_string}\"},\"query-input\":{\"@type\":\"PropertyValueSpecification\",\"valueRequired\":true,\"valueName\":\"search_term_string\"}}],\"inLanguage\":\"en-GB\"}]}<\/script>\n<!-- \/ Yoast SEO plugin. -->","yoast_head_json":{"title":"Restaurant services and caf\u00e9s - Kaustinen Folk Music Festival","robots":{"index":"index","follow":"follow","max-snippet":"max-snippet:-1","max-image-preview":"max-image-preview:large","max-video-preview":"max-video-preview:-1"},"canonical":"https:\/\/kaustinen.net\/en\/restaurant-services-and-cafes\/","og_locale":"en_GB","og_type":"article","og_title":"Ravintolapalvelut ja kaffilat - Kaustinen Folk Music Festival","og_description":"[et_pb_section fb_built=&#8221;1&#8243; _builder_version=&#8221;3.22&#8243;][et_pb_row column_structure=&#8221;1_4,3_4&#8243; _builder_version=&#8221;3.25&#8243; background_size=&#8221;initial&#8221; background_position=&#8221;top_left&#8221; background_repeat=&#8221;repeat&#8221;][et_pb_column type=&#8221;1_4&#8243; _builder_version=&#8221;3.25&#8243; custom_padding=&#8221;|||&#8221; custom_padding__hover=&#8221;|||&#8221;][et_pb_sidebar area=&#8221;sidebar-6&#8243; _builder_version=&#8221;4.6.6&#8243; _module_preset=&#8221;default&#8221; hover_enabled=&#8221;0&#8243; sticky_enabled=&#8221;0&#8243;][\/et_pb_sidebar][\/et_pb_column][et_pb_column type=&#8221;3_4&#8243; _builder_version=&#8221;3.25&#8243; custom_padding=&#8221;|||&#8221; custom_padding__hover=&#8221;|||&#8221;][et_pb_text _builder_version=&#8221;4.6.6&#8243; background_size=&#8221;initial&#8221; background_position=&#8221;top_left&#8221; background_repeat=&#8221;repeat&#8221; custom_padding=&#8221;0px||1px|||&#8221; link_option_url_new_window=&#8221;on&#8221;] Ravintolapalvelut ja kaffilat Tulukaa sy\u00f6mh\u00e4n! Muutokset mahdollisia Festivaaliravintola\u00a0Avoinna 8.00-20.00. Runsas aamiainen tarjolla ma-su klo 8.00-10.00, t\u00f6rki\u00e4n hyv\u00e4\u00e4 kotiruokaa noutop\u00f6yd\u00e4st\u00e4 ma-la klo 11.00-20.00. Viikon ruokalista ilmoitetaan l\u00e4hemp\u00e4n\u00e4 festivaalia t\u00e4ll\u00e4 [&hellip;]","og_url":"https:\/\/kaustinen.net\/en\/restaurant-services-and-cafes\/","og_site_name":"Kaustinen Folk Music Festival","article_modified_time":"2026-03-05T12:47:32+00:00","twitter_card":"summary_large_image","twitter_misc":{"Estimated reading time":"1 minute"},"schema":{"@context":"https:\/\/schema.org","@graph":[{"@type":"WebPage","@id":"https:\/\/kaustinen.net\/ravintolapalvelut-ja-kaffilat\/","url":"https:\/\/kaustinen.net\/ravintolapalvelut-ja-kaffilat\/","name":"Restaurant services and caf\u00e9s - Kaustinen Folk Music Festival","isPartOf":{"@id":"https:\/\/kaustinen.net\/sv\/#website"},"datePublished":"2026-01-28T11:59:15+00:00","dateModified":"2026-03-05T12:47:32+00:00","breadcrumb":{"@id":"https:\/\/kaustinen.net\/ravintolapalvelut-ja-kaffilat\/#breadcrumb"},"inLanguage":"en-GB","potentialAction":[{"@type":"ReadAction","target":["https:\/\/kaustinen.net\/ravintolapalvelut-ja-kaffilat\/"]}]},{"@type":"BreadcrumbList","@id":"https:\/\/kaustinen.net\/ravintolapalvelut-ja-kaffilat\/#breadcrumb","itemListElement":[{"@type":"ListItem","position":1,"name":"Home","item":"https:\/\/kaustinen.net\/"},{"@type":"ListItem","position":2,"name":"Ravintolapalvelut ja kaffilat"}]},{"@type":"WebSite","@id":"https:\/\/kaustinen.net\/sv\/#website","url":"https:\/\/kaustinen.net\/sv\/","name":"Kaustinen Folk Music Festival","description":"Happiest Days of Summer","potentialAction":[{"@type":"SearchAction","target":{"@type":"EntryPoint","urlTemplate":"https:\/\/kaustinen.net\/sv\/?s={search_term_string}"},"query-input":{"@type":"PropertyValueSpecification","valueRequired":true,"valueName":"search_term_string"}}],"inLanguage":"en-GB"}]}},"jetpack_sharing_enabled":true,"_links":{"self":[{"href":"https:\/\/kaustinen.net\/en\/wp-json\/wp\/v2\/pages\/46246","targetHints":{"allow":["GET"]}}],"collection":[{"href":"https:\/\/kaustinen.net\/en\/wp-json\/wp\/v2\/pages"}],"about":[{"href":"https:\/\/kaustinen.net\/en\/wp-json\/wp\/v2\/types\/page"}],"author":[{"embeddable":true,"href":"https:\/\/kaustinen.net\/en\/wp-json\/wp\/v2\/users\/25"}],"replies":[{"embeddable":true,"href":"https:\/\/kaustinen.net\/en\/wp-json\/wp\/v2\/comments?post=46246"}],"version-history":[{"count":3,"href":"https:\/\/kaustinen.net\/en\/wp-json\/wp\/v2\/pages\/46246\/revisions"}],"predecessor-version":[{"id":46354,"href":"https:\/\/kaustinen.net\/en\/wp-json\/wp\/v2\/pages\/46246\/revisions\/46354"}],"wp:attachment":[{"href":"https:\/\/kaustinen.net\/en\/wp-json\/wp\/v2\/media?parent=46246"}],"curies":[{"name":"wp","href":"https:\/\/api.w.org\/{rel}","templated":true}]}}