{"id":46208,"date":"2026-01-28T09:30:08","date_gmt":"2026-01-28T07:30:08","guid":{"rendered":"https:\/\/kaustinen.net\/?page_id=46208"},"modified":"2026-01-28T09:40:56","modified_gmt":"2026-01-28T07:40:56","slug":"elintarvikkeiden-myynti-kaustisen-kansanmusiikkijuhlilla-2026","status":"publish","type":"page","link":"https:\/\/kaustinen.net\/en\/elintarvikkeiden-myynti-kaustisen-kansanmusiikkijuhlilla-2026\/","title":{"rendered":"Elintarvikkeiden myynti Kaustisen kansanmusiikkijuhlilla 2026"},"content":{"rendered":"<p>[et_pb_section fb_built=&#8221;1&#8243; _builder_version=&#8221;4.6.6&#8243; _module_preset=&#8221;default&#8221;][et_pb_row column_structure=&#8221;1_4,3_4&#8243; _builder_version=&#8221;4.6.6&#8243; _module_preset=&#8221;default&#8221;][et_pb_column type=&#8221;1_4&#8243; _builder_version=&#8221;4.6.6&#8243; _module_preset=&#8221;default&#8221;][et_pb_sidebar area=&#8221;et_pb_widget_area_1&#8243; _builder_version=&#8221;4.6.6&#8243; _module_preset=&#8221;default&#8221;][\/et_pb_sidebar][\/et_pb_column][et_pb_column type=&#8221;3_4&#8243; _builder_version=&#8221;4.6.6&#8243; _module_preset=&#8221;default&#8221;][et_pb_text _builder_version=&#8221;4.6.6&#8243; _module_preset=&#8221;default&#8221; custom_padding=&#8221;||0px|||&#8221; hover_enabled=&#8221;0&#8243; sticky_enabled=&#8221;0&#8243;]<\/p>\n<h2>Elintarvikkeiden myynti Kaustisen kansanmusiikkijuhlilla 2026<\/h2>\n<p><span data-contrast=\"auto\">Kaustisen 59. kansanmusiikkijuhlien elintarvikemyyntipaikkoja haetaan s\u00e4hk\u00f6isell\u00e4 hakulomakkeella:<a href=\"https:\/\/gest.fi\/customers\/chfaei\/9381\" target=\"_blank\" rel=\"noopener noreferrer\" title=\"Elintarvikemyynnin hakulomake 2026\">\u00a0<\/a><\/span><a href=\"https:\/\/gest.fi\/customers\/chfaei\/9381\" target=\"_blank\" rel=\"noopener noreferrer\" title=\"Elintarvikemyynnin hakulomake 2026\"><span data-contrast=\"none\">Elintarvikemyynnin hakulomake<\/span><\/a><span data-contrast=\"auto\">.\u00a0Huomioithan, ett\u00e4 valitsemme myyj\u00e4t hakemusten perusteella. Hakuaika p\u00e4\u00e4ttyy 31.3.2026\u00a0ja valinnat\u00a0tehd\u00e4\u00e4n\u00a0huhtikuun aikana.<\/span><span data-ccp-props=\"{}\">\u00a0<\/span><\/p>\n<p>&nbsp;<\/p>\n<p><span data-contrast=\"auto\">Painotamme valinnoissamme festivaalimme luonteeseen sopivia toimijoita ja tuotteita sek\u00e4 asiakkaan n\u00e4k\u00f6kulmasta monipuolista ja laadukasta tarjontaa. Valitsemme myyj\u00e4t siten, ett\u00e4 valikoimat eiv\u00e4t kilpaile kesken\u00e4\u00e4n, vaan muodostavat laajan kattauksen.\u00a0<\/span><span data-ccp-props=\"{}\">\u00a0<\/span><\/p>\n<p><span data-contrast=\"auto\">Myyntipisteell\u00e4 tulee olla tarjolla v\u00e4hint\u00e4\u00e4n yksi kasvis- tai vegaaninen vaihtoehto tai muu selke\u00e4 vastuullinen valinta (esim. l\u00e4hiruoka,\u00a0sesonkiraaka-aineet).<\/span><span data-ccp-props=\"{}\">\u00a0<\/span><\/p>\n<p><span data-contrast=\"auto\">Lis\u00e4ksi toivomme kaikilta elintarvikemyyjilt\u00e4mme ymp\u00e4rist\u00f6n\u00e4k\u00f6kulmien huomioimista ja kierr\u00e4tyst\u00e4.\u00a0Myyntipisteiss\u00e4 k\u00e4ytett\u00e4vien kertak\u00e4ytt\u00f6astioiden ja -pakkausten tulee olla biohajoavia, kierr\u00e4tett\u00e4vi\u00e4 tai uudelleenk\u00e4ytett\u00e4vi\u00e4.<\/span><span data-ccp-props=\"{}\">\u00a0<\/span><\/p>\n<p><strong>Festivaalialueella on haettavissa seuraavia myyntipaikkoja:<\/strong><\/p>\n<p>Ruokamyyntipaikkoja<br \/> Kahvilapaikkoja<br \/> Makeismyyntipaikkoja<br \/> J\u00e4\u00e4tel\u00f6nmyyntipaikkoja<\/p>\n<p><strong>HINNASTO<\/strong><br \/> Alla myyntipaikkojen hinnastot yll\u00e4 olevien luokkien mukaisesti. Myyntipaikkojen sijainnit saattavat l\u00e4hialueen muutosten vuoksi muuttua. Kaikki hinnat per myyntipaikka.<\/p>\n<p><strong>RUOKAMYYNTIPAIKAT<\/strong><\/p>\n<p><span data-contrast=\"auto\">Kahden puolen Juhlapihan basaaritelttaa, festivaaliareenan laidalla ja Juhlapihan puolella.<\/span><span data-ccp-props=\"{}\">\u00a0<\/span><\/p>\n<p><span data-contrast=\"auto\">Paikat vedell\u00e4 ja viem\u00e4r\u00f6innill\u00e4 (Areenan puolen ruokakuja)\u00a0<strong>3 990 \u20ac + alv 25,5 %<\/strong><\/span><strong><i>\u00a0<\/i>\u00a0<\/strong><\/p>\n<p><span data-contrast=\"auto\">Paikat kantovedell\u00e4- ja viem\u00e4r\u00f6innill\u00e4 (Juhlapihan puoli)\u00a0<strong>3 780 \u20ac + alv 25,5 %<\/strong><\/span><strong><i>\u00a0<\/i>\u00a0<\/strong><span data-ccp-props=\"{}\">\u00a0<\/span><\/p>\n<p><span data-contrast=\"auto\">Hinta sis\u00e4lt\u00e4\u00e4 myyntipaikan koko festivaalin ajaksi, s\u00e4hk\u00f6n ja veden sek\u00e4 n\u00e4ytteilleasettajakortit myyntipisteen ty\u00f6ntekij\u00f6ille.<\/span><span data-ccp-props=\"{}\">\u00a0<\/span><\/p>\n<p><strong>MAKEISMYYNTIPAIKKA<\/strong><\/p>\n<p><span data-contrast=\"auto\">Juhlapihalla tai\u00a0neuvoteltavissa.<\/span><span data-ccp-props=\"{}\">\u00a0<\/span><\/p>\n<p><span data-contrast=\"auto\"><strong>3 300 \u20ac<\/strong> + alv 25,5 %\u00a0<\/span><span data-ccp-props=\"{}\">\u00a0<\/span><\/p>\n<p><span data-contrast=\"auto\">Hinta sis\u00e4lt\u00e4\u00e4 myyntipaikan koko festivaalin ajaksi,\u00a0n\u00e4ytteilleasettajakortit myyntipisteen ty\u00f6ntekij\u00f6ille\u00a0sek\u00e4\u00a0tarvittaessa s\u00e4hk\u00f6n ja\u00a0kantoveden.<\/span><span data-ccp-props=\"{}\">\u00a0<\/span><\/p>\n<p><strong>J\u00c4\u00c4TEL\u00d6NMYYNTIPAIKAT<\/strong><\/p>\n<p><span data-contrast=\"auto\">Areenan Ruokakujan p\u00e4\u00e4ss\u00e4, Pelimannitalon rinteess\u00e4 ja \/ tai Juhlapihalla<\/span><span data-ccp-props=\"{}\">\u00a0<\/span><\/p>\n<p><span data-contrast=\"auto\">Paikkahinta <strong>1 785 \u20ac<\/strong> + alv 25,5 %\u00a0<\/span><span data-ccp-props=\"{}\">\u00a0<\/span><\/p>\n<p><span data-contrast=\"auto\">Hinta sis\u00e4lt\u00e4\u00e4 myyntipaikan koko festivaalin ajaksi, s\u00e4hk\u00f6n ja\u00a0kantoveden sek\u00e4 n\u00e4ytteilleasettajakortit myyntipisteen ty\u00f6ntekij\u00f6ille.<\/span><span data-ccp-props=\"{}\">\u00a0<\/span><\/p>\n<p><span data-ccp-props=\"{}\">\u00a0<\/span><\/p>\n<p><strong>KAHVILAMYYNTIPAIKKA<\/strong><\/p>\n<p><span data-contrast=\"auto\">Sijainti Caf\u00e9 Mondon taus tai neuvoteltavissa.<\/span><span data-ccp-props=\"{}\">\u00a0<\/span><\/p>\n<p><span data-contrast=\"auto\"><strong>1 785 \u20ac<\/strong> + alv 25,5 %\u00a0<\/span><span data-ccp-props=\"{}\">\u00a0<\/span><\/p>\n<p><span data-contrast=\"auto\">Hinta sis\u00e4lt\u00e4\u00e4 myyntipaikan koko festivaalin ajaksi, s\u00e4hk\u00f6n ja veden sek\u00e4 n\u00e4ytteilleasettajakortit myyntipisteen ty\u00f6ntekij\u00f6ille.<\/span><span data-ccp-props=\"{}\">\u00a0<\/span><\/p>\n<p><span data-ccp-props=\"{}\"><\/span><\/p>\n<p><strong>YLEISET SOPIMUSEHDOT<\/strong><\/p>\n<p><strong>Sopimuksen allekirjoittaminen:\u00a0<\/strong><\/p>\n<p><span data-contrast=\"auto\">Myyntipaikkasopimus\u00a0l\u00e4hetet\u00e4\u00e4n\u00a0valituille toimijoille\u00a0huhtikuun\u00a0lopussa\u00a0ja\u00a0se\u00a0allekirjoitetaan s\u00e4hk\u00f6isesti vahvalla tunnistautumisella\u00a017.5.2026\u00a0menness\u00e4.\u00a0Allekirjoittamattomat\u00a0myyntipaikkasopimukset\u00a0raukeavat\u00a0t\u00e4m\u00e4n j\u00e4lkeen.<\/span><span data-ccp-props=\"{}\">\u00a0<\/span><\/p>\n<p><strong>Maksuehdot:\u00a0<\/strong><\/p>\n<p><span data-contrast=\"auto\">Vuokrasta maksetaan laskua vastaan etuk\u00e4teen puolet\u00a031.5.2026\u00a0menness\u00e4 ja puolet 31.6.2026\u00a0menness\u00e4.\u00a0Ensimm\u00e4isen er\u00e4n laskut l\u00e4hetet\u00e4\u00e4n valituille toimijoille 18.5.2026, toisen er\u00e4n 15.6.2026.<\/span><span data-ccp-props=\"{}\">\u00a0<\/span><\/p>\n<p><strong>Peruutusehdot:\u00a0<\/strong><\/p>\n<p><span data-contrast=\"auto\">Myyntipaikan voi perua maksutta\u00a031.5.2026\u00a0menness\u00e4. Mik\u00e4li peruutus tehd\u00e4\u00e4n\u00a0sen\u00a0j\u00e4lkeen, viimeist\u00e4\u00e4n\u00a014.6.2026\u00a0menness\u00e4, veloitetaan vuokrasta 50 %. Peruutuksen tullessa 15.6.2026\u00a0tai my\u00f6hemmin veloitetaan vuokrasumma kokonaisuudessaan. Peruutuksesta tulee ilmoittaa kirjallisesti s\u00e4hk\u00f6postilla.<\/span><span data-ccp-props=\"{}\">\u00a0<\/span><\/p>\n<p><strong>Muut ehdot:\u00a0<\/strong><\/p>\n<p><span data-contrast=\"auto\">Vuokralainen sitoutuu myym\u00e4\u00e4n vain niit\u00e4 tuotteita, joita Pro Kaustinen ry:n kanssa on kirjallisesti sovittu.\u00a0Pro Kaustisella on oikeus est\u00e4\u00e4\u00a0sopimuksen ulkopuolisten tuotteiden myynti.<\/span><span data-ccp-props=\"{}\">\u00a0<\/span><\/p>\n<p><span data-contrast=\"auto\">Vuokralainen sitoutuu noudattamaan vuokranantajan osoittamaa myyntipaikkaa. Vuokralaisen on ilmoitettava saapumisestaan etuk\u00e4teen vuokranantajalle. Myyntipaikkaa ei saa pystytt\u00e4\u00e4 ilman vuokranantajan lupaa.<\/span><span data-ccp-props=\"{}\">\u00a0<\/span><\/p>\n<p><span data-contrast=\"auto\">Myyntipisteess\u00e4 on oltava korttimaksumahdollisuus.\u00a0K\u00e4teismyynti\u00a0ainoana maksutapana\u00a0ei ole sallittu.\u00a0<\/span><span data-ccp-props=\"{}\">\u00a0<\/span><\/p>\n<p><span data-contrast=\"auto\">Pro Kaustinen ry:ll\u00e4 on oikeus tarvittaessa pyyt\u00e4\u00e4 liikevaihtotiedot tapahtuman ajalta\u00a0kokonaisvaikuttavuuslaskelmaa varten.\u00a0Liikevaihtotiedot k\u00e4sitell\u00e4\u00e4n luottamuksellisesti ja nimett\u00f6min\u00e4.<\/span><span data-ccp-props=\"{}\">\u00a0<\/span><\/p>\n<p><span data-contrast=\"auto\">Vuokralainen sitoutuu j\u00e4rjest\u00e4m\u00e4\u00e4n myyntipaikkansa hakemuksessa m\u00e4\u00e4ritellyn kokoisena (p\u00e4\u00e4s\u00e4\u00e4nt\u00f6isesti\u00a04 m x 8 m, tai sopimuksen mukaan), ellei etuk\u00e4teen kirjallisesti toisin sovita. Mik\u00e4li myyntipaikan koko on sovittua suurempi, vuokranantajalla on oikeus purkaa myyntipaikkasopimus ilman korvausvelvoitetta ja poistaa myyntipiste festivaalialueelta.\u00a0<\/span><span data-ccp-props=\"{}\">\u00a0<\/span><\/p>\n<p><span data-contrast=\"auto\">Myyntipaikka sis\u00e4lt\u00e4\u00e4 s\u00e4hk\u00f6n ja veden sopimuksen mukaisesti. Myyj\u00e4 tuo itse paikalle tarvitsemansa teltta- ja lattiarakenteet.\u00a0Myyntiteltat on pystytett\u00e4v\u00e4 ja ankkuroitava Turvallisuus- ja kemikaaliviraston\u00a0ohjeita noudattaen.<\/span><span data-ccp-props=\"{}\">\u00a0<\/span><\/p>\n<p><span data-contrast=\"auto\">Vuokra-aika on 6 p\u00e4iv\u00e4\u00e4: ma-la\u00a013.-18.7.2026. Sunnuntaina 19.7. ei alueella ole ohjelmaa.\u00a0Emme vuokraa\u00a0myyntipaikkoja lyhyemm\u00e4lle ajalle.\u00a0Ma\u00a013.7. festivaalialue\u00a0avataan klo 15.\u00a0Alueella j\u00e4rjestet\u00e4\u00e4n\u00a0maanantaina\u00a0viranomaiskierros\u00a0klo\u00a09\u201310,\u00a0jolloin myyntipisteiden rakenteiden on oltava valmiina.\u00a0Pelastus- ja terveysviranomaiset\u00a0tarkastavat\u00a0tuolloin\u00a0kohteet ja esitt\u00e4v\u00e4t\u00a0tarvittaessa lis\u00e4kysymyksi\u00e4, joten toimijoiden\u00a0vastuuhenkil\u00f6iden\u00a0tulee olla tuona aikana\u00a0tavoitettavissa\u00a0myyntipisteiss\u00e4\u00e4n.\u00a0Kierroksen\u00a0aikana alueella ei saa olla ylim\u00e4\u00e4r\u00e4isi\u00e4 ajoneuvoja. Muina p\u00e4ivin\u00e4 festivaali avataan klo 10 ja myyntipisteiden tulee olla avoinna klo 12 menness\u00e4. Ohjelma p\u00e4\u00e4ttyy p\u00e4ivitt\u00e4in klo 03.00, mutta myyjill\u00e4 on oikeus halutessaan pit\u00e4\u00e4 myyntipisteit\u00e4\u00e4n auki pidemp\u00e4\u00e4nkin.<\/span><span data-ccp-props=\"{}\">\u00a0<\/span><\/p>\n<p><span data-contrast=\"auto\">Alueella on festivaaliorganisaation puolesta kiert\u00e4v\u00e4\u00a0y\u00f6vartiointi, mutta ei jatkuvaa valvontaa; myyj\u00e4t ovat itse vastuussa omaisuudestaan ja myyntipisteest\u00e4\u00e4n sek\u00e4 myyntiaikana ett\u00e4 sen ulkopuolella.<\/span><span data-ccp-props=\"{}\">\u00a0<\/span><\/p>\n<p><span data-contrast=\"auto\">Vuokralaisella ei ole oikeutta sopia tuotevalmistajien n\u00e4kyvyydest\u00e4 festivaaleilla ilman erillist\u00e4 sopimusta vuokranantajan kanssa.<\/span><span data-ccp-props=\"{}\">\u00a0<\/span><\/p>\n<p><span data-contrast=\"auto\">Vuokralainen vastaa tarvittavista viranomaisilmoituksista ja valvontasuunnitelmien laadinnasta.<\/span><span data-ccp-props=\"{}\">\u00a0<\/span><span data-ccp-props=\"{}\">\u00a0<\/span><\/p>\n<p><span data-contrast=\"auto\">Vuokranantaja luovuttaa vuokralaiselle henkil\u00f6kohtaisia n\u00e4ytteilleasettajakortteja vuokralaisen esitt\u00e4m\u00e4n listan perusteella oman harkintansa mukaan.\u00a0Nimilistat toimitetaan\u00a0Pro Kaustinen ry:lle\u00a014.6.2026 menness\u00e4.\u00a015.6. j\u00e4lkeen l\u00e4hetetyist\u00e4 nimitiedoista\u00a0veloitetaan \u00e1 100 \u20ac (+alv 13,5 %)\u00a0per n\u00e4ytteilleasettajakortti.\u00a0N\u00e4ytteilleasettajakortit ovat henkil\u00f6kohtaisia. Niit\u00e4 ei saa luovuttaa toiselle henkil\u00f6lle.<\/span><span data-ccp-props=\"{}\">\u00a0<\/span><\/p>\n<p><span data-contrast=\"auto\">Vuokranantajalla on oikeus promootiotarkoitusta varten valokuvata myyntipisteit\u00e4 ja k\u00e4ytt\u00e4\u00e4 n\u00e4it\u00e4 valokuvia omassa markkinoinnissaan parhaaksi katsomallaan tavalla.<\/span><span data-ccp-props=\"{}\">\u00a0<\/span><span data-ccp-props=\"{}\">\u00a0<\/span><\/p>\n<p><span data-contrast=\"auto\">Mik\u00e4li vuokralainen ei noudata sopimuksen ehtoja, on vuokranantajalla oikeus purkaa sopimus\u00a0ilman korvausvelvoitetta\u00a0ja poistaa\u00a0myyntipaikka alueelta.\u00a0Jos\u00a0vuokralainen ei\u00a0allekirjoita sopimusta tai\u00a0suorita etuk\u00e4teisvuokraa er\u00e4p\u00e4iv\u00e4\u00e4n menness\u00e4, vuokranantajalla on oikeus osoittaa myyntipaikka toiselle\u00a0toimijalle.<\/span><span data-ccp-props=\"{}\">\u00a0<\/span><\/p>\n<p><span data-contrast=\"auto\">Oman\u00a0taustamusiikin\u00a0soitto myyntipisteill\u00e4 ei ole sallittua.\u00a0<\/span><span data-ccp-props=\"{}\">\u00a0<\/span><\/p>\n<p><span data-contrast=\"auto\">Mahdolliset erimielisyydet pyrit\u00e4\u00e4n ratkaisemaan yhteisymm\u00e4rryksess\u00e4 neuvottelemalla.<\/span><span data-ccp-props=\"{}\">\u00a0<\/span><\/p>\n<p><span data-contrast=\"auto\">Mahdolliset oikeusriidat ratkotaan Pohjanmaan k\u00e4r\u00e4j\u00e4oikeudessa Suomen lakien mukaan.<\/span><span data-ccp-props=\"{}\">\u00a0<\/span><\/p>\n<p>[\/et_pb_text][\/et_pb_column][\/et_pb_row][\/et_pb_section]<\/p>\n","protected":false},"excerpt":{"rendered":"<p>Kaustisen 59. kansanmusiikkijuhlien elintarvikemyyntipaikkoja haetaan s\u00e4hk\u00f6isell\u00e4 hakulomakkeella. Huomioi, ett\u00e4 valitsemme myyj\u00e4t hakemusten perusteella. Hakuaika p\u00e4\u00e4ttyy 31.3.2026 ja valinnat tehd\u00e4\u00e4n huhtikuun aikana. <\/p>","protected":false},"author":25,"featured_media":0,"parent":0,"menu_order":0,"comment_status":"closed","ping_status":"closed","template":"","meta":{"_et_pb_use_builder":"on","_et_pb_old_content":"","_et_gb_content_width":"","footnotes":""},"class_list":["post-46208","page","type-page","status-publish","hentry"],"yoast_head":"<!-- This site is optimized with the Yoast SEO plugin v27.4 - https:\/\/yoast.com\/product\/yoast-seo-wordpress\/ -->\n<title>Elintarvikkeiden myynti Kaustisen kansanmusiikkijuhlilla 2026 - Kaustinen Folk Music Festival<\/title>\n<meta name=\"robots\" content=\"index, follow, max-snippet:-1, max-image-preview:large, max-video-preview:-1\" \/>\n<link rel=\"canonical\" href=\"https:\/\/kaustinen.net\/en\/elintarvikkeiden-myynti-kaustisen-kansanmusiikkijuhlilla-2026\/\" \/>\n<meta property=\"og:locale\" content=\"en_GB\" \/>\n<meta property=\"og:type\" content=\"article\" \/>\n<meta property=\"og:title\" content=\"Elintarvikkeiden myynti Kaustisen kansanmusiikkijuhlilla 2026 - Kaustinen Folk Music Festival\" \/>\n<meta property=\"og:description\" content=\"Kaustisen 59. kansanmusiikkijuhlien elintarvikemyyntipaikkoja haetaan s\u00e4hk\u00f6isell\u00e4 hakulomakkeella. Huomioi, ett\u00e4 valitsemme myyj\u00e4t hakemusten perusteella. Hakuaika p\u00e4\u00e4ttyy 31.3.2026 ja valinnat tehd\u00e4\u00e4n huhtikuun aikana.\" \/>\n<meta property=\"og:url\" content=\"https:\/\/kaustinen.net\/en\/elintarvikkeiden-myynti-kaustisen-kansanmusiikkijuhlilla-2026\/\" \/>\n<meta property=\"og:site_name\" content=\"Kaustinen Folk Music Festival\" \/>\n<meta property=\"article:modified_time\" content=\"2026-01-28T07:40:56+00:00\" \/>\n<meta name=\"twitter:card\" content=\"summary_large_image\" \/>\n<meta name=\"twitter:label1\" content=\"Estimated reading time\" \/>\n\t<meta name=\"twitter:data1\" content=\"4 minutes\" \/>\n<script type=\"application\/ld+json\" class=\"yoast-schema-graph\">{\"@context\":\"https:\\\/\\\/schema.org\",\"@graph\":[{\"@type\":\"WebPage\",\"@id\":\"https:\\\/\\\/kaustinen.net\\\/elintarvikkeiden-myynti-kaustisen-kansanmusiikkijuhlilla-2026\\\/\",\"url\":\"https:\\\/\\\/kaustinen.net\\\/elintarvikkeiden-myynti-kaustisen-kansanmusiikkijuhlilla-2026\\\/\",\"name\":\"Elintarvikkeiden myynti Kaustisen kansanmusiikkijuhlilla 2026 - Kaustinen Folk Music Festival\",\"isPartOf\":{\"@id\":\"https:\\\/\\\/kaustinen.net\\\/sv\\\/#website\"},\"datePublished\":\"2026-01-28T07:30:08+00:00\",\"dateModified\":\"2026-01-28T07:40:56+00:00\",\"breadcrumb\":{\"@id\":\"https:\\\/\\\/kaustinen.net\\\/elintarvikkeiden-myynti-kaustisen-kansanmusiikkijuhlilla-2026\\\/#breadcrumb\"},\"inLanguage\":\"en-GB\",\"potentialAction\":[{\"@type\":\"ReadAction\",\"target\":[\"https:\\\/\\\/kaustinen.net\\\/elintarvikkeiden-myynti-kaustisen-kansanmusiikkijuhlilla-2026\\\/\"]}]},{\"@type\":\"BreadcrumbList\",\"@id\":\"https:\\\/\\\/kaustinen.net\\\/elintarvikkeiden-myynti-kaustisen-kansanmusiikkijuhlilla-2026\\\/#breadcrumb\",\"itemListElement\":[{\"@type\":\"ListItem\",\"position\":1,\"name\":\"Home\",\"item\":\"https:\\\/\\\/kaustinen.net\\\/\"},{\"@type\":\"ListItem\",\"position\":2,\"name\":\"Elintarvikkeiden myynti Kaustisen kansanmusiikkijuhlilla 2026\"}]},{\"@type\":\"WebSite\",\"@id\":\"https:\\\/\\\/kaustinen.net\\\/sv\\\/#website\",\"url\":\"https:\\\/\\\/kaustinen.net\\\/sv\\\/\",\"name\":\"Kaustinen Folk Music Festival\",\"description\":\"Kes\u00e4n onnellisimmat p\u00e4iv\u00e4t\",\"potentialAction\":[{\"@type\":\"SearchAction\",\"target\":{\"@type\":\"EntryPoint\",\"urlTemplate\":\"https:\\\/\\\/kaustinen.net\\\/sv\\\/?s={search_term_string}\"},\"query-input\":{\"@type\":\"PropertyValueSpecification\",\"valueRequired\":true,\"valueName\":\"search_term_string\"}}],\"inLanguage\":\"en-GB\"}]}<\/script>\n<!-- \/ Yoast SEO plugin. -->","yoast_head_json":{"title":"Elintarvikkeiden myynti Kaustisen kansanmusiikkijuhlilla 2026 - Kaustinen Folk Music Festival","robots":{"index":"index","follow":"follow","max-snippet":"max-snippet:-1","max-image-preview":"max-image-preview:large","max-video-preview":"max-video-preview:-1"},"canonical":"https:\/\/kaustinen.net\/en\/elintarvikkeiden-myynti-kaustisen-kansanmusiikkijuhlilla-2026\/","og_locale":"en_GB","og_type":"article","og_title":"Elintarvikkeiden myynti Kaustisen kansanmusiikkijuhlilla 2026 - Kaustinen Folk Music Festival","og_description":"Kaustisen 59. kansanmusiikkijuhlien elintarvikemyyntipaikkoja haetaan s\u00e4hk\u00f6isell\u00e4 hakulomakkeella. Huomioi, ett\u00e4 valitsemme myyj\u00e4t hakemusten perusteella. Hakuaika p\u00e4\u00e4ttyy 31.3.2026 ja valinnat tehd\u00e4\u00e4n huhtikuun aikana.","og_url":"https:\/\/kaustinen.net\/en\/elintarvikkeiden-myynti-kaustisen-kansanmusiikkijuhlilla-2026\/","og_site_name":"Kaustinen Folk Music Festival","article_modified_time":"2026-01-28T07:40:56+00:00","twitter_card":"summary_large_image","twitter_misc":{"Estimated reading time":"4 minutes"},"schema":{"@context":"https:\/\/schema.org","@graph":[{"@type":"WebPage","@id":"https:\/\/kaustinen.net\/elintarvikkeiden-myynti-kaustisen-kansanmusiikkijuhlilla-2026\/","url":"https:\/\/kaustinen.net\/elintarvikkeiden-myynti-kaustisen-kansanmusiikkijuhlilla-2026\/","name":"Elintarvikkeiden myynti Kaustisen kansanmusiikkijuhlilla 2026 - Kaustinen Folk Music Festival","isPartOf":{"@id":"https:\/\/kaustinen.net\/sv\/#website"},"datePublished":"2026-01-28T07:30:08+00:00","dateModified":"2026-01-28T07:40:56+00:00","breadcrumb":{"@id":"https:\/\/kaustinen.net\/elintarvikkeiden-myynti-kaustisen-kansanmusiikkijuhlilla-2026\/#breadcrumb"},"inLanguage":"en-GB","potentialAction":[{"@type":"ReadAction","target":["https:\/\/kaustinen.net\/elintarvikkeiden-myynti-kaustisen-kansanmusiikkijuhlilla-2026\/"]}]},{"@type":"BreadcrumbList","@id":"https:\/\/kaustinen.net\/elintarvikkeiden-myynti-kaustisen-kansanmusiikkijuhlilla-2026\/#breadcrumb","itemListElement":[{"@type":"ListItem","position":1,"name":"Home","item":"https:\/\/kaustinen.net\/"},{"@type":"ListItem","position":2,"name":"Elintarvikkeiden myynti Kaustisen kansanmusiikkijuhlilla 2026"}]},{"@type":"WebSite","@id":"https:\/\/kaustinen.net\/sv\/#website","url":"https:\/\/kaustinen.net\/sv\/","name":"Kaustinen Folk Music Festival","description":"Happiest Days of Summer","potentialAction":[{"@type":"SearchAction","target":{"@type":"EntryPoint","urlTemplate":"https:\/\/kaustinen.net\/sv\/?s={search_term_string}"},"query-input":{"@type":"PropertyValueSpecification","valueRequired":true,"valueName":"search_term_string"}}],"inLanguage":"en-GB"}]}},"jetpack_sharing_enabled":true,"_links":{"self":[{"href":"https:\/\/kaustinen.net\/en\/wp-json\/wp\/v2\/pages\/46208","targetHints":{"allow":["GET"]}}],"collection":[{"href":"https:\/\/kaustinen.net\/en\/wp-json\/wp\/v2\/pages"}],"about":[{"href":"https:\/\/kaustinen.net\/en\/wp-json\/wp\/v2\/types\/page"}],"author":[{"embeddable":true,"href":"https:\/\/kaustinen.net\/en\/wp-json\/wp\/v2\/users\/25"}],"replies":[{"embeddable":true,"href":"https:\/\/kaustinen.net\/en\/wp-json\/wp\/v2\/comments?post=46208"}],"version-history":[{"count":4,"href":"https:\/\/kaustinen.net\/en\/wp-json\/wp\/v2\/pages\/46208\/revisions"}],"predecessor-version":[{"id":46216,"href":"https:\/\/kaustinen.net\/en\/wp-json\/wp\/v2\/pages\/46208\/revisions\/46216"}],"wp:attachment":[{"href":"https:\/\/kaustinen.net\/en\/wp-json\/wp\/v2\/media?parent=46208"}],"curies":[{"name":"wp","href":"https:\/\/api.w.org\/{rel}","templated":true}]}}