{"id":45543,"date":"2025-06-13T14:17:25","date_gmt":"2025-06-13T11:17:25","guid":{"rendered":"https:\/\/kaustinen.net\/?page_id=45543"},"modified":"2025-06-26T16:56:27","modified_gmt":"2025-06-26T13:56:27","slug":"lasten-kaustinen-2","status":"publish","type":"page","link":"https:\/\/kaustinen.net\/en\/lasten-kaustinen-2\/","title":{"rendered":"Ohjelmaa siell\u00e4 t\u00e4\u00e4ll\u00e4"},"content":{"rendered":"<p>[et_pb_section fb_built=&#8221;1&#8243; _builder_version=&#8221;3.22&#8243;][et_pb_row column_structure=&#8221;1_4,3_4&#8243; _builder_version=&#8221;3.25&#8243; background_size=&#8221;initial&#8221; background_position=&#8221;top_left&#8221; background_repeat=&#8221;repeat&#8221;][et_pb_column type=&#8221;1_4&#8243; _builder_version=&#8221;3.25&#8243; custom_padding=&#8221;|||&#8221; custom_padding__hover=&#8221;|||&#8221;][et_pb_sidebar area=&#8221;et_pb_widget_area_1&#8243; _builder_version=&#8221;4.6.6&#8243; _module_preset=&#8221;default&#8221;][\/et_pb_sidebar][\/et_pb_column][et_pb_column type=&#8221;3_4&#8243; _builder_version=&#8221;3.25&#8243; custom_padding=&#8221;|||&#8221; custom_padding__hover=&#8221;|||&#8221;][et_pb_text _builder_version=&#8221;4.6.6&#8243; background_size=&#8221;initial&#8221; background_position=&#8221;top_left&#8221; background_repeat=&#8221;repeat&#8221; custom_padding=&#8221;0px||1px|||&#8221; link_option_url_new_window=&#8221;on&#8221;]<\/p>\n<h2><strong>Ohjelmaa siell\u00e4 t\u00e4\u00e4ll\u00e4<\/strong><strong>\u00a0<\/strong><\/h2>\n<p>&nbsp;<\/p>\n<p>Kaustisen kansanmusiikkijuhlat eiv\u00e4t rajoitu vain festivaalialueen porttien sis\u00e4puolelle. Ohjelma levitt\u00e4ytyy viikon aikana eri puolille kyl\u00e4\u00e4 ja sen l\u00e4hiymp\u00e4rist\u00f6\u00e4, tuoden el\u00e4myksi\u00e4 niin luontoon, yhteis\u00f6ihin kuin yll\u00e4tt\u00e4viin paikkoihin.<\/p>\n<p>Esimerkiksi luonnon helmassa j\u00e4rjestett\u00e4v\u00e4t suurkuorokonsertit viev\u00e4t osallistujat ainutlaatuisen tunnelman ja maisemien keskelle. Festivaalialueella puolestaan saattaa kohdata vaikkapa asuntovaunun, jossa toimii oma pieni festivaali festivaalin sis\u00e4ll\u00e4 t\u00e4ynn\u00e4 yll\u00e4tyksi\u00e4, esiintyji\u00e4 ja tunnelmaa. Lis\u00e4ksi ohjelmaa syntyy my\u00f6s kyl\u00e4n huoltoasemille, kauppoihin ja muihin kohtaamispaikkoihin (ks. Kaustinen k\u00e4y kyl\u00e4\u00e4n -ohjelma aikataulussa).<\/p>\n<p>N\u00e4m\u00e4 erilliset ohjelmakokonaisuudet rikastuttavat festivaaliviikon kokemusta ja kannustavat kulkemaan kyl\u00e4ll\u00e4 avoimin mielin, sill\u00e4 Kaustisella musiikki, tarinat ja yhteis\u00f6llisyys l\u00f6ytyv\u00e4t monista suunnista.<\/p>\n<h3><\/h3>\n<p>[\/et_pb_text][\/et_pb_column][\/et_pb_row][et_pb_row _builder_version=&#8221;4.6.6&#8243; _module_preset=&#8221;default&#8221;][et_pb_column type=&#8221;4_4&#8243; _builder_version=&#8221;4.6.6&#8243; _module_preset=&#8221;default&#8221;][et_pb_text _builder_version=&#8221;4.6.6&#8243; _module_preset=&#8221;default&#8221;]<\/p>\n<h2>Siell\u00e4 t\u00e4\u00e4ll\u00e4 -ohjelmaesittelyit\u00e4<\/h2>\n<p>[\/et_pb_text][\/et_pb_column][\/et_pb_row][et_pb_row column_structure=&#8221;1_2,1_2&#8243; _builder_version=&#8221;4.6.6&#8243; _module_preset=&#8221;default&#8221;][et_pb_column type=&#8221;1_2&#8243; _builder_version=&#8221;4.6.6&#8243; _module_preset=&#8221;default&#8221;][et_pb_image src=&#8221;https:\/\/kaustinen.net\/wp-content\/uploads\/2025\/06\/KAUSTINEN_folkfest_6.png&#8221; title_text=&#8221;KAUSTINEN_folkfest_6&#8243; _builder_version=&#8221;4.6.6&#8243; _module_preset=&#8221;default&#8221; hover_enabled=&#8221;0&#8243; sticky_enabled=&#8221;0&#8243;][\/et_pb_image][\/et_pb_column][et_pb_column type=&#8221;1_2&#8243; _builder_version=&#8221;4.6.6&#8243; _module_preset=&#8221;default&#8221;][et_pb_text _builder_version=&#8221;4.6.6&#8243; _module_preset=&#8221;default&#8221; hover_enabled=&#8221;0&#8243; sticky_enabled=&#8221;0&#8243;]<\/p>\n<h3>Cannon Pine -elokuva<br \/><span style=\"font-size: 16px;\">Marynka Dovhanych &amp; Ville Linna<\/span><\/h3>\n<p><strong>Kansantaiteenkeskus, 2. kerros<\/strong><\/p>\n<p>Teos yhdist\u00e4\u00e4 kokonaisuudeksi dokumenttielokuvan, animaatio- ja \u00e4\u00e4nitaiteen. Se tutkii sodan ymp\u00e4rist\u00f6vaikutuksia sek\u00e4 kollektiivisen traumaattisen muistin siirtymist\u00e4 kansanmusiikkiperinteiden kautta ja sit\u00e4, miten kolonialismi ja v\u00e4kivalta vaikuttavat t\u00e4h\u00e4n prosessiin.<\/p>\n<p>Elokuva Cannon Pine k\u00e4sittelee Ven\u00e4j\u00e4n imperialismia sek\u00e4 ymp\u00e4rist\u00f6llisen\u00e4 ett\u00e4 kulttuurisena ongelmana. Se kertoo ukrainalaisesta mets\u00e4nvartijasta, joka asuu kyl\u00e4ss\u00e4, jonka Ven\u00e4j\u00e4n hy\u00f6kk\u00e4ys tuhosi vuonna 2022. Vartija valmistaa perinteisi\u00e4 soittimia r\u00e4j\u00e4ht\u00e4neist\u00e4 m\u00e4nnyist\u00e4, joita l\u00f6yt\u00e4\u00e4 mets\u00e4st\u00e4\u00e4n, ja pit\u00e4\u00e4 n\u00e4in harvinaista ja arvokasta ukrainalaista musiikkiperinnett\u00e4 elossa.<\/p>\n<p>Laajempi projekti koostuu kahdesta osasta \u2013 elokuvasta, joka dokumentoi ukrainalaista musiikkiperinnett\u00e4, sek\u00e4 toisesta elokuvasta, joka dokumentoi suomalaista musiikkiperinnett\u00e4. Yhdess\u00e4 ne tuovat esiin merkitt\u00e4vi\u00e4 yht\u00e4l\u00e4isyyksi\u00e4 maiden kulttuurisissa ja historiallisissa kokemuksissa.<\/p>\n<p><strong>Ti-la klo 10.00\u201320.00 (teos on n\u00e4ht\u00e4vill\u00e4 non-stop)<\/strong><\/p>\n<p>[\/et_pb_text][\/et_pb_column][\/et_pb_row][et_pb_row column_structure=&#8221;1_2,1_2&#8243; _builder_version=&#8221;4.6.6&#8243; _module_preset=&#8221;default&#8221;][et_pb_column type=&#8221;1_2&#8243; _builder_version=&#8221;4.6.6&#8243; _module_preset=&#8221;default&#8221;][et_pb_image src=&#8221;https:\/\/kaustinen.net\/wp-content\/uploads\/2025\/06\/Konsta-asuntovaunu.jpeg&#8221; title_text=&#8221;Konsta-asuntovaunu&#8221; _builder_version=&#8221;4.6.6&#8243; _module_preset=&#8221;default&#8221;][\/et_pb_image][\/et_pb_column][et_pb_column type=&#8221;1_2&#8243; _builder_version=&#8221;4.6.6&#8243; _module_preset=&#8221;default&#8221;][et_pb_text _builder_version=&#8221;4.6.6&#8243; _module_preset=&#8221;default&#8221;]<\/p>\n<h3>Konsta-asuntovaunu<\/h3>\n<p><strong>Yhteislaulunuotion vieress\u00e4,<\/strong> festivaalialueen sis\u00e4ll\u00e4.<\/p>\n<p>Festari festarin sis\u00e4ll\u00e4 \u2013 Konsta on t\u00e4\u00e4ll\u00e4 taas! Pienoisesiintymislava tai -teatteri yhteislaulunuotion vieress\u00e4. Ohjelmassa pieni\u00e4 konsertteja, osallistavaa ohjemaa ja tietysti jameja.<\/p>\n<p>T\u00e4rppej\u00e4 Konstan ohjelmasta:<br \/> Ti 8.7.\u00a0kansanmusiikkikaraoke<br \/> Ke 9.7. polskamaraton<br \/> To 10.7. tarinankerrontaa ja musiikkia<br \/> Kellonaika sek\u00e4 p\u00e4ivitt\u00e4in vaihtuva ohjelma l\u00f6ytyy sivuilta <a href=\"http:\/\/www.konstavan.com\">www.konstavan.com<\/a> sek\u00e4 Konstan sein\u00e4st\u00e4.<\/p>\n<p><strong>Ma-to klo 16.00\u201322.00<\/strong><\/p>\n<p>[\/et_pb_text][\/et_pb_column][\/et_pb_row][et_pb_row column_structure=&#8221;1_2,1_2&#8243; _builder_version=&#8221;4.6.6&#8243; _module_preset=&#8221;default&#8221;][et_pb_column type=&#8221;1_2&#8243; _builder_version=&#8221;4.6.6&#8243; _module_preset=&#8221;default&#8221;][et_pb_image src=&#8221;https:\/\/kaustinen.net\/wp-content\/uploads\/2025\/06\/Kylasoitto-Jylhassa-2024.jpg&#8221; title_text=&#8221;Kyl\u00e4soitto Jylh\u00e4ss\u00e4 2024&#8243; _builder_version=&#8221;4.6.6&#8243; _module_preset=&#8221;default&#8221;][\/et_pb_image][\/et_pb_column][et_pb_column type=&#8221;1_2&#8243; _builder_version=&#8221;4.6.6&#8243; _module_preset=&#8221;default&#8221;][et_pb_text _builder_version=&#8221;4.6.6&#8243; _module_preset=&#8221;default&#8221;]<\/p>\n<h3>Kyl\u00e4soitto<\/h3>\n<p><strong>Nikulassa<\/strong><\/p>\n<p>Tervetuloa perinteisesti Kaustisen eri kyliss\u00e4 j\u00e4rjestett\u00e4v\u00e4\u00e4n l\u00e4mminhenkiseen ulkokaustislaisten tapahtumaan, johon kaikki festivaalivieraat ovat tervetulleita. Kuvankauniiseen maalaismaisemaan Perhonjoen varrelle levitt\u00e4ytyy Nikulan kyl\u00e4, rukkimestareiden ja<br \/> kirkonrakentajien synnyinsija. T\u00e4n\u00e4 vuonna kyl\u00e4soitto j\u00e4rjestet\u00e4\u00e4n Nikulan kyl\u00e4talon vehre\u00e4ss\u00e4 pihapiiriss\u00e4.<br \/> Entisen kyl\u00e4koulun tuvassa kaffit keitt\u00e4\u00e4 Kyl\u00e4n syd\u00e4n-yhdistys, ja soitosta ja laulusta vastaa Nikulan pelimannit yst\u00e4vineen.<\/p>\n<p><strong>Kyl\u00e4talon osoite on Nikulantie 453.<\/strong><\/p>\n<p><strong>To 10.7. klo 10.30<\/strong><\/p>\n<p>[\/et_pb_text][\/et_pb_column][\/et_pb_row][et_pb_row column_structure=&#8221;1_2,1_2&#8243; _builder_version=&#8221;4.6.6&#8243; _module_preset=&#8221;default&#8221;][et_pb_column type=&#8221;1_2&#8243; _builder_version=&#8221;4.6.6&#8243; _module_preset=&#8221;default&#8221;][et_pb_image src=&#8221;https:\/\/kaustinen.net\/wp-content\/uploads\/2025\/06\/Kuva-Krista-Jarvela-52-3.jpg&#8221; title_text=&#8221;Kuva- Krista J\u00e4rvel\u00e4-52 (3)&#8221; _builder_version=&#8221;4.6.6&#8243; _module_preset=&#8221;default&#8221;][\/et_pb_image][\/et_pb_column][et_pb_column type=&#8221;1_2&#8243; _builder_version=&#8221;4.6.6&#8243; _module_preset=&#8221;default&#8221;][et_pb_text _builder_version=&#8221;4.6.6&#8243; _module_preset=&#8221;default&#8221;]<\/p>\n<h3>P\u00e4\u00e4t\u00f6ssoitto<\/h3>\n<p><strong>Kreeta Haapasalon patsaalla, kirkkomaan laidalla (os. Siltatie 3)<\/strong><\/p>\n<p>Kaustislaiset pelimannis\u00e4velet kaikuvat viel\u00e4 kerran ja toivottavat festivaaliv\u00e4elle hyv\u00e4\u00e4 kotimatkaa sek\u00e4 kutsuvat viett\u00e4m\u00e4\u00e4n kes\u00e4n onnellisimpia p\u00e4ivi\u00e4 j\u00e4lleen vuoden kuluttua.<\/p>\n<p><strong>Su 13.7. klo 11.15<\/strong><\/p>\n<p>[\/et_pb_text][\/et_pb_column][\/et_pb_row][et_pb_row column_structure=&#8221;1_2,1_2&#8243; _builder_version=&#8221;4.6.6&#8243; _module_preset=&#8221;default&#8221;][et_pb_column type=&#8221;1_2&#8243; _builder_version=&#8221;4.6.6&#8243; _module_preset=&#8221;default&#8221;][et_pb_image src=&#8221;https:\/\/kaustinen.net\/wp-content\/uploads\/2025\/06\/Saunat-elavan-perinnon-pisteella-Kuva-Krista-Jarvela-9.jpg&#8221; title_text=&#8221;Saunat el\u00e4v\u00e4n perinn\u00f6n pisteell\u00e4 Kuva- Krista J\u00e4rvel\u00e4-9&#8243; _builder_version=&#8221;4.6.6&#8243; _module_preset=&#8221;default&#8221;][\/et_pb_image][\/et_pb_column][et_pb_column type=&#8221;1_2&#8243; _builder_version=&#8221;4.6.6&#8243; _module_preset=&#8221;default&#8221;][et_pb_text _builder_version=&#8221;4.6.6&#8243; _module_preset=&#8221;default&#8221;]<\/p>\n<h3>Saunakyl\u00e4<\/h3>\n<p><strong>Mosalan ranta, Hotelli Kaustinen<\/strong><\/p>\n<p>Saunakyl\u00e4 l\u00e4mpi\u00e4\u00e4 entist\u00e4 laajempana Hotelli Kaustisen pihassa joka p\u00e4iv\u00e4. <strong>Saunaranneke 10 \u20ac\/p\u00e4iv\u00e4.<\/strong><br \/> Uikkarisauna, oma pyyhe ja vesipullo mukaan.<br \/> Vaatteiden vaihto teltassa.<br \/> Uintimahdollisuus vieress\u00e4 virtaavassa Perhonjoessa.<br \/> Yhteisty\u00f6ss\u00e4 <em>Turvanasi Oy ja Finn Spring.<\/em><\/p>\n<p>Perinnesaunottajat ry:n saunaloitsuja ja hoitavaa vihdontaa telttasaunoissa:<\/p>\n<p>Lumottu l\u00f6yly -loitsusauna 25 \u20ac (yhteissauna)<br \/> Hoitava vihdonta -sauna alk. 35 \u20ac (yksityinen saunahoito)<br \/><em>N\u00e4ihin voi varata ajan paikanp\u00e4\u00e4lt\u00e4 tai El\u00e4v\u00e4n perinn\u00f6n pisteell\u00e4 kun saunottajat ovat siell\u00e4 paikalla (ks. aikataulu).<\/em><\/p>\n<p><strong>Ti-la klo 14.00\u201320.00 Saunakyl\u00e4n saunat l\u00e4mpim\u00e4n\u00e4<\/strong><br \/> <strong>Ke-la klo 08.00\u201311.00 Saunakyl\u00e4, aamusauna\u00a0<\/strong><br \/> <strong>Ke-la klo 16.00\u201318.00 Oulu2026 taidesaunaohjelmaa\u00a0<\/strong><\/p>\n<p>&nbsp;<\/p>\n<p>[\/et_pb_text][\/et_pb_column][\/et_pb_row][et_pb_row column_structure=&#8221;1_2,1_2&#8243; _builder_version=&#8221;4.6.6&#8243; _module_preset=&#8221;default&#8221;][et_pb_column type=&#8221;1_2&#8243; _builder_version=&#8221;4.6.6&#8243; _module_preset=&#8221;default&#8221;][et_pb_image src=&#8221;https:\/\/kaustinen.net\/wp-content\/uploads\/2025\/06\/Yopuolia_Atte-Tornikoski_solisti-Pirkko-Uitto.jpg&#8221; title_text=&#8221;Yo\u0308puolia_Atte Tornikoski_solisti Pirkko Uitto&#8221; _builder_version=&#8221;4.6.6&#8243; _module_preset=&#8221;default&#8221;][\/et_pb_image][\/et_pb_column][et_pb_column type=&#8221;1_2&#8243; _builder_version=&#8221;4.6.6&#8243; _module_preset=&#8221;default&#8221;][et_pb_text _builder_version=&#8221;4.6.6&#8243; _module_preset=&#8221;default&#8221;]<\/p>\n<h3>Y\u00f6puolia<\/h3>\n<p><strong>Pauanteen perinnealueen kupeessa,<\/strong> reitti merkattu lukion puoleiselta portilta Urheilutalon suuntaan.<\/p>\n<p>Henget helisee 70 laulajan suurkuoron esitt\u00e4m\u00e4ss\u00e4 kansanoopperassa, jossa ihminen sotkee luonnonj\u00e4rjestyst\u00e4 omien varjopuoliensa ajamana. Kuorot <strong>V\u00e4ki<\/strong> ja <strong>Tampereen Ihankaikkinen Kuninkaallinen Tuomiokuoro<\/strong> viev\u00e4t kuulijat pirujen ja pakanoiden, pappien ja mets\u00e4perkeleiden valtakuntaan <em>Petra Poutasen<\/em> s\u00e4velt\u00e4miss\u00e4 ja <em>Antti Laukkarisen<\/em> ohjaamissa lempe\u00e4n humoristisissa j\u00e4nn\u00e4reiss\u00e4.<\/p>\n<p>Tarinat ovat Samuli Paulaharjun ainoan kaunokirjallisen teoksen, Tunturien y\u00f6puolta -kirjan kolme novellia, joissa ihmisrievut tekev\u00e4t ylpeys- ja ahneusp\u00e4iss\u00e4\u00e4n r\u00f6yhkeit\u00e4 erheit\u00e4 ja yritt\u00e4v\u00e4t rimpuilla vapaaksi v\u00e4\u00e4j\u00e4\u00e4m\u00e4tt\u00f6m\u00e4st\u00e4. Luonnonvoimat osoittavat ihmiselle mahtinsa, j\u00e4rjestelm\u00e4 palaa tasapainoon.<\/p>\n<p>Esitys koetaan luonnossa ulkona, k\u00e4velymatkan p\u00e4\u00e4ss\u00e4, Pauanteen mystisen perinnealueen kupeessa, keskell\u00e4 el\u00e4v\u00e4\u00e4 maisemaa. Urheilutalon ohittava p\u00e4\u00e4osin pururadalla kulkeva reitti on viitoitettu festivaalialueen lukion puoleiselta portilta l\u00e4htien<br \/> konserttipaikkaan saakka, k\u00e4velymatkaa konserttipaikalle on noin kilometri.<\/p>\n<p><strong>Ke 9.7. klo 17.00<\/strong><br \/> <strong>To 10.7. klo 14.00<\/strong><\/p>\n<p>[\/et_pb_text][\/et_pb_column][\/et_pb_row][\/et_pb_section]<\/p>\n","protected":false},"excerpt":{"rendered":"<p>[et_pb_section fb_built=&#8221;1&#8243; _builder_version=&#8221;3.22&#8243;][et_pb_row column_structure=&#8221;1_4,3_4&#8243; _builder_version=&#8221;3.25&#8243; background_size=&#8221;initial&#8221; background_position=&#8221;top_left&#8221; background_repeat=&#8221;repeat&#8221;][et_pb_column type=&#8221;1_4&#8243; _builder_version=&#8221;3.25&#8243; custom_padding=&#8221;|||&#8221; custom_padding__hover=&#8221;|||&#8221;][et_pb_sidebar area=&#8221;et_pb_widget_area_1&#8243; _builder_version=&#8221;4.6.6&#8243; _module_preset=&#8221;default&#8221;][\/et_pb_sidebar][\/et_pb_column][et_pb_column type=&#8221;3_4&#8243; _builder_version=&#8221;3.25&#8243; custom_padding=&#8221;|||&#8221; custom_padding__hover=&#8221;|||&#8221;][et_pb_text _builder_version=&#8221;4.6.6&#8243; background_size=&#8221;initial&#8221; background_position=&#8221;top_left&#8221; background_repeat=&#8221;repeat&#8221; custom_padding=&#8221;0px||1px|||&#8221; link_option_url_new_window=&#8221;on&#8221;] Ohjelmaa siell\u00e4 t\u00e4\u00e4ll\u00e4\u00a0 &nbsp; Kaustisen kansanmusiikkijuhlat eiv\u00e4t rajoitu vain festivaalialueen porttien sis\u00e4puolelle. Ohjelma levitt\u00e4ytyy viikon aikana eri puolille kyl\u00e4\u00e4 ja sen l\u00e4hiymp\u00e4rist\u00f6\u00e4, tuoden el\u00e4myksi\u00e4 niin luontoon, yhteis\u00f6ihin kuin yll\u00e4tt\u00e4viin paikkoihin. [&hellip;]<\/p>\n","protected":false},"author":2,"featured_media":0,"parent":0,"menu_order":0,"comment_status":"closed","ping_status":"closed","template":"","meta":{"_et_pb_use_builder":"on","_et_pb_old_content":"","_et_gb_content_width":"","footnotes":""},"class_list":["post-45543","page","type-page","status-publish","hentry"],"yoast_head":"<!-- This site is optimized with the Yoast SEO plugin v27.3 - https:\/\/yoast.com\/product\/yoast-seo-wordpress\/ -->\n<title>Ohjelmaa siell\u00e4 t\u00e4\u00e4ll\u00e4 - Kaustinen Folk Music Festival<\/title>\n<meta name=\"robots\" content=\"index, follow, max-snippet:-1, max-image-preview:large, max-video-preview:-1\" \/>\n<link rel=\"canonical\" href=\"https:\/\/kaustinen.net\/en\/lasten-kaustinen-2\/\" \/>\n<meta property=\"og:locale\" content=\"en_GB\" \/>\n<meta property=\"og:type\" content=\"article\" \/>\n<meta property=\"og:title\" content=\"Ohjelmaa siell\u00e4 t\u00e4\u00e4ll\u00e4 - Kaustinen Folk Music Festival\" \/>\n<meta property=\"og:description\" content=\"[et_pb_section fb_built=&#8221;1&#8243; _builder_version=&#8221;3.22&#8243;][et_pb_row column_structure=&#8221;1_4,3_4&#8243; _builder_version=&#8221;3.25&#8243; background_size=&#8221;initial&#8221; background_position=&#8221;top_left&#8221; background_repeat=&#8221;repeat&#8221;][et_pb_column type=&#8221;1_4&#8243; _builder_version=&#8221;3.25&#8243; custom_padding=&#8221;|||&#8221; custom_padding__hover=&#8221;|||&#8221;][et_pb_sidebar area=&#8221;et_pb_widget_area_1&#8243; _builder_version=&#8221;4.6.6&#8243; _module_preset=&#8221;default&#8221;][\/et_pb_sidebar][\/et_pb_column][et_pb_column type=&#8221;3_4&#8243; _builder_version=&#8221;3.25&#8243; custom_padding=&#8221;|||&#8221; custom_padding__hover=&#8221;|||&#8221;][et_pb_text _builder_version=&#8221;4.6.6&#8243; background_size=&#8221;initial&#8221; background_position=&#8221;top_left&#8221; background_repeat=&#8221;repeat&#8221; custom_padding=&#8221;0px||1px|||&#8221; link_option_url_new_window=&#8221;on&#8221;] Ohjelmaa siell\u00e4 t\u00e4\u00e4ll\u00e4\u00a0 &nbsp; Kaustisen kansanmusiikkijuhlat eiv\u00e4t rajoitu vain festivaalialueen porttien sis\u00e4puolelle. Ohjelma levitt\u00e4ytyy viikon aikana eri puolille kyl\u00e4\u00e4 ja sen l\u00e4hiymp\u00e4rist\u00f6\u00e4, tuoden el\u00e4myksi\u00e4 niin luontoon, yhteis\u00f6ihin kuin yll\u00e4tt\u00e4viin paikkoihin. [&hellip;]\" \/>\n<meta property=\"og:url\" content=\"https:\/\/kaustinen.net\/en\/lasten-kaustinen-2\/\" \/>\n<meta property=\"og:site_name\" content=\"Kaustinen Folk Music Festival\" \/>\n<meta property=\"article:modified_time\" content=\"2025-06-26T13:56:27+00:00\" \/>\n<meta name=\"twitter:card\" content=\"summary_large_image\" \/>\n<meta name=\"twitter:label1\" content=\"Estimated reading time\" \/>\n\t<meta name=\"twitter:data1\" content=\"2 minutes\" \/>\n<script type=\"application\/ld+json\" class=\"yoast-schema-graph\">{\"@context\":\"https:\\\/\\\/schema.org\",\"@graph\":[{\"@type\":\"WebPage\",\"@id\":\"https:\\\/\\\/kaustinen.net\\\/lasten-kaustinen-2\\\/\",\"url\":\"https:\\\/\\\/kaustinen.net\\\/lasten-kaustinen-2\\\/\",\"name\":\"Ohjelmaa siell\u00e4 t\u00e4\u00e4ll\u00e4 - Kaustinen Folk Music Festival\",\"isPartOf\":{\"@id\":\"https:\\\/\\\/kaustinen.net\\\/sv\\\/#website\"},\"datePublished\":\"2025-06-13T11:17:25+00:00\",\"dateModified\":\"2025-06-26T13:56:27+00:00\",\"breadcrumb\":{\"@id\":\"https:\\\/\\\/kaustinen.net\\\/lasten-kaustinen-2\\\/#breadcrumb\"},\"inLanguage\":\"en-GB\",\"potentialAction\":[{\"@type\":\"ReadAction\",\"target\":[\"https:\\\/\\\/kaustinen.net\\\/lasten-kaustinen-2\\\/\"]}]},{\"@type\":\"BreadcrumbList\",\"@id\":\"https:\\\/\\\/kaustinen.net\\\/lasten-kaustinen-2\\\/#breadcrumb\",\"itemListElement\":[{\"@type\":\"ListItem\",\"position\":1,\"name\":\"Home\",\"item\":\"https:\\\/\\\/kaustinen.net\\\/\"},{\"@type\":\"ListItem\",\"position\":2,\"name\":\"Ohjelmaa siell\u00e4 t\u00e4\u00e4ll\u00e4\"}]},{\"@type\":\"WebSite\",\"@id\":\"https:\\\/\\\/kaustinen.net\\\/sv\\\/#website\",\"url\":\"https:\\\/\\\/kaustinen.net\\\/sv\\\/\",\"name\":\"Kaustinen Folk Music Festival\",\"description\":\"Kes\u00e4n onnellisimmat p\u00e4iv\u00e4t\",\"potentialAction\":[{\"@type\":\"SearchAction\",\"target\":{\"@type\":\"EntryPoint\",\"urlTemplate\":\"https:\\\/\\\/kaustinen.net\\\/sv\\\/?s={search_term_string}\"},\"query-input\":{\"@type\":\"PropertyValueSpecification\",\"valueRequired\":true,\"valueName\":\"search_term_string\"}}],\"inLanguage\":\"en-GB\"}]}<\/script>\n<!-- \/ Yoast SEO plugin. -->","yoast_head_json":{"title":"Ohjelmaa siell\u00e4 t\u00e4\u00e4ll\u00e4 - Kaustinen Folk Music Festival","robots":{"index":"index","follow":"follow","max-snippet":"max-snippet:-1","max-image-preview":"max-image-preview:large","max-video-preview":"max-video-preview:-1"},"canonical":"https:\/\/kaustinen.net\/en\/lasten-kaustinen-2\/","og_locale":"en_GB","og_type":"article","og_title":"Ohjelmaa siell\u00e4 t\u00e4\u00e4ll\u00e4 - Kaustinen Folk Music Festival","og_description":"[et_pb_section fb_built=&#8221;1&#8243; _builder_version=&#8221;3.22&#8243;][et_pb_row column_structure=&#8221;1_4,3_4&#8243; _builder_version=&#8221;3.25&#8243; background_size=&#8221;initial&#8221; background_position=&#8221;top_left&#8221; background_repeat=&#8221;repeat&#8221;][et_pb_column type=&#8221;1_4&#8243; _builder_version=&#8221;3.25&#8243; custom_padding=&#8221;|||&#8221; custom_padding__hover=&#8221;|||&#8221;][et_pb_sidebar area=&#8221;et_pb_widget_area_1&#8243; _builder_version=&#8221;4.6.6&#8243; _module_preset=&#8221;default&#8221;][\/et_pb_sidebar][\/et_pb_column][et_pb_column type=&#8221;3_4&#8243; _builder_version=&#8221;3.25&#8243; custom_padding=&#8221;|||&#8221; custom_padding__hover=&#8221;|||&#8221;][et_pb_text _builder_version=&#8221;4.6.6&#8243; background_size=&#8221;initial&#8221; background_position=&#8221;top_left&#8221; background_repeat=&#8221;repeat&#8221; custom_padding=&#8221;0px||1px|||&#8221; link_option_url_new_window=&#8221;on&#8221;] Ohjelmaa siell\u00e4 t\u00e4\u00e4ll\u00e4\u00a0 &nbsp; Kaustisen kansanmusiikkijuhlat eiv\u00e4t rajoitu vain festivaalialueen porttien sis\u00e4puolelle. Ohjelma levitt\u00e4ytyy viikon aikana eri puolille kyl\u00e4\u00e4 ja sen l\u00e4hiymp\u00e4rist\u00f6\u00e4, tuoden el\u00e4myksi\u00e4 niin luontoon, yhteis\u00f6ihin kuin yll\u00e4tt\u00e4viin paikkoihin. [&hellip;]","og_url":"https:\/\/kaustinen.net\/en\/lasten-kaustinen-2\/","og_site_name":"Kaustinen Folk Music Festival","article_modified_time":"2025-06-26T13:56:27+00:00","twitter_card":"summary_large_image","twitter_misc":{"Estimated reading time":"2 minutes"},"schema":{"@context":"https:\/\/schema.org","@graph":[{"@type":"WebPage","@id":"https:\/\/kaustinen.net\/lasten-kaustinen-2\/","url":"https:\/\/kaustinen.net\/lasten-kaustinen-2\/","name":"Ohjelmaa siell\u00e4 t\u00e4\u00e4ll\u00e4 - Kaustinen Folk Music Festival","isPartOf":{"@id":"https:\/\/kaustinen.net\/sv\/#website"},"datePublished":"2025-06-13T11:17:25+00:00","dateModified":"2025-06-26T13:56:27+00:00","breadcrumb":{"@id":"https:\/\/kaustinen.net\/lasten-kaustinen-2\/#breadcrumb"},"inLanguage":"en-GB","potentialAction":[{"@type":"ReadAction","target":["https:\/\/kaustinen.net\/lasten-kaustinen-2\/"]}]},{"@type":"BreadcrumbList","@id":"https:\/\/kaustinen.net\/lasten-kaustinen-2\/#breadcrumb","itemListElement":[{"@type":"ListItem","position":1,"name":"Home","item":"https:\/\/kaustinen.net\/"},{"@type":"ListItem","position":2,"name":"Ohjelmaa siell\u00e4 t\u00e4\u00e4ll\u00e4"}]},{"@type":"WebSite","@id":"https:\/\/kaustinen.net\/sv\/#website","url":"https:\/\/kaustinen.net\/sv\/","name":"Kaustinen Folk Music Festival","description":"Happiest Days of Summer","potentialAction":[{"@type":"SearchAction","target":{"@type":"EntryPoint","urlTemplate":"https:\/\/kaustinen.net\/sv\/?s={search_term_string}"},"query-input":{"@type":"PropertyValueSpecification","valueRequired":true,"valueName":"search_term_string"}}],"inLanguage":"en-GB"}]}},"jetpack_sharing_enabled":true,"_links":{"self":[{"href":"https:\/\/kaustinen.net\/en\/wp-json\/wp\/v2\/pages\/45543","targetHints":{"allow":["GET"]}}],"collection":[{"href":"https:\/\/kaustinen.net\/en\/wp-json\/wp\/v2\/pages"}],"about":[{"href":"https:\/\/kaustinen.net\/en\/wp-json\/wp\/v2\/types\/page"}],"author":[{"embeddable":true,"href":"https:\/\/kaustinen.net\/en\/wp-json\/wp\/v2\/users\/2"}],"replies":[{"embeddable":true,"href":"https:\/\/kaustinen.net\/en\/wp-json\/wp\/v2\/comments?post=45543"}],"version-history":[{"count":10,"href":"https:\/\/kaustinen.net\/en\/wp-json\/wp\/v2\/pages\/45543\/revisions"}],"predecessor-version":[{"id":45648,"href":"https:\/\/kaustinen.net\/en\/wp-json\/wp\/v2\/pages\/45543\/revisions\/45648"}],"wp:attachment":[{"href":"https:\/\/kaustinen.net\/en\/wp-json\/wp\/v2\/media?parent=45543"}],"curies":[{"name":"wp","href":"https:\/\/api.w.org\/{rel}","templated":true}]}}