{"id":45344,"date":"2025-05-13T15:21:56","date_gmt":"2025-05-13T12:21:56","guid":{"rendered":"https:\/\/kaustinen.net\/?page_id=45344"},"modified":"2025-06-13T11:48:02","modified_gmt":"2025-06-13T08:48:02","slug":"festivaaliteema-2025-siirtolaisuus","status":"publish","type":"page","link":"https:\/\/kaustinen.net\/en\/festivaaliteema-2025-siirtolaisuus\/","title":{"rendered":"Festivaaliteema 2025: SIIRTOLAISUUS"},"content":{"rendered":"<p>[et_pb_section fb_built=&#8221;1&#8243; _builder_version=&#8221;3.22&#8243;][et_pb_row column_structure=&#8221;1_4,3_4&#8243; _builder_version=&#8221;3.25&#8243; background_size=&#8221;initial&#8221; background_position=&#8221;top_left&#8221; background_repeat=&#8221;repeat&#8221;][et_pb_column type=&#8221;1_4&#8243; _builder_version=&#8221;3.25&#8243; custom_padding=&#8221;|||&#8221; custom_padding__hover=&#8221;|||&#8221;][et_pb_sidebar area=&#8221;et_pb_widget_area_1&#8243; _builder_version=&#8221;4.6.6&#8243; _module_preset=&#8221;default&#8221;][\/et_pb_sidebar][\/et_pb_column][et_pb_column type=&#8221;3_4&#8243; _builder_version=&#8221;3.25&#8243; custom_padding=&#8221;|||&#8221; custom_padding__hover=&#8221;|||&#8221;][et_pb_text _builder_version=&#8221;4.6.6&#8243; background_size=&#8221;initial&#8221; background_position=&#8221;top_left&#8221; background_repeat=&#8221;repeat&#8221; custom_padding=&#8221;0px||1px|||&#8221; link_option_url_new_window=&#8221;on&#8221;]<\/p>\n<h2>Perinteet tien p\u00e4\u00e4ll\u00e4 &#8211; festivaaliteemana siirtolaisuus<\/h2>\n<p>Teemalla halutaan nostaa esiin siirtolaisuuden merkityst\u00e4 kulttuurien, perinteiden ja yhteis\u00f6jen identiteetin muotoutumisessa. Teeman kautta tuodaan esiin sit\u00e4, miten ihmisten liikkuminen eri syist\u00e4 ymp\u00e4ri maailmaa on rikastuttanut kulttuureja ja luonut uusia tapoja n\u00e4hd\u00e4 ja kokea maailmaa.<\/p>\n<p>Mik\u00e4\u00e4n kulttuuri ei ole syntynyt tyhji\u00f6ss\u00e4. Ihmiset ovat aina vieneet mukanaan jotain t\u00e4rke\u00e4\u00e4 l\u00e4htiess\u00e4\u00e4n ja samalla ottaneet vaikutteita vastaan uudessa kotimaassaan tai ymp\u00e4rist\u00f6ss\u00e4\u00e4n. T\u00e4m\u00e4 ilmi\u00f6 on muovannut perinteit\u00e4 ja kulttuureja kautta aikojen.<\/p>\n<p>Teema avaa siirtolaisuuden ilmi\u00f6n monipuolisesti ja korostaa perinteiden roolia osana jatkuvaa kulttuurista vuoropuhelua.<\/p>\n<p>&nbsp;<\/p>\n<h3>Kysy, kerro siirtolaisuudesta!<\/h3>\n<p><em>Keski-Pohjanmaan Kulttuuriliitto ry:n<\/em> siirtolaisuushanke kokoaa yhteisty\u00f6ss\u00e4 paikallisten ker\u00e4\u00e4j\u00e4yhteis\u00f6jen kanssa maakunnan kaukosiirtolaisuuteen liittyvi\u00e4 tietoja niin muuttajista kuin paluumuuttajistakin ja kertoo heid\u00e4n henkil\u00f6- ja sukuhistoriallisia tarinoitaan. T\u00e4m\u00e4n lis\u00e4ksi keruuty\u00f6n yhteydess\u00e4 kopioidaan ja tallennetaan laajemmin siirtolaisuuteen liittyv\u00e4\u00e4 aineistoa, haastatteluja, lehtileikkeit\u00e4, valokuvia, postikortteja, kirjeit\u00e4, esteellisyystodistuksia, passeja, kulttuuri-, urheilu yms. siirtolaisperinnett\u00e4.<br \/> <a href=\"https:\/\/keskipohjanmaansiirtolaisuus.wordpress.com\/\" target=\"_blank\" rel=\"noopener noreferrer\">Lis\u00e4tietoja keruusta T\u00c4\u00c4LT\u00c4.<\/a><\/p>\n<h3><\/h3>\n<h3><strong><em><\/em><\/strong><\/h3>\n<h3><strong><em>L\u00e4mpim\u00e4sti tervetuloa tutustumaan tarkemmin siirtolaisuus-teemaan!<\/em><\/strong><\/h3>\n<p>&nbsp;<\/p>\n<p>&nbsp;<\/p>\n<p>[\/et_pb_text][\/et_pb_column][\/et_pb_row][et_pb_row _builder_version=&#8221;4.6.6&#8243; _module_preset=&#8221;default&#8221;][et_pb_column type=&#8221;4_4&#8243; _builder_version=&#8221;4.6.6&#8243; _module_preset=&#8221;default&#8221;][et_pb_text _builder_version=&#8221;4.6.6&#8243; _module_preset=&#8221;default&#8221;]<\/p>\n<h2>Siirtolaisuus-teemaan liittyv\u00e4\u00e4 ohjelmaa<\/h2>\n<p>[\/et_pb_text][\/et_pb_column][\/et_pb_row][et_pb_row column_structure=&#8221;1_2,1_2&#8243; _builder_version=&#8221;4.6.6&#8243; _module_preset=&#8221;default&#8221;][et_pb_column type=&#8221;1_2&#8243; _builder_version=&#8221;4.6.6&#8243; _module_preset=&#8221;default&#8221;][et_pb_image src=&#8221;https:\/\/kaustinen.net\/wp-content\/uploads\/2025\/05\/Aija-Puurtinen-BS.png&#8221; title_text=&#8221;Aija Puurtinen &#038; BS&#8221; _builder_version=&#8221;4.6.6&#8243; _module_preset=&#8221;default&#8221;][\/et_pb_image][\/et_pb_column][et_pb_column type=&#8221;1_2&#8243; _builder_version=&#8221;4.6.6&#8243; _module_preset=&#8221;default&#8221;][et_pb_text _builder_version=&#8221;4.6.6&#8243; _module_preset=&#8221;default&#8221;]<\/p>\n<h3>Aija Puurtinen &amp; Brooklynin satu<\/h3>\n<p>S\u00e4v\u00e4ytt\u00e4v\u00e4 yhtye, joka vie kuulijansa matkalle amerikansuomalaisten siirtolaisten mielenmaisemiin musiikin keinoin. Esityksess\u00e4 yhdistyv\u00e4t suomalainen ja amerikkalainen kansanmusiikki, finglish, folk, blues ja yll\u00e4tt\u00e4v\u00e4tkin vaikutteet, kuten jamaikalainen rytmiikka. Laulut kertovat siirtolaisuuden kaipuusta, toivosta ja selviytymisest\u00e4 \u2013 joskus haikeasti, joskus leikillisesti. Konsertissa kuullaan kappaleita kev\u00e4\u00e4ll\u00e4 2025 ilmestyv\u00e4lt\u00e4 albumilta Julmat j\u00e4\u00e4hyv\u00e4iset sek\u00e4 aiemmilta levyilt\u00e4 Brooklynin satu, L\u00e4nnen maata ja Sudbury Tango.<\/p>\n<p><strong>PE 11.7. klo 16.15 Mondo<\/strong><\/p>\n<p>[\/et_pb_text][\/et_pb_column][\/et_pb_row][et_pb_row column_structure=&#8221;1_2,1_2&#8243; _builder_version=&#8221;4.6.6&#8243; _module_preset=&#8221;default&#8221;][et_pb_column type=&#8221;1_2&#8243; _builder_version=&#8221;4.6.6&#8243; _module_preset=&#8221;default&#8221;][et_pb_image src=&#8221;https:\/\/kaustinen.net\/wp-content\/uploads\/2025\/05\/Anne_Mari_KivimakibyHannaKoikkalainen25.jpg&#8221; title_text=&#8221;Anne_Mari_KivimakibyHannaKoikkalainen25&#8243; _builder_version=&#8221;4.6.6&#8243; _module_preset=&#8221;default&#8221;][\/et_pb_image][\/et_pb_column][et_pb_column type=&#8221;1_2&#8243; _builder_version=&#8221;4.6.6&#8243; _module_preset=&#8221;default&#8221;][et_pb_text _builder_version=&#8221;4.6.6&#8243; _module_preset=&#8221;default&#8221;]<\/p>\n<h3><strong>Anne-Mari Kivim\u00e4ki Ensemble<\/strong><\/h3>\n<p>Anne-Mari Kivim\u00e4en hypnoottinen haitaritrance kietoo kuulijan musiikillisiin sielunmaisemiin. Siirtolaisuusteema soi vahvasti s\u00e4vellyksiss\u00e4, joissa yhdistyv\u00e4t kantele, nars juh ja harmonikka kaihoisaksi ja sykkiv\u00e4ksi \u00e4\u00e4nimaisemaksi. Ensembless\u00e4 soittavat Silja Palom\u00e4ki, Timo V\u00e4\u00e4n\u00e4nen ja Petri Sepp\u00e4l\u00e4 \u2013 kokoonpano syntyi kehutun Lakkautettu kyl\u00e4 -konsertin pohjalta. Kivim\u00e4en helmikuussa 2025 julkaistu albumi Kotiin vie kuulijan juurien ja muutoksen \u00e4\u00e4relle. Luvassa on koskettavaa ja rytmik\u00e4st\u00e4 musiikkia, joka kutsuu liikkumaan, tai hiljentym\u00e4\u00e4n.<\/p>\n<p><strong>MA 7.7. klo 22.30 PH Nordgren-sali<\/strong><br \/> <strong>TI 8.7. klo 14.15 Mondo<\/strong><\/p>\n<p><em>Soiva luento: Anne-Mari Kivim\u00e4ki <\/em><br \/> <em>Kotiin \u2013 muistoja ja lauluja<\/em><br \/> <em> <strong>KE 9.7. klo 11.45 Pelimannitalon iso tupa\u00a0<\/strong><\/em><\/p>\n<p>[\/et_pb_text][\/et_pb_column][\/et_pb_row][et_pb_row column_structure=&#8221;1_2,1_2&#8243; _builder_version=&#8221;4.6.6&#8243; _module_preset=&#8221;default&#8221;][et_pb_column type=&#8221;1_2&#8243; _builder_version=&#8221;4.6.6&#8243; _module_preset=&#8221;default&#8221;][et_pb_image src=&#8221;https:\/\/kaustinen.net\/wp-content\/uploads\/2025\/06\/Anna-Heikkinen-Langtans-Kapell-kuva-Eveline-Johnsson.jpeg&#8221; title_text=&#8221;Anna Heikkinen &#038; L\u00e4ngtans Kapell kuva Eveline Johnsson&#8221; _builder_version=&#8221;4.6.6&#8243; _module_preset=&#8221;default&#8221;][\/et_pb_image][\/et_pb_column][et_pb_column type=&#8221;1_2&#8243; _builder_version=&#8221;4.6.6&#8243; _module_preset=&#8221;default&#8221;][et_pb_text _builder_version=&#8221;4.6.6&#8243; _module_preset=&#8221;default&#8221;]<\/p>\n<h3>Anna Heikkinen &amp; L\u00e4ngtans Kapell<\/h3>\n<p>Karjalan matka ja omien juurien etsint\u00e4. Is\u00e4nis\u00e4n omenatarha, jonka 200 puuta isois\u00e4 istutti tulevaisuuden toivo silmiss\u00e4\u00e4n. Sitten syttyi talvisota ja kaikki piti j\u00e4tt\u00e4\u00e4. Debyyttialbumillaan \u201cOmenatango\u201d ruotsinsuomalainen Anna Heikkinen ja L\u00e4ngtans Kapell-kvartetti tarjoavat kuulijalle vahvaa l\u00e4sn\u00e4oloa ja lempe\u00e4\u00e4 musiikillista dialogia, jossa suomalaisen tangon perinne saa persoonallisen ilmaisun.<\/p>\n<p><strong>PE 11.7. klo 20.45 Mondo<\/strong><br \/> <strong>LA 12.7. klo 21.45 Kestikievari<\/strong><\/p>\n<p>[\/et_pb_text][\/et_pb_column][\/et_pb_row][et_pb_row column_structure=&#8221;1_2,1_2&#8243; _builder_version=&#8221;4.6.6&#8243; _module_preset=&#8221;default&#8221;][et_pb_column type=&#8221;1_2&#8243; _builder_version=&#8221;4.6.6&#8243; _module_preset=&#8221;default&#8221;][et_pb_image src=&#8221;https:\/\/kaustinen.net\/wp-content\/uploads\/2025\/05\/Kaustisen-Haakuoro-ja-Ottoset-Ameriikan-polokan-tahtia-kuva-Markku-Uusitalo-1.jpg&#8221; title_text=&#8221;Kaustisen H\u00e4\u00e4kuoro ja Ottoset, Ameriikan polokan tahtia kuva Markku Uusitalo&#8221; _builder_version=&#8221;4.6.6&#8243; _module_preset=&#8221;default&#8221;][\/et_pb_image][\/et_pb_column][et_pb_column type=&#8221;1_2&#8243; _builder_version=&#8221;4.6.6&#8243; _module_preset=&#8221;default&#8221;][et_pb_text _builder_version=&#8221;4.6.6&#8243; _module_preset=&#8221;default&#8221;]<\/p>\n<h3>Ameriikan polokan tahtia &#8211; Kaustisen H\u00e4\u00e4kuoro &amp; Ottoset s\u00e4est\u00e4j\u00e4n\u00e4\u00e4n H\u00e4ly<\/h3>\n<p>Kaustisen H\u00e4\u00e4kuoro, kansantanssiryhm\u00e4 Ottoset ja pelimanniyhtye H\u00e4ly yhdist\u00e4v\u00e4t voimansa konsertissa, joka k\u00e4sittelee siirtolaisuutta musiikin, tanssin ja laulun keinoin. Esitys kuljettaa kuulijan kodin j\u00e4tt\u00e4misest\u00e4 uusien alkujen \u00e4\u00e4relle, sukupolvien takaisiin matkoihin merten taa ja kulttuurien kohtaamisiin. Konsertin huipentava teos Vapauden mainingit tuo esiin, kuinka siirtolaisuus luo uutta yhdist\u00e4en, muuttaen ja rikastuttaen perinteit\u00e4. Kuoroa johtaa Marita Kaakinen, yhtyett\u00e4 Sampo sek\u00e4 Vuokko Korva ja koreografiasta vastaa Miia Timonen.<\/p>\n<p><strong>PE 11.7. klo 16.30 Kaustinen-sali<\/strong><\/p>\n<p>[\/et_pb_text][\/et_pb_column][\/et_pb_row][et_pb_row column_structure=&#8221;1_2,1_2&#8243; _builder_version=&#8221;4.6.6&#8243; _module_preset=&#8221;default&#8221;][et_pb_column type=&#8221;1_2&#8243; _builder_version=&#8221;4.6.6&#8243; _module_preset=&#8221;default&#8221;][et_pb_image src=&#8221;https:\/\/kaustinen.net\/wp-content\/uploads\/2025\/05\/Honeypaw-49.jpg&#8221; title_text=&#8221;Honeypaw-49&#8243; _builder_version=&#8221;4.6.6&#8243; _module_preset=&#8221;default&#8221;][\/et_pb_image][\/et_pb_column][et_pb_column type=&#8221;1_2&#8243; _builder_version=&#8221;4.6.6&#8243; _module_preset=&#8221;default&#8221;][et_pb_text _builder_version=&#8221;4.6.6&#8243; _module_preset=&#8221;default&#8221;]<\/p>\n<h3>Honeypaw (Canada)<\/h3>\n<p>Duo tutkii musiikissaan suomalais- ja balttilaiskulttuurien yhteyksi\u00e4 luoden kiehtovia kanteleen ja jouhikon sointimaisemia. Torontossa asuvat Jurgita Zvinklyte ja Matti Palonen ovat syventyneet suomalaisen folkloristi A.R. Niemen 1912 Liettuassa ker\u00e4\u00e4m\u00e4\u00e4n arkistomateriaaliin, jonka pohjalta he ovat luoneet uutta ohjelmistoa ja palanneet esitt\u00e4m\u00e4\u00e4n sit\u00e4 alkuper\u00e4isiss\u00e4 keruukyliss\u00e4. Honeypawin ty\u00f6 peilaa siirtolaisuusteemaa kulttuurien v\u00e4lisen vuorovaikutuksen, muistamisen ja juurien etsinn\u00e4n kautta.<\/p>\n<p><strong>KE 9.7. klo\u00a0 18.15 PH Nordgren-sali<\/strong><br \/> <strong>TO 10.7. klo 22.00 Kestikievari<\/strong><\/p>\n<p>[\/et_pb_text][\/et_pb_column][\/et_pb_row][et_pb_row column_structure=&#8221;1_2,1_2&#8243; _builder_version=&#8221;4.6.6&#8243; _module_preset=&#8221;default&#8221;][et_pb_column type=&#8221;1_2&#8243; _builder_version=&#8221;4.6.6&#8243; _module_preset=&#8221;default&#8221;][et_pb_image src=&#8221;https:\/\/kaustinen.net\/wp-content\/uploads\/2025\/05\/John-Westmoreland.png&#8221; title_text=&#8221;John Westmoreland&#8221; _builder_version=&#8221;4.6.6&#8243; _module_preset=&#8221;default&#8221;][\/et_pb_image][\/et_pb_column][et_pb_column type=&#8221;1_2&#8243; _builder_version=&#8221;4.6.6&#8243; _module_preset=&#8221;default&#8221;][et_pb_text _builder_version=&#8221;4.6.6&#8243; _module_preset=&#8221;default&#8221;]<\/p>\n<h3>John Westmoreland (US)<\/h3>\n<p>Yhdysvaltalainen lauluntekij\u00e4n ja muusikon ohjelmisto ulottuu omista s\u00e4vellyksist\u00e4 aina amerikkalaisen kansanmusiikin klassikoihin. Viime vuosina h\u00e4n on tutkinut suomalais-amerikkalaisen isoisoenonsa, T-Bone Slimin eli Matti V. Huhtan, el\u00e4m\u00e4\u00e4 ja tuotantoa. T\u00e4m\u00e4 mystinen kulkurilaulaja, runoilija ja ty\u00f6v\u00e4enliikkeen kolumnisti tunnetaan erityisesti 1900-luvun alun siirtolaiskulttuurin \u00e4\u00e4nitorvena. Westmoreland tuo lavalle sek\u00e4 omia laulujaan ett\u00e4 T-Bone Slimin musiikkia, tarjoten ikkunan suomalais-amerikkalaiseen siirtolaishistoriaan ja sen rikkaaseen kulttuuriperint\u00f6\u00f6n.<\/p>\n<p><strong>PE 11.7. klo 19.30 KPO-areena<\/strong>, Haavemaa \u2013 musiikillisia tarinoita siirtolaisuudesta (yksi konsertin solisteista)<br \/> <strong>LA 12.7. klo 18.30 Mondo<\/strong><\/p>\n<p>&nbsp;<\/p>\n<p>[\/et_pb_text][\/et_pb_column][\/et_pb_row][et_pb_row column_structure=&#8221;1_2,1_2&#8243; _builder_version=&#8221;4.6.6&#8243; _module_preset=&#8221;default&#8221;][et_pb_column type=&#8221;1_2&#8243; _builder_version=&#8221;4.6.6&#8243; _module_preset=&#8221;default&#8221;][et_pb_image src=&#8221;https:\/\/kaustinen.net\/wp-content\/uploads\/2025\/05\/haavemaa-nettisivuille-1.png&#8221; title_text=&#8221;haavemaa nettisivuille&#8221; _builder_version=&#8221;4.6.6&#8243; _module_preset=&#8221;default&#8221;][\/et_pb_image][\/et_pb_column][et_pb_column type=&#8221;1_2&#8243; _builder_version=&#8221;4.6.6&#8243; _module_preset=&#8221;default&#8221;][et_pb_text _builder_version=&#8221;4.6.6&#8243; _module_preset=&#8221;default&#8221;]<\/p>\n<h3>Haavemaa \u2013 musiikillisia tarinoita siirtolaisuudesta<\/h3>\n<p>Suomalaiset siirtolaiset ovat j\u00e4tt\u00e4neet j\u00e4lkeens\u00e4 rikkaan musiikillisen perinn\u00f6n niin Pohjois-Amerikassa, Neuvosto-Karjalassa kuin takaisin kotimaahan palatessaan. My\u00f6s Suomeen muuttaneet ovat tuoneet mukanaan omat s\u00e4velens\u00e4, ja yhdess\u00e4 ne kertovat tarinoita unelmista, pettymyksist\u00e4 ja uudesta el\u00e4m\u00e4st\u00e4. Haavemaa-hanke yhdist\u00e4\u00e4 tutkimusta, musiikkia ja n\u00e4ytt\u00e4m\u00f6taiteita ainutlaatuisessa konsertissa, jossa siirtolaisuuden s\u00e4veliin sukeltavat <strong>Aija Puurtinen, Paleface, John Westmoreland<\/strong> sek\u00e4 <strong>Loimolan Voima<\/strong> mahtavan <strong>Laitakaupungin orkesterin<\/strong> s\u00e4estyksell\u00e4. Konserttia ovat tukeneet Tutkimusyhdistys Suoni ry (Musiikintutkijat yhteiskunnassa -hanke), Koneen S\u00e4\u00e4ti\u00f6 ja Etel\u00e4-Pohjanmaan Kulttuurirahasto, ja se toteutetaan yhteisty\u00f6ss\u00e4 Siirtolaisuusinstituutin kanssa.<\/p>\n<p><strong>PE 11.7. klo 19.30 KPO-areena<\/strong><\/p>\n<p>[\/et_pb_text][et_pb_text _builder_version=&#8221;4.6.6&#8243; _module_preset=&#8221;default&#8221; hover_enabled=&#8221;0&#8243; sticky_enabled=&#8221;0&#8243;]<\/p>\n<p><iframe loading=\"lazy\" title=\"Haavemaa \u2013 Musiikillisia tarinoita siirtolaisuudesta, konsertti pe 11.7.klo 19.30, KPO-areena\" width=\"1080\" height=\"608\" src=\"https:\/\/www.youtube.com\/embed\/RueFkprBJig?feature=oembed\" frameborder=\"0\" allow=\"accelerometer; autoplay; clipboard-write; encrypted-media; gyroscope; picture-in-picture; web-share\" referrerpolicy=\"strict-origin-when-cross-origin\" allowfullscreen><\/iframe><\/p>\n<p>[\/et_pb_text][\/et_pb_column][\/et_pb_row][\/et_pb_section]<\/p>\n","protected":false},"excerpt":{"rendered":"<p>[et_pb_section fb_built=&#8221;1&#8243; _builder_version=&#8221;3.22&#8243;][et_pb_row column_structure=&#8221;1_4,3_4&#8243; _builder_version=&#8221;3.25&#8243; background_size=&#8221;initial&#8221; background_position=&#8221;top_left&#8221; background_repeat=&#8221;repeat&#8221;][et_pb_column type=&#8221;1_4&#8243; _builder_version=&#8221;3.25&#8243; custom_padding=&#8221;|||&#8221; custom_padding__hover=&#8221;|||&#8221;][et_pb_sidebar area=&#8221;et_pb_widget_area_1&#8243; _builder_version=&#8221;4.6.6&#8243; _module_preset=&#8221;default&#8221;][\/et_pb_sidebar][\/et_pb_column][et_pb_column type=&#8221;3_4&#8243; _builder_version=&#8221;3.25&#8243; custom_padding=&#8221;|||&#8221; custom_padding__hover=&#8221;|||&#8221;][et_pb_text _builder_version=&#8221;4.6.6&#8243; background_size=&#8221;initial&#8221; background_position=&#8221;top_left&#8221; background_repeat=&#8221;repeat&#8221; custom_padding=&#8221;0px||1px|||&#8221; link_option_url_new_window=&#8221;on&#8221;] Perinteet tien p\u00e4\u00e4ll\u00e4 &#8211; festivaaliteemana siirtolaisuus Teemalla halutaan nostaa esiin siirtolaisuuden merkityst\u00e4 kulttuurien, perinteiden ja yhteis\u00f6jen identiteetin muotoutumisessa. Teeman kautta tuodaan esiin sit\u00e4, miten ihmisten liikkuminen eri syist\u00e4 ymp\u00e4ri maailmaa [&hellip;]<\/p>\n","protected":false},"author":2,"featured_media":0,"parent":0,"menu_order":0,"comment_status":"closed","ping_status":"closed","template":"","meta":{"_et_pb_use_builder":"on","_et_pb_old_content":"","_et_gb_content_width":"","footnotes":""},"class_list":["post-45344","page","type-page","status-publish","hentry"],"yoast_head":"<!-- This site is optimized with the Yoast SEO plugin v27.4 - https:\/\/yoast.com\/product\/yoast-seo-wordpress\/ -->\n<title>Festivaaliteema 2025: SIIRTOLAISUUS - Kaustinen Folk Music Festival<\/title>\n<meta name=\"robots\" content=\"index, follow, max-snippet:-1, max-image-preview:large, max-video-preview:-1\" \/>\n<link rel=\"canonical\" href=\"https:\/\/kaustinen.net\/en\/festivaaliteema-2025-siirtolaisuus\/\" \/>\n<meta property=\"og:locale\" content=\"en_GB\" \/>\n<meta property=\"og:type\" content=\"article\" \/>\n<meta property=\"og:title\" content=\"Festivaaliteema 2025: SIIRTOLAISUUS - Kaustinen Folk Music Festival\" \/>\n<meta property=\"og:description\" content=\"[et_pb_section fb_built=&#8221;1&#8243; _builder_version=&#8221;3.22&#8243;][et_pb_row column_structure=&#8221;1_4,3_4&#8243; _builder_version=&#8221;3.25&#8243; background_size=&#8221;initial&#8221; background_position=&#8221;top_left&#8221; background_repeat=&#8221;repeat&#8221;][et_pb_column type=&#8221;1_4&#8243; _builder_version=&#8221;3.25&#8243; custom_padding=&#8221;|||&#8221; custom_padding__hover=&#8221;|||&#8221;][et_pb_sidebar area=&#8221;et_pb_widget_area_1&#8243; _builder_version=&#8221;4.6.6&#8243; _module_preset=&#8221;default&#8221;][\/et_pb_sidebar][\/et_pb_column][et_pb_column type=&#8221;3_4&#8243; _builder_version=&#8221;3.25&#8243; custom_padding=&#8221;|||&#8221; custom_padding__hover=&#8221;|||&#8221;][et_pb_text _builder_version=&#8221;4.6.6&#8243; background_size=&#8221;initial&#8221; background_position=&#8221;top_left&#8221; background_repeat=&#8221;repeat&#8221; custom_padding=&#8221;0px||1px|||&#8221; link_option_url_new_window=&#8221;on&#8221;] Perinteet tien p\u00e4\u00e4ll\u00e4 &#8211; festivaaliteemana siirtolaisuus Teemalla halutaan nostaa esiin siirtolaisuuden merkityst\u00e4 kulttuurien, perinteiden ja yhteis\u00f6jen identiteetin muotoutumisessa. Teeman kautta tuodaan esiin sit\u00e4, miten ihmisten liikkuminen eri syist\u00e4 ymp\u00e4ri maailmaa [&hellip;]\" \/>\n<meta property=\"og:url\" content=\"https:\/\/kaustinen.net\/en\/festivaaliteema-2025-siirtolaisuus\/\" \/>\n<meta property=\"og:site_name\" content=\"Kaustinen Folk Music Festival\" \/>\n<meta property=\"article:modified_time\" content=\"2025-06-13T08:48:02+00:00\" \/>\n<meta name=\"twitter:card\" content=\"summary_large_image\" \/>\n<meta name=\"twitter:label1\" content=\"Estimated reading time\" \/>\n\t<meta name=\"twitter:data1\" content=\"2 minutes\" \/>\n<script type=\"application\/ld+json\" class=\"yoast-schema-graph\">{\"@context\":\"https:\\\/\\\/schema.org\",\"@graph\":[{\"@type\":\"WebPage\",\"@id\":\"https:\\\/\\\/kaustinen.net\\\/festivaaliteema-2025-siirtolaisuus\\\/\",\"url\":\"https:\\\/\\\/kaustinen.net\\\/festivaaliteema-2025-siirtolaisuus\\\/\",\"name\":\"Festivaaliteema 2025: SIIRTOLAISUUS - Kaustinen Folk Music Festival\",\"isPartOf\":{\"@id\":\"https:\\\/\\\/kaustinen.net\\\/sv\\\/#website\"},\"datePublished\":\"2025-05-13T12:21:56+00:00\",\"dateModified\":\"2025-06-13T08:48:02+00:00\",\"breadcrumb\":{\"@id\":\"https:\\\/\\\/kaustinen.net\\\/festivaaliteema-2025-siirtolaisuus\\\/#breadcrumb\"},\"inLanguage\":\"en-GB\",\"potentialAction\":[{\"@type\":\"ReadAction\",\"target\":[\"https:\\\/\\\/kaustinen.net\\\/festivaaliteema-2025-siirtolaisuus\\\/\"]}]},{\"@type\":\"BreadcrumbList\",\"@id\":\"https:\\\/\\\/kaustinen.net\\\/festivaaliteema-2025-siirtolaisuus\\\/#breadcrumb\",\"itemListElement\":[{\"@type\":\"ListItem\",\"position\":1,\"name\":\"Home\",\"item\":\"https:\\\/\\\/kaustinen.net\\\/\"},{\"@type\":\"ListItem\",\"position\":2,\"name\":\"Festivaaliteema 2025: SIIRTOLAISUUS\"}]},{\"@type\":\"WebSite\",\"@id\":\"https:\\\/\\\/kaustinen.net\\\/sv\\\/#website\",\"url\":\"https:\\\/\\\/kaustinen.net\\\/sv\\\/\",\"name\":\"Kaustinen Folk Music Festival\",\"description\":\"Kes\u00e4n onnellisimmat p\u00e4iv\u00e4t\",\"potentialAction\":[{\"@type\":\"SearchAction\",\"target\":{\"@type\":\"EntryPoint\",\"urlTemplate\":\"https:\\\/\\\/kaustinen.net\\\/sv\\\/?s={search_term_string}\"},\"query-input\":{\"@type\":\"PropertyValueSpecification\",\"valueRequired\":true,\"valueName\":\"search_term_string\"}}],\"inLanguage\":\"en-GB\"}]}<\/script>\n<!-- \/ Yoast SEO plugin. -->","yoast_head_json":{"title":"Festivaaliteema 2025: SIIRTOLAISUUS - Kaustinen Folk Music Festival","robots":{"index":"index","follow":"follow","max-snippet":"max-snippet:-1","max-image-preview":"max-image-preview:large","max-video-preview":"max-video-preview:-1"},"canonical":"https:\/\/kaustinen.net\/en\/festivaaliteema-2025-siirtolaisuus\/","og_locale":"en_GB","og_type":"article","og_title":"Festivaaliteema 2025: SIIRTOLAISUUS - Kaustinen Folk Music Festival","og_description":"[et_pb_section fb_built=&#8221;1&#8243; _builder_version=&#8221;3.22&#8243;][et_pb_row column_structure=&#8221;1_4,3_4&#8243; _builder_version=&#8221;3.25&#8243; background_size=&#8221;initial&#8221; background_position=&#8221;top_left&#8221; background_repeat=&#8221;repeat&#8221;][et_pb_column type=&#8221;1_4&#8243; _builder_version=&#8221;3.25&#8243; custom_padding=&#8221;|||&#8221; custom_padding__hover=&#8221;|||&#8221;][et_pb_sidebar area=&#8221;et_pb_widget_area_1&#8243; _builder_version=&#8221;4.6.6&#8243; _module_preset=&#8221;default&#8221;][\/et_pb_sidebar][\/et_pb_column][et_pb_column type=&#8221;3_4&#8243; _builder_version=&#8221;3.25&#8243; custom_padding=&#8221;|||&#8221; custom_padding__hover=&#8221;|||&#8221;][et_pb_text _builder_version=&#8221;4.6.6&#8243; background_size=&#8221;initial&#8221; background_position=&#8221;top_left&#8221; background_repeat=&#8221;repeat&#8221; custom_padding=&#8221;0px||1px|||&#8221; link_option_url_new_window=&#8221;on&#8221;] Perinteet tien p\u00e4\u00e4ll\u00e4 &#8211; festivaaliteemana siirtolaisuus Teemalla halutaan nostaa esiin siirtolaisuuden merkityst\u00e4 kulttuurien, perinteiden ja yhteis\u00f6jen identiteetin muotoutumisessa. Teeman kautta tuodaan esiin sit\u00e4, miten ihmisten liikkuminen eri syist\u00e4 ymp\u00e4ri maailmaa [&hellip;]","og_url":"https:\/\/kaustinen.net\/en\/festivaaliteema-2025-siirtolaisuus\/","og_site_name":"Kaustinen Folk Music Festival","article_modified_time":"2025-06-13T08:48:02+00:00","twitter_card":"summary_large_image","twitter_misc":{"Estimated reading time":"2 minutes"},"schema":{"@context":"https:\/\/schema.org","@graph":[{"@type":"WebPage","@id":"https:\/\/kaustinen.net\/festivaaliteema-2025-siirtolaisuus\/","url":"https:\/\/kaustinen.net\/festivaaliteema-2025-siirtolaisuus\/","name":"Festivaaliteema 2025: SIIRTOLAISUUS - Kaustinen Folk Music Festival","isPartOf":{"@id":"https:\/\/kaustinen.net\/sv\/#website"},"datePublished":"2025-05-13T12:21:56+00:00","dateModified":"2025-06-13T08:48:02+00:00","breadcrumb":{"@id":"https:\/\/kaustinen.net\/festivaaliteema-2025-siirtolaisuus\/#breadcrumb"},"inLanguage":"en-GB","potentialAction":[{"@type":"ReadAction","target":["https:\/\/kaustinen.net\/festivaaliteema-2025-siirtolaisuus\/"]}]},{"@type":"BreadcrumbList","@id":"https:\/\/kaustinen.net\/festivaaliteema-2025-siirtolaisuus\/#breadcrumb","itemListElement":[{"@type":"ListItem","position":1,"name":"Home","item":"https:\/\/kaustinen.net\/"},{"@type":"ListItem","position":2,"name":"Festivaaliteema 2025: SIIRTOLAISUUS"}]},{"@type":"WebSite","@id":"https:\/\/kaustinen.net\/sv\/#website","url":"https:\/\/kaustinen.net\/sv\/","name":"Kaustinen Folk Music Festival","description":"Happiest Days of Summer","potentialAction":[{"@type":"SearchAction","target":{"@type":"EntryPoint","urlTemplate":"https:\/\/kaustinen.net\/sv\/?s={search_term_string}"},"query-input":{"@type":"PropertyValueSpecification","valueRequired":true,"valueName":"search_term_string"}}],"inLanguage":"en-GB"}]}},"jetpack_sharing_enabled":true,"_links":{"self":[{"href":"https:\/\/kaustinen.net\/en\/wp-json\/wp\/v2\/pages\/45344","targetHints":{"allow":["GET"]}}],"collection":[{"href":"https:\/\/kaustinen.net\/en\/wp-json\/wp\/v2\/pages"}],"about":[{"href":"https:\/\/kaustinen.net\/en\/wp-json\/wp\/v2\/types\/page"}],"author":[{"embeddable":true,"href":"https:\/\/kaustinen.net\/en\/wp-json\/wp\/v2\/users\/2"}],"replies":[{"embeddable":true,"href":"https:\/\/kaustinen.net\/en\/wp-json\/wp\/v2\/comments?post=45344"}],"version-history":[{"count":8,"href":"https:\/\/kaustinen.net\/en\/wp-json\/wp\/v2\/pages\/45344\/revisions"}],"predecessor-version":[{"id":45542,"href":"https:\/\/kaustinen.net\/en\/wp-json\/wp\/v2\/pages\/45344\/revisions\/45542"}],"wp:attachment":[{"href":"https:\/\/kaustinen.net\/en\/wp-json\/wp\/v2\/media?parent=45344"}],"curies":[{"name":"wp","href":"https:\/\/api.w.org\/{rel}","templated":true}]}}