{"id":44501,"date":"2025-12-09T14:00:00","date_gmt":"2025-12-09T12:00:00","guid":{"rendered":"https:\/\/kaustinen.net\/?page_id=44501"},"modified":"2025-12-09T13:52:04","modified_gmt":"2025-12-09T11:52:04","slug":"seminars-2024","status":"publish","type":"page","link":"https:\/\/kaustinen.net\/en\/seminaarit-2024\/","title":{"rendered":"Seminars 2025"},"content":{"rendered":"<p>[et_pb_section fb_built=&#8221;1&#8243; _builder_version=&#8221;4.6.6&#8243; _module_preset=&#8221;default&#8221;][et_pb_row _builder_version=&#8221;4.6.6&#8243; _module_preset=&#8221;default&#8221; width=&#8221;60%&#8221; width_tablet=&#8221;90%&#8221; width_phone=&#8221;&#8221; width_last_edited=&#8221;on|tablet&#8221; custom_padding=&#8221;0px|||||&#8221; hover_enabled=&#8221;0&#8243; sticky_enabled=&#8221;0&#8243;][et_pb_column type=&#8221;4_4&#8243; _builder_version=&#8221;4.6.6&#8243; _module_preset=&#8221;default&#8221;][et_pb_text _builder_version=&#8221;4.6.6&#8243; _module_preset=&#8221;default&#8221; hover_enabled=&#8221;0&#8243; sticky_enabled=&#8221;0&#8243;]<\/p>\n<h2><strong>Seminaarit<\/strong><\/h2>\n<p>Kaustisen kansanmusiikkijuhlien seminaariohjelma tarjoaa monipuolisia n\u00e4k\u00f6kulmia alan keskustelunaiheisiin, kysymyksiin ja kehitykseen.<\/p>\n<p>Ohjelma koostuu seitsem\u00e4st\u00e4 seminaarista, joihin on vapaa p\u00e4\u00e4sy. Seminaarit j\u00e4rjest\u00e4t\u00e4\u00e4n joko suomeksi tai englanniksi.\u00a0Kaikki seminaarit j\u00e4rjestet\u00e4\u00e4n Kansantaiteenkeskuksen Museosalissa ellei toisin mainita.<\/p>\n<h4 style=\"text-align: left;\">________________________________________________________________________<\/h4>\n<h4>Ti 8.7. 11.30\u201313.30<\/h4>\n<h2><strong>VISIO2030<\/strong><\/h2>\n<p><strong><img loading=\"lazy\" decoding=\"async\" src=\"https:\/\/kaustinen.net\/wp-content\/uploads\/2025\/07\/visio2030-seminaari.jpg\" width=\"868\" height=\"454\" alt=\"\" class=\"wp-image-45654 alignnone size-full\" \/><\/strong><\/p>\n<p>Kansanmusiikin ja kansantanssin toimijat kokoavassa seminaarissa jatketaan alan uuden viisivuotiskauden strategista suunnittelua. Alan j\u00e4rjest\u00f6kent\u00e4n rahoitus on kohdannut kohtalokkaita leikkauksia, kuinka toimijoiden tulisi reagoida tilanteeseen? Seminaarin j\u00e4rjest\u00e4\u00e4 Kansanmusiikin ja Kansantanssin Edist\u00e4miskeskus sek\u00e4 Kansanmusiikki-instituutti.<\/p>\n<p style=\"font-weight: 400;\">11.30 Seminaarin avaus<\/p>\n<p style=\"font-weight: 400;\">11.35 Jaana Kari: Suomen Kansanmusiikkiliitto nyt<\/p>\n<p style=\"font-weight: 400;\">11.50 Hanna Poikela, Kansanmusiikin ja Kansantanssin Edist\u00e4miskeskus, ja Matti Hakam\u00e4ki, Kansanmusiikki-instituutti: Visio2030 \u2013 alan j\u00e4rjest\u00f6kentt\u00e4 murroksessa<\/p>\n<p style=\"font-weight: 400;\">12.10 Paneelikeskustelu: Kansanmusiikki- ja kansantanssikent\u00e4n rahoitus, edunvalvonta ja mahdolliset organisatoriset muutokset<\/p>\n<p style=\"font-weight: 400;\">13.00 Yleis\u00f6keskustelu<\/p>\n<p style=\"font-weight: 400;\">13.30 Seminaari p\u00e4\u00e4ttyy<\/p>\n<h4 style=\"text-align: left;\">____________________________________________________________________________<\/h4>\n<h4>Ke 9.7. 9.00\u201310.00<\/h4>\n<h2 style=\"font-weight: 400;\"><strong>Kansanmusiikkipedagoginen seminaari<\/strong><\/h2>\n<p style=\"font-weight: 400;\">Kansanmusiikin opettajien tapaamisessa pureudutaan alaan liittyvien pedagogisiin kysymyksiin alustusten ja keskustelun kautta.<\/p>\n<h4>____________________________________________________________________________<\/h4>\n<h4>Ke 9.7. 11.30\u201313.30<\/h4>\n<h2 style=\"font-weight: 400;\"><strong>ICH North \u2013 passing on our musical heritage<\/strong><\/h2>\n<p><strong><\/strong><\/p>\n<p style=\"font-weight: 400;\"><img loading=\"lazy\" decoding=\"async\" src=\"https:\/\/kaustinen.net\/wp-content\/uploads\/2025\/07\/Nayttokuva-2025-06-30-kello-23.05.58.png\" width=\"584\" height=\"584\" alt=\"\" class=\"wp-image-45661 alignnone size-full\" \/><\/p>\n<p style=\"font-weight: 400;\">Seminaarissa k\u00e4yd\u00e4\u00e4n l\u00e4pi kolmivuotisen pohjoismaisen Interreg-hankkeen toimia ja tuloksia. Miten musiikkiperint\u00f6 siirtyy nykyp\u00e4iv\u00e4n\u00e4 sukupolvelta toiselle, kuinka arkistoty\u00f6t\u00e4 voi toteuttaa yhteis\u00f6l\u00e4ht\u00f6isesti ja olisiko polskasta ainesta yhteispohjoismaiseksi kohteeksi Unescon ihmiskunnan aineettoman kulttuuriperinn\u00f6n luetteloon? Seminaarikieli englanti.<\/p>\n<p style=\"font-weight: 400;\">11.30 Sara K\u00e5ll-Fr\u00f6jd\u00f6: Welcome to the seminar \u2013 What is ICH North<\/p>\n<p style=\"font-weight: 400;\">11.40 Roser Gabriel: Musical living room<\/p>\n<p style=\"font-weight: 400;\">12.00 Outi Valo ja Heidi Henriikka M\u00e4kel\u00e4: Culturally sustainable field trips to historical folk music<\/p>\n<p style=\"font-weight: 400;\">12.20 Bengt Wittgren &amp; Britta Knapp: Polska as living heritage<\/p>\n<p style=\"font-weight: 400;\">12.40 Johanna Bj\u00f6rkholm: What happens when we pass on traditions<\/p>\n<p style=\"font-weight: 400;\">13.00 Annika Myll\u00e4ri &amp; Kati Hyv\u00f6nen: Living Musical Heritage open online course<\/p>\n<p style=\"font-weight: 400;\">13.20 Keskustelua<\/p>\n<p style=\"font-weight: 400;\">13.30 Seminaari p\u00e4\u00e4ttyy<\/p>\n<h4>____________________________________________________________________________<\/h4>\n<h4 style=\"font-weight: 400;\"><span>To 10.7.\u00a0<\/span>11.30\u201313.30<\/h4>\n<h2 style=\"font-weight: 400;\"><strong>Cultural Spaces: Digital Innovations &amp; safeguarding ICH<\/strong><\/h2>\n<p><strong><\/strong><\/p>\n<p style=\"font-weight: 400;\"><img loading=\"lazy\" decoding=\"async\" src=\"https:\/\/kaustinen.net\/wp-content\/uploads\/2025\/07\/Cultural-Spaces-Digital-Innovations-safeguarding-ICH.jpg\" width=\"651\" height=\"546\" alt=\"\" class=\"wp-image-45659 alignnone size-full\" \/><\/p>\n<p style=\"font-weight: 400;\">Digit ICH -Erasmus+ -hankkeen seminaarissa Unescon aineettoman kulttuuriperinn\u00f6n kohteiden edustajat muun muassa Kroatiasta, Georgiasta, Slovakiasta ja Latviasta kertovat perinteist\u00e4\u00e4n, niiden suojeluk\u00e4yt\u00e4nteist\u00e4 sek\u00e4 niihin liittyvist\u00e4 digitaalisista innovaatioista. Seminaarikieli englanti<\/p>\n<p style=\"font-weight: 400;\">11.30 Musical opening of the seminar<\/p>\n<p style=\"font-weight: 400;\">11.35 M\u0101ra Rozent\u0101le : Presenting the Digit ICH Erasmus+ project<\/p>\n<p style=\"font-weight: 400;\">11.50 Snje\u017eana Bogdani\u0107 : Local Approaches from Croatia to Safeguarding and Transmitting Intangible Culture<\/p>\n<p style=\"font-weight: 400;\">12.20 Maia Gelashvili: Presenting a film from Georgia: Festival \u201cNanina\u201d<\/p>\n<p style=\"font-weight: 400;\">12.50 Juraj Hamar: Activities of the Slovak Intangible Heritage Centre for a digitization and safeguarding of intangible heritage<\/p>\n<p style=\"font-weight: 400;\">13.10 Questions and answers<\/p>\n<p style=\"font-weight: 400;\">13.25 Musical closing of the seminar<\/p>\n<h4>____________________________________________________________________________<\/h4>\n<h4 style=\"font-weight: 400;\">Pe 11.7. 11.30\u201313.30<\/h4>\n<h2 style=\"font-weight: 400;\"><strong>Aineeton kulttuuriperint\u00f6 \u2013 suojeluk\u00e4yt\u00e4nteet ja aineettoman kulttuuriperinn\u00f6n kentt\u00e4 Suomessa<\/strong><\/h2>\n<p><strong><\/strong><\/p>\n<p style=\"font-weight: 400;\"><img loading=\"lazy\" decoding=\"async\" src=\"https:\/\/kaustinen.net\/wp-content\/uploads\/2025\/07\/Aineeton-kulttuuriperinto-\u2013-suojelukaytanteet-ja-aineettoman-kulttuuriperinnon-kentta-Suo-messa-1480-x-1080-px-1880-x-1080-px.jpg\" width=\"722\" height=\"415\" alt=\"\" class=\"wp-image-45658 alignnone size-full\" \/><\/p>\n<p style=\"font-weight: 400;\">Suomen aineettoman kulttuuriperinn\u00f6n yhdistyksen kanssa j\u00e4rjestett\u00e4v\u00e4 seminaari k\u00e4sittelee alan yhteisi\u00e4 haasteita ja mahdollisuuksia ja kent\u00e4n j\u00e4rjest\u00e4ytymist\u00e4 ja strategiaa. Seminaarissa kuullaan puheenvuoroja Unescon aineettoman kulttuuriperinn\u00f6n sopimuksen akkreditoituneiden j\u00e4rjest\u00f6jen n\u00e4k\u00f6kulmasta sek\u00e4 Unescon luettelokohteiden kokemuksista. My\u00f6s Suomen seuraavia mahdollisia Unesco-kohteita pohditaan ja kartoitetaan.<\/p>\n<p style=\"font-weight: 400;\">11.30 TBC, tervetulosanat<\/p>\n<p style=\"font-weight: 400;\">11.35 Matti Hakam\u00e4ki : Suomen aineettoman kulttuuriperinn\u00f6n yhdistyksen strategiaty\u00f6 jatkuu<\/p>\n<p style=\"font-weight: 400;\">11.40 Kikka Jelisejeff: K\u00e4sity\u00f6kohteita maailmankartalle \u2013 mahdollisia luettelointikohteita meilt\u00e4 ja muualta<\/p>\n<p style=\"font-weight: 400;\">12.00 Markku Vaaraniemi: Torniojoen lippokalastus \u2013 hakemusprosessin vaiheita<\/p>\n<p style=\"font-weight: 400;\">12.30 Taina Hautam\u00e4ki: Pohjalaistaloverkosto<\/p>\n<p style=\"font-weight: 400;\">12.50 Pekka Paasonen: Saunakulttuuri Suomessa ja el\u00e4v\u00e4n perinn\u00f6n yhteisty\u00f6n mahdollisuudet<\/p>\n<p style=\"font-weight: 400;\">13.10 Keskustelua<\/p>\n<p style=\"font-weight: 400;\">13.30 Seminaari p\u00e4\u00e4ttyy<\/p>\n<h4>____________________________________________________________________________<\/h4>\n<h4 style=\"font-weight: 400;\">La 12.7. 11:00\u201313:30<\/h4>\n<h4 style=\"font-weight: 400;\">Kansantaiteenkeskus, Kaustinen-sali.<\/h4>\n<h2 style=\"font-weight: 400;\"><strong>Kaustinen Intangible Cultural Heritage Seminar 2025: Music on the Move \u2013 Migration, Resilience and Identity\u00a0<\/strong><\/h2>\n<p><strong><\/strong><\/p>\n<p style=\"font-weight: 400;\"><img loading=\"lazy\" decoding=\"async\" src=\"https:\/\/kaustinen.net\/wp-content\/uploads\/2025\/07\/Kaustinen-ich-seminar-2024-42-x-14-cm-2.jpg\" width=\"2000\" height=\"667\" alt=\"\" class=\"wp-image-45660 alignnone size-full\" \/><\/p>\n<p style=\"font-weight: 400;\">Seminaarissa paneudutaan festivaalin vuoden siirtolaisuusteemaan erityisesti aineettoman kulttuuriperinn\u00f6n suojelun n\u00e4k\u00f6kulmasta. Mik\u00e4 merkitys on musiikilla ja musiikkiperinn\u00f6ll\u00e4, kun ihmiset liikkuvat paikasta toiseen? Seminaari striimataan Kansanmusiikki-instituutin Youtube-kanavalla. Seminaarikieli englanti.<\/p>\n<p style=\"font-weight: 400;\">11.00 Matti Hakam\u00e4ki: Welcome to the seminar<\/p>\n<p style=\"font-weight: 400;\">11.05 Children group N\u00e4pp\u00e4rit from Kaustinen<\/p>\n<p style=\"font-weight: 400;\">11.15 \u013dubica Vo\u013eansk\u00e1 \u2013 Where Migration Studies Meet Living Heritage: Community Building among Ukrainian Refugees in Slovakia<\/p>\n<p style=\"font-weight: 400;\">11.50 Ensemble Didgori\u00a0: Migration songs<\/p>\n<p style=\"font-weight: 400;\">12.00 Panel Discussion \u2013 Migration, resilience and identity. Saijaleena Rantanen will host a panel discussion where musicians from different backgrounds reflect on the meaning of \u201cmusic on the move\u201d in their own lives and on how migration is reflected in their music. The panelists are musicians Karri \u201cPaleface\u201d Miettinen, Michal Elia Kamal, John Westmoreland and Mika \u201cMi\u0161a\u201d Saatsi.<\/p>\n<p style=\"font-weight: 400;\">13.10 Questions and answers<\/p>\n<p style=\"font-weight: 400;\">13.25 Closing song \u2013 Michal Elia Kamal<\/p>\n<h4>____________________________________________________________________________<\/h4>\n<h4 style=\"font-weight: 400;\">La 12.7. 17.00\u201318.00<\/h4>\n<h2 style=\"font-weight: 400;\"><strong>On l\u00e4hdetty ja palattu \u2013 Keski-Pohjanmaan Kulttuuriliitto ry:n seminaari<\/strong><\/h2>\n<p><strong><\/strong><\/p>\n<p style=\"font-weight: 400;\"><img loading=\"lazy\" decoding=\"async\" src=\"https:\/\/kaustinen.net\/wp-content\/uploads\/2025\/07\/Nayttokuva-2025-06-30-kello-23.25.27.png\" width=\"974\" height=\"694\" alt=\"\" class=\"wp-image-45662 alignnone size-full\" \/><\/p>\n<p style=\"font-weight: 400;\">Keski-Pohjanmaan Kulttuuriliitto esittelee monivuotista maakunnallista siirtolaisuustiedon ker\u00e4yshankettaan, joka kattaa ns. historiallisen Keski-Pohjanmaan alueen. Seminaari jatkaa p\u00e4iv\u00e4n festivaaliseminaarin teemoista \u2013 siirtolaiskokemukset, muuttoliike, resilienssi ja identiteetti \u2013 pureutuen niihin erityisesti historiallisesta n\u00e4k\u00f6kulmasta ja Keski-Pohjanmaan alueeseen keskittyen.<\/p>\n<p>&nbsp;<\/p>\n<p>[\/et_pb_text][\/et_pb_column][\/et_pb_row][\/et_pb_section]<\/p>\n","protected":false},"excerpt":{"rendered":"<p>[et_pb_section fb_built=&#8221;1&#8243; _builder_version=&#8221;4.6.6&#8243; _module_preset=&#8221;default&#8221;][et_pb_row _builder_version=&#8221;4.6.6&#8243; _module_preset=&#8221;default&#8221; width=&#8221;60%&#8221; width_tablet=&#8221;90%&#8221; width_phone=&#8221;&#8221; width_last_edited=&#8221;on|tablet&#8221; custom_padding=&#8221;0px|||||&#8221; hover_enabled=&#8221;0&#8243; sticky_enabled=&#8221;0&#8243;][et_pb_column type=&#8221;4_4&#8243; _builder_version=&#8221;4.6.6&#8243; _module_preset=&#8221;default&#8221;][et_pb_text _builder_version=&#8221;4.6.6&#8243; _module_preset=&#8221;default&#8221; hover_enabled=&#8221;0&#8243; sticky_enabled=&#8221;0&#8243;] Seminaarit Kaustisen kansanmusiikkijuhlien seminaariohjelma tarjoaa monipuolisia n\u00e4k\u00f6kulmia alan keskustelunaiheisiin, kysymyksiin ja kehitykseen. Ohjelma koostuu seitsem\u00e4st\u00e4 seminaarista, joihin on vapaa p\u00e4\u00e4sy. Seminaarit j\u00e4rjest\u00e4t\u00e4\u00e4n joko suomeksi tai englanniksi.\u00a0Kaikki seminaarit j\u00e4rjestet\u00e4\u00e4n Kansantaiteenkeskuksen Museosalissa ellei toisin mainita. ________________________________________________________________________ Ti [&hellip;]<\/p>\n","protected":false},"author":1,"featured_media":0,"parent":0,"menu_order":0,"comment_status":"closed","ping_status":"closed","template":"","meta":{"_et_pb_use_builder":"on","_et_pb_old_content":"","_et_gb_content_width":"","footnotes":""},"class_list":["post-44501","page","type-page","status-publish","hentry"],"yoast_head":"<!-- This site is optimized with the Yoast SEO plugin v27.4 - https:\/\/yoast.com\/product\/yoast-seo-wordpress\/ -->\n<title>Seminaarit 2025 - Kaustinen Folk Music Festival<\/title>\n<meta name=\"robots\" content=\"index, follow, max-snippet:-1, max-image-preview:large, max-video-preview:-1\" \/>\n<link rel=\"canonical\" href=\"https:\/\/kaustinen.net\/en\/seminars-2024\/\" \/>\n<meta property=\"og:locale\" content=\"en_GB\" \/>\n<meta property=\"og:type\" content=\"article\" \/>\n<meta property=\"og:title\" content=\"Seminaarit 2025 - Kaustinen Folk Music Festival\" \/>\n<meta property=\"og:description\" content=\"[et_pb_section fb_built=&#8221;1&#8243; _builder_version=&#8221;4.6.6&#8243; _module_preset=&#8221;default&#8221;][et_pb_row _builder_version=&#8221;4.6.6&#8243; _module_preset=&#8221;default&#8221; width=&#8221;60%&#8221; width_tablet=&#8221;90%&#8221; width_phone=&#8221;&#8221; width_last_edited=&#8221;on|tablet&#8221; custom_padding=&#8221;0px|||||&#8221; hover_enabled=&#8221;0&#8243; sticky_enabled=&#8221;0&#8243;][et_pb_column type=&#8221;4_4&#8243; _builder_version=&#8221;4.6.6&#8243; _module_preset=&#8221;default&#8221;][et_pb_text _builder_version=&#8221;4.6.6&#8243; _module_preset=&#8221;default&#8221; hover_enabled=&#8221;0&#8243; sticky_enabled=&#8221;0&#8243;] Seminaarit Kaustisen kansanmusiikkijuhlien seminaariohjelma tarjoaa monipuolisia n\u00e4k\u00f6kulmia alan keskustelunaiheisiin, kysymyksiin ja kehitykseen. Ohjelma koostuu seitsem\u00e4st\u00e4 seminaarista, joihin on vapaa p\u00e4\u00e4sy. Seminaarit j\u00e4rjest\u00e4t\u00e4\u00e4n joko suomeksi tai englanniksi.\u00a0Kaikki seminaarit j\u00e4rjestet\u00e4\u00e4n Kansantaiteenkeskuksen Museosalissa ellei toisin mainita. ________________________________________________________________________ Ti [&hellip;]\" \/>\n<meta property=\"og:url\" content=\"https:\/\/kaustinen.net\/en\/seminars-2024\/\" \/>\n<meta property=\"og:site_name\" content=\"Kaustinen Folk Music Festival\" \/>\n<meta property=\"og:image\" content=\"https:\/\/kaustinen.net\/wp-content\/uploads\/2025\/07\/visio2030-seminaari.jpg\" \/>\n\t<meta property=\"og:image:width\" content=\"1920\" \/>\n\t<meta property=\"og:image:height\" content=\"1005\" \/>\n\t<meta property=\"og:image:type\" content=\"image\/jpeg\" \/>\n<meta name=\"twitter:card\" content=\"summary_large_image\" \/>\n<meta name=\"twitter:label1\" content=\"Estimated reading time\" \/>\n\t<meta name=\"twitter:data1\" content=\"5 minutes\" \/>\n<script type=\"application\/ld+json\" class=\"yoast-schema-graph\">{\"@context\":\"https:\\\/\\\/schema.org\",\"@graph\":[{\"@type\":\"WebPage\",\"@id\":\"https:\\\/\\\/kaustinen.net\\\/seminaarit-2024\\\/\",\"url\":\"https:\\\/\\\/kaustinen.net\\\/seminaarit-2024\\\/\",\"name\":\"Seminaarit 2025 - Kaustinen Folk Music Festival\",\"isPartOf\":{\"@id\":\"https:\\\/\\\/kaustinen.net\\\/sv\\\/#website\"},\"primaryImageOfPage\":{\"@id\":\"https:\\\/\\\/kaustinen.net\\\/seminaarit-2024\\\/#primaryimage\"},\"image\":{\"@id\":\"https:\\\/\\\/kaustinen.net\\\/seminaarit-2024\\\/#primaryimage\"},\"thumbnailUrl\":\"https:\\\/\\\/kaustinen.net\\\/wp-content\\\/uploads\\\/2025\\\/07\\\/visio2030-seminaari.jpg\",\"datePublished\":\"2025-12-09T12:00:00+00:00\",\"breadcrumb\":{\"@id\":\"https:\\\/\\\/kaustinen.net\\\/seminaarit-2024\\\/#breadcrumb\"},\"inLanguage\":\"en-GB\",\"potentialAction\":[{\"@type\":\"ReadAction\",\"target\":[\"https:\\\/\\\/kaustinen.net\\\/seminaarit-2024\\\/\"]}]},{\"@type\":\"ImageObject\",\"inLanguage\":\"en-GB\",\"@id\":\"https:\\\/\\\/kaustinen.net\\\/seminaarit-2024\\\/#primaryimage\",\"url\":\"https:\\\/\\\/kaustinen.net\\\/wp-content\\\/uploads\\\/2025\\\/07\\\/visio2030-seminaari.jpg\",\"contentUrl\":\"https:\\\/\\\/kaustinen.net\\\/wp-content\\\/uploads\\\/2025\\\/07\\\/visio2030-seminaari.jpg\"},{\"@type\":\"BreadcrumbList\",\"@id\":\"https:\\\/\\\/kaustinen.net\\\/seminaarit-2024\\\/#breadcrumb\",\"itemListElement\":[{\"@type\":\"ListItem\",\"position\":1,\"name\":\"Home\",\"item\":\"https:\\\/\\\/kaustinen.net\\\/\"},{\"@type\":\"ListItem\",\"position\":2,\"name\":\"Seminaarit 2025\"}]},{\"@type\":\"WebSite\",\"@id\":\"https:\\\/\\\/kaustinen.net\\\/sv\\\/#website\",\"url\":\"https:\\\/\\\/kaustinen.net\\\/sv\\\/\",\"name\":\"Kaustinen Folk Music Festival\",\"description\":\"Kes\u00e4n onnellisimmat p\u00e4iv\u00e4t\",\"potentialAction\":[{\"@type\":\"SearchAction\",\"target\":{\"@type\":\"EntryPoint\",\"urlTemplate\":\"https:\\\/\\\/kaustinen.net\\\/sv\\\/?s={search_term_string}\"},\"query-input\":{\"@type\":\"PropertyValueSpecification\",\"valueRequired\":true,\"valueName\":\"search_term_string\"}}],\"inLanguage\":\"en-GB\"}]}<\/script>\n<!-- \/ Yoast SEO plugin. -->","yoast_head_json":{"title":"Seminars 2025 - Kaustinen Folk Music Festival","robots":{"index":"index","follow":"follow","max-snippet":"max-snippet:-1","max-image-preview":"max-image-preview:large","max-video-preview":"max-video-preview:-1"},"canonical":"https:\/\/kaustinen.net\/en\/seminars-2024\/","og_locale":"en_GB","og_type":"article","og_title":"Seminaarit 2025 - Kaustinen Folk Music Festival","og_description":"[et_pb_section fb_built=&#8221;1&#8243; _builder_version=&#8221;4.6.6&#8243; _module_preset=&#8221;default&#8221;][et_pb_row _builder_version=&#8221;4.6.6&#8243; _module_preset=&#8221;default&#8221; width=&#8221;60%&#8221; width_tablet=&#8221;90%&#8221; width_phone=&#8221;&#8221; width_last_edited=&#8221;on|tablet&#8221; custom_padding=&#8221;0px|||||&#8221; hover_enabled=&#8221;0&#8243; sticky_enabled=&#8221;0&#8243;][et_pb_column type=&#8221;4_4&#8243; _builder_version=&#8221;4.6.6&#8243; _module_preset=&#8221;default&#8221;][et_pb_text _builder_version=&#8221;4.6.6&#8243; _module_preset=&#8221;default&#8221; hover_enabled=&#8221;0&#8243; sticky_enabled=&#8221;0&#8243;] Seminaarit Kaustisen kansanmusiikkijuhlien seminaariohjelma tarjoaa monipuolisia n\u00e4k\u00f6kulmia alan keskustelunaiheisiin, kysymyksiin ja kehitykseen. Ohjelma koostuu seitsem\u00e4st\u00e4 seminaarista, joihin on vapaa p\u00e4\u00e4sy. Seminaarit j\u00e4rjest\u00e4t\u00e4\u00e4n joko suomeksi tai englanniksi.\u00a0Kaikki seminaarit j\u00e4rjestet\u00e4\u00e4n Kansantaiteenkeskuksen Museosalissa ellei toisin mainita. ________________________________________________________________________ Ti [&hellip;]","og_url":"https:\/\/kaustinen.net\/en\/seminars-2024\/","og_site_name":"Kaustinen Folk Music Festival","og_image":[{"width":1920,"height":1005,"url":"https:\/\/kaustinen.net\/wp-content\/uploads\/2025\/07\/visio2030-seminaari.jpg","type":"image\/jpeg"}],"twitter_card":"summary_large_image","twitter_misc":{"Estimated reading time":"5 minutes"},"schema":{"@context":"https:\/\/schema.org","@graph":[{"@type":"WebPage","@id":"https:\/\/kaustinen.net\/seminaarit-2024\/","url":"https:\/\/kaustinen.net\/seminaarit-2024\/","name":"Seminars 2025 - Kaustinen Folk Music Festival","isPartOf":{"@id":"https:\/\/kaustinen.net\/sv\/#website"},"primaryImageOfPage":{"@id":"https:\/\/kaustinen.net\/seminaarit-2024\/#primaryimage"},"image":{"@id":"https:\/\/kaustinen.net\/seminaarit-2024\/#primaryimage"},"thumbnailUrl":"https:\/\/kaustinen.net\/wp-content\/uploads\/2025\/07\/visio2030-seminaari.jpg","datePublished":"2025-12-09T12:00:00+00:00","breadcrumb":{"@id":"https:\/\/kaustinen.net\/seminaarit-2024\/#breadcrumb"},"inLanguage":"en-GB","potentialAction":[{"@type":"ReadAction","target":["https:\/\/kaustinen.net\/seminaarit-2024\/"]}]},{"@type":"ImageObject","inLanguage":"en-GB","@id":"https:\/\/kaustinen.net\/seminaarit-2024\/#primaryimage","url":"https:\/\/kaustinen.net\/wp-content\/uploads\/2025\/07\/visio2030-seminaari.jpg","contentUrl":"https:\/\/kaustinen.net\/wp-content\/uploads\/2025\/07\/visio2030-seminaari.jpg"},{"@type":"BreadcrumbList","@id":"https:\/\/kaustinen.net\/seminaarit-2024\/#breadcrumb","itemListElement":[{"@type":"ListItem","position":1,"name":"Home","item":"https:\/\/kaustinen.net\/"},{"@type":"ListItem","position":2,"name":"Seminaarit 2025"}]},{"@type":"WebSite","@id":"https:\/\/kaustinen.net\/sv\/#website","url":"https:\/\/kaustinen.net\/sv\/","name":"Kaustinen Folk Music Festival","description":"Happiest Days of Summer","potentialAction":[{"@type":"SearchAction","target":{"@type":"EntryPoint","urlTemplate":"https:\/\/kaustinen.net\/sv\/?s={search_term_string}"},"query-input":{"@type":"PropertyValueSpecification","valueRequired":true,"valueName":"search_term_string"}}],"inLanguage":"en-GB"}]}},"jetpack_sharing_enabled":true,"_links":{"self":[{"href":"https:\/\/kaustinen.net\/en\/wp-json\/wp\/v2\/pages\/44501","targetHints":{"allow":["GET"]}}],"collection":[{"href":"https:\/\/kaustinen.net\/en\/wp-json\/wp\/v2\/pages"}],"about":[{"href":"https:\/\/kaustinen.net\/en\/wp-json\/wp\/v2\/types\/page"}],"author":[{"embeddable":true,"href":"https:\/\/kaustinen.net\/en\/wp-json\/wp\/v2\/users\/1"}],"replies":[{"embeddable":true,"href":"https:\/\/kaustinen.net\/en\/wp-json\/wp\/v2\/comments?post=44501"}],"version-history":[{"count":0,"href":"https:\/\/kaustinen.net\/en\/wp-json\/wp\/v2\/pages\/44501\/revisions"}],"wp:attachment":[{"href":"https:\/\/kaustinen.net\/en\/wp-json\/wp\/v2\/media?parent=44501"}],"curies":[{"name":"wp","href":"https:\/\/api.w.org\/{rel}","templated":true}]}}