{"id":44194,"date":"2024-04-05T12:56:09","date_gmt":"2024-04-05T09:56:09","guid":{"rendered":"https:\/\/kaustinen.net\/?page_id=44194"},"modified":"2026-04-09T23:36:27","modified_gmt":"2026-04-09T20:36:27","slug":"showcase-2026","status":"publish","type":"page","link":"https:\/\/kaustinen.net\/en\/showcase-2026\/","title":{"rendered":"Showcase -bands"},"content":{"rendered":"<p>[et_pb_section fb_built=&#8221;1&#8243; admin_label=&#8221;section&#8221; _builder_version=&#8221;4.6.6&#8243; background_image=&#8221;https:\/\/kaustinen.net\/wp-content\/uploads\/2024\/04\/KAUSTINEN_FOLK_MUSIC_FESTIVAL_Suomi_Finland.jpg&#8221; parallax=&#8221;on&#8221; custom_padding=&#8221;||28px|||&#8221;][et_pb_row admin_label=&#8221;row&#8221; _builder_version=&#8221;4.6.6&#8243; background_size=&#8221;initial&#8221; background_position=&#8221;top_left&#8221; background_repeat=&#8221;repeat&#8221; width=&#8221;70%&#8221;][et_pb_column type=&#8221;4_4&#8243; _builder_version=&#8221;3.25&#8243; custom_padding=&#8221;|||&#8221; custom_padding__hover=&#8221;|||&#8221;][et_pb_text _builder_version=&#8221;4.6.6&#8243; _module_preset=&#8221;default&#8221; text_font=&#8221;|600||on|||||&#8221; header_font=&#8221;|600||on|||||&#8221; header_text_align=&#8221;center&#8221; text_orientation=&#8221;center&#8221; hover_enabled=&#8221;0&#8243; sticky_enabled=&#8221;0&#8243;]<\/p>\n<h1>Kaustisen showcase-yhtyeet 2026<\/h1>\n<p>[\/et_pb_text][et_pb_text _builder_version=&#8221;4.6.6&#8243; _module_preset=&#8221;default&#8221; text_orientation=&#8221;center&#8221;]<\/p>\n<p><span>Kaustisen festivaaleilla on valittu Showcase-yhtyeit\u00e4 vuodesta 2013. Vakiintuneessa sarjassa esitell\u00e4\u00e4n eteenp\u00e4in tavoittelevia, nousevia ja kansainv\u00e4listyvi\u00e4 kansanmusiikin nimi\u00e4. Showcase-sarjaan valitaan kolme yhtyett\u00e4 tai artistia, joista kukin esiintyy festivaaleilla kahdella eri lavalla ja kahtena eri p\u00e4iv\u00e4n\u00e4. Kes\u00e4n 2026 showcase-sarja toteutetaan yhteisty\u00f6ss\u00e4\u00a0<\/span><em>Music Finlandin kanssa.<\/em><\/p>\n<p>[\/et_pb_text][\/et_pb_column][\/et_pb_row][\/et_pb_section][et_pb_section fb_built=&#8221;1&#8243; _builder_version=&#8221;4.6.6&#8243; _module_preset=&#8221;default&#8221; width=&#8221;65%&#8221; width_tablet=&#8221;100%&#8221; width_phone=&#8221;&#8221; width_last_edited=&#8221;on|tablet&#8221; module_alignment=&#8221;center&#8221; custom_padding=&#8221;40px||2px|||&#8221;][et_pb_row _builder_version=&#8221;4.6.6&#8243; _module_preset=&#8221;default&#8221; custom_padding=&#8221;7px||0px|||&#8221;][et_pb_column type=&#8221;4_4&#8243; _builder_version=&#8221;4.6.6&#8243; _module_preset=&#8221;default&#8221;][et_pb_image src=&#8221;https:\/\/kaustinen.net\/wp-content\/uploads\/2026\/04\/Showcase-Melkutus-Party_photo-Leena-Pukki.jpg&#8221; title_text=&#8221;Showcase Melkutus Party_photo Leena Pukki&#8221; _builder_version=&#8221;4.6.6&#8243; _module_preset=&#8221;default&#8221; min_height=&#8221;29px&#8221; custom_margin=&#8221;-4px|||||&#8221;][\/et_pb_image][\/et_pb_column][\/et_pb_row][et_pb_row column_structure=&#8221;1_2,1_2&#8243; _builder_version=&#8221;4.6.6&#8243; _module_preset=&#8221;default&#8221; custom_padding=&#8221;||46px|||&#8221; border_width_bottom=&#8221;5px&#8221;][et_pb_column type=&#8221;1_2&#8243; _builder_version=&#8221;4.6.6&#8243; _module_preset=&#8221;default&#8221;][et_pb_text _builder_version=&#8221;4.6.6&#8243; _module_preset=&#8221;default&#8221;]<\/p>\n<h2><a href=\"https:\/\/www.jennivenalainen.com\/melkutus-party\" target=\"_blank\" rel=\"noopener noreferrer\">Melkutus Party<\/a><\/h2>\n<p class=\"paragraph\">Vanhat karjalaiset tanssis\u00e4velm\u00e4t kohtaavat elektronisen \u00e4\u00e4nimaiseman ja hypnoottiset biitit, moderni kantelebilemusiikki vie ihmisen j\u00e4lkeisen ajan reiveille. Debyyttialbumi tulossa syksyll\u00e4 2026.<\/p>\n<p><strong>Kokoonpano<\/strong><\/p>\n<p><strong>Jenni Ven\u00e4l\u00e4inen<\/strong>\u00a0\u2013\u00a0kantele, laulu<br \/> <strong>Janne Storm<\/strong>\u00a0\u2013\u00a0live-elektroniikka, setara<br \/> <strong>Tatu Viitala<\/strong>\u00a0\u2013\u00a0live-elekroniikka, ly\u00f6m\u00e4soittimet<\/p>\n<p><b>Esikoisalbumi<\/b><\/p>\n<p>Tulossa syksyll\u00e4 2026<\/p>\n<h3>Keikat<\/h3>\n<p>PE 17.7. klo 23.30 Kestikievari<br \/> LA 18.7. klo 20.30 Kallioklubi<\/p>\n<p>&nbsp;<\/p>\n<p>[\/et_pb_text][\/et_pb_column][et_pb_column type=&#8221;1_2&#8243; _builder_version=&#8221;4.6.6&#8243; _module_preset=&#8221;default&#8221;][et_pb_video src=&#8221;https:\/\/www.youtube.com\/watch?v=l-HxdPSF6OE&#8221; _builder_version=&#8221;4.6.6&#8243; _module_preset=&#8221;default&#8221;][\/et_pb_video][\/et_pb_column][\/et_pb_row][\/et_pb_section][et_pb_section fb_built=&#8221;1&#8243; _builder_version=&#8221;4.6.6&#8243; _module_preset=&#8221;default&#8221; width=&#8221;65%&#8221; width_tablet=&#8221;100%&#8221; width_phone=&#8221;&#8221; width_last_edited=&#8221;on|tablet&#8221; module_alignment=&#8221;center&#8221; custom_padding=&#8221;40px||2px|||&#8221;][et_pb_row _builder_version=&#8221;4.6.6&#8243; _module_preset=&#8221;default&#8221; custom_padding=&#8221;7px||0px|||&#8221;][et_pb_column type=&#8221;4_4&#8243; _builder_version=&#8221;4.6.6&#8243; _module_preset=&#8221;default&#8221;][et_pb_image src=&#8221;https:\/\/kaustinen.net\/wp-content\/uploads\/2026\/04\/Showcase-Uni-uni-kuva-Mikko-Haapoja.jpg&#8221; title_text=&#8221;Showcase Uni uni kuva Mikko Haapoja&#8221; _builder_version=&#8221;4.6.6&#8243; _module_preset=&#8221;default&#8221; min_height=&#8221;36px&#8221; custom_margin=&#8221;-4px|||||&#8221;][\/et_pb_image][\/et_pb_column][\/et_pb_row][et_pb_row column_structure=&#8221;1_2,1_2&#8243; _builder_version=&#8221;4.6.6&#8243; _module_preset=&#8221;default&#8221; custom_padding=&#8221;||46px|||&#8221; border_width_bottom=&#8221;5px&#8221;][et_pb_column type=&#8221;1_2&#8243; _builder_version=&#8221;4.6.6&#8243; _module_preset=&#8221;default&#8221;][et_pb_text _builder_version=&#8221;4.6.6&#8243; _module_preset=&#8221;default&#8221;]<\/p>\n<h2><a href=\"https:\/\/uniuni.fi\/\">uni uni<\/a><\/h2>\n<p class=\"paragraph\">Arkaaiset soittimet, live-loopit ja elektroninen pop sulautuvat elokuvalliseksi kokonaisuudeksi It\u00e4meren kimaltavilta rannoilta myrskyn sykkiv\u00e4\u00e4n syd\u00e4meen. Unenomaista, alkukantaista ja t\u00e4ysin ainutlaatuista.<\/p>\n<p><strong>Kokoonpano<\/strong><\/p>\n<p><strong>Ella Isotalo<\/strong>\u00a0\u2013 viulu, jouhikko, alttoviulu, ilimba, live-looppaus<br \/> <strong>Mikko H. Haapoja<\/strong>\u00a0\u2013 syntetisaattorit, ohjelmointi, jouhikko, laulu<\/p>\n<p><b>Esikoisalbumi<\/b><\/p>\n<p>Tulossa kes\u00e4ll\u00e4 2026<\/p>\n<h3>Keikat<\/h3>\n<p>PE 17.7. klo 21.00\u00a0PH Nordgren -sali<br \/> LA 18.7. klo 22.00 Kallioklubi<\/p>\n<p>[\/et_pb_text][\/et_pb_column][et_pb_column type=&#8221;1_2&#8243; _builder_version=&#8221;4.6.6&#8243; _module_preset=&#8221;default&#8221;][et_pb_video src=&#8221;https:\/\/www.youtube.com\/watch?v=GtLI3Z3tdLw&#8221; _builder_version=&#8221;4.6.6&#8243; _module_preset=&#8221;default&#8221;][\/et_pb_video][\/et_pb_column][\/et_pb_row][\/et_pb_section][et_pb_section fb_built=&#8221;1&#8243; _builder_version=&#8221;4.6.6&#8243; _module_preset=&#8221;default&#8221; width=&#8221;65%&#8221; width_tablet=&#8221;100%&#8221; width_phone=&#8221;&#8221; width_last_edited=&#8221;on|tablet&#8221; module_alignment=&#8221;center&#8221; custom_padding=&#8221;40px||2px|||&#8221;][et_pb_row _builder_version=&#8221;4.6.6&#8243; _module_preset=&#8221;default&#8221; min_height=&#8221;36px&#8221; custom_padding=&#8221;7px||0px|||&#8221;][et_pb_column type=&#8221;4_4&#8243; _builder_version=&#8221;4.6.6&#8243; _module_preset=&#8221;default&#8221;][et_pb_image src=&#8221;https:\/\/kaustinen.net\/wp-content\/uploads\/2026\/04\/Showcase-Veikko-Virkkala-Band.jpg&#8221; title_text=&#8221;Showcase Veikko Virkkala Band&#8221; _builder_version=&#8221;4.6.6&#8243; _module_preset=&#8221;default&#8221; custom_margin=&#8221;-4px|||||&#8221;][\/et_pb_image][\/et_pb_column][\/et_pb_row][et_pb_row column_structure=&#8221;1_2,1_2&#8243; _builder_version=&#8221;4.6.6&#8243; _module_preset=&#8221;default&#8221; custom_padding=&#8221;||46px|||&#8221; border_width_bottom=&#8221;5px&#8221;][et_pb_column type=&#8221;1_2&#8243; _builder_version=&#8221;4.6.6&#8243; _module_preset=&#8221;default&#8221;][et_pb_text _builder_version=&#8221;4.6.6&#8243; _module_preset=&#8221;default&#8221;]<\/p>\n<h2><a href=\"https:\/\/www.instagram.com\/veikkovirkkalaband\/?igsh=ZjVlOXVoYXlzY2hy&amp;utm_source=qr\" target=\"_blank\" rel=\"noopener noreferrer\">Veikko Virkkala Band<\/a><\/h2>\n<p class=\"paragraph\"><span class=\"eop\">Kaustislaisl\u00e4ht\u00f6inen Veikko Virkkala tuo lavalle svengaavan ja ennakkoluulottoman kokonaisuuden, jossa kansanmusiikin syv\u00e4t juuret t\u00f6rm\u00e4\u00e4v\u00e4t rockiin, jazziin ja kaikkeen silt\u00e4 v\u00e4lilt\u00e4, t\u00e4ydell\u00e4 energialla!<br \/> <\/span><\/p>\n<p><strong>Kokoonpano<\/strong><\/p>\n<p><strong>Veikko Virkkala<\/strong> \u2013 rummut<br \/> <strong>Erkki Virkkala<\/strong> \u2013 viulu<br \/> <strong>Iikka Huntus<\/strong> \u2013 viulu<br \/> <strong>Okko Huntus<\/strong>\u00a0\u2013 koskettimet<br \/> <strong>Nooa Luoma<\/strong>\u00a0\u2013 kitara<br \/> <strong>Tuomas Piispanen\u00a0\u2013<\/strong>\u00a0basso<\/p>\n<p><b>Julkaistu single<\/b><\/p>\n<p>UNG 2025<\/p>\n<h3>Keikat<\/h3>\n<p>KE 15.7. klo 22.00 KPO-areena<br \/> PE 17.7. klo 22.15 Kallioklubi<\/p>\n<p>[\/et_pb_text][\/et_pb_column][et_pb_column type=&#8221;1_2&#8243; _builder_version=&#8221;4.6.6&#8243; _module_preset=&#8221;default&#8221;][et_pb_video src=&#8221;https:\/\/www.youtube.com\/watch?v=aQm4ftJ5lno&#038;list=OLAK5uy_kyCK726IPpy9L2YKdO4_zNPLHqCpaf-WI&#8221; _builder_version=&#8221;4.6.6&#8243; _module_preset=&#8221;default&#8221;][\/et_pb_video][\/et_pb_column][\/et_pb_row][\/et_pb_section][et_pb_section fb_built=&#8221;1&#8243; _builder_version=&#8221;4.6.6&#8243; _module_preset=&#8221;default&#8221;][et_pb_row _builder_version=&#8221;4.6.6&#8243; _module_preset=&#8221;default&#8221;][et_pb_column type=&#8221;4_4&#8243; _builder_version=&#8221;4.6.6&#8243; _module_preset=&#8221;default&#8221;][et_pb_text _builder_version=&#8221;4.6.6&#8243; _module_preset=&#8221;default&#8221;]<\/p>\n<h3 style=\"text-align: center;\">Katso <a href=\"https:\/\/kaustinen.net\/showcase-yhtyeet-kautta-aikain\/\" target=\"_blank\" rel=\"noopener noreferrer\">t\u00e4\u00e4lt\u00e4<\/a> Showcase-yhtyeet kautta aikain.<\/h3>\n<p>[\/et_pb_text][\/et_pb_column][\/et_pb_row][\/et_pb_section]<\/p>\n","protected":false},"excerpt":{"rendered":"<p>[et_pb_section fb_built=&#8221;1&#8243; admin_label=&#8221;section&#8221; _builder_version=&#8221;4.6.6&#8243; background_image=&#8221;https:\/\/kaustinen.net\/wp-content\/uploads\/2024\/04\/KAUSTINEN_FOLK_MUSIC_FESTIVAL_Suomi_Finland.jpg&#8221; parallax=&#8221;on&#8221; custom_padding=&#8221;||28px|||&#8221;][et_pb_row admin_label=&#8221;row&#8221; _builder_version=&#8221;4.6.6&#8243; background_size=&#8221;initial&#8221; background_position=&#8221;top_left&#8221; background_repeat=&#8221;repeat&#8221; width=&#8221;70%&#8221;][et_pb_column type=&#8221;4_4&#8243; _builder_version=&#8221;3.25&#8243; custom_padding=&#8221;|||&#8221; custom_padding__hover=&#8221;|||&#8221;][et_pb_text _builder_version=&#8221;4.6.6&#8243; _module_preset=&#8221;default&#8221; text_font=&#8221;|600||on|||||&#8221; header_font=&#8221;|600||on|||||&#8221; header_text_align=&#8221;center&#8221; text_orientation=&#8221;center&#8221; hover_enabled=&#8221;0&#8243; sticky_enabled=&#8221;0&#8243;] Kaustisen showcase-yhtyeet 2026 [\/et_pb_text][et_pb_text _builder_version=&#8221;4.6.6&#8243; _module_preset=&#8221;default&#8221; text_orientation=&#8221;center&#8221;] Kaustisen festivaaleilla on valittu Showcase-yhtyeit\u00e4 vuodesta 2013. Vakiintuneessa sarjassa esitell\u00e4\u00e4n eteenp\u00e4in tavoittelevia, nousevia ja kansainv\u00e4listyvi\u00e4 kansanmusiikin nimi\u00e4. Showcase-sarjaan valitaan kolme yhtyett\u00e4 tai artistia, [&hellip;]<\/p>\n","protected":false},"author":1,"featured_media":0,"parent":0,"menu_order":0,"comment_status":"closed","ping_status":"closed","template":"","meta":{"_et_pb_use_builder":"on","_et_pb_old_content":"","_et_gb_content_width":"","footnotes":""},"class_list":["post-44194","page","type-page","status-publish","hentry"],"yoast_head":"<!-- This site is optimized with the Yoast SEO plugin v27.3 - https:\/\/yoast.com\/product\/yoast-seo-wordpress\/ -->\n<title>Showcase -yhtyeet - Kaustinen Folk Music Festival<\/title>\n<meta name=\"robots\" content=\"index, follow, max-snippet:-1, max-image-preview:large, max-video-preview:-1\" \/>\n<link rel=\"canonical\" href=\"https:\/\/kaustinen.net\/en\/showcase-2026\/\" \/>\n<meta property=\"og:locale\" content=\"en_GB\" \/>\n<meta property=\"og:type\" content=\"article\" \/>\n<meta property=\"og:title\" content=\"Showcase -yhtyeet - Kaustinen Folk Music Festival\" \/>\n<meta property=\"og:description\" content=\"[et_pb_section fb_built=&#8221;1&#8243; admin_label=&#8221;section&#8221; _builder_version=&#8221;4.6.6&#8243; background_image=&#8221;https:\/\/kaustinen.net\/wp-content\/uploads\/2024\/04\/KAUSTINEN_FOLK_MUSIC_FESTIVAL_Suomi_Finland.jpg&#8221; parallax=&#8221;on&#8221; custom_padding=&#8221;||28px|||&#8221;][et_pb_row admin_label=&#8221;row&#8221; _builder_version=&#8221;4.6.6&#8243; background_size=&#8221;initial&#8221; background_position=&#8221;top_left&#8221; background_repeat=&#8221;repeat&#8221; width=&#8221;70%&#8221;][et_pb_column type=&#8221;4_4&#8243; _builder_version=&#8221;3.25&#8243; custom_padding=&#8221;|||&#8221; custom_padding__hover=&#8221;|||&#8221;][et_pb_text _builder_version=&#8221;4.6.6&#8243; _module_preset=&#8221;default&#8221; text_font=&#8221;|600||on|||||&#8221; header_font=&#8221;|600||on|||||&#8221; header_text_align=&#8221;center&#8221; text_orientation=&#8221;center&#8221; hover_enabled=&#8221;0&#8243; sticky_enabled=&#8221;0&#8243;] Kaustisen showcase-yhtyeet 2026 [\/et_pb_text][et_pb_text _builder_version=&#8221;4.6.6&#8243; _module_preset=&#8221;default&#8221; text_orientation=&#8221;center&#8221;] Kaustisen festivaaleilla on valittu Showcase-yhtyeit\u00e4 vuodesta 2013. Vakiintuneessa sarjassa esitell\u00e4\u00e4n eteenp\u00e4in tavoittelevia, nousevia ja kansainv\u00e4listyvi\u00e4 kansanmusiikin nimi\u00e4. Showcase-sarjaan valitaan kolme yhtyett\u00e4 tai artistia, [&hellip;]\" \/>\n<meta property=\"og:url\" content=\"https:\/\/kaustinen.net\/en\/showcase-2026\/\" \/>\n<meta property=\"og:site_name\" content=\"Kaustinen Folk Music Festival\" \/>\n<meta property=\"article:modified_time\" content=\"2026-04-09T20:36:27+00:00\" \/>\n<meta name=\"twitter:card\" content=\"summary_large_image\" \/>\n<meta name=\"twitter:label1\" content=\"Estimated reading time\" \/>\n\t<meta name=\"twitter:data1\" content=\"3 minutes\" \/>\n<script type=\"application\/ld+json\" class=\"yoast-schema-graph\">{\"@context\":\"https:\\\/\\\/schema.org\",\"@graph\":[{\"@type\":\"WebPage\",\"@id\":\"https:\\\/\\\/kaustinen.net\\\/showcase-2026\\\/\",\"url\":\"https:\\\/\\\/kaustinen.net\\\/showcase-2026\\\/\",\"name\":\"Showcase -yhtyeet - Kaustinen Folk Music Festival\",\"isPartOf\":{\"@id\":\"https:\\\/\\\/kaustinen.net\\\/sv\\\/#website\"},\"datePublished\":\"2024-04-05T09:56:09+00:00\",\"dateModified\":\"2026-04-09T20:36:27+00:00\",\"breadcrumb\":{\"@id\":\"https:\\\/\\\/kaustinen.net\\\/showcase-2026\\\/#breadcrumb\"},\"inLanguage\":\"en-GB\",\"potentialAction\":[{\"@type\":\"ReadAction\",\"target\":[\"https:\\\/\\\/kaustinen.net\\\/showcase-2026\\\/\"]}]},{\"@type\":\"BreadcrumbList\",\"@id\":\"https:\\\/\\\/kaustinen.net\\\/showcase-2026\\\/#breadcrumb\",\"itemListElement\":[{\"@type\":\"ListItem\",\"position\":1,\"name\":\"Home\",\"item\":\"https:\\\/\\\/kaustinen.net\\\/\"},{\"@type\":\"ListItem\",\"position\":2,\"name\":\"Showcase -yhtyeet\"}]},{\"@type\":\"WebSite\",\"@id\":\"https:\\\/\\\/kaustinen.net\\\/sv\\\/#website\",\"url\":\"https:\\\/\\\/kaustinen.net\\\/sv\\\/\",\"name\":\"Kaustinen Folk Music Festival\",\"description\":\"Kes\u00e4n onnellisimmat p\u00e4iv\u00e4t\",\"potentialAction\":[{\"@type\":\"SearchAction\",\"target\":{\"@type\":\"EntryPoint\",\"urlTemplate\":\"https:\\\/\\\/kaustinen.net\\\/sv\\\/?s={search_term_string}\"},\"query-input\":{\"@type\":\"PropertyValueSpecification\",\"valueRequired\":true,\"valueName\":\"search_term_string\"}}],\"inLanguage\":\"en-GB\"}]}<\/script>\n<!-- \/ Yoast SEO plugin. -->","yoast_head_json":{"title":"Showcase bands - Kaustinen Folk Music Festival","robots":{"index":"index","follow":"follow","max-snippet":"max-snippet:-1","max-image-preview":"max-image-preview:large","max-video-preview":"max-video-preview:-1"},"canonical":"https:\/\/kaustinen.net\/en\/showcase-2026\/","og_locale":"en_GB","og_type":"article","og_title":"Showcase -yhtyeet - Kaustinen Folk Music Festival","og_description":"[et_pb_section fb_built=&#8221;1&#8243; admin_label=&#8221;section&#8221; _builder_version=&#8221;4.6.6&#8243; background_image=&#8221;https:\/\/kaustinen.net\/wp-content\/uploads\/2024\/04\/KAUSTINEN_FOLK_MUSIC_FESTIVAL_Suomi_Finland.jpg&#8221; parallax=&#8221;on&#8221; custom_padding=&#8221;||28px|||&#8221;][et_pb_row admin_label=&#8221;row&#8221; _builder_version=&#8221;4.6.6&#8243; background_size=&#8221;initial&#8221; background_position=&#8221;top_left&#8221; background_repeat=&#8221;repeat&#8221; width=&#8221;70%&#8221;][et_pb_column type=&#8221;4_4&#8243; _builder_version=&#8221;3.25&#8243; custom_padding=&#8221;|||&#8221; custom_padding__hover=&#8221;|||&#8221;][et_pb_text _builder_version=&#8221;4.6.6&#8243; _module_preset=&#8221;default&#8221; text_font=&#8221;|600||on|||||&#8221; header_font=&#8221;|600||on|||||&#8221; header_text_align=&#8221;center&#8221; text_orientation=&#8221;center&#8221; hover_enabled=&#8221;0&#8243; sticky_enabled=&#8221;0&#8243;] Kaustisen showcase-yhtyeet 2026 [\/et_pb_text][et_pb_text _builder_version=&#8221;4.6.6&#8243; _module_preset=&#8221;default&#8221; text_orientation=&#8221;center&#8221;] Kaustisen festivaaleilla on valittu Showcase-yhtyeit\u00e4 vuodesta 2013. Vakiintuneessa sarjassa esitell\u00e4\u00e4n eteenp\u00e4in tavoittelevia, nousevia ja kansainv\u00e4listyvi\u00e4 kansanmusiikin nimi\u00e4. Showcase-sarjaan valitaan kolme yhtyett\u00e4 tai artistia, [&hellip;]","og_url":"https:\/\/kaustinen.net\/en\/showcase-2026\/","og_site_name":"Kaustinen Folk Music Festival","article_modified_time":"2026-04-09T20:36:27+00:00","twitter_card":"summary_large_image","twitter_misc":{"Estimated reading time":"3 minutes"},"schema":{"@context":"https:\/\/schema.org","@graph":[{"@type":"WebPage","@id":"https:\/\/kaustinen.net\/showcase-2026\/","url":"https:\/\/kaustinen.net\/showcase-2026\/","name":"Showcase bands - Kaustinen Folk Music Festival","isPartOf":{"@id":"https:\/\/kaustinen.net\/sv\/#website"},"datePublished":"2024-04-05T09:56:09+00:00","dateModified":"2026-04-09T20:36:27+00:00","breadcrumb":{"@id":"https:\/\/kaustinen.net\/showcase-2026\/#breadcrumb"},"inLanguage":"en-GB","potentialAction":[{"@type":"ReadAction","target":["https:\/\/kaustinen.net\/showcase-2026\/"]}]},{"@type":"BreadcrumbList","@id":"https:\/\/kaustinen.net\/showcase-2026\/#breadcrumb","itemListElement":[{"@type":"ListItem","position":1,"name":"Home","item":"https:\/\/kaustinen.net\/"},{"@type":"ListItem","position":2,"name":"Showcase -yhtyeet"}]},{"@type":"WebSite","@id":"https:\/\/kaustinen.net\/sv\/#website","url":"https:\/\/kaustinen.net\/sv\/","name":"Kaustinen Folk Music Festival","description":"Happiest Days of Summer","potentialAction":[{"@type":"SearchAction","target":{"@type":"EntryPoint","urlTemplate":"https:\/\/kaustinen.net\/sv\/?s={search_term_string}"},"query-input":{"@type":"PropertyValueSpecification","valueRequired":true,"valueName":"search_term_string"}}],"inLanguage":"en-GB"}]}},"jetpack_sharing_enabled":true,"_links":{"self":[{"href":"https:\/\/kaustinen.net\/en\/wp-json\/wp\/v2\/pages\/44194","targetHints":{"allow":["GET"]}}],"collection":[{"href":"https:\/\/kaustinen.net\/en\/wp-json\/wp\/v2\/pages"}],"about":[{"href":"https:\/\/kaustinen.net\/en\/wp-json\/wp\/v2\/types\/page"}],"author":[{"embeddable":true,"href":"https:\/\/kaustinen.net\/en\/wp-json\/wp\/v2\/users\/1"}],"replies":[{"embeddable":true,"href":"https:\/\/kaustinen.net\/en\/wp-json\/wp\/v2\/comments?post=44194"}],"version-history":[{"count":29,"href":"https:\/\/kaustinen.net\/en\/wp-json\/wp\/v2\/pages\/44194\/revisions"}],"predecessor-version":[{"id":46516,"href":"https:\/\/kaustinen.net\/en\/wp-json\/wp\/v2\/pages\/44194\/revisions\/46516"}],"wp:attachment":[{"href":"https:\/\/kaustinen.net\/en\/wp-json\/wp\/v2\/media?parent=44194"}],"curies":[{"name":"wp","href":"https:\/\/api.w.org\/{rel}","templated":true}]}}