{"id":44028,"date":"2024-02-13T20:29:25","date_gmt":"2024-02-13T18:29:25","guid":{"rendered":"https:\/\/kaustinen.net\/?page_id=44028"},"modified":"2026-02-16T00:13:46","modified_gmt":"2026-02-15T22:13:46","slug":"showcase-search-stalled","status":"publish","type":"page","link":"https:\/\/kaustinen.net\/en\/showcase-haku-paattynyt\/","title":{"rendered":"Showcase application closed"},"content":{"rendered":"<p>[et_pb_section fb_built=&#8221;1&#8243; _builder_version=&#8221;4.6.6&#8243; _module_preset=&#8221;default&#8221;][et_pb_row _builder_version=&#8221;4.6.6&#8243; _module_preset=&#8221;default&#8221; width=&#8221;50vw&#8221; width_tablet=&#8221;70vw&#8221; width_phone=&#8221;80vw&#8221; width_last_edited=&#8221;on|phone&#8221;][et_pb_column type=&#8221;4_4&#8243; _builder_version=&#8221;4.6.6&#8243; _module_preset=&#8221;default&#8221;][et_pb_text _builder_version=&#8221;4.6.6&#8243; _module_preset=&#8221;default&#8221; header_font_size=&#8221;5vw&#8221; text_orientation=&#8221;center&#8221; custom_padding=&#8221;||25px|||&#8221; hover_enabled=&#8221;0&#8243; header_font_size_tablet=&#8221;10vw&#8221; header_font_size_phone=&#8221;13vw&#8221; header_font_size_last_edited=&#8221;on|phone&#8221; sticky_enabled=&#8221;0&#8243;]<\/p>\n<h1 style=\"text-align: center;\">Kaustinen Showcase 2026<\/h1>\n<h3 style=\"text-align: center;\">Showcase-sarjan haku on p\u00e4\u00e4ttynyt.<\/h3>\n<p><img loading=\"lazy\" decoding=\"async\" class=\"alignnone size-full wp-image-43747\" src=\"https:\/\/kaustinen.net\/wp-content\/uploads\/2023\/11\/pelkka-poutanen-kallioklubilla_kuvaaja-tiiu-hyyrylainen.jpg\" alt=\"Pelkk\u00e4 Poutanen -niminen artisti esiintyy festivaalilavalla seisten soittimenaan konserttikantele. Lava on valaistu ja esiintyj\u00e4ll\u00e4 on kultaiset vaatteet, jonka vuoksi kuva on h\u00e4ik\u00e4isev\u00e4.\" width=\"2048\" height=\"1366\" \/><\/p>\n<p><em>Festivaalin 2023 showcase-artisti Pelkk\u00e4 Poutanen esiintym\u00e4ss\u00e4 Kallioklubin lavalla. Kuva Tiiu Hyyryl\u00e4inen.<\/em><\/p>\n<p style=\"text-align: left;\">Kaustisen festivaaleilla on valittu Showcase-yhtyeit\u00e4 vuodesta 2013. Jo vakiintuneessa sarjassa esitell\u00e4\u00e4n eteenp\u00e4in tavoittelevia, nousevia ja kansainv\u00e4listyvi\u00e4 kansanmusiikin nimi\u00e4. Showcase-sarjaan valitaan kolme yhtyett\u00e4, joista kukin esiintyy kahtena eri p\u00e4iv\u00e4n\u00e4 ja kahdella eri lavalla festivaaleilla. Kes\u00e4n 2026 showcase-sarja toteutetaan yhteisty\u00f6ss\u00e4<em>\u00a0Music Finlandin kanssa.<\/em><\/p>\n<p style=\"text-align: left;\">Sarjaan valitaan kolme artistia tai yhtyett\u00e4. <strong>Valituille esiintyjille ilmoitetaan valinnasta henkil\u00f6kohtaisesti viimeist\u00e4\u00e4n maaliskuussa 2026.<\/strong><\/p>\n<p>[\/et_pb_text][\/et_pb_column][\/et_pb_row][\/et_pb_section]<\/p>\n","protected":false},"excerpt":{"rendered":"<p>[et_pb_section fb_built=&#8221;1&#8243; _builder_version=&#8221;4.6.6&#8243; _module_preset=&#8221;default&#8221;][et_pb_row _builder_version=&#8221;4.6.6&#8243; _module_preset=&#8221;default&#8221; width=&#8221;50vw&#8221; width_tablet=&#8221;70vw&#8221; width_phone=&#8221;80vw&#8221; width_last_edited=&#8221;on|phone&#8221;][et_pb_column type=&#8221;4_4&#8243; _builder_version=&#8221;4.6.6&#8243; _module_preset=&#8221;default&#8221;][et_pb_text _builder_version=&#8221;4.6.6&#8243; _module_preset=&#8221;default&#8221; header_font_size=&#8221;5vw&#8221; text_orientation=&#8221;center&#8221; custom_padding=&#8221;||25px|||&#8221; hover_enabled=&#8221;0&#8243; header_font_size_tablet=&#8221;10vw&#8221; header_font_size_phone=&#8221;13vw&#8221; header_font_size_last_edited=&#8221;on|phone&#8221; sticky_enabled=&#8221;0&#8243;] Kaustinen Showcase 2026 Showcase-sarjan haku on p\u00e4\u00e4ttynyt. Festivaalin 2023 showcase-artisti Pelkk\u00e4 Poutanen esiintym\u00e4ss\u00e4 Kallioklubin lavalla. Kuva Tiiu Hyyryl\u00e4inen. Kaustisen festivaaleilla on valittu Showcase-yhtyeit\u00e4 vuodesta 2013. Jo vakiintuneessa sarjassa esitell\u00e4\u00e4n eteenp\u00e4in tavoittelevia, nousevia [&hellip;]<\/p>\n","protected":false},"author":2,"featured_media":0,"parent":0,"menu_order":0,"comment_status":"closed","ping_status":"closed","template":"","meta":{"_et_pb_use_builder":"on","_et_pb_old_content":"","_et_gb_content_width":"","footnotes":""},"class_list":["post-44028","page","type-page","status-publish","hentry"],"yoast_head":"<!-- This site is optimized with the Yoast SEO plugin v27.3 - https:\/\/yoast.com\/product\/yoast-seo-wordpress\/ -->\n<title>Showcase haku p\u00e4\u00e4ttynyt - Kaustinen Folk Music Festival<\/title>\n<meta name=\"robots\" content=\"index, follow, max-snippet:-1, max-image-preview:large, max-video-preview:-1\" \/>\n<link rel=\"canonical\" href=\"https:\/\/kaustinen.net\/en\/showcase-search-stalled\/\" \/>\n<meta property=\"og:locale\" content=\"en_GB\" \/>\n<meta property=\"og:type\" content=\"article\" \/>\n<meta property=\"og:title\" content=\"Kaustinen Folk Music Festival hakee 2024 Showcase-sarjaan yhtyeit\u00e4\" \/>\n<meta property=\"og:description\" content=\"[et_pb_section fb_built=&#8221;1&#8243; _builder_version=&#8221;4.6.6&#8243; _module_preset=&#8221;default&#8221;][et_pb_row _builder_version=&#8221;4.6.6&#8243; _module_preset=&#8221;default&#8221; width=&#8221;50vw&#8221; width_tablet=&#8221;70vw&#8221; width_phone=&#8221;80vw&#8221; width_last_edited=&#8221;on|phone&#8221;][et_pb_column type=&#8221;4_4&#8243; _builder_version=&#8221;4.6.6&#8243; _module_preset=&#8221;default&#8221;][et_pb_text _builder_version=&#8221;4.6.6&#8243; _module_preset=&#8221;default&#8221; header_font_size=&#8221;5vw&#8221; text_orientation=&#8221;center&#8221; custom_padding=&#8221;||25px|||&#8221; hover_enabled=&#8221;0&#8243; header_font_size_tablet=&#8221;10vw&#8221; header_font_size_phone=&#8221;13vw&#8221; header_font_size_last_edited=&#8221;on|phone&#8221; sticky_enabled=&#8221;0&#8243;] Kaustinen Showcase 2026 Showcase-sarjan haku on p\u00e4\u00e4ttynyt. Festivaalin 2023 showcase-artisti Pelkk\u00e4 Poutanen esiintym\u00e4ss\u00e4 Kallioklubin lavalla. Kuva Tiiu Hyyryl\u00e4inen. Kaustisen festivaaleilla on valittu Showcase-yhtyeit\u00e4 vuodesta 2013. Jo vakiintuneessa sarjassa esitell\u00e4\u00e4n eteenp\u00e4in tavoittelevia, nousevia [&hellip;]\" \/>\n<meta property=\"og:url\" content=\"https:\/\/kaustinen.net\/en\/showcase-search-stalled\/\" \/>\n<meta property=\"og:site_name\" content=\"Kaustinen Folk Music Festival\" \/>\n<meta property=\"article:modified_time\" content=\"2026-02-15T22:13:46+00:00\" \/>\n<meta property=\"og:image\" content=\"https:\/\/kaustinen.net\/wp-content\/uploads\/2023\/11\/pelkka-poutanen-kallioklubilla_kuvaaja-tiiu-hyyrylainen.jpg\" \/>\n\t<meta property=\"og:image:width\" content=\"2048\" \/>\n\t<meta property=\"og:image:height\" content=\"1366\" \/>\n\t<meta property=\"og:image:type\" content=\"image\/jpeg\" \/>\n<meta name=\"twitter:card\" content=\"summary_large_image\" \/>\n<meta name=\"twitter:title\" content=\"Kaustinen Folk Music Festival hakee 2024 Showcase-sarjaan yhtyeit\u00e4\" \/>\n<meta name=\"twitter:image\" content=\"https:\/\/kaustinen.net\/wp-content\/uploads\/2023\/11\/pelkka-poutanen-kallioklubilla_kuvaaja-tiiu-hyyrylainen.jpg\" \/>\n<meta name=\"twitter:label1\" content=\"Estimated reading time\" \/>\n\t<meta name=\"twitter:data1\" content=\"2 minutes\" \/>\n<script type=\"application\/ld+json\" class=\"yoast-schema-graph\">{\"@context\":\"https:\\\/\\\/schema.org\",\"@graph\":[{\"@type\":\"WebPage\",\"@id\":\"https:\\\/\\\/kaustinen.net\\\/showcase-haku-paattynyt\\\/\",\"url\":\"https:\\\/\\\/kaustinen.net\\\/showcase-haku-paattynyt\\\/\",\"name\":\"Showcase haku p\u00e4\u00e4ttynyt - Kaustinen Folk Music Festival\",\"isPartOf\":{\"@id\":\"https:\\\/\\\/kaustinen.net\\\/sv\\\/#website\"},\"primaryImageOfPage\":{\"@id\":\"https:\\\/\\\/kaustinen.net\\\/showcase-haku-paattynyt\\\/#primaryimage\"},\"image\":{\"@id\":\"https:\\\/\\\/kaustinen.net\\\/showcase-haku-paattynyt\\\/#primaryimage\"},\"thumbnailUrl\":\"https:\\\/\\\/kaustinen.net\\\/wp-content\\\/uploads\\\/2023\\\/11\\\/pelkka-poutanen-kallioklubilla_kuvaaja-tiiu-hyyrylainen.jpg\",\"datePublished\":\"2024-02-13T18:29:25+00:00\",\"dateModified\":\"2026-02-15T22:13:46+00:00\",\"breadcrumb\":{\"@id\":\"https:\\\/\\\/kaustinen.net\\\/showcase-haku-paattynyt\\\/#breadcrumb\"},\"inLanguage\":\"en-GB\",\"potentialAction\":[{\"@type\":\"ReadAction\",\"target\":[\"https:\\\/\\\/kaustinen.net\\\/showcase-haku-paattynyt\\\/\"]}]},{\"@type\":\"ImageObject\",\"inLanguage\":\"en-GB\",\"@id\":\"https:\\\/\\\/kaustinen.net\\\/showcase-haku-paattynyt\\\/#primaryimage\",\"url\":\"https:\\\/\\\/kaustinen.net\\\/wp-content\\\/uploads\\\/2023\\\/11\\\/pelkka-poutanen-kallioklubilla_kuvaaja-tiiu-hyyrylainen.jpg\",\"contentUrl\":\"https:\\\/\\\/kaustinen.net\\\/wp-content\\\/uploads\\\/2023\\\/11\\\/pelkka-poutanen-kallioklubilla_kuvaaja-tiiu-hyyrylainen.jpg\"},{\"@type\":\"BreadcrumbList\",\"@id\":\"https:\\\/\\\/kaustinen.net\\\/showcase-haku-paattynyt\\\/#breadcrumb\",\"itemListElement\":[{\"@type\":\"ListItem\",\"position\":1,\"name\":\"Home\",\"item\":\"https:\\\/\\\/kaustinen.net\\\/\"},{\"@type\":\"ListItem\",\"position\":2,\"name\":\"Showcase haku p\u00e4\u00e4ttynyt\"}]},{\"@type\":\"WebSite\",\"@id\":\"https:\\\/\\\/kaustinen.net\\\/sv\\\/#website\",\"url\":\"https:\\\/\\\/kaustinen.net\\\/sv\\\/\",\"name\":\"Kaustinen Folk Music Festival\",\"description\":\"Kes\u00e4n onnellisimmat p\u00e4iv\u00e4t\",\"potentialAction\":[{\"@type\":\"SearchAction\",\"target\":{\"@type\":\"EntryPoint\",\"urlTemplate\":\"https:\\\/\\\/kaustinen.net\\\/sv\\\/?s={search_term_string}\"},\"query-input\":{\"@type\":\"PropertyValueSpecification\",\"valueRequired\":true,\"valueName\":\"search_term_string\"}}],\"inLanguage\":\"en-GB\"}]}<\/script>\n<!-- \/ Yoast SEO plugin. -->","yoast_head_json":{"title":"Showcase application closed - Kaustinen Folk Music Festival","robots":{"index":"index","follow":"follow","max-snippet":"max-snippet:-1","max-image-preview":"max-image-preview:large","max-video-preview":"max-video-preview:-1"},"canonical":"https:\/\/kaustinen.net\/en\/showcase-search-stalled\/","og_locale":"en_GB","og_type":"article","og_title":"Kaustinen Folk Music Festival hakee 2024 Showcase-sarjaan yhtyeit\u00e4","og_description":"[et_pb_section fb_built=&#8221;1&#8243; _builder_version=&#8221;4.6.6&#8243; _module_preset=&#8221;default&#8221;][et_pb_row _builder_version=&#8221;4.6.6&#8243; _module_preset=&#8221;default&#8221; width=&#8221;50vw&#8221; width_tablet=&#8221;70vw&#8221; width_phone=&#8221;80vw&#8221; width_last_edited=&#8221;on|phone&#8221;][et_pb_column type=&#8221;4_4&#8243; _builder_version=&#8221;4.6.6&#8243; _module_preset=&#8221;default&#8221;][et_pb_text _builder_version=&#8221;4.6.6&#8243; _module_preset=&#8221;default&#8221; header_font_size=&#8221;5vw&#8221; text_orientation=&#8221;center&#8221; custom_padding=&#8221;||25px|||&#8221; hover_enabled=&#8221;0&#8243; header_font_size_tablet=&#8221;10vw&#8221; header_font_size_phone=&#8221;13vw&#8221; header_font_size_last_edited=&#8221;on|phone&#8221; sticky_enabled=&#8221;0&#8243;] Kaustinen Showcase 2026 Showcase-sarjan haku on p\u00e4\u00e4ttynyt. Festivaalin 2023 showcase-artisti Pelkk\u00e4 Poutanen esiintym\u00e4ss\u00e4 Kallioklubin lavalla. Kuva Tiiu Hyyryl\u00e4inen. Kaustisen festivaaleilla on valittu Showcase-yhtyeit\u00e4 vuodesta 2013. Jo vakiintuneessa sarjassa esitell\u00e4\u00e4n eteenp\u00e4in tavoittelevia, nousevia [&hellip;]","og_url":"https:\/\/kaustinen.net\/en\/showcase-search-stalled\/","og_site_name":"Kaustinen Folk Music Festival","article_modified_time":"2026-02-15T22:13:46+00:00","og_image":[{"width":2048,"height":1366,"url":"https:\/\/kaustinen.net\/wp-content\/uploads\/2023\/11\/pelkka-poutanen-kallioklubilla_kuvaaja-tiiu-hyyrylainen.jpg","type":"image\/jpeg"}],"twitter_card":"summary_large_image","twitter_title":"Kaustinen Folk Music Festival hakee 2024 Showcase-sarjaan yhtyeit\u00e4","twitter_image":"https:\/\/kaustinen.net\/wp-content\/uploads\/2023\/11\/pelkka-poutanen-kallioklubilla_kuvaaja-tiiu-hyyrylainen.jpg","twitter_misc":{"Estimated reading time":"2 minutes"},"schema":{"@context":"https:\/\/schema.org","@graph":[{"@type":"WebPage","@id":"https:\/\/kaustinen.net\/showcase-haku-paattynyt\/","url":"https:\/\/kaustinen.net\/showcase-haku-paattynyt\/","name":"Showcase application closed - Kaustinen Folk Music Festival","isPartOf":{"@id":"https:\/\/kaustinen.net\/sv\/#website"},"primaryImageOfPage":{"@id":"https:\/\/kaustinen.net\/showcase-haku-paattynyt\/#primaryimage"},"image":{"@id":"https:\/\/kaustinen.net\/showcase-haku-paattynyt\/#primaryimage"},"thumbnailUrl":"https:\/\/kaustinen.net\/wp-content\/uploads\/2023\/11\/pelkka-poutanen-kallioklubilla_kuvaaja-tiiu-hyyrylainen.jpg","datePublished":"2024-02-13T18:29:25+00:00","dateModified":"2026-02-15T22:13:46+00:00","breadcrumb":{"@id":"https:\/\/kaustinen.net\/showcase-haku-paattynyt\/#breadcrumb"},"inLanguage":"en-GB","potentialAction":[{"@type":"ReadAction","target":["https:\/\/kaustinen.net\/showcase-haku-paattynyt\/"]}]},{"@type":"ImageObject","inLanguage":"en-GB","@id":"https:\/\/kaustinen.net\/showcase-haku-paattynyt\/#primaryimage","url":"https:\/\/kaustinen.net\/wp-content\/uploads\/2023\/11\/pelkka-poutanen-kallioklubilla_kuvaaja-tiiu-hyyrylainen.jpg","contentUrl":"https:\/\/kaustinen.net\/wp-content\/uploads\/2023\/11\/pelkka-poutanen-kallioklubilla_kuvaaja-tiiu-hyyrylainen.jpg"},{"@type":"BreadcrumbList","@id":"https:\/\/kaustinen.net\/showcase-haku-paattynyt\/#breadcrumb","itemListElement":[{"@type":"ListItem","position":1,"name":"Home","item":"https:\/\/kaustinen.net\/"},{"@type":"ListItem","position":2,"name":"Showcase haku p\u00e4\u00e4ttynyt"}]},{"@type":"WebSite","@id":"https:\/\/kaustinen.net\/sv\/#website","url":"https:\/\/kaustinen.net\/sv\/","name":"Kaustinen Folk Music Festival","description":"Happiest Days of Summer","potentialAction":[{"@type":"SearchAction","target":{"@type":"EntryPoint","urlTemplate":"https:\/\/kaustinen.net\/sv\/?s={search_term_string}"},"query-input":{"@type":"PropertyValueSpecification","valueRequired":true,"valueName":"search_term_string"}}],"inLanguage":"en-GB"}]}},"jetpack_sharing_enabled":true,"_links":{"self":[{"href":"https:\/\/kaustinen.net\/en\/wp-json\/wp\/v2\/pages\/44028","targetHints":{"allow":["GET"]}}],"collection":[{"href":"https:\/\/kaustinen.net\/en\/wp-json\/wp\/v2\/pages"}],"about":[{"href":"https:\/\/kaustinen.net\/en\/wp-json\/wp\/v2\/types\/page"}],"author":[{"embeddable":true,"href":"https:\/\/kaustinen.net\/en\/wp-json\/wp\/v2\/users\/2"}],"replies":[{"embeddable":true,"href":"https:\/\/kaustinen.net\/en\/wp-json\/wp\/v2\/comments?post=44028"}],"version-history":[{"count":3,"href":"https:\/\/kaustinen.net\/en\/wp-json\/wp\/v2\/pages\/44028\/revisions"}],"predecessor-version":[{"id":46326,"href":"https:\/\/kaustinen.net\/en\/wp-json\/wp\/v2\/pages\/44028\/revisions\/46326"}],"wp:attachment":[{"href":"https:\/\/kaustinen.net\/en\/wp-json\/wp\/v2\/media?parent=44028"}],"curies":[{"name":"wp","href":"https:\/\/api.w.org\/{rel}","templated":true}]}}