{"id":43209,"date":"2023-05-18T16:02:52","date_gmt":"2023-05-18T13:02:52","guid":{"rendered":"https:\/\/kaustinen.net\/?page_id=43209"},"modified":"2025-05-30T15:42:26","modified_gmt":"2025-05-30T12:42:26","slug":"kutsuvieraat","status":"publish","type":"page","link":"https:\/\/kaustinen.net\/en\/kutsuvieraat\/","title":{"rendered":"Kutsuvieraat"},"content":{"rendered":"<p>[et_pb_section fb_built=&#8221;1&#8243; _builder_version=&#8221;4.6.6&#8243; _module_preset=&#8221;default&#8221;][et_pb_row _builder_version=&#8221;4.6.6&#8243; _module_preset=&#8221;default&#8221;][et_pb_column type=&#8221;4_4&#8243; _builder_version=&#8221;4.6.6&#8243; _module_preset=&#8221;default&#8221;][et_pb_text _builder_version=&#8221;4.6.6&#8243; _module_preset=&#8221;default&#8221;]<\/p>\n<h3><span style=\"color: #0a0a0a;\">Arvoisa Kutsuvieras<\/span><\/h3>\n<p>Toivotamme teid\u00e4t ja seuralaisenne tervetulleeksi mukaan Kaustisen 58. kansanmusiikkijuhlille 7.-13.7.2025.<\/p>\n<p>Kutsuvierasvastaanotto sijaitsee Kaustisen musiikkilukiolla (Meerbuschintie 1, 69600 Kaustinen). Vastaanotto on avoinna festivaaliviikolla ma-la klo 10-19. Muina aikoina voitte noutaa kutsuvieraspassinne infopisteest\u00e4 musiikkilukiolta.<\/p>\n<p>Voitte halutessanne tukea toimintaamme maksamalla vapaaehtoisen p\u00e4\u00e4symaksun tilillemme FI48 4912 0010 0417 20 tai FI43 5124 0420 0537 20. Lis\u00e4tk\u00e4\u00e4 maksun viitteksi: Vapaaehtoinen p\u00e4\u00e4symaksu 2025<\/p>\n<p>Toivotamme teid\u00e4t l\u00e4mpim\u00e4sti tervetulleeksi!<\/p>\n<p>Lis\u00e4tietoa kutsuvierasasioissa voitte kysy\u00e4 toiminnanjohtaja Valtteri Valolta, s\u00e4hk\u00f6postitse <a href=\"mailto:valtteri.valo@kaustinen.net,\">valtteri.valo@kaustinen.net,<\/a>\u00a0tai puhelimitse 040 358 2413[\/et_pb_text][et_pb_image src=&#8221;https:\/\/kaustinen.net\/wp-content\/uploads\/2024\/09\/Kaustinen_FOLK_MUSIC_FESTIVAL_finland_2025.png&#8221; title_text=&#8221;Kaustinen_FOLK_MUSIC_FESTIVAL_finland_2025&#8243; align=&#8221;center&#8221; _builder_version=&#8221;4.6.6&#8243; _module_preset=&#8221;default&#8221; width=&#8221;42%&#8221; max_width=&#8221;64%&#8221; hover_enabled=&#8221;0&#8243; sticky_enabled=&#8221;0&#8243;][\/et_pb_image][\/et_pb_column][\/et_pb_row][\/et_pb_section]<\/p>\n","protected":false},"excerpt":{"rendered":"<p>[et_pb_section fb_built=&#8221;1&#8243; _builder_version=&#8221;4.6.6&#8243; _module_preset=&#8221;default&#8221;][et_pb_row _builder_version=&#8221;4.6.6&#8243; _module_preset=&#8221;default&#8221;][et_pb_column type=&#8221;4_4&#8243; _builder_version=&#8221;4.6.6&#8243; _module_preset=&#8221;default&#8221;][et_pb_text _builder_version=&#8221;4.6.6&#8243; _module_preset=&#8221;default&#8221;] Arvoisa Kutsuvieras Toivotamme teid\u00e4t ja seuralaisenne tervetulleeksi mukaan Kaustisen 58. kansanmusiikkijuhlille 7.-13.7.2025. Kutsuvierasvastaanotto sijaitsee Kaustisen musiikkilukiolla (Meerbuschintie 1, 69600 Kaustinen). Vastaanotto on avoinna festivaaliviikolla ma-la klo 10-19. Muina aikoina voitte noutaa kutsuvieraspassinne infopisteest\u00e4 musiikkilukiolta. Voitte halutessanne tukea toimintaamme maksamalla vapaaehtoisen p\u00e4\u00e4symaksun tilillemme FI48 4912 [&hellip;]<\/p>\n","protected":false},"author":10,"featured_media":0,"parent":0,"menu_order":0,"comment_status":"closed","ping_status":"closed","template":"","meta":{"_et_pb_use_builder":"on","_et_pb_old_content":"","_et_gb_content_width":"","footnotes":""},"class_list":["post-43209","page","type-page","status-publish","hentry"],"yoast_head":"<!-- This site is optimized with the Yoast SEO plugin v27.3 - https:\/\/yoast.com\/product\/yoast-seo-wordpress\/ -->\n<title>Kutsuvieraat - Kaustinen Folk Music Festival<\/title>\n<meta name=\"robots\" content=\"index, follow, max-snippet:-1, max-image-preview:large, max-video-preview:-1\" \/>\n<link rel=\"canonical\" href=\"https:\/\/kaustinen.net\/en\/kutsuvieraat\/\" \/>\n<meta property=\"og:locale\" content=\"en_GB\" \/>\n<meta property=\"og:type\" content=\"article\" \/>\n<meta property=\"og:title\" content=\"Kutsuvieraat - Kaustinen Folk Music Festival\" \/>\n<meta property=\"og:description\" content=\"[et_pb_section fb_built=&#8221;1&#8243; _builder_version=&#8221;4.6.6&#8243; _module_preset=&#8221;default&#8221;][et_pb_row _builder_version=&#8221;4.6.6&#8243; _module_preset=&#8221;default&#8221;][et_pb_column type=&#8221;4_4&#8243; _builder_version=&#8221;4.6.6&#8243; _module_preset=&#8221;default&#8221;][et_pb_text _builder_version=&#8221;4.6.6&#8243; _module_preset=&#8221;default&#8221;] Arvoisa Kutsuvieras Toivotamme teid\u00e4t ja seuralaisenne tervetulleeksi mukaan Kaustisen 58. kansanmusiikkijuhlille 7.-13.7.2025. Kutsuvierasvastaanotto sijaitsee Kaustisen musiikkilukiolla (Meerbuschintie 1, 69600 Kaustinen). Vastaanotto on avoinna festivaaliviikolla ma-la klo 10-19. Muina aikoina voitte noutaa kutsuvieraspassinne infopisteest\u00e4 musiikkilukiolta. Voitte halutessanne tukea toimintaamme maksamalla vapaaehtoisen p\u00e4\u00e4symaksun tilillemme FI48 4912 [&hellip;]\" \/>\n<meta property=\"og:url\" content=\"https:\/\/kaustinen.net\/en\/kutsuvieraat\/\" \/>\n<meta property=\"og:site_name\" content=\"Kaustinen Folk Music Festival\" \/>\n<meta property=\"article:modified_time\" content=\"2025-05-30T12:42:26+00:00\" \/>\n<meta name=\"twitter:card\" content=\"summary_large_image\" \/>\n<meta name=\"twitter:label1\" content=\"Estimated reading time\" \/>\n\t<meta name=\"twitter:data1\" content=\"1 minute\" \/>\n<script type=\"application\/ld+json\" class=\"yoast-schema-graph\">{\"@context\":\"https:\\\/\\\/schema.org\",\"@graph\":[{\"@type\":\"WebPage\",\"@id\":\"https:\\\/\\\/kaustinen.net\\\/kutsuvieraat\\\/\",\"url\":\"https:\\\/\\\/kaustinen.net\\\/kutsuvieraat\\\/\",\"name\":\"Kutsuvieraat - Kaustinen Folk Music Festival\",\"isPartOf\":{\"@id\":\"https:\\\/\\\/kaustinen.net\\\/sv\\\/#website\"},\"datePublished\":\"2023-05-18T13:02:52+00:00\",\"dateModified\":\"2025-05-30T12:42:26+00:00\",\"breadcrumb\":{\"@id\":\"https:\\\/\\\/kaustinen.net\\\/kutsuvieraat\\\/#breadcrumb\"},\"inLanguage\":\"en-GB\",\"potentialAction\":[{\"@type\":\"ReadAction\",\"target\":[\"https:\\\/\\\/kaustinen.net\\\/kutsuvieraat\\\/\"]}]},{\"@type\":\"BreadcrumbList\",\"@id\":\"https:\\\/\\\/kaustinen.net\\\/kutsuvieraat\\\/#breadcrumb\",\"itemListElement\":[{\"@type\":\"ListItem\",\"position\":1,\"name\":\"Home\",\"item\":\"https:\\\/\\\/kaustinen.net\\\/\"},{\"@type\":\"ListItem\",\"position\":2,\"name\":\"Kutsuvieraat\"}]},{\"@type\":\"WebSite\",\"@id\":\"https:\\\/\\\/kaustinen.net\\\/sv\\\/#website\",\"url\":\"https:\\\/\\\/kaustinen.net\\\/sv\\\/\",\"name\":\"Kaustinen Folk Music Festival\",\"description\":\"Kes\u00e4n onnellisimmat p\u00e4iv\u00e4t\",\"potentialAction\":[{\"@type\":\"SearchAction\",\"target\":{\"@type\":\"EntryPoint\",\"urlTemplate\":\"https:\\\/\\\/kaustinen.net\\\/sv\\\/?s={search_term_string}\"},\"query-input\":{\"@type\":\"PropertyValueSpecification\",\"valueRequired\":true,\"valueName\":\"search_term_string\"}}],\"inLanguage\":\"en-GB\"}]}<\/script>\n<!-- \/ Yoast SEO plugin. -->","yoast_head_json":{"title":"Kutsuvieraat - Kaustinen Folk Music Festival","robots":{"index":"index","follow":"follow","max-snippet":"max-snippet:-1","max-image-preview":"max-image-preview:large","max-video-preview":"max-video-preview:-1"},"canonical":"https:\/\/kaustinen.net\/en\/kutsuvieraat\/","og_locale":"en_GB","og_type":"article","og_title":"Kutsuvieraat - Kaustinen Folk Music Festival","og_description":"[et_pb_section fb_built=&#8221;1&#8243; _builder_version=&#8221;4.6.6&#8243; _module_preset=&#8221;default&#8221;][et_pb_row _builder_version=&#8221;4.6.6&#8243; _module_preset=&#8221;default&#8221;][et_pb_column type=&#8221;4_4&#8243; _builder_version=&#8221;4.6.6&#8243; _module_preset=&#8221;default&#8221;][et_pb_text _builder_version=&#8221;4.6.6&#8243; _module_preset=&#8221;default&#8221;] Arvoisa Kutsuvieras Toivotamme teid\u00e4t ja seuralaisenne tervetulleeksi mukaan Kaustisen 58. kansanmusiikkijuhlille 7.-13.7.2025. Kutsuvierasvastaanotto sijaitsee Kaustisen musiikkilukiolla (Meerbuschintie 1, 69600 Kaustinen). Vastaanotto on avoinna festivaaliviikolla ma-la klo 10-19. Muina aikoina voitte noutaa kutsuvieraspassinne infopisteest\u00e4 musiikkilukiolta. Voitte halutessanne tukea toimintaamme maksamalla vapaaehtoisen p\u00e4\u00e4symaksun tilillemme FI48 4912 [&hellip;]","og_url":"https:\/\/kaustinen.net\/en\/kutsuvieraat\/","og_site_name":"Kaustinen Folk Music Festival","article_modified_time":"2025-05-30T12:42:26+00:00","twitter_card":"summary_large_image","twitter_misc":{"Estimated reading time":"1 minute"},"schema":{"@context":"https:\/\/schema.org","@graph":[{"@type":"WebPage","@id":"https:\/\/kaustinen.net\/kutsuvieraat\/","url":"https:\/\/kaustinen.net\/kutsuvieraat\/","name":"Kutsuvieraat - Kaustinen Folk Music Festival","isPartOf":{"@id":"https:\/\/kaustinen.net\/sv\/#website"},"datePublished":"2023-05-18T13:02:52+00:00","dateModified":"2025-05-30T12:42:26+00:00","breadcrumb":{"@id":"https:\/\/kaustinen.net\/kutsuvieraat\/#breadcrumb"},"inLanguage":"en-GB","potentialAction":[{"@type":"ReadAction","target":["https:\/\/kaustinen.net\/kutsuvieraat\/"]}]},{"@type":"BreadcrumbList","@id":"https:\/\/kaustinen.net\/kutsuvieraat\/#breadcrumb","itemListElement":[{"@type":"ListItem","position":1,"name":"Home","item":"https:\/\/kaustinen.net\/"},{"@type":"ListItem","position":2,"name":"Kutsuvieraat"}]},{"@type":"WebSite","@id":"https:\/\/kaustinen.net\/sv\/#website","url":"https:\/\/kaustinen.net\/sv\/","name":"Kaustinen Folk Music Festival","description":"Happiest Days of Summer","potentialAction":[{"@type":"SearchAction","target":{"@type":"EntryPoint","urlTemplate":"https:\/\/kaustinen.net\/sv\/?s={search_term_string}"},"query-input":{"@type":"PropertyValueSpecification","valueRequired":true,"valueName":"search_term_string"}}],"inLanguage":"en-GB"}]}},"jetpack_sharing_enabled":true,"_links":{"self":[{"href":"https:\/\/kaustinen.net\/en\/wp-json\/wp\/v2\/pages\/43209","targetHints":{"allow":["GET"]}}],"collection":[{"href":"https:\/\/kaustinen.net\/en\/wp-json\/wp\/v2\/pages"}],"about":[{"href":"https:\/\/kaustinen.net\/en\/wp-json\/wp\/v2\/types\/page"}],"author":[{"embeddable":true,"href":"https:\/\/kaustinen.net\/en\/wp-json\/wp\/v2\/users\/10"}],"replies":[{"embeddable":true,"href":"https:\/\/kaustinen.net\/en\/wp-json\/wp\/v2\/comments?post=43209"}],"version-history":[{"count":12,"href":"https:\/\/kaustinen.net\/en\/wp-json\/wp\/v2\/pages\/43209\/revisions"}],"predecessor-version":[{"id":45463,"href":"https:\/\/kaustinen.net\/en\/wp-json\/wp\/v2\/pages\/43209\/revisions\/45463"}],"wp:attachment":[{"href":"https:\/\/kaustinen.net\/en\/wp-json\/wp\/v2\/media?parent=43209"}],"curies":[{"name":"wp","href":"https:\/\/api.w.org\/{rel}","templated":true}]}}