{"id":42701,"date":"2022-11-24T12:40:30","date_gmt":"2022-11-24T10:40:30","guid":{"rendered":"https:\/\/kaustinen.net\/?page_id=42701"},"modified":"2025-09-10T11:10:52","modified_gmt":"2025-09-10T08:10:52","slug":"tunnustukset","status":"publish","type":"page","link":"https:\/\/kaustinen.net\/en\/tunnustukset\/","title":{"rendered":"Recognitions"},"content":{"rendered":"<p>[et_pb_section fb_built=&#8221;1&#8243; _builder_version=&#8221;4.6.6&#8243; _module_preset=&#8221;default&#8221;][et_pb_row column_structure=&#8221;1_4,3_4&#8243; _builder_version=&#8221;4.6.6&#8243; _module_preset=&#8221;default&#8221;][et_pb_column type=&#8221;1_4&#8243; _builder_version=&#8221;4.6.6&#8243; _module_preset=&#8221;default&#8221;][et_pb_sidebar area=&#8221;et_pb_widget_area_1&#8243; _builder_version=&#8221;4.6.6&#8243; _module_preset=&#8221;default&#8221;][\/et_pb_sidebar][\/et_pb_column][et_pb_column type=&#8221;3_4&#8243; _builder_version=&#8221;4.6.6&#8243; _module_preset=&#8221;default&#8221;][et_pb_text _builder_version=&#8221;4.6.6&#8243; _module_preset=&#8221;default&#8221;]<\/p>\n<h2 style=\"text-align: center;\">Festivaaliplaketti<\/h2>\n<p style=\"text-align: center;\">Kansanmusiikkijuhlilla on jaettu vuodesta 1968 tunnustuksia kansanmusiiki- ja tanssin alalla ansioituneille henkil\u00f6ille, jotka omalla toiminnallaan ovat tukeneet festivaaleja eri tavoin.<\/p>\n<p style=\"text-align: center;\">Alkuper\u00e4isen plaketin suunnitteli kaustislaissyntyinen taiteilija Tapio Wirkkala. Festivaaliplakettia jaetaan edelleenkin samoista syist\u00e4- Kaustisen kansanmusiikkijuhlia, kansanmusiikkia ja kansantanssia edist\u00e4neelle tai tukeneelle henkil\u00f6lle\/taholle.<\/p>\n<h4 style=\"text-align: center;\">Festivaaliplaketin saajat<\/h4>\n<p style=\"text-align: center;\"><strong>2025<br \/><\/strong>Jukka Hein\u00e4m\u00e4ki<\/p>\n<p style=\"text-align: center;\"><strong>2024<br \/><\/strong>Timo Saarim\u00e4ki<\/p>\n<p style=\"text-align: center;\"><strong>2023<\/strong><br \/> Antti J\u00e4rvel\u00e4<br \/> Riitta Reijonen<\/p>\n<p style=\"text-align: center;\"><strong>2022<\/strong><br \/> Arto Alpia<\/p>\n<p style=\"text-align: center;\"><strong>2021<\/strong><br \/> Ei jaettu<\/p>\n<p style=\"text-align: center;\"><strong>2020<\/strong><br \/> Ei jaettu<\/p>\n<p style=\"text-align: center;\"><strong>2019<\/strong><br \/> Seppo Kononen<\/p>\n<p style=\"text-align: center;\"><strong>2018<\/strong><br \/> Ei jaettu<\/p>\n<p style=\"text-align: center;\"><strong>2017<\/strong><br \/> Hannu Saha<\/p>\n<p style=\"text-align: center;\"><strong>2016<\/strong><br \/> Taina Lehtonen<\/p>\n<p style=\"text-align: center;\"><strong>2015<\/strong><br \/> Topi Rajala<\/p>\n<p style=\"text-align: center;\"><strong>2014<\/strong><br \/> Kauppi Virkkala<\/p>\n<p style=\"text-align: center;\"><strong>2013<\/strong><br \/> Risto Kupari<\/p>\n<p style=\"text-align: center;\"><strong>2012<\/strong><br \/> Raila J\u00e4rvel\u00e4<br \/> Geir Egil Larsen<\/p>\n<p style=\"text-align: center;\"><strong>2011<\/strong><br \/> Sinikka Wassborg<br \/> Pekka Huttu-Hiltunen<br \/> P\u00e4ivi Yl\u00f6nen-Viiri<\/p>\n<p style=\"text-align: center;\"><strong>2010<\/strong><br \/> Reino Wirkkala<br \/> Taito Timonen<\/p>\n<p style=\"text-align: center;\"><strong>2009<\/strong><br \/> Terttu Hanhikoski<br \/> Pertti Ojaj\u00e4rvi<\/p>\n<p style=\"text-align: center;\"><strong>2008<\/strong><br \/> Siv Ekstr\u00f6m<br \/> Risto Taavitsainen<\/p>\n<p style=\"text-align: center;\"><strong>2007<\/strong><br \/> Andrew Cronshaw<br \/> Antti Koiranen<br \/> Pirjo Palosaari-Penttil\u00e4<br \/> Ossi Penttil\u00e4<\/p>\n<p style=\"text-align: center;\">\u00a0<strong>2006<\/strong><br \/> Sirkka Halonen<br \/> Veijo Kaismala<\/p>\n<p style=\"text-align: center;\"><strong>2005<\/strong><br \/> Leenamaija Raukola<br \/> Rauno Anttila<\/p>\n<p style=\"text-align: center;\"><strong>2004<\/strong><br \/> Tytti Isohookana-Asunmaa<br \/> Jarmo Kotaja<br \/> Yrj\u00f6 Raja<br \/> Pekka Westerholm<\/p>\n<p style=\"text-align: center;\"><strong>2003<\/strong><br \/> Jussi Ala-Kuha<br \/> Anna-Liisa Finnil\u00e4<br \/> Viljo S. M\u00e4\u00e4tt\u00e4l\u00e4<br \/> Rauno Nieminen<br \/> Teemu Pesola<\/p>\n<p style=\"text-align: center;\"><strong>2002<\/strong><br \/> Anja Hinkkanen<br \/> Sinikka Kontio<br \/> Aulis Kopsala<br \/> Markku Vuori<\/p>\n<p style=\"text-align: center;\"><strong>2001<\/strong><br \/> Ilkka K\u00f6ng\u00e4s<br \/> Raimo Tanskanen<\/p>\n<p style=\"text-align: center;\"><strong>2000<\/strong><br \/> Heimo Peltoniemi<br \/> Ismo Sopanen<\/p>\n<p style=\"text-align: center;\"><strong>1999<\/strong><br \/> Raimo Leino<br \/> Pertti Malinen<br \/> Tapani M\u00e4kinen<\/p>\n<p style=\"text-align: center;\"><strong>1998<\/strong><br \/> Timo Hannula<br \/> Philip Page<br \/> Maarit Niiniluoto<\/p>\n<p style=\"text-align: center;\"><strong>1997<\/strong><br \/> Timo Panula<br \/> Sanni Puronaho<br \/> Kauko Sipponen<\/p>\n<p style=\"text-align: center;\"><strong>1996<\/strong><br \/> Erkki Hiekkavirta<br \/> Antti Savilampi<\/p>\n<p style=\"text-align: center;\"><strong>1995<\/strong><br \/> Pekka Kostiainen<br \/> Lasse Peltonen<br \/> Martta Pulli<\/p>\n<p style=\"text-align: center;\"><strong>1994<\/strong><br \/> Vellamo Paananen<br \/> Sakari Riikonen<br \/> Eero Polas<\/p>\n<p style=\"text-align: center;\"><strong>1993<\/strong><br \/> Juha Kangas<br \/> Timo N\u00e4rv\u00e4inen<\/p>\n<p style=\"text-align: center;\"><strong>1992<\/strong><br \/> Mauno J\u00e4rvel\u00e4<br \/> Topi Luoma<br \/> Paavo Puumala<\/p>\n<p style=\"text-align: center;\"><strong>1991<\/strong><br \/> Erkki Kujala<br \/> Pirkko-Liisa Rausmaa<\/p>\n<p style=\"text-align: center;\"><strong>1990<\/strong><br \/> Ingrid R\u00fc\u00fctel<br \/> Ilpo Saastamoinen<br \/> L\u00e1zl\u00f3 Vik\u00e1r<\/p>\n<p style=\"text-align: center;\"><strong>1989<\/strong><br \/> Jonas Borgm\u00e4stars<br \/> Jaakko Laasanen<\/p>\n<p style=\"text-align: center;\"><strong>1988<\/strong><br \/> Klas Gustafsson<br \/> Timo Koski<\/p>\n<p style=\"text-align: center;\"><strong>1987<\/strong><br \/> Esa Pakarinen<br \/> Tapio Rantakari<br \/> Aila Rauhala<\/p>\n<p style=\"text-align: center;\"><strong>1986<\/strong><br \/> Jaakko Gauriloff<br \/> Arvo Valte Palmroth<\/p>\n<p style=\"text-align: center;\"><strong>1985<\/strong><br \/> Otto Koistinen<br \/> Heikki Laitinen<\/p>\n<p style=\"text-align: center;\"><strong>1984<\/strong><br \/> Eero Kinnari<br \/> Timo Leisi\u00f6<br \/> Ilpo Saunio<\/p>\n<p style=\"text-align: center;\"><strong>1983<\/strong><br \/> Pekka Gronow<br \/> Gunnar Turesson<\/p>\n<p style=\"text-align: center;\"><strong>1982<\/strong><br \/> \u00c5ke Grandell<br \/> Jussi Janka-Murros<br \/> Eino Saari<br \/> Kerttu Talvitie<\/p>\n<p style=\"text-align: center;\"><strong>1981<\/strong><br \/> Kari Bergholm<br \/> Stina Hansson<br \/> Paula Paananen<br \/> Sirkka Viitanen<\/p>\n<p style=\"text-align: center;\"><strong>1980<\/strong><br \/> Vesa Pentti<br \/> Erkki Salonen<\/p>\n<p style=\"text-align: center;\"><strong>1979<\/strong><br \/> Ann-Mari H\u00e4ggman<br \/> Anneli Asplund<br \/> Eero Piirto<\/p>\n<p style=\"text-align: center;\"><strong>1978<\/strong><br \/> Nils Aslak Valkeap\u00e4\u00e4<br \/> Otto Hotakainen<br \/> Arvo Ylitalo<\/p>\n<p style=\"text-align: center;\"><strong>1977<\/strong><br \/> Paavo Helist\u00f6<br \/> Viljo Karvonen<br \/> Vuokko Kivisaari<br \/> Hannu Rauma<br \/> Martti Viitanen<br \/> Kustaa Vilkuna<\/p>\n<p style=\"text-align: center;\"><strong>1976<\/strong><br \/> Ahti Sonninen<br \/> Tuure Niskanen<\/p>\n<p style=\"text-align: center;\"><strong>1975<\/strong><br \/> Oiva Heikkil\u00e4<br \/> Martti Pokela<br \/> Ilona Porma<br \/> Aatos Rintakoski<\/p>\n<p style=\"text-align: center;\"><strong>1974<\/strong><br \/> Oiva Hilden<br \/> Helvi Jukarainen<br \/> Kauko Mantere<\/p>\n<p style=\"text-align: center;\"><strong>1973<\/strong><br \/> Gustav Ernesaks<br \/> Aaro Kentala<br \/> Voitto M\u00e4kel\u00e4<\/p>\n<p style=\"text-align: center;\">\u00a0<strong>1972<\/strong><br \/> Lauri Ojala<br \/> G\u00f6sta Ratsula<\/p>\n<p style=\"text-align: center;\"><strong>1971<\/strong><br \/> Knis Karl Aronsson<br \/> Johannes J\u00e4rvel\u00e4<br \/> John Rosas<\/p>\n<p style=\"text-align: center;\"><strong>1970<\/strong><br \/> Kustaa J\u00e4rvinen<br \/> Leander Laasanen<br \/> Otto Lillhannus<\/p>\n<p style=\"text-align: center;\"><strong>1969<\/strong><br \/> Ulla Katajavuori<br \/> Wiljami Niittykoski<\/p>\n<p style=\"text-align: center;\"><strong>1968<\/strong><br \/> Erkki Ala-K\u00f6nni<br \/> Andr\u00e9s B\u00e9res<br \/> Konsta Jylh\u00e4<br \/> Eino Tulikari<\/p>\n<p>&nbsp;<\/p>\n<p>[\/et_pb_text][\/et_pb_column][\/et_pb_row][\/et_pb_section]<\/p>\n","protected":false},"excerpt":{"rendered":"<p>[et_pb_section fb_built=&#8221;1&#8243; _builder_version=&#8221;4.6.6&#8243; _module_preset=&#8221;default&#8221;][et_pb_row column_structure=&#8221;1_4,3_4&#8243; _builder_version=&#8221;4.6.6&#8243; _module_preset=&#8221;default&#8221;][et_pb_column type=&#8221;1_4&#8243; _builder_version=&#8221;4.6.6&#8243; _module_preset=&#8221;default&#8221;][et_pb_sidebar area=&#8221;et_pb_widget_area_1&#8243; _builder_version=&#8221;4.6.6&#8243; _module_preset=&#8221;default&#8221;][\/et_pb_sidebar][\/et_pb_column][et_pb_column type=&#8221;3_4&#8243; _builder_version=&#8221;4.6.6&#8243; _module_preset=&#8221;default&#8221;][et_pb_text _builder_version=&#8221;4.6.6&#8243; _module_preset=&#8221;default&#8221;] Festivaaliplaketti Kansanmusiikkijuhlilla on jaettu vuodesta 1968 tunnustuksia kansanmusiiki- ja tanssin alalla ansioituneille henkil\u00f6ille, jotka omalla toiminnallaan ovat tukeneet festivaaleja eri tavoin. Alkuper\u00e4isen plaketin suunnitteli kaustislaissyntyinen taiteilija Tapio Wirkkala. Festivaaliplakettia jaetaan edelleenkin samoista syist\u00e4- Kaustisen kansanmusiikkijuhlia, kansanmusiikkia ja [&hellip;]<\/p>\n","protected":false},"author":10,"featured_media":0,"parent":0,"menu_order":0,"comment_status":"closed","ping_status":"closed","template":"","meta":{"_et_pb_use_builder":"on","_et_pb_old_content":"","_et_gb_content_width":"","footnotes":""},"class_list":["post-42701","page","type-page","status-publish","hentry"],"yoast_head":"<!-- This site is optimized with the Yoast SEO plugin v27.3 - https:\/\/yoast.com\/product\/yoast-seo-wordpress\/ -->\n<title>Tunnustukset - Kaustinen Folk Music Festival<\/title>\n<meta name=\"robots\" content=\"index, follow, max-snippet:-1, max-image-preview:large, max-video-preview:-1\" \/>\n<link rel=\"canonical\" href=\"https:\/\/kaustinen.net\/en\/tunnustukset\/\" \/>\n<meta property=\"og:locale\" content=\"en_GB\" \/>\n<meta property=\"og:type\" content=\"article\" \/>\n<meta property=\"og:title\" content=\"Tunnustukset - Kaustinen Folk Music Festival\" \/>\n<meta property=\"og:description\" content=\"[et_pb_section fb_built=&#8221;1&#8243; _builder_version=&#8221;4.6.6&#8243; _module_preset=&#8221;default&#8221;][et_pb_row column_structure=&#8221;1_4,3_4&#8243; _builder_version=&#8221;4.6.6&#8243; _module_preset=&#8221;default&#8221;][et_pb_column type=&#8221;1_4&#8243; _builder_version=&#8221;4.6.6&#8243; _module_preset=&#8221;default&#8221;][et_pb_sidebar area=&#8221;et_pb_widget_area_1&#8243; _builder_version=&#8221;4.6.6&#8243; _module_preset=&#8221;default&#8221;][\/et_pb_sidebar][\/et_pb_column][et_pb_column type=&#8221;3_4&#8243; _builder_version=&#8221;4.6.6&#8243; _module_preset=&#8221;default&#8221;][et_pb_text _builder_version=&#8221;4.6.6&#8243; _module_preset=&#8221;default&#8221;] Festivaaliplaketti Kansanmusiikkijuhlilla on jaettu vuodesta 1968 tunnustuksia kansanmusiiki- ja tanssin alalla ansioituneille henkil\u00f6ille, jotka omalla toiminnallaan ovat tukeneet festivaaleja eri tavoin. Alkuper\u00e4isen plaketin suunnitteli kaustislaissyntyinen taiteilija Tapio Wirkkala. Festivaaliplakettia jaetaan edelleenkin samoista syist\u00e4- Kaustisen kansanmusiikkijuhlia, kansanmusiikkia ja [&hellip;]\" \/>\n<meta property=\"og:url\" content=\"https:\/\/kaustinen.net\/en\/tunnustukset\/\" \/>\n<meta property=\"og:site_name\" content=\"Kaustinen Folk Music Festival\" \/>\n<meta property=\"article:modified_time\" content=\"2025-09-10T08:10:52+00:00\" \/>\n<meta name=\"twitter:card\" content=\"summary_large_image\" \/>\n<meta name=\"twitter:label1\" content=\"Estimated reading time\" \/>\n\t<meta name=\"twitter:data1\" content=\"3 minutes\" \/>\n<script type=\"application\/ld+json\" class=\"yoast-schema-graph\">{\"@context\":\"https:\\\/\\\/schema.org\",\"@graph\":[{\"@type\":\"WebPage\",\"@id\":\"https:\\\/\\\/kaustinen.net\\\/tunnustukset\\\/\",\"url\":\"https:\\\/\\\/kaustinen.net\\\/tunnustukset\\\/\",\"name\":\"Tunnustukset - Kaustinen Folk Music Festival\",\"isPartOf\":{\"@id\":\"https:\\\/\\\/kaustinen.net\\\/sv\\\/#website\"},\"datePublished\":\"2022-11-24T10:40:30+00:00\",\"dateModified\":\"2025-09-10T08:10:52+00:00\",\"breadcrumb\":{\"@id\":\"https:\\\/\\\/kaustinen.net\\\/tunnustukset\\\/#breadcrumb\"},\"inLanguage\":\"en-GB\",\"potentialAction\":[{\"@type\":\"ReadAction\",\"target\":[\"https:\\\/\\\/kaustinen.net\\\/tunnustukset\\\/\"]}]},{\"@type\":\"BreadcrumbList\",\"@id\":\"https:\\\/\\\/kaustinen.net\\\/tunnustukset\\\/#breadcrumb\",\"itemListElement\":[{\"@type\":\"ListItem\",\"position\":1,\"name\":\"Home\",\"item\":\"https:\\\/\\\/kaustinen.net\\\/\"},{\"@type\":\"ListItem\",\"position\":2,\"name\":\"Tunnustukset\"}]},{\"@type\":\"WebSite\",\"@id\":\"https:\\\/\\\/kaustinen.net\\\/sv\\\/#website\",\"url\":\"https:\\\/\\\/kaustinen.net\\\/sv\\\/\",\"name\":\"Kaustinen Folk Music Festival\",\"description\":\"Kes\u00e4n onnellisimmat p\u00e4iv\u00e4t\",\"potentialAction\":[{\"@type\":\"SearchAction\",\"target\":{\"@type\":\"EntryPoint\",\"urlTemplate\":\"https:\\\/\\\/kaustinen.net\\\/sv\\\/?s={search_term_string}\"},\"query-input\":{\"@type\":\"PropertyValueSpecification\",\"valueRequired\":true,\"valueName\":\"search_term_string\"}}],\"inLanguage\":\"en-GB\"}]}<\/script>\n<!-- \/ Yoast SEO plugin. -->","yoast_head_json":{"title":"Tunnustukset - Kaustinen Folk Music Festival","robots":{"index":"index","follow":"follow","max-snippet":"max-snippet:-1","max-image-preview":"max-image-preview:large","max-video-preview":"max-video-preview:-1"},"canonical":"https:\/\/kaustinen.net\/en\/tunnustukset\/","og_locale":"en_GB","og_type":"article","og_title":"Tunnustukset - Kaustinen Folk Music Festival","og_description":"[et_pb_section fb_built=&#8221;1&#8243; _builder_version=&#8221;4.6.6&#8243; _module_preset=&#8221;default&#8221;][et_pb_row column_structure=&#8221;1_4,3_4&#8243; _builder_version=&#8221;4.6.6&#8243; _module_preset=&#8221;default&#8221;][et_pb_column type=&#8221;1_4&#8243; _builder_version=&#8221;4.6.6&#8243; _module_preset=&#8221;default&#8221;][et_pb_sidebar area=&#8221;et_pb_widget_area_1&#8243; _builder_version=&#8221;4.6.6&#8243; _module_preset=&#8221;default&#8221;][\/et_pb_sidebar][\/et_pb_column][et_pb_column type=&#8221;3_4&#8243; _builder_version=&#8221;4.6.6&#8243; _module_preset=&#8221;default&#8221;][et_pb_text _builder_version=&#8221;4.6.6&#8243; _module_preset=&#8221;default&#8221;] Festivaaliplaketti Kansanmusiikkijuhlilla on jaettu vuodesta 1968 tunnustuksia kansanmusiiki- ja tanssin alalla ansioituneille henkil\u00f6ille, jotka omalla toiminnallaan ovat tukeneet festivaaleja eri tavoin. Alkuper\u00e4isen plaketin suunnitteli kaustislaissyntyinen taiteilija Tapio Wirkkala. Festivaaliplakettia jaetaan edelleenkin samoista syist\u00e4- Kaustisen kansanmusiikkijuhlia, kansanmusiikkia ja [&hellip;]","og_url":"https:\/\/kaustinen.net\/en\/tunnustukset\/","og_site_name":"Kaustinen Folk Music Festival","article_modified_time":"2025-09-10T08:10:52+00:00","twitter_card":"summary_large_image","twitter_misc":{"Estimated reading time":"3 minutes"},"schema":{"@context":"https:\/\/schema.org","@graph":[{"@type":"WebPage","@id":"https:\/\/kaustinen.net\/tunnustukset\/","url":"https:\/\/kaustinen.net\/tunnustukset\/","name":"Tunnustukset - Kaustinen Folk Music Festival","isPartOf":{"@id":"https:\/\/kaustinen.net\/sv\/#website"},"datePublished":"2022-11-24T10:40:30+00:00","dateModified":"2025-09-10T08:10:52+00:00","breadcrumb":{"@id":"https:\/\/kaustinen.net\/tunnustukset\/#breadcrumb"},"inLanguage":"en-GB","potentialAction":[{"@type":"ReadAction","target":["https:\/\/kaustinen.net\/tunnustukset\/"]}]},{"@type":"BreadcrumbList","@id":"https:\/\/kaustinen.net\/tunnustukset\/#breadcrumb","itemListElement":[{"@type":"ListItem","position":1,"name":"Home","item":"https:\/\/kaustinen.net\/"},{"@type":"ListItem","position":2,"name":"Tunnustukset"}]},{"@type":"WebSite","@id":"https:\/\/kaustinen.net\/sv\/#website","url":"https:\/\/kaustinen.net\/sv\/","name":"Kaustinen Folk Music Festival","description":"Happiest Days of Summer","potentialAction":[{"@type":"SearchAction","target":{"@type":"EntryPoint","urlTemplate":"https:\/\/kaustinen.net\/sv\/?s={search_term_string}"},"query-input":{"@type":"PropertyValueSpecification","valueRequired":true,"valueName":"search_term_string"}}],"inLanguage":"en-GB"}]}},"jetpack_sharing_enabled":true,"_links":{"self":[{"href":"https:\/\/kaustinen.net\/en\/wp-json\/wp\/v2\/pages\/42701","targetHints":{"allow":["GET"]}}],"collection":[{"href":"https:\/\/kaustinen.net\/en\/wp-json\/wp\/v2\/pages"}],"about":[{"href":"https:\/\/kaustinen.net\/en\/wp-json\/wp\/v2\/types\/page"}],"author":[{"embeddable":true,"href":"https:\/\/kaustinen.net\/en\/wp-json\/wp\/v2\/users\/10"}],"replies":[{"embeddable":true,"href":"https:\/\/kaustinen.net\/en\/wp-json\/wp\/v2\/comments?post=42701"}],"version-history":[{"count":8,"href":"https:\/\/kaustinen.net\/en\/wp-json\/wp\/v2\/pages\/42701\/revisions"}],"predecessor-version":[{"id":45877,"href":"https:\/\/kaustinen.net\/en\/wp-json\/wp\/v2\/pages\/42701\/revisions\/45877"}],"wp:attachment":[{"href":"https:\/\/kaustinen.net\/en\/wp-json\/wp\/v2\/media?parent=42701"}],"curies":[{"name":"wp","href":"https:\/\/api.w.org\/{rel}","templated":true}]}}