{"id":42325,"date":"2022-06-14T13:46:14","date_gmt":"2022-06-14T10:46:14","guid":{"rendered":"https:\/\/kaustinen.net\/?page_id=42325"},"modified":"2025-07-02T14:32:45","modified_gmt":"2025-07-02T11:32:45","slug":"yovaellus-2025","status":"publish","type":"page","link":"https:\/\/kaustinen.net\/en\/yovaellus-2025\/","title":{"rendered":"Y\u00f6vaellus"},"content":{"rendered":"<p>[et_pb_section fb_built=&#8221;1&#8243; _builder_version=&#8221;4.6.6&#8243; _module_preset=&#8221;default&#8221;][et_pb_row _builder_version=&#8221;4.6.6&#8243; _module_preset=&#8221;default&#8221;][et_pb_column type=&#8221;4_4&#8243; _builder_version=&#8221;4.6.6&#8243; _module_preset=&#8221;default&#8221;][et_pb_image src=&#8221;https:\/\/kaustinen.net\/wp-content\/uploads\/2024\/07\/Yovaellus-1-1.jpg&#8221; alt=&#8221;Tuure Niskanen soittaa viulua keskittyneen\u00e4 yleis\u00f6n keskell\u00e4.&#8221; title_text=&#8221;Y\u00f6vaellus 1 (1)&#8221; _builder_version=&#8221;4.6.6&#8243; _module_preset=&#8221;default&#8221;][\/et_pb_image][et_pb_text _builder_version=&#8221;4.6.6&#8243; _module_preset=&#8221;default&#8221; hover_enabled=&#8221;0&#8243; sticky_enabled=&#8221;0&#8243;]<\/p>\n<h1 style=\"text-align: center;\">Y\u00f6vaellus 6.7.2025<\/h1>\n<p>Suositulla soivalla y\u00f6vaelluksella p\u00e4\u00e4set el\u00e4ytym\u00e4\u00e4n tulevan viikon tunnelmiin ja tutustumaan Kaustista ymp\u00e4r\u00f6iviin vaihteleviin maisemiin vaelluksen varrelle ripoteltujen musiikkiesitysten my\u00f6t\u00e4. Y\u00f6vaelluksen kohokohtina ovat P\u00f6\u00f6skallio, Isokallio, J\u00e4rvel\u00e4n riippusilta koskimaisemineen, Huntuksen kallio sek\u00e4 mystinen Pauanne.\u00a0<\/p>\n<p><strong>L\u00c4HT\u00d6 klo 20 J\u00e4rvel\u00e4n koululta, os. Rantatie 51<\/strong><\/p>\n<p><strong>Reitti 1: <\/strong> J\u00e4rvel\u00e4n koulu &#8211; P\u00f6\u00f6skallio,<strong> pituus n. 4,5 km ja kesto n. 3 tuntia, soveltuu kaiken ik\u00e4isille<\/strong><br \/><strong>Reitti 2: <\/strong>J\u00e4rvel\u00e4n koulu &#8211; P\u00f6\u00f6skallio &#8211; Riippusilta &#8211; Pauanne,<strong> pituus n. 15 km ja kesto n. 5 tuntia<\/strong><\/p>\n<p>L\u00e4ht\u00f6paikkana on J\u00e4rvel\u00e4n koulu (Rantatie 51). Lyhyempi, koko perheen reitti p\u00e4\u00e4ttyy takaisin koululle (n. klo 23), ja pidempi vaellus p\u00e4\u00e4ttyy Kalliopaviljongille eli Kallioklubille n. klo 01 aikaan.\u00a0<\/p>\n<p>Reittioppaina toimii <em>Perhonjokilaakson Retkeilij\u00e4t ry:n<\/em> vaellusryhm\u00e4. Reitille on j\u00e4rjestetty ensiapup\u00e4ivystys. Ota mukaan omat ev\u00e4\u00e4t ja vesipullo, reitin varrella mahdollisuus my\u00f6s makkaran paistamiseen. Kenk\u00e4suosituksena varrelliset retkikeng\u00e4t tai tukevat lenkkarit. Varaudu miellytt\u00e4viin kulttuurisiin yll\u00e4tyksiin!<\/p>\n<p><strong>Osallistumismaksu 5 \u20ac\/hl\u00f6.\u00a0<\/strong>Maksu k\u00e4teisell\u00e4 l\u00e4ht\u00f6paikalla (varaathan tasarahan).<\/p>\n<p>Mahdollinen kyyditysmaksu 5 \u20ac\/hl\u00f6\/suunta maksetaan kuljettajalle.<\/p>\n<p>Ilmoittaudu mukaan etuk\u00e4teen <a href=\"https:\/\/gest.fi\/customers\/chfaei\/8176\" target=\"_blank\" rel=\"noopener noreferrer\">T\u00c4\u00c4LL\u00c4.<\/a> Ilmoittautumisaika 6.7. klo 15 saakka.<\/p>\n<p>&nbsp;<\/p>\n<p style=\"text-align: center;\">\n<p>[\/et_pb_text][\/et_pb_column][\/et_pb_row][\/et_pb_section]<\/p>\n","protected":false},"excerpt":{"rendered":"<p>[et_pb_section fb_built=&#8221;1&#8243; _builder_version=&#8221;4.6.6&#8243; _module_preset=&#8221;default&#8221;][et_pb_row _builder_version=&#8221;4.6.6&#8243; _module_preset=&#8221;default&#8221;][et_pb_column type=&#8221;4_4&#8243; _builder_version=&#8221;4.6.6&#8243; _module_preset=&#8221;default&#8221;][et_pb_image src=&#8221;https:\/\/kaustinen.net\/wp-content\/uploads\/2024\/07\/Yovaellus-1-1.jpg&#8221; alt=&#8221;Tuure Niskanen soittaa viulua keskittyneen\u00e4 yleis\u00f6n keskell\u00e4.&#8221; title_text=&#8221;Y\u00f6vaellus 1 (1)&#8221; _builder_version=&#8221;4.6.6&#8243; _module_preset=&#8221;default&#8221;][\/et_pb_image][et_pb_text _builder_version=&#8221;4.6.6&#8243; _module_preset=&#8221;default&#8221; hover_enabled=&#8221;0&#8243; sticky_enabled=&#8221;0&#8243;] Y\u00f6vaellus 6.7.2025 Suositulla soivalla y\u00f6vaelluksella p\u00e4\u00e4set el\u00e4ytym\u00e4\u00e4n tulevan viikon tunnelmiin ja tutustumaan Kaustista ymp\u00e4r\u00f6iviin vaihteleviin maisemiin vaelluksen varrelle ripoteltujen musiikkiesitysten my\u00f6t\u00e4. Y\u00f6vaelluksen kohokohtina ovat P\u00f6\u00f6skallio, Isokallio, J\u00e4rvel\u00e4n riippusilta koskimaisemineen, [&hellip;]<\/p>\n","protected":false},"author":12,"featured_media":0,"parent":0,"menu_order":0,"comment_status":"closed","ping_status":"closed","template":"","meta":{"_et_pb_use_builder":"on","_et_pb_old_content":"","_et_gb_content_width":"","footnotes":""},"class_list":["post-42325","page","type-page","status-publish","hentry"],"yoast_head":"<!-- This site is optimized with the Yoast SEO plugin v27.4 - https:\/\/yoast.com\/product\/yoast-seo-wordpress\/ -->\n<title>Y\u00f6vaellus - Kaustinen Folk Music Festival<\/title>\n<meta name=\"robots\" content=\"index, follow, max-snippet:-1, max-image-preview:large, max-video-preview:-1\" \/>\n<link rel=\"canonical\" href=\"https:\/\/kaustinen.net\/en\/yovaellus-2025\/\" \/>\n<meta property=\"og:locale\" content=\"en_GB\" \/>\n<meta property=\"og:type\" content=\"article\" \/>\n<meta property=\"og:title\" content=\"Y\u00f6vaellus - Kaustinen Folk Music Festival\" \/>\n<meta property=\"og:description\" content=\"[et_pb_section fb_built=&#8221;1&#8243; _builder_version=&#8221;4.6.6&#8243; _module_preset=&#8221;default&#8221;][et_pb_row _builder_version=&#8221;4.6.6&#8243; _module_preset=&#8221;default&#8221;][et_pb_column type=&#8221;4_4&#8243; _builder_version=&#8221;4.6.6&#8243; _module_preset=&#8221;default&#8221;][et_pb_image src=&#8221;https:\/\/kaustinen.net\/wp-content\/uploads\/2024\/07\/Yovaellus-1-1.jpg&#8221; alt=&#8221;Tuure Niskanen soittaa viulua keskittyneen\u00e4 yleis\u00f6n keskell\u00e4.&#8221; title_text=&#8221;Y\u00f6vaellus 1 (1)&#8221; _builder_version=&#8221;4.6.6&#8243; _module_preset=&#8221;default&#8221;][\/et_pb_image][et_pb_text _builder_version=&#8221;4.6.6&#8243; _module_preset=&#8221;default&#8221; hover_enabled=&#8221;0&#8243; sticky_enabled=&#8221;0&#8243;] Y\u00f6vaellus 6.7.2025 Suositulla soivalla y\u00f6vaelluksella p\u00e4\u00e4set el\u00e4ytym\u00e4\u00e4n tulevan viikon tunnelmiin ja tutustumaan Kaustista ymp\u00e4r\u00f6iviin vaihteleviin maisemiin vaelluksen varrelle ripoteltujen musiikkiesitysten my\u00f6t\u00e4. Y\u00f6vaelluksen kohokohtina ovat P\u00f6\u00f6skallio, Isokallio, J\u00e4rvel\u00e4n riippusilta koskimaisemineen, [&hellip;]\" \/>\n<meta property=\"og:url\" content=\"https:\/\/kaustinen.net\/en\/yovaellus-2025\/\" \/>\n<meta property=\"og:site_name\" content=\"Kaustinen Folk Music Festival\" \/>\n<meta property=\"article:modified_time\" content=\"2025-07-02T11:32:45+00:00\" \/>\n<meta name=\"twitter:card\" content=\"summary_large_image\" \/>\n<meta name=\"twitter:label1\" content=\"Estimated reading time\" \/>\n\t<meta name=\"twitter:data1\" content=\"1 minute\" \/>\n<script type=\"application\/ld+json\" class=\"yoast-schema-graph\">{\"@context\":\"https:\\\/\\\/schema.org\",\"@graph\":[{\"@type\":\"WebPage\",\"@id\":\"https:\\\/\\\/kaustinen.net\\\/yovaellus-2025\\\/\",\"url\":\"https:\\\/\\\/kaustinen.net\\\/yovaellus-2025\\\/\",\"name\":\"Y\u00f6vaellus - Kaustinen Folk Music Festival\",\"isPartOf\":{\"@id\":\"https:\\\/\\\/kaustinen.net\\\/sv\\\/#website\"},\"datePublished\":\"2022-06-14T10:46:14+00:00\",\"dateModified\":\"2025-07-02T11:32:45+00:00\",\"breadcrumb\":{\"@id\":\"https:\\\/\\\/kaustinen.net\\\/yovaellus-2025\\\/#breadcrumb\"},\"inLanguage\":\"en-GB\",\"potentialAction\":[{\"@type\":\"ReadAction\",\"target\":[\"https:\\\/\\\/kaustinen.net\\\/yovaellus-2025\\\/\"]}]},{\"@type\":\"BreadcrumbList\",\"@id\":\"https:\\\/\\\/kaustinen.net\\\/yovaellus-2025\\\/#breadcrumb\",\"itemListElement\":[{\"@type\":\"ListItem\",\"position\":1,\"name\":\"Home\",\"item\":\"https:\\\/\\\/kaustinen.net\\\/\"},{\"@type\":\"ListItem\",\"position\":2,\"name\":\"Y\u00f6vaellus\"}]},{\"@type\":\"WebSite\",\"@id\":\"https:\\\/\\\/kaustinen.net\\\/sv\\\/#website\",\"url\":\"https:\\\/\\\/kaustinen.net\\\/sv\\\/\",\"name\":\"Kaustinen Folk Music Festival\",\"description\":\"Kes\u00e4n onnellisimmat p\u00e4iv\u00e4t\",\"potentialAction\":[{\"@type\":\"SearchAction\",\"target\":{\"@type\":\"EntryPoint\",\"urlTemplate\":\"https:\\\/\\\/kaustinen.net\\\/sv\\\/?s={search_term_string}\"},\"query-input\":{\"@type\":\"PropertyValueSpecification\",\"valueRequired\":true,\"valueName\":\"search_term_string\"}}],\"inLanguage\":\"en-GB\"}]}<\/script>\n<!-- \/ Yoast SEO plugin. -->","yoast_head_json":{"title":"Y\u00f6vaellus - Kaustinen Folk Music Festival","robots":{"index":"index","follow":"follow","max-snippet":"max-snippet:-1","max-image-preview":"max-image-preview:large","max-video-preview":"max-video-preview:-1"},"canonical":"https:\/\/kaustinen.net\/en\/yovaellus-2025\/","og_locale":"en_GB","og_type":"article","og_title":"Y\u00f6vaellus - Kaustinen Folk Music Festival","og_description":"[et_pb_section fb_built=&#8221;1&#8243; _builder_version=&#8221;4.6.6&#8243; _module_preset=&#8221;default&#8221;][et_pb_row _builder_version=&#8221;4.6.6&#8243; _module_preset=&#8221;default&#8221;][et_pb_column type=&#8221;4_4&#8243; _builder_version=&#8221;4.6.6&#8243; _module_preset=&#8221;default&#8221;][et_pb_image src=&#8221;https:\/\/kaustinen.net\/wp-content\/uploads\/2024\/07\/Yovaellus-1-1.jpg&#8221; alt=&#8221;Tuure Niskanen soittaa viulua keskittyneen\u00e4 yleis\u00f6n keskell\u00e4.&#8221; title_text=&#8221;Y\u00f6vaellus 1 (1)&#8221; _builder_version=&#8221;4.6.6&#8243; _module_preset=&#8221;default&#8221;][\/et_pb_image][et_pb_text _builder_version=&#8221;4.6.6&#8243; _module_preset=&#8221;default&#8221; hover_enabled=&#8221;0&#8243; sticky_enabled=&#8221;0&#8243;] Y\u00f6vaellus 6.7.2025 Suositulla soivalla y\u00f6vaelluksella p\u00e4\u00e4set el\u00e4ytym\u00e4\u00e4n tulevan viikon tunnelmiin ja tutustumaan Kaustista ymp\u00e4r\u00f6iviin vaihteleviin maisemiin vaelluksen varrelle ripoteltujen musiikkiesitysten my\u00f6t\u00e4. Y\u00f6vaelluksen kohokohtina ovat P\u00f6\u00f6skallio, Isokallio, J\u00e4rvel\u00e4n riippusilta koskimaisemineen, [&hellip;]","og_url":"https:\/\/kaustinen.net\/en\/yovaellus-2025\/","og_site_name":"Kaustinen Folk Music Festival","article_modified_time":"2025-07-02T11:32:45+00:00","twitter_card":"summary_large_image","twitter_misc":{"Estimated reading time":"1 minute"},"schema":{"@context":"https:\/\/schema.org","@graph":[{"@type":"WebPage","@id":"https:\/\/kaustinen.net\/yovaellus-2025\/","url":"https:\/\/kaustinen.net\/yovaellus-2025\/","name":"Y\u00f6vaellus - Kaustinen Folk Music Festival","isPartOf":{"@id":"https:\/\/kaustinen.net\/sv\/#website"},"datePublished":"2022-06-14T10:46:14+00:00","dateModified":"2025-07-02T11:32:45+00:00","breadcrumb":{"@id":"https:\/\/kaustinen.net\/yovaellus-2025\/#breadcrumb"},"inLanguage":"en-GB","potentialAction":[{"@type":"ReadAction","target":["https:\/\/kaustinen.net\/yovaellus-2025\/"]}]},{"@type":"BreadcrumbList","@id":"https:\/\/kaustinen.net\/yovaellus-2025\/#breadcrumb","itemListElement":[{"@type":"ListItem","position":1,"name":"Home","item":"https:\/\/kaustinen.net\/"},{"@type":"ListItem","position":2,"name":"Y\u00f6vaellus"}]},{"@type":"WebSite","@id":"https:\/\/kaustinen.net\/sv\/#website","url":"https:\/\/kaustinen.net\/sv\/","name":"Kaustinen Folk Music Festival","description":"Happiest Days of Summer","potentialAction":[{"@type":"SearchAction","target":{"@type":"EntryPoint","urlTemplate":"https:\/\/kaustinen.net\/sv\/?s={search_term_string}"},"query-input":{"@type":"PropertyValueSpecification","valueRequired":true,"valueName":"search_term_string"}}],"inLanguage":"en-GB"}]}},"jetpack_sharing_enabled":true,"_links":{"self":[{"href":"https:\/\/kaustinen.net\/en\/wp-json\/wp\/v2\/pages\/42325","targetHints":{"allow":["GET"]}}],"collection":[{"href":"https:\/\/kaustinen.net\/en\/wp-json\/wp\/v2\/pages"}],"about":[{"href":"https:\/\/kaustinen.net\/en\/wp-json\/wp\/v2\/types\/page"}],"author":[{"embeddable":true,"href":"https:\/\/kaustinen.net\/en\/wp-json\/wp\/v2\/users\/12"}],"replies":[{"embeddable":true,"href":"https:\/\/kaustinen.net\/en\/wp-json\/wp\/v2\/comments?post=42325"}],"version-history":[{"count":14,"href":"https:\/\/kaustinen.net\/en\/wp-json\/wp\/v2\/pages\/42325\/revisions"}],"predecessor-version":[{"id":45674,"href":"https:\/\/kaustinen.net\/en\/wp-json\/wp\/v2\/pages\/42325\/revisions\/45674"}],"wp:attachment":[{"href":"https:\/\/kaustinen.net\/en\/wp-json\/wp\/v2\/media?parent=42325"}],"curies":[{"name":"wp","href":"https:\/\/api.w.org\/{rel}","templated":true}]}}