{"id":41820,"date":"2022-03-15T12:59:03","date_gmt":"2022-03-15T10:59:03","guid":{"rendered":"https:\/\/kaustinen.net\/?page_id=41820"},"modified":"2023-06-30T13:45:16","modified_gmt":"2023-06-30T10:45:16","slug":"usein-kysytyt-kysymykset-pelimannit-faq","status":"publish","type":"page","link":"https:\/\/kaustinen.net\/en\/usein-kysytyt-kysymykset-pelimannit-faq\/","title":{"rendered":"Usein kysytyt kysymykset Pelimannit  FAQ"},"content":{"rendered":"<p>[et_pb_section fb_built=&#8221;1&#8243; _builder_version=&#8221;4.6.6&#8243; _module_preset=&#8221;default&#8221;][et_pb_row _builder_version=&#8221;4.6.6&#8243; _module_preset=&#8221;default&#8221;][et_pb_column type=&#8221;4_4&#8243; _builder_version=&#8221;4.6.6&#8243; _module_preset=&#8221;default&#8221;][et_pb_text _builder_version=&#8221;4.6.6&#8243; _module_preset=&#8221;default&#8221; header_font_size=&#8221;4vw&#8221; header_font_size_tablet=&#8221;7vw&#8221; header_font_size_phone=&#8221;8vw&#8221; header_font_size_last_edited=&#8221;on|phone&#8221;]<\/p>\n<h1 style=\"text-align: center;\">Usein kysyttyj\u00e4 kysymyksi\u00e4 2023<\/h1>\n<p>[\/et_pb_text][\/et_pb_column][\/et_pb_row][et_pb_row column_structure=&#8221;1_4,3_4&#8243; _builder_version=&#8221;4.6.6&#8243; _module_preset=&#8221;default&#8221;][et_pb_column type=&#8221;1_4&#8243; _builder_version=&#8221;4.6.6&#8243; _module_preset=&#8221;default&#8221;][et_pb_sidebar area=&#8221;et_pb_widget_area_1&#8243; _builder_version=&#8221;4.6.6&#8243; _module_preset=&#8221;default&#8221; border_color_all=&#8221;#ffffff&#8221;][\/et_pb_sidebar][\/et_pb_column][et_pb_column type=&#8221;3_4&#8243; _builder_version=&#8221;4.6.6&#8243; _module_preset=&#8221;default&#8221;][et_pb_text _builder_version=&#8221;4.6.6&#8243; _module_preset=&#8221;default&#8221;]<\/p>\n<h2>T\u00e4lle sivulle on koottu kysymyksi\u00e4 ja vastauksia pelimanneja usein askarruttaviin kysymyksiin<\/h2>\n<p>[\/et_pb_text][et_pb_text _builder_version=&#8221;4.6.6&#8243; _module_preset=&#8221;default&#8221; header_font_size=&#8221;4vw&#8221; header_2_font_size=&#8221;30px&#8221;]<\/p>\n<h3><span style=\"font-size: 16px;\">Kaustisen 56. kansanmusiikkijuhlat j\u00e4rjestet\u00e4\u00e4n 10.-16.7.2023.<\/span><\/h3>\n<p>&nbsp;<\/p>\n<p>[\/et_pb_text][et_pb_accordion closed_toggle_background_color=&#8221;#ffffff&#8221; icon_color=&#8221;#ffc73b&#8221; use_icon_font_size=&#8221;on&#8221; icon_font_size=&#8221;30px&#8221; _builder_version=&#8221;4.6.6&#8243; _module_preset=&#8221;default&#8221; toggle_font_size=&#8221;2vw&#8221; hover_enabled=&#8221;0&#8243; sticky_enabled=&#8221;0&#8243;][et_pb_accordion_item title=&#8221;Esiintyjille&#8221; open=&#8221;on&#8221; _builder_version=&#8221;4.6.6&#8243; _module_preset=&#8221;default&#8221; custom_css_main_element=&#8221;display: none;&#8221;]Your content goes here. Edit or remove this text inline or in the module Content settings. You can also style every aspect of this content in the module Design settings and even apply custom CSS to this text in the module Advanced settings.[\/et_pb_accordion_item][et_pb_accordion_item title=&#8221;Hakeminen pelimanniksi?&#8221; _builder_version=&#8221;4.6.6&#8243; _module_preset=&#8221;default&#8221; open=&#8221;off&#8221;]<\/p>\n<div class=\"et_pb_module et_pb_text et_pb_text_3  et_pb_text_align_left et_pb_bg_layout_light\">\n<div class=\"et_pb_text_inner\">\n<p>Kaustisen Folk Music Festivat tarjoilee k\u00e4sin poimitun monipuolisen otannan suomalaisen kansanmusiikin ja kansantanssin osaamisesta sek\u00e4 vuosittain vaihtuvan kansainv\u00e4lisi\u00e4 yhtyeit\u00e4 ja perinteist\u00e4 esittelev\u00e4n ohjelmakokonaisuuden.\u00a0Festivaaliohjelma koostuu paikallisperinteit\u00e4 kunnioittavan pelimannimusiikin lis\u00e4ksi kotimaisesta nykykansanmusiikista, kansainv\u00e4lisist\u00e4 esiintyjist\u00e4, kansantanssista, koko kansan suosikeista, lasten musiikista, poikkitaiteellisista ja festivaalialuetta el\u00e4v\u00f6itt\u00e4vist\u00e4 ohjelmanumeroista sek\u00e4 osallistavasta toiminnasta.<\/p>\n<p><span>Pelimannit; soittajat, tanssijat ja laulajat ovat kaiken t\u00e4m\u00e4n syd\u00e4n.<\/span><\/p>\n<p><span>Esiintyjien toivotaan ottavan vuoden teemat huomioon mahdollisuuksien\u00a0 mukaan laatiessaan ohjelmistoa ensi kes\u00e4n juhlia varten.<\/span><\/p>\n<\/div>\n<\/div>\n<p><strong>Hyv\u00e4 tiet\u00e4\u00e4 hakemisesta:<\/strong><\/p>\n<p><em>Pelimannihaku on tarkoitettu esiintyjille, jotka haluavat tulla Kaustiselle esiintym\u00e4\u00e4n ja nauttimaan festivaalitunnelmasta ilman rahallista korvausta.<\/em><\/p>\n<p>Mik\u00e4li esit\u00e4t kansanmusiikkia, kansantanssia tai niiden pohjalta ammentavaa modernimpaa tuotantoa ja haluat p\u00e4\u00e4st\u00e4 mukaan luomaan ainutlaatuista perheyst\u00e4v\u00e4llisen festivaalin tunnelmaa ja esitt\u00e4m\u00e4\u00e4n musiikkiasi omistautuneelle festivaaliyleis\u00f6lle, \u00e4l\u00e4 ep\u00e4r\u00f6i hakea mukaan!<\/p>\n<p><span>Pelimannihausta vuoden 2023 festivaalille\u00a0tiedotetaan nettisivuillamme\u00a0sek\u00e4 sosiaalisen median kanavissa\u00a0@kaustinenfmf.<\/span><\/p>\n<p>Kysymyksiin saa vastauksia festivaalitoimiston v\u00e4elt\u00e4!<\/p>\n<p><a href=\"mailto:pelimannit@kaustinen.net\" target=\"_blank\" rel=\"noopener noreferrer\">pelimannit@kaustinen.net<\/a><\/p>\n<p>p. 040 3582 198<\/p>\n<p>[\/et_pb_accordion_item][et_pb_accordion_item title=&#8221;Mitk\u00e4 ovat vuoden 2023 teemat? &#8221; _builder_version=&#8221;4.6.6&#8243; _module_preset=&#8221;default&#8221; open=&#8221;off&#8221;]<\/p>\n<p>Festivaalin 2023 teema on<span>\u00a0<\/span><em>Rauha<\/em><span>. Rauhan teemaa k\u00e4sitell\u00e4\u00e4n niin globaalilla ihmisten v\u00e4lisen hyv\u00e4n tahdon etsimisen tasolla kuin esimerkiksi yksil\u00f6llisen mielenrauhan tasolla kiireisen el\u00e4m\u00e4nmenon keskell\u00e4. Maakuntateemana on vuorossa Keski-Suomi. Kansanmusiikin ja kansantanssin edist\u00e4miskeskuksen (KEK) vuositeema Arkistojen \u00e4\u00e4rell\u00e4 n\u00e4kyy my\u00f6s ohjelmassa.<\/span><\/p>\n<p>[\/et_pb_accordion_item][et_pb_accordion_item title=&#8221;Miksi pelimannihakemuksessa t\u00e4ytyy ilmoittaa kaikkien syntym\u00e4ajat?&#8221; _builder_version=&#8221;4.6.6&#8243; _module_preset=&#8221;default&#8221; open=&#8221;off&#8221;]<\/p>\n<p>Syntym\u00e4aika toimii tunnisteena pelimanniranneketta noudettaessa, sill\u00e4 suureen pelimannijoukkoon mahtuu kokonimikaimoja. T\u00e4m\u00e4n avulla Pelimannivastaanotossa osataan antaa pelimanniranneke oikealle henkil\u00f6lle ja v\u00e4ltyt\u00e4\u00e4n v\u00e4\u00e4rink\u00e4sityksilt\u00e4.<\/p>\n<p>Ennen hakulomakkeen t\u00e4ytt\u00e4mist\u00e4 selvit\u00e4 kaikkien ryhm\u00e4laisten syntym\u00e4ajat, <strong>\u00e4l\u00e4 keksi niit\u00e4.<\/strong><\/p>\n<p>[\/et_pb_accordion_item][et_pb_accordion_item title=&#8221;Milloin saan tiet\u00e4\u00e4 onko minut \/ meid\u00e4t valittu esiintyj\u00e4ksi?&#8221; _builder_version=&#8221;4.6.6&#8243; _module_preset=&#8221;default&#8221; open=&#8221;off&#8221;]<\/p>\n<p><strong>Pelimannihaussa\u00a0<\/strong>mukana olleiden ryhmien yhteyshenkil\u00f6ille l\u00e4hetet\u00e4\u00e4n viesti valinnoista maalis-huhtikuun aikana.<\/p>\n<p><strong>Hyv\u00e4ksyminen pelimanniksi<\/strong><\/p>\n<p>Hakemukset k\u00e4yd\u00e4\u00e4n l\u00e4pi ja festivaalin pelimanniesiintyjiksi hyv\u00e4ksyt\u00e4\u00e4n niin paljon kansanmusiikin ja kansantanssin laajaan ja moninaiseen kentt\u00e4\u00e4n kuuluvia soitto-, laulu- sek\u00e4 tanssiesityksi\u00e4 kuin mukaan saadaan mahtumaan.<\/p>\n<p>Mik\u00e4li \u00e4\u00e4ni-\/ videon\u00e4ytelinkki\u00e4 ei ole liiitetty hakemukseen, toimitathan sen pyydett\u00e4ess\u00e4!<\/p>\n<p>&nbsp;<\/p>\n<p>[\/et_pb_accordion_item][et_pb_accordion_item title=&#8221;Milloin saan tiet\u00e4\u00e4 esiintymisp\u00e4iv\u00e4t ja -ajat?&#8221; _builder_version=&#8221;4.6.6&#8243; _module_preset=&#8221;default&#8221; open=&#8221;off&#8221;]<\/p>\n<p><strong>Pelimannihaussa<\/strong> mukana olleille ja viralliseksi pelimanniksi hyv\u00e4ksytyille esiintyjille l\u00e4hetet\u00e4\u00e4n tietoa esiintymisajoista ja -paikoista toukokuun aikana.<\/p>\n<p>&nbsp;<\/p>\n<p>[\/et_pb_accordion_item][et_pb_accordion_item title=&#8221;Onko esiintymislavalla \u00e4\u00e4nentoistoa ja \/ tai millainen se on?&#8221; _builder_version=&#8221;4.6.6&#8243; _module_preset=&#8221;default&#8221; open=&#8221;off&#8221;]<\/p>\n<p>P\u00e4\u00e4s\u00e4\u00e4nt\u00f6isesti pelimannilavat ovat akustisia muutamaa poikkeusta lukuunottamatta.<br \/> T\u00e4st\u00e4 p\u00e4\u00e4set tutustumaan <a href=\"https:\/\/kaustinen.net\/lavat\/\" target=\"_blank\" rel=\"noopener noreferrer\">esiintymislavoihin.<\/a><\/p>\n<p>[\/et_pb_accordion_item][et_pb_accordion_item title=&#8221;Onko lavalla harmooni?&#8221; _builder_version=&#8221;4.6.6&#8243; _module_preset=&#8221;default&#8221; hover_enabled=&#8221;0&#8243; open=&#8221;off&#8221; sticky_enabled=&#8221;0&#8243;]<\/p>\n<p>Pelimannitalolla (iso tupa ja Santerin kabinetti), Soittosalissa, Wiljamissa, PH Nordgren -salissa, Sivutuvassa sek\u00e4 Kansantaiteenkeskuksessa on harmooni (1 kpl) koko festivaaliviikon ajan, jota pelimannit voivat k\u00e4ytt\u00e4\u00e4 esityksiss\u00e4.<\/p>\n<p>Festivaalilla ei ole lainattavia matkaharmooneita.<\/p>\n<p>[\/et_pb_accordion_item][et_pb_accordion_item title=&#8221;Mit\u00e4 etuja viralliseksi pelimanniksi hyv\u00e4ksytty esiintyj\u00e4 saa?&#8221; _builder_version=&#8221;4.6.6&#8243; _module_preset=&#8221;default&#8221; open=&#8221;off&#8221;]<\/p>\n<p>\u00a0Festivallille viralliseksi pelimanniksi hyv\u00e4ksytty esiintyj\u00e4 saa:<\/p>\n<ul>\n<li>Pelimannirannekkeen, joka oikeuttaa p\u00e4\u00e4syyn juhla-alueelle ja kaikkiin tilaisuuksiin kaikkina festivaalip\u00e4ivin\u00e4.<\/li>\n<li>Maksuttomat workshopit, tanssituvat, seminaarit ja taatusti leppoisan tunnelman tuhansien yst\u00e4vien seurassa<\/li>\n<li>Pelimannimajoituksen edulliseen hintaan &#8211; lis\u00e4tietoja julkaistaan kev\u00e4\u00e4n aikana<\/li>\n<li>Pelimanniateriat alennettuun hintaan Festivaaliravintolassa<\/li>\n<li>Ilmainen soitinnarikka alueen tuntumassa<\/li>\n<li>Pelimannikahvi alennettuun hintaan festivaalialueen Marjaananvillen kaffilasta<\/li>\n<\/ul>\n<p>[\/et_pb_accordion_item][\/et_pb_accordion][et_pb_blog fullwidth=&#8221;off&#8221; posts_number=&#8221;2&#8243; include_categories=&#8221;41&#8243; meta_date=&#8221;d.m.Y&#8221; show_author=&#8221;off&#8221; show_categories=&#8221;off&#8221; show_excerpt=&#8221;off&#8221; show_pagination=&#8221;off&#8221; _builder_version=&#8221;4.6.6&#8243; _module_preset=&#8221;default&#8221; custom_margin=&#8221;||-4px|||&#8221; custom_padding=&#8221;||0px|||&#8221;][\/et_pb_blog][et_pb_text _builder_version=&#8221;4.6.6&#8243; _module_preset=&#8221;default&#8221; custom_margin=&#8221;||50px|||&#8221;]<\/p>\n<h3><\/h3>\n<p><a href=\"https:\/\/kaustinen.net\/category\/pelimannit\/\"><strong>Katso kaikki ajankohtaiset pelimanniuutiset<\/strong><\/a>[\/et_pb_text][\/et_pb_column][\/et_pb_row][\/et_pb_section]<\/p>\n","protected":false},"excerpt":{"rendered":"<p>[et_pb_section fb_built=&#8221;1&#8243; _builder_version=&#8221;4.6.6&#8243; _module_preset=&#8221;default&#8221;][et_pb_row _builder_version=&#8221;4.6.6&#8243; _module_preset=&#8221;default&#8221;][et_pb_column type=&#8221;4_4&#8243; _builder_version=&#8221;4.6.6&#8243; _module_preset=&#8221;default&#8221;][et_pb_text _builder_version=&#8221;4.6.6&#8243; _module_preset=&#8221;default&#8221; header_font_size=&#8221;4vw&#8221; header_font_size_tablet=&#8221;7vw&#8221; header_font_size_phone=&#8221;8vw&#8221; header_font_size_last_edited=&#8221;on|phone&#8221;] Usein kysyttyj\u00e4 kysymyksi\u00e4 2023 [\/et_pb_text][\/et_pb_column][\/et_pb_row][et_pb_row column_structure=&#8221;1_4,3_4&#8243; _builder_version=&#8221;4.6.6&#8243; _module_preset=&#8221;default&#8221;][et_pb_column type=&#8221;1_4&#8243; _builder_version=&#8221;4.6.6&#8243; _module_preset=&#8221;default&#8221;][et_pb_sidebar area=&#8221;et_pb_widget_area_1&#8243; _builder_version=&#8221;4.6.6&#8243; _module_preset=&#8221;default&#8221; border_color_all=&#8221;#ffffff&#8221;][\/et_pb_sidebar][\/et_pb_column][et_pb_column type=&#8221;3_4&#8243; _builder_version=&#8221;4.6.6&#8243; _module_preset=&#8221;default&#8221;][et_pb_text _builder_version=&#8221;4.6.6&#8243; _module_preset=&#8221;default&#8221;] T\u00e4lle sivulle on koottu kysymyksi\u00e4 ja vastauksia pelimanneja usein askarruttaviin kysymyksiin [\/et_pb_text][et_pb_text _builder_version=&#8221;4.6.6&#8243; _module_preset=&#8221;default&#8221; header_font_size=&#8221;4vw&#8221; header_2_font_size=&#8221;30px&#8221;] Kaustisen 56. kansanmusiikkijuhlat j\u00e4rjestet\u00e4\u00e4n [&hellip;]<\/p>\n","protected":false},"author":11,"featured_media":0,"parent":0,"menu_order":0,"comment_status":"closed","ping_status":"closed","template":"","meta":{"_et_pb_use_builder":"on","_et_pb_old_content":"","_et_gb_content_width":"","footnotes":""},"class_list":["post-41820","page","type-page","status-publish","hentry"],"yoast_head":"<!-- This site is optimized with the Yoast SEO plugin v27.3 - https:\/\/yoast.com\/product\/yoast-seo-wordpress\/ -->\n<title>Usein kysytyt kysymykset Pelimannit FAQ - Kaustinen Folk Music Festival<\/title>\n<meta name=\"robots\" content=\"index, follow, max-snippet:-1, max-image-preview:large, max-video-preview:-1\" \/>\n<link rel=\"canonical\" href=\"https:\/\/kaustinen.net\/en\/usein-kysytyt-kysymykset-pelimannit-faq\/\" \/>\n<meta property=\"og:locale\" content=\"en_GB\" \/>\n<meta property=\"og:type\" content=\"article\" \/>\n<meta property=\"og:title\" content=\"Usein kysytyt kysymykset Pelimannit FAQ - Kaustinen Folk Music Festival\" \/>\n<meta property=\"og:description\" content=\"[et_pb_section fb_built=&#8221;1&#8243; _builder_version=&#8221;4.6.6&#8243; _module_preset=&#8221;default&#8221;][et_pb_row _builder_version=&#8221;4.6.6&#8243; _module_preset=&#8221;default&#8221;][et_pb_column type=&#8221;4_4&#8243; _builder_version=&#8221;4.6.6&#8243; _module_preset=&#8221;default&#8221;][et_pb_text _builder_version=&#8221;4.6.6&#8243; _module_preset=&#8221;default&#8221; header_font_size=&#8221;4vw&#8221; header_font_size_tablet=&#8221;7vw&#8221; header_font_size_phone=&#8221;8vw&#8221; header_font_size_last_edited=&#8221;on|phone&#8221;] Usein kysyttyj\u00e4 kysymyksi\u00e4 2023 [\/et_pb_text][\/et_pb_column][\/et_pb_row][et_pb_row column_structure=&#8221;1_4,3_4&#8243; _builder_version=&#8221;4.6.6&#8243; _module_preset=&#8221;default&#8221;][et_pb_column type=&#8221;1_4&#8243; _builder_version=&#8221;4.6.6&#8243; _module_preset=&#8221;default&#8221;][et_pb_sidebar area=&#8221;et_pb_widget_area_1&#8243; _builder_version=&#8221;4.6.6&#8243; _module_preset=&#8221;default&#8221; border_color_all=&#8221;#ffffff&#8221;][\/et_pb_sidebar][\/et_pb_column][et_pb_column type=&#8221;3_4&#8243; _builder_version=&#8221;4.6.6&#8243; _module_preset=&#8221;default&#8221;][et_pb_text _builder_version=&#8221;4.6.6&#8243; _module_preset=&#8221;default&#8221;] T\u00e4lle sivulle on koottu kysymyksi\u00e4 ja vastauksia pelimanneja usein askarruttaviin kysymyksiin [\/et_pb_text][et_pb_text _builder_version=&#8221;4.6.6&#8243; _module_preset=&#8221;default&#8221; header_font_size=&#8221;4vw&#8221; header_2_font_size=&#8221;30px&#8221;] Kaustisen 56. kansanmusiikkijuhlat j\u00e4rjestet\u00e4\u00e4n [&hellip;]\" \/>\n<meta property=\"og:url\" content=\"https:\/\/kaustinen.net\/en\/usein-kysytyt-kysymykset-pelimannit-faq\/\" \/>\n<meta property=\"og:site_name\" content=\"Kaustinen Folk Music Festival\" \/>\n<meta property=\"article:modified_time\" content=\"2023-06-30T10:45:16+00:00\" \/>\n<meta name=\"twitter:card\" content=\"summary_large_image\" \/>\n<meta name=\"twitter:label1\" content=\"Estimated reading time\" \/>\n\t<meta name=\"twitter:data1\" content=\"4 minutes\" \/>\n<script type=\"application\/ld+json\" class=\"yoast-schema-graph\">{\"@context\":\"https:\\\/\\\/schema.org\",\"@graph\":[{\"@type\":\"WebPage\",\"@id\":\"https:\\\/\\\/kaustinen.net\\\/usein-kysytyt-kysymykset-pelimannit-faq\\\/\",\"url\":\"https:\\\/\\\/kaustinen.net\\\/usein-kysytyt-kysymykset-pelimannit-faq\\\/\",\"name\":\"Usein kysytyt kysymykset Pelimannit FAQ - Kaustinen Folk Music Festival\",\"isPartOf\":{\"@id\":\"https:\\\/\\\/kaustinen.net\\\/sv\\\/#website\"},\"datePublished\":\"2022-03-15T10:59:03+00:00\",\"dateModified\":\"2023-06-30T10:45:16+00:00\",\"breadcrumb\":{\"@id\":\"https:\\\/\\\/kaustinen.net\\\/usein-kysytyt-kysymykset-pelimannit-faq\\\/#breadcrumb\"},\"inLanguage\":\"en-GB\",\"potentialAction\":[{\"@type\":\"ReadAction\",\"target\":[\"https:\\\/\\\/kaustinen.net\\\/usein-kysytyt-kysymykset-pelimannit-faq\\\/\"]}]},{\"@type\":\"BreadcrumbList\",\"@id\":\"https:\\\/\\\/kaustinen.net\\\/usein-kysytyt-kysymykset-pelimannit-faq\\\/#breadcrumb\",\"itemListElement\":[{\"@type\":\"ListItem\",\"position\":1,\"name\":\"Home\",\"item\":\"https:\\\/\\\/kaustinen.net\\\/\"},{\"@type\":\"ListItem\",\"position\":2,\"name\":\"Usein kysytyt kysymykset Pelimannit FAQ\"}]},{\"@type\":\"WebSite\",\"@id\":\"https:\\\/\\\/kaustinen.net\\\/sv\\\/#website\",\"url\":\"https:\\\/\\\/kaustinen.net\\\/sv\\\/\",\"name\":\"Kaustinen Folk Music Festival\",\"description\":\"Kes\u00e4n onnellisimmat p\u00e4iv\u00e4t\",\"potentialAction\":[{\"@type\":\"SearchAction\",\"target\":{\"@type\":\"EntryPoint\",\"urlTemplate\":\"https:\\\/\\\/kaustinen.net\\\/sv\\\/?s={search_term_string}\"},\"query-input\":{\"@type\":\"PropertyValueSpecification\",\"valueRequired\":true,\"valueName\":\"search_term_string\"}}],\"inLanguage\":\"en-GB\"}]}<\/script>\n<!-- \/ Yoast SEO plugin. -->","yoast_head_json":{"title":"Usein kysytyt kysymykset Pelimannit FAQ - Kaustinen Folk Music Festival","robots":{"index":"index","follow":"follow","max-snippet":"max-snippet:-1","max-image-preview":"max-image-preview:large","max-video-preview":"max-video-preview:-1"},"canonical":"https:\/\/kaustinen.net\/en\/usein-kysytyt-kysymykset-pelimannit-faq\/","og_locale":"en_GB","og_type":"article","og_title":"Usein kysytyt kysymykset Pelimannit FAQ - Kaustinen Folk Music Festival","og_description":"[et_pb_section fb_built=&#8221;1&#8243; _builder_version=&#8221;4.6.6&#8243; _module_preset=&#8221;default&#8221;][et_pb_row _builder_version=&#8221;4.6.6&#8243; _module_preset=&#8221;default&#8221;][et_pb_column type=&#8221;4_4&#8243; _builder_version=&#8221;4.6.6&#8243; _module_preset=&#8221;default&#8221;][et_pb_text _builder_version=&#8221;4.6.6&#8243; _module_preset=&#8221;default&#8221; header_font_size=&#8221;4vw&#8221; header_font_size_tablet=&#8221;7vw&#8221; header_font_size_phone=&#8221;8vw&#8221; header_font_size_last_edited=&#8221;on|phone&#8221;] Usein kysyttyj\u00e4 kysymyksi\u00e4 2023 [\/et_pb_text][\/et_pb_column][\/et_pb_row][et_pb_row column_structure=&#8221;1_4,3_4&#8243; _builder_version=&#8221;4.6.6&#8243; _module_preset=&#8221;default&#8221;][et_pb_column type=&#8221;1_4&#8243; _builder_version=&#8221;4.6.6&#8243; _module_preset=&#8221;default&#8221;][et_pb_sidebar area=&#8221;et_pb_widget_area_1&#8243; _builder_version=&#8221;4.6.6&#8243; _module_preset=&#8221;default&#8221; border_color_all=&#8221;#ffffff&#8221;][\/et_pb_sidebar][\/et_pb_column][et_pb_column type=&#8221;3_4&#8243; _builder_version=&#8221;4.6.6&#8243; _module_preset=&#8221;default&#8221;][et_pb_text _builder_version=&#8221;4.6.6&#8243; _module_preset=&#8221;default&#8221;] T\u00e4lle sivulle on koottu kysymyksi\u00e4 ja vastauksia pelimanneja usein askarruttaviin kysymyksiin [\/et_pb_text][et_pb_text _builder_version=&#8221;4.6.6&#8243; _module_preset=&#8221;default&#8221; header_font_size=&#8221;4vw&#8221; header_2_font_size=&#8221;30px&#8221;] Kaustisen 56. kansanmusiikkijuhlat j\u00e4rjestet\u00e4\u00e4n [&hellip;]","og_url":"https:\/\/kaustinen.net\/en\/usein-kysytyt-kysymykset-pelimannit-faq\/","og_site_name":"Kaustinen Folk Music Festival","article_modified_time":"2023-06-30T10:45:16+00:00","twitter_card":"summary_large_image","twitter_misc":{"Estimated reading time":"4 minutes"},"schema":{"@context":"https:\/\/schema.org","@graph":[{"@type":"WebPage","@id":"https:\/\/kaustinen.net\/usein-kysytyt-kysymykset-pelimannit-faq\/","url":"https:\/\/kaustinen.net\/usein-kysytyt-kysymykset-pelimannit-faq\/","name":"Usein kysytyt kysymykset Pelimannit FAQ - Kaustinen Folk Music Festival","isPartOf":{"@id":"https:\/\/kaustinen.net\/sv\/#website"},"datePublished":"2022-03-15T10:59:03+00:00","dateModified":"2023-06-30T10:45:16+00:00","breadcrumb":{"@id":"https:\/\/kaustinen.net\/usein-kysytyt-kysymykset-pelimannit-faq\/#breadcrumb"},"inLanguage":"en-GB","potentialAction":[{"@type":"ReadAction","target":["https:\/\/kaustinen.net\/usein-kysytyt-kysymykset-pelimannit-faq\/"]}]},{"@type":"BreadcrumbList","@id":"https:\/\/kaustinen.net\/usein-kysytyt-kysymykset-pelimannit-faq\/#breadcrumb","itemListElement":[{"@type":"ListItem","position":1,"name":"Home","item":"https:\/\/kaustinen.net\/"},{"@type":"ListItem","position":2,"name":"Usein kysytyt kysymykset Pelimannit FAQ"}]},{"@type":"WebSite","@id":"https:\/\/kaustinen.net\/sv\/#website","url":"https:\/\/kaustinen.net\/sv\/","name":"Kaustinen Folk Music Festival","description":"Happiest Days of Summer","potentialAction":[{"@type":"SearchAction","target":{"@type":"EntryPoint","urlTemplate":"https:\/\/kaustinen.net\/sv\/?s={search_term_string}"},"query-input":{"@type":"PropertyValueSpecification","valueRequired":true,"valueName":"search_term_string"}}],"inLanguage":"en-GB"}]}},"jetpack_sharing_enabled":true,"_links":{"self":[{"href":"https:\/\/kaustinen.net\/en\/wp-json\/wp\/v2\/pages\/41820","targetHints":{"allow":["GET"]}}],"collection":[{"href":"https:\/\/kaustinen.net\/en\/wp-json\/wp\/v2\/pages"}],"about":[{"href":"https:\/\/kaustinen.net\/en\/wp-json\/wp\/v2\/types\/page"}],"author":[{"embeddable":true,"href":"https:\/\/kaustinen.net\/en\/wp-json\/wp\/v2\/users\/11"}],"replies":[{"embeddable":true,"href":"https:\/\/kaustinen.net\/en\/wp-json\/wp\/v2\/comments?post=41820"}],"version-history":[{"count":55,"href":"https:\/\/kaustinen.net\/en\/wp-json\/wp\/v2\/pages\/41820\/revisions"}],"predecessor-version":[{"id":43419,"href":"https:\/\/kaustinen.net\/en\/wp-json\/wp\/v2\/pages\/41820\/revisions\/43419"}],"wp:attachment":[{"href":"https:\/\/kaustinen.net\/en\/wp-json\/wp\/v2\/media?parent=41820"}],"curies":[{"name":"wp","href":"https:\/\/api.w.org\/{rel}","templated":true}]}}