{"id":41447,"date":"2021-12-17T19:51:57","date_gmt":"2021-12-17T17:51:57","guid":{"rendered":"https:\/\/kaustinen.net\/?page_id=41447"},"modified":"2025-01-22T13:30:15","modified_gmt":"2025-01-22T11:30:15","slug":"jaettuna-parempi","status":"publish","type":"page","link":"https:\/\/kaustinen.net\/en\/jaettuna-parempi\/","title":{"rendered":"Lainab\u00e4ndi lauteilla = Jaettuna parempi"},"content":{"rendered":"<p>[et_pb_section fb_built=&#8221;1&#8243; _builder_version=&#8221;4.6.6&#8243; _module_preset=&#8221;default&#8221;][et_pb_row column_structure=&#8221;1_4,3_4&#8243; _builder_version=&#8221;4.6.6&#8243; _module_preset=&#8221;default&#8221;][et_pb_column type=&#8221;1_4&#8243; _builder_version=&#8221;4.6.6&#8243; _module_preset=&#8221;default&#8221;][et_pb_sidebar area=&#8221;et_pb_widget_area_1&#8243; _builder_version=&#8221;4.6.6&#8243; _module_preset=&#8221;default&#8221;][\/et_pb_sidebar][\/et_pb_column][et_pb_column type=&#8221;3_4&#8243; _builder_version=&#8221;4.6.6&#8243; _module_preset=&#8221;default&#8221;][et_pb_image src=&#8221;https:\/\/kaustinen.net\/wp-content\/uploads\/2025\/01\/Jaettuna-parempi-2025-nettisivukuva.jpg&#8221; title_text=&#8221;Jaettuna parempi 2025 nettisivukuva&#8221; _builder_version=&#8221;4.6.6&#8243; _module_preset=&#8221;default&#8221; hover_enabled=&#8221;0&#8243; sticky_enabled=&#8221;0&#8243;][\/et_pb_image][et_pb_text _builder_version=&#8221;4.6.6&#8243; _module_preset=&#8221;default&#8221;]<\/p>\n<h2>Jaettuna parempi &#8211; hae mukaan!<\/h2>\n<p><strong>Kansatanssiryhm\u00e4, haaveiletteko esiintymisest\u00e4 kes\u00e4n onnellisimmilla p\u00e4ivill\u00e4, mutta teilt\u00e4 uupuu el\u00e4v\u00e4 musiikki?<\/strong><\/p>\n<p><strong>Hae mukaan \u201dJaettuna parempi\u201d -ohjelmaosioon 31.1.2025<\/strong>\u00a0menness\u00e4 ja mahdollista ryhm\u00e4llesi esiintymiset Kaustinen Folk Music Festivalin kiihke\u00e4ss\u00e4 sykkeess\u00e4. Mukaan voivat hakea kansantanssiryhm\u00e4t, joilla ei ole omaa yhtyett\u00e4 ja ovat valmiita hypp\u00e4\u00e4m\u00e4\u00e4n yhteisty\u00f6h\u00f6n muusikoiden kanssa.<\/p>\n<p>Ohjelmisto, jolla voi hakea mukaan tulee olla olemassa oleva kokonaisuus (6-10 min), jonka kappaleita on mahdollista tarvittaessa vaihtaa ja sovittaa Jaettuna parempi -yhtyeen kokoonpanolle sopivaksi.<\/p>\n<p><span style=\"color: #993366;\"><strong><a href=\"https:\/\/gest.fi\/customers\/chfaei\/7690?lang=fi\" target=\"_blank\" rel=\"noopener noreferrer\">T\u00e4yt\u00e4 hakulomake t\u00e4st\u00e4<\/a> <\/strong><\/span><span style=\"color: #000000;\">(avautuu uuteen linkkiin)<\/span><\/p>\n<h3>Hakiessa mukaan ryhm\u00e4 sitoutuu:<\/h3>\n<ul>\n<li>huolehtimaan, ett\u00e4 heill\u00e4 on lupa k\u00e4ytt\u00e4\u00e4 kappaleita<\/li>\n<li>yhteydenpitoon Jaettuna parempi -yhtyeen yhteyshenkil\u00f6n kanssa<\/li>\n<li>esitett\u00e4v\u00e4n kokonaisuuden ty\u00f6st\u00e4miseen yhtyeen kanssa<\/li>\n<li>harjoittelemaan yhtyeen kanssa festivaaliviikolla<\/li>\n<li>hypp\u00e4\u00e4m\u00e4\u00e4n mukaan avoimella seikkailumielell\u00e4<\/li>\n<\/ul>\n<h3>Jaettuna parempi -yhtye:<\/h3>\n<ul>\n<li>\u00a0on 2\u20136 muusikon kokoonpano, joka<\/li>\n<li>esiintyy kanssanne festivaalin aikana<\/li>\n<li>keskustelee kappalevalinnoista ryhm\u00e4n ohjaajan kanssa ja ehdottaa mahdollisesti korvaavia kappaleita, jos ohjelmiston kappaleet ovat soveltumattomia kokoonpanon soittimille<\/li>\n<li>sovittaa esitett\u00e4v\u00e4t kappaleet tarvittaessa kokoonpanolle<\/li>\n<li>tekee ryhm\u00e4lle harjoitusnauhan esitett\u00e4v\u00e4st\u00e4 kokonaisuudesta<\/li>\n<\/ul>\n<h3>Mukaan hyv\u00e4ksytyt tanssiryhm\u00e4t saavat:<\/h3>\n<ul>\n<li>Jaettuna parempi -yhtyeen s\u00e4est\u00e4m\u00e4\u00e4n yhteen kokonaisuuteen, joka voi olla kestoltaan 6\u201310 min<\/li>\n<li>esiintymisajat festivaalialueen tanssiin sopivilla lavoilla (2-3 esityst\u00e4)<\/li>\n<li>harjoitus- ja esiintymiskokemuksen yhdess\u00e4 Jaettuna parempi -yhteen kanssa<\/li>\n<li>hyv\u00e4ksymisen pelimanniesiintyj\u00e4ksi festivaalille ja n\u00e4in ollen kaikki Pelimannietuudet (p\u00e4ivitet\u00e4\u00e4n kev\u00e4\u00e4n 2025 aikana) kts. <a href=\"https:\/\/kaustinen.net\/pelimanneille\/\" target=\"_blank\" rel=\"noopener noreferrer\">Kaustinen.net\/pelimanneille<\/a><\/li>\n<li>uusia tuttavuuksia, unohtumattoman kokemuksen kes\u00e4n onnellisimmilla p\u00e4ivill\u00e4 yhdess\u00e4 muiden pelimannien ja yleis\u00f6n kanssa<\/li>\n<\/ul>\n<h3><\/h3>\n<p>Lis\u00e4tietoja saa <a href=\"mailto:pelimannit@kaustinen.net\" target=\"_blank\" rel=\"noopener noreferrer\">pelimannit@kaustinen.net<\/a> \/ p. 040 358 2198<\/p>\n<p>[\/et_pb_text][\/et_pb_column][\/et_pb_row][\/et_pb_section]<\/p>\n","protected":false},"excerpt":{"rendered":"<p>[et_pb_section fb_built=&#8221;1&#8243; _builder_version=&#8221;4.6.6&#8243; _module_preset=&#8221;default&#8221;][et_pb_row column_structure=&#8221;1_4,3_4&#8243; _builder_version=&#8221;4.6.6&#8243; _module_preset=&#8221;default&#8221;][et_pb_column type=&#8221;1_4&#8243; _builder_version=&#8221;4.6.6&#8243; _module_preset=&#8221;default&#8221;][et_pb_sidebar area=&#8221;et_pb_widget_area_1&#8243; _builder_version=&#8221;4.6.6&#8243; _module_preset=&#8221;default&#8221;][\/et_pb_sidebar][\/et_pb_column][et_pb_column type=&#8221;3_4&#8243; _builder_version=&#8221;4.6.6&#8243; _module_preset=&#8221;default&#8221;][et_pb_image src=&#8221;https:\/\/kaustinen.net\/wp-content\/uploads\/2025\/01\/Jaettuna-parempi-2025-nettisivukuva.jpg&#8221; title_text=&#8221;Jaettuna parempi 2025 nettisivukuva&#8221; _builder_version=&#8221;4.6.6&#8243; _module_preset=&#8221;default&#8221; hover_enabled=&#8221;0&#8243; sticky_enabled=&#8221;0&#8243;][\/et_pb_image][et_pb_text _builder_version=&#8221;4.6.6&#8243; _module_preset=&#8221;default&#8221;] Jaettuna parempi &#8211; hae mukaan! Kansatanssiryhm\u00e4, haaveiletteko esiintymisest\u00e4 kes\u00e4n onnellisimmilla p\u00e4ivill\u00e4, mutta teilt\u00e4 uupuu el\u00e4v\u00e4 musiikki? Hae mukaan \u201dJaettuna parempi\u201d -ohjelmaosioon 31.1.2025\u00a0menness\u00e4 ja mahdollista ryhm\u00e4llesi esiintymiset Kaustinen Folk [&hellip;]<\/p>\n","protected":false},"author":11,"featured_media":42979,"parent":0,"menu_order":0,"comment_status":"closed","ping_status":"closed","template":"","meta":{"_et_pb_use_builder":"on","_et_pb_old_content":"","_et_gb_content_width":"","footnotes":""},"class_list":["post-41447","page","type-page","status-publish","has-post-thumbnail","hentry"],"yoast_head":"<!-- This site is optimized with the Yoast SEO plugin v27.4 - https:\/\/yoast.com\/product\/yoast-seo-wordpress\/ -->\n<title>Lainab\u00e4ndi lauteilla = Jaettuna parempi - Kaustinen Folk Music Festival<\/title>\n<meta name=\"robots\" content=\"index, follow, max-snippet:-1, max-image-preview:large, max-video-preview:-1\" \/>\n<link rel=\"canonical\" href=\"https:\/\/kaustinen.net\/en\/jaettuna-parempi\/\" \/>\n<meta property=\"og:locale\" content=\"en_GB\" \/>\n<meta property=\"og:type\" content=\"article\" \/>\n<meta property=\"og:title\" content=\"Lainab\u00e4ndi lauteilla = Jaettuna parempi - Kaustinen Folk Music Festival\" \/>\n<meta property=\"og:description\" content=\"[et_pb_section fb_built=&#8221;1&#8243; _builder_version=&#8221;4.6.6&#8243; _module_preset=&#8221;default&#8221;][et_pb_row column_structure=&#8221;1_4,3_4&#8243; _builder_version=&#8221;4.6.6&#8243; _module_preset=&#8221;default&#8221;][et_pb_column type=&#8221;1_4&#8243; _builder_version=&#8221;4.6.6&#8243; _module_preset=&#8221;default&#8221;][et_pb_sidebar area=&#8221;et_pb_widget_area_1&#8243; _builder_version=&#8221;4.6.6&#8243; _module_preset=&#8221;default&#8221;][\/et_pb_sidebar][\/et_pb_column][et_pb_column type=&#8221;3_4&#8243; _builder_version=&#8221;4.6.6&#8243; _module_preset=&#8221;default&#8221;][et_pb_image src=&#8221;https:\/\/kaustinen.net\/wp-content\/uploads\/2025\/01\/Jaettuna-parempi-2025-nettisivukuva.jpg&#8221; title_text=&#8221;Jaettuna parempi 2025 nettisivukuva&#8221; _builder_version=&#8221;4.6.6&#8243; _module_preset=&#8221;default&#8221; hover_enabled=&#8221;0&#8243; sticky_enabled=&#8221;0&#8243;][\/et_pb_image][et_pb_text _builder_version=&#8221;4.6.6&#8243; _module_preset=&#8221;default&#8221;] Jaettuna parempi &#8211; hae mukaan! Kansatanssiryhm\u00e4, haaveiletteko esiintymisest\u00e4 kes\u00e4n onnellisimmilla p\u00e4ivill\u00e4, mutta teilt\u00e4 uupuu el\u00e4v\u00e4 musiikki? Hae mukaan \u201dJaettuna parempi\u201d -ohjelmaosioon 31.1.2025\u00a0menness\u00e4 ja mahdollista ryhm\u00e4llesi esiintymiset Kaustinen Folk [&hellip;]\" \/>\n<meta property=\"og:url\" content=\"https:\/\/kaustinen.net\/en\/jaettuna-parempi\/\" \/>\n<meta property=\"og:site_name\" content=\"Kaustinen Folk Music Festival\" \/>\n<meta property=\"article:modified_time\" content=\"2025-01-22T11:30:15+00:00\" \/>\n<meta property=\"og:image\" content=\"https:\/\/kaustinen.net\/wp-content\/uploads\/2023\/01\/jettuna-parempi.jpg\" \/>\n\t<meta property=\"og:image:width\" content=\"1000\" \/>\n\t<meta property=\"og:image:height\" content=\"1000\" \/>\n\t<meta property=\"og:image:type\" content=\"image\/jpeg\" \/>\n<meta name=\"twitter:card\" content=\"summary_large_image\" \/>\n<meta name=\"twitter:label1\" content=\"Estimated reading time\" \/>\n\t<meta name=\"twitter:data1\" content=\"2 minutes\" \/>\n<script type=\"application\/ld+json\" class=\"yoast-schema-graph\">{\"@context\":\"https:\\\/\\\/schema.org\",\"@graph\":[{\"@type\":\"WebPage\",\"@id\":\"https:\\\/\\\/kaustinen.net\\\/jaettuna-parempi\\\/\",\"url\":\"https:\\\/\\\/kaustinen.net\\\/jaettuna-parempi\\\/\",\"name\":\"Lainab\u00e4ndi lauteilla = Jaettuna parempi - Kaustinen Folk Music Festival\",\"isPartOf\":{\"@id\":\"https:\\\/\\\/kaustinen.net\\\/sv\\\/#website\"},\"primaryImageOfPage\":{\"@id\":\"https:\\\/\\\/kaustinen.net\\\/jaettuna-parempi\\\/#primaryimage\"},\"image\":{\"@id\":\"https:\\\/\\\/kaustinen.net\\\/jaettuna-parempi\\\/#primaryimage\"},\"thumbnailUrl\":\"https:\\\/\\\/kaustinen.net\\\/wp-content\\\/uploads\\\/2023\\\/01\\\/jettuna-parempi.jpg\",\"datePublished\":\"2021-12-17T17:51:57+00:00\",\"dateModified\":\"2025-01-22T11:30:15+00:00\",\"breadcrumb\":{\"@id\":\"https:\\\/\\\/kaustinen.net\\\/jaettuna-parempi\\\/#breadcrumb\"},\"inLanguage\":\"en-GB\",\"potentialAction\":[{\"@type\":\"ReadAction\",\"target\":[\"https:\\\/\\\/kaustinen.net\\\/jaettuna-parempi\\\/\"]}]},{\"@type\":\"ImageObject\",\"inLanguage\":\"en-GB\",\"@id\":\"https:\\\/\\\/kaustinen.net\\\/jaettuna-parempi\\\/#primaryimage\",\"url\":\"https:\\\/\\\/kaustinen.net\\\/wp-content\\\/uploads\\\/2023\\\/01\\\/jettuna-parempi.jpg\",\"contentUrl\":\"https:\\\/\\\/kaustinen.net\\\/wp-content\\\/uploads\\\/2023\\\/01\\\/jettuna-parempi.jpg\",\"width\":1000,\"height\":1000,\"caption\":\"punainen hameen helma ja vaaleat supikkaat, valkosukkaiset jalat ja supikkaat\"},{\"@type\":\"BreadcrumbList\",\"@id\":\"https:\\\/\\\/kaustinen.net\\\/jaettuna-parempi\\\/#breadcrumb\",\"itemListElement\":[{\"@type\":\"ListItem\",\"position\":1,\"name\":\"Home\",\"item\":\"https:\\\/\\\/kaustinen.net\\\/\"},{\"@type\":\"ListItem\",\"position\":2,\"name\":\"Lainab\u00e4ndi lauteilla = Jaettuna parempi\"}]},{\"@type\":\"WebSite\",\"@id\":\"https:\\\/\\\/kaustinen.net\\\/sv\\\/#website\",\"url\":\"https:\\\/\\\/kaustinen.net\\\/sv\\\/\",\"name\":\"Kaustinen Folk Music Festival\",\"description\":\"Kes\u00e4n onnellisimmat p\u00e4iv\u00e4t\",\"potentialAction\":[{\"@type\":\"SearchAction\",\"target\":{\"@type\":\"EntryPoint\",\"urlTemplate\":\"https:\\\/\\\/kaustinen.net\\\/sv\\\/?s={search_term_string}\"},\"query-input\":{\"@type\":\"PropertyValueSpecification\",\"valueRequired\":true,\"valueName\":\"search_term_string\"}}],\"inLanguage\":\"en-GB\"}]}<\/script>\n<!-- \/ Yoast SEO plugin. -->","yoast_head_json":{"title":"Lainab\u00e4ndi lauteilla = Jaettuna parempi - Kaustinen Folk Music Festival","robots":{"index":"index","follow":"follow","max-snippet":"max-snippet:-1","max-image-preview":"max-image-preview:large","max-video-preview":"max-video-preview:-1"},"canonical":"https:\/\/kaustinen.net\/en\/jaettuna-parempi\/","og_locale":"en_GB","og_type":"article","og_title":"Lainab\u00e4ndi lauteilla = Jaettuna parempi - Kaustinen Folk Music Festival","og_description":"[et_pb_section fb_built=&#8221;1&#8243; _builder_version=&#8221;4.6.6&#8243; _module_preset=&#8221;default&#8221;][et_pb_row column_structure=&#8221;1_4,3_4&#8243; _builder_version=&#8221;4.6.6&#8243; _module_preset=&#8221;default&#8221;][et_pb_column type=&#8221;1_4&#8243; _builder_version=&#8221;4.6.6&#8243; _module_preset=&#8221;default&#8221;][et_pb_sidebar area=&#8221;et_pb_widget_area_1&#8243; _builder_version=&#8221;4.6.6&#8243; _module_preset=&#8221;default&#8221;][\/et_pb_sidebar][\/et_pb_column][et_pb_column type=&#8221;3_4&#8243; _builder_version=&#8221;4.6.6&#8243; _module_preset=&#8221;default&#8221;][et_pb_image src=&#8221;https:\/\/kaustinen.net\/wp-content\/uploads\/2025\/01\/Jaettuna-parempi-2025-nettisivukuva.jpg&#8221; title_text=&#8221;Jaettuna parempi 2025 nettisivukuva&#8221; _builder_version=&#8221;4.6.6&#8243; _module_preset=&#8221;default&#8221; hover_enabled=&#8221;0&#8243; sticky_enabled=&#8221;0&#8243;][\/et_pb_image][et_pb_text _builder_version=&#8221;4.6.6&#8243; _module_preset=&#8221;default&#8221;] Jaettuna parempi &#8211; hae mukaan! Kansatanssiryhm\u00e4, haaveiletteko esiintymisest\u00e4 kes\u00e4n onnellisimmilla p\u00e4ivill\u00e4, mutta teilt\u00e4 uupuu el\u00e4v\u00e4 musiikki? Hae mukaan \u201dJaettuna parempi\u201d -ohjelmaosioon 31.1.2025\u00a0menness\u00e4 ja mahdollista ryhm\u00e4llesi esiintymiset Kaustinen Folk [&hellip;]","og_url":"https:\/\/kaustinen.net\/en\/jaettuna-parempi\/","og_site_name":"Kaustinen Folk Music Festival","article_modified_time":"2025-01-22T11:30:15+00:00","og_image":[{"width":1000,"height":1000,"url":"https:\/\/kaustinen.net\/wp-content\/uploads\/2023\/01\/jettuna-parempi.jpg","type":"image\/jpeg"}],"twitter_card":"summary_large_image","twitter_misc":{"Estimated reading time":"2 minutes"},"schema":{"@context":"https:\/\/schema.org","@graph":[{"@type":"WebPage","@id":"https:\/\/kaustinen.net\/jaettuna-parempi\/","url":"https:\/\/kaustinen.net\/jaettuna-parempi\/","name":"Lainab\u00e4ndi lauteilla = Jaettuna parempi - Kaustinen Folk Music Festival","isPartOf":{"@id":"https:\/\/kaustinen.net\/sv\/#website"},"primaryImageOfPage":{"@id":"https:\/\/kaustinen.net\/jaettuna-parempi\/#primaryimage"},"image":{"@id":"https:\/\/kaustinen.net\/jaettuna-parempi\/#primaryimage"},"thumbnailUrl":"https:\/\/kaustinen.net\/wp-content\/uploads\/2023\/01\/jettuna-parempi.jpg","datePublished":"2021-12-17T17:51:57+00:00","dateModified":"2025-01-22T11:30:15+00:00","breadcrumb":{"@id":"https:\/\/kaustinen.net\/jaettuna-parempi\/#breadcrumb"},"inLanguage":"en-GB","potentialAction":[{"@type":"ReadAction","target":["https:\/\/kaustinen.net\/jaettuna-parempi\/"]}]},{"@type":"ImageObject","inLanguage":"en-GB","@id":"https:\/\/kaustinen.net\/jaettuna-parempi\/#primaryimage","url":"https:\/\/kaustinen.net\/wp-content\/uploads\/2023\/01\/jettuna-parempi.jpg","contentUrl":"https:\/\/kaustinen.net\/wp-content\/uploads\/2023\/01\/jettuna-parempi.jpg","width":1000,"height":1000,"caption":"punainen hameen helma ja vaaleat supikkaat, valkosukkaiset jalat ja supikkaat"},{"@type":"BreadcrumbList","@id":"https:\/\/kaustinen.net\/jaettuna-parempi\/#breadcrumb","itemListElement":[{"@type":"ListItem","position":1,"name":"Home","item":"https:\/\/kaustinen.net\/"},{"@type":"ListItem","position":2,"name":"Lainab\u00e4ndi lauteilla = Jaettuna parempi"}]},{"@type":"WebSite","@id":"https:\/\/kaustinen.net\/sv\/#website","url":"https:\/\/kaustinen.net\/sv\/","name":"Kaustinen Folk Music Festival","description":"Happiest Days of Summer","potentialAction":[{"@type":"SearchAction","target":{"@type":"EntryPoint","urlTemplate":"https:\/\/kaustinen.net\/sv\/?s={search_term_string}"},"query-input":{"@type":"PropertyValueSpecification","valueRequired":true,"valueName":"search_term_string"}}],"inLanguage":"en-GB"}]}},"jetpack_sharing_enabled":true,"_links":{"self":[{"href":"https:\/\/kaustinen.net\/en\/wp-json\/wp\/v2\/pages\/41447","targetHints":{"allow":["GET"]}}],"collection":[{"href":"https:\/\/kaustinen.net\/en\/wp-json\/wp\/v2\/pages"}],"about":[{"href":"https:\/\/kaustinen.net\/en\/wp-json\/wp\/v2\/types\/page"}],"author":[{"embeddable":true,"href":"https:\/\/kaustinen.net\/en\/wp-json\/wp\/v2\/users\/11"}],"replies":[{"embeddable":true,"href":"https:\/\/kaustinen.net\/en\/wp-json\/wp\/v2\/comments?post=41447"}],"version-history":[{"count":46,"href":"https:\/\/kaustinen.net\/en\/wp-json\/wp\/v2\/pages\/41447\/revisions"}],"predecessor-version":[{"id":45020,"href":"https:\/\/kaustinen.net\/en\/wp-json\/wp\/v2\/pages\/41447\/revisions\/45020"}],"wp:featuredmedia":[{"embeddable":true,"href":"https:\/\/kaustinen.net\/en\/wp-json\/wp\/v2\/media\/42979"}],"wp:attachment":[{"href":"https:\/\/kaustinen.net\/en\/wp-json\/wp\/v2\/media?parent=41447"}],"curies":[{"name":"wp","href":"https:\/\/api.w.org\/{rel}","templated":true}]}}