{"id":40864,"date":"2021-06-07T13:17:42","date_gmt":"2021-06-07T10:17:42","guid":{"rendered":"https:\/\/kaustinen.net\/?page_id=40864"},"modified":"2021-06-14T14:48:18","modified_gmt":"2021-06-14T11:48:18","slug":"rekisteriselosteet","status":"publish","type":"page","link":"https:\/\/kaustinen.net\/en\/rekisteriselosteet\/","title":{"rendered":"Rekisteriselosteet"},"content":{"rendered":"<p>[et_pb_section fb_built=&#8221;1&#8243; _builder_version=&#8221;4.6.6&#8243; _module_preset=&#8221;default&#8221;][et_pb_row _builder_version=&#8221;4.6.6&#8243; _module_preset=&#8221;default&#8221;][et_pb_column type=&#8221;4_4&#8243; _builder_version=&#8221;4.6.6&#8243; _module_preset=&#8221;default&#8221;][et_pb_text _builder_version=&#8221;4.6.6&#8243; _module_preset=&#8221;default&#8221; hover_enabled=&#8221;0&#8243; sticky_enabled=&#8221;0&#8243;]<\/p>\n<h1 aria-level=\"1\"><span data-contrast=\"none\">Rekisteriselosteet<\/span><span data-ccp-props=\"{&quot;201341983&quot;:0,&quot;335559738&quot;:240,&quot;335559739&quot;:0,&quot;335559740&quot;:259}\">\u00a0<\/span><\/h1>\n<p><span data-ccp-props=\"{&quot;201341983&quot;:0,&quot;335559739&quot;:160,&quot;335559740&quot;:259}\">\u00a0<\/span><\/p>\n<p><i><span data-contrast=\"none\">Pro Kaustinen ry yll\u00e4pit\u00e4\u00e4 kolmea rekisteri\u00e4<\/span><\/i><span><br \/> <\/span><i><span data-contrast=\"none\">\u2013\u00a0<\/span><\/i><i><span data-contrast=\"none\">Asiakasrekisteri<\/span><\/i><span><br \/> <\/span><i><span data-contrast=\"none\">\u2013\u00a0<\/span><\/i><i><span data-contrast=\"none\">Esiintyj\u00e4tietorekisteri<\/span><\/i><span><br \/> <\/span><i><span data-contrast=\"none\">\u2013\u00a0<\/span><\/i><i><span data-contrast=\"none\">Ty\u00f6ntekij\u00e4rekisteri<\/span><\/i><span data-ccp-props=\"{&quot;201341983&quot;:0,&quot;335559739&quot;:160,&quot;335559740&quot;:259}\">\u00a0<\/span><\/p>\n<p><i><span data-contrast=\"none\">N\u00e4iden rekisterien selosteet l\u00f6yd\u00e4t alta.<\/span><\/i><span data-ccp-props=\"{&quot;201341983&quot;:0,&quot;335559739&quot;:160,&quot;335559740&quot;:259}\">\u00a0<\/span><\/p>\n<p><span><br \/> <\/span><span data-ccp-props=\"{&quot;201341983&quot;:0,&quot;335559739&quot;:160,&quot;335559740&quot;:259}\">\u00a0<\/span><\/p>\n<h2 aria-level=\"2\"><span data-contrast=\"none\">ASIAKASREKISTERI<\/span><span data-ccp-props=\"{&quot;201341983&quot;:0,&quot;335559738&quot;:40,&quot;335559739&quot;:0,&quot;335559740&quot;:259}\">\u00a0<\/span><\/h2>\n<p><span data-contrast=\"none\">Henkil\u00f6tietolain (523\/1999) ja yleisen tietosuoja-asetuksen (EU 2016\/679) mukainen rekisteriseloste<\/span><span data-ccp-props=\"{&quot;201341983&quot;:0,&quot;335559739&quot;:160,&quot;335559740&quot;:259}\">\u00a0<\/span><\/p>\n<ol>\n<li><strong> Rekisterinpit\u00e4j\u00e4<\/strong><br \/> Pro Kaustinen ry (Kaustisen kansanmusiikkijuhlat)<br \/> Jyv\u00e4skyl\u00e4ntie 3, 69600 Kaustinen<\/li>\n<li><strong> Rekisterist\u00e4 vastaava henkil\u00f6<\/strong><br \/> Toiminnanjohtaja Valtteri Valo<br \/> valtteri.valo(at)kaustinen.net<br \/> p. 040 3582 413<\/li>\n<li><strong> Rekisterin nimi<\/strong><br \/> Pro Kaustinen ry:n asiakasrekisteri<\/li>\n<li><strong> Rekisterin pit\u00e4misen peruste<\/strong><br \/> Asiakassuhde<\/li>\n<li><strong> Rekisterin tarkoitus<\/strong><br \/> Henkil\u00f6tietoja k\u00e4ytet\u00e4\u00e4n ainoastaan asiakkaan uutiskirje- tai esitetilauksen k\u00e4sittelemiseksi ja normaalin asiakassuhteen yll\u00e4pitoon ja hoitoon. Pro Kaustinen ry ei ker\u00e4\u00e4 eik\u00e4 k\u00e4sittele henkil\u00f6tietolain tarkoittamia arkaluonteisia henkil\u00f6tietoja.<\/li>\n<li><strong> Rekisterin sis\u00e4lt\u00e4m\u00e4t tiedot<\/strong><br \/> V\u00e4himmill\u00e4\u00e4n asiakkaan s\u00e4hk\u00f6postiosoite; enimmill\u00e4\u00e4n asiakkaan nimi, postiosoite ja s\u00e4hk\u00f6postiosoite sek\u00e4 edustamansa yrityksen\/yhteis\u00f6n tiedot. Tiedot saadaan asiakkaan oman ilmoituksen perusteella.<\/li>\n<li><strong> Tietojen luovutus<\/strong><br \/> Pro Kaustinen ry ei luovuta henkil\u00f6tietoja kolmansille osapuolille eik\u00e4 tietoja siirret\u00e4 EU-alueen ulkopuolelle.<\/li>\n<li><strong> Tietojen poistamisen suunnitellut m\u00e4\u00e4r\u00e4ajat<\/strong><br \/> Tietojen poistamiselle ei ole suunniteltua m\u00e4\u00e4r\u00e4aikaa, mutta asiakas voi poistua rekisterist\u00e4 milloin vain joko peruuttamalla s\u00e4hk\u00f6isen uutiskirjetilauksen (omatoiminen poistuminen \u201dperuuta\u201d-valinnalla) tai peruuttamalla esitetilauksen omalla ilmoituksellaan (yhteydenotto rekisterinpit\u00e4j\u00e4lle).<\/li>\n<li><strong> Rekisterin suojaus<\/strong><br \/> Rekisterin k\u00e4ytt\u00f6oikeus tapahtuu henkil\u00f6kohtaisen k\u00e4ytt\u00e4j\u00e4tunnuksen ja salasanan avulla pilvipalvelusta. Asiakasrekisteriin p\u00e4\u00e4sy rajoitetaan k\u00e4ytt\u00f6oikeuksilla, jotka ovat k\u00e4ytt\u00e4j\u00e4tunnuskohtaisia. S\u00e4hk\u00f6isen uutiskirjeen asiakasrekisterin k\u00e4ytt\u00f6oikeus tapahtuu k\u00e4ytt\u00e4j\u00e4tunnuksen ja salasanan avulla s\u00e4hk\u00f6postimarkkinointity\u00f6kalun sivustolla. Sivustolle on p\u00e4\u00e4sy vain yhdell\u00e4 k\u00e4ytt\u00e4j\u00e4ll\u00e4.<\/li>\n<li><strong> Tarkastusoikeus<\/strong><br \/> Rekister\u00f6idyll\u00e4 on oikeus tarkastaa, mit\u00e4 h\u00e4nt\u00e4 koskevia tietoja henkil\u00f6rekisteriin on talletettu. Tarkastuspyynt\u00f6 tulee tehd\u00e4 kirjallisesti s\u00e4hk\u00f6postilla osoitteeseenvaltteri.valo(at)kaustinen.net.<\/li>\n<\/ol>\n<p><span><br \/> <\/span><span data-ccp-props=\"{&quot;201341983&quot;:0,&quot;335559739&quot;:160,&quot;335559740&quot;:259}\">\u00a0<\/span><\/p>\n<h2 aria-level=\"2\"><span data-contrast=\"none\">ESIINTYJ\u00c4TIETOKANTA<\/span><span data-ccp-props=\"{&quot;201341983&quot;:0,&quot;335559738&quot;:40,&quot;335559739&quot;:0,&quot;335559740&quot;:259}\">\u00a0<\/span><\/h2>\n<p><span data-contrast=\"none\">Henkil\u00f6tietolain (523\/1999) ja yleisen tietosuoja-asetuksen (EU 2016\/679) mukainen rekisteriseloste<\/span><span data-ccp-props=\"{&quot;201341983&quot;:0,&quot;335559739&quot;:160,&quot;335559740&quot;:259}\">\u00a0<\/span><\/p>\n<ol>\n<li><b><span data-contrast=\"none\"> Rekisterinpit\u00e4j\u00e4<\/span><\/b><span><br \/> <\/span>Pro Kaustinen ry (Kaustisen kansanmusiikkijuhlat)<br \/> Jyv\u00e4skyl\u00e4ntie 3, 69600 Kaustinen<\/li>\n<li><b><span data-contrast=\"none\"> Rekisterist\u00e4 vastaava henkil\u00f6<\/span><\/b><span><br \/> <\/span>Toiminnanjohtaja Valtteri Valo<br \/> valtteri.valo(at)kaustinen.net<br \/> p. 040 3582 413<\/li>\n<li><b><span data-contrast=\"none\"> Rekisterin nimi<\/span><\/b><span><br \/> <\/span>Pro Kaustinen ry:n esiintyj\u00e4tietokanta<\/li>\n<li><b><span data-contrast=\"none\"> Rekisterin pit\u00e4misen peruste<\/span><\/b><span><br \/> <\/span>Asiakassuhde<br \/> <b><\/b><span data-ccp-props=\"{&quot;201341983&quot;:0,&quot;335559739&quot;:160,&quot;335559740&quot;:259}\"><\/span><\/li>\n<li><b><span data-contrast=\"none\"> Rekisterin tarkoitus<\/span><\/b><span><br \/> <\/span>Esiintyj\u00e4tietokannassa on tietoja Kaustisen kansanmusiikkijuhlilla esiintyneist\u00e4 ja esiintym\u00e4\u00e4n hakeneista esiintyjist\u00e4. Tietokanta perustuu asiakkaiden omiin hakemuksiin ja\/tai ilmoituksiin. Henkil\u00f6tietoja k\u00e4ytet\u00e4\u00e4n ainoastaan asiakassuhteen yll\u00e4pitoon ja hoitoon. Kokoonpanoja esittelevi\u00e4 tietoja k\u00e4ytet\u00e4\u00e4n ohjelmasuunnittelun ja markkinoinnin tukena. Pro Kaustinen ry ei ker\u00e4\u00e4 eik\u00e4 k\u00e4sittele henkil\u00f6tietolain tarkoittamia arkaluonteisia henkil\u00f6tietoja.<br \/> <b><\/b><span data-ccp-props=\"{&quot;201341983&quot;:0,&quot;335559739&quot;:160,&quot;335559740&quot;:259}\"><\/span><\/li>\n<li><b><span data-contrast=\"none\"> Rekisterin sis\u00e4lt\u00e4m\u00e4t tiedot<\/span><\/b><strong><br \/> <\/strong>Esiintyj\u00e4tietokannassa on Kaustisen kansanmusiikkijuhlien esiintyj\u00e4ksi hakeneiden esiintyjien esiintymistoimintaan liittyvi\u00e4 tietoja: kokoonpanon nimi, kotipaikka, kokoonpanossa esiintyvien henkil\u00f6iden tiedot (nimi, syntym\u00e4aika, sukupuoli), esiintyjien soittimet, muita esittelevi\u00e4 tietoja kokoonpanosta sek\u00e4 mahdollisesti \u00e4\u00e4nin\u00e4ytteit\u00e4 ja valokuvia. Lis\u00e4ksi kunkin kokoonpanon kohdalla tietokannassa on yhteyshenkil\u00f6n kohdalta tarkempia tietoja (osoite, puhelinnumero, s\u00e4hk\u00f6posti). Sukupuolta kysyt\u00e4\u00e4n majoitusj\u00e4rjestelyjen takia ja syntym\u00e4aikaa ohjelmasuunnittelun takia (ik\u00e4rajalliset tilaisuudet) sek\u00e4 ja p\u00e4\u00e4llekk\u00e4isten sis\u00e4\u00e4np\u00e4\u00e4syoikeuksien tarkistamisen takia. Kaikki tiedot saadaan asiakkaan oman ilmoituksen tai hakemuksen perusteella.<br \/> <strong> <\/strong><b><\/b><span data-ccp-props=\"{&quot;201341983&quot;:0,&quot;335559739&quot;:160,&quot;335559740&quot;:259}\"><\/span><\/li>\n<li><b><span data-contrast=\"none\"> Tietojen luovutus<\/span><\/b><span><br \/> <\/span>Pro Kaustinen ry ei luovuta henkil\u00f6tietoja kolmansille osapuolille eik\u00e4 tietoja siirret\u00e4 EU-alueen ulkopuolelle.<\/li>\n<li><b><span data-contrast=\"none\"> Tietojen poistamisen suunnitellut m\u00e4\u00e4r\u00e4ajat<\/span><\/b><span><br \/> <\/span>Arkistointisyist\u00e4 tietoja ei poisteta. Tietoja s\u00e4ilytet\u00e4\u00e4n henkil\u00f6tietolain mukaisesti.<\/li>\n<li><b><span data-contrast=\"none\"> Rekisterin suojaus<\/span><\/b><span><br \/> <\/span>Rekisterin k\u00e4ytt\u00f6oikeus tapahtuu yhden ohjelmiston kautta, jonka k\u00e4ytt\u00f6 edellytt\u00e4\u00e4 henkil\u00f6kohtaista k\u00e4ytt\u00e4j\u00e4tunnusta ja salasanaa. P\u00e4\u00e4sy ohjelmistoon on ainoastaan Pro Kaustinen ry:n henkil\u00f6kuntaan kuuluvilla henkil\u00f6ill\u00e4.<br \/> <b><\/b><span data-ccp-props=\"{&quot;201341983&quot;:0,&quot;335559739&quot;:160,&quot;335559740&quot;:259}\"><\/span><\/li>\n<li><b><span data-contrast=\"none\"> Tarkastusoikeus<\/span><\/b><span><br \/> <\/span>Rekister\u00f6idyll\u00e4 on oikeus tarkastaa, mit\u00e4 h\u00e4nt\u00e4 koskevia tietoja henkil\u00f6rekisteriin on talletettu. Tarkastuspyynt\u00f6 tulee tehd\u00e4 kirjallisesti s\u00e4hk\u00f6postilla osoitteeseenvaltteri.valo(at)kaustinen.net.<\/li>\n<\/ol>\n<p><span><br \/> <\/span><span data-ccp-props=\"{&quot;201341983&quot;:0,&quot;335559739&quot;:160,&quot;335559740&quot;:259}\">\u00a0<\/span><\/p>\n<h2 aria-level=\"2\"><span data-contrast=\"none\">TY\u00d6NTEKIJ\u00c4REKISTERI<\/span><span data-ccp-props=\"{&quot;201341983&quot;:0,&quot;335559738&quot;:40,&quot;335559739&quot;:0,&quot;335559740&quot;:259}\">\u00a0<\/span><\/h2>\n<p><span data-contrast=\"none\">Ty\u00f6ntekij\u00e4rekisteri perustuu lakiin yksityisyyden suojasta ty\u00f6el\u00e4m\u00e4ss\u00e4, jossa m\u00e4\u00e4r\u00e4t\u00e4\u00e4n ty\u00f6ntekij\u00e4rekisterin pit\u00e4misen tavat. Pro Kaustinen ry:n ty\u00f6ntekij\u00e4rekisteri sis\u00e4lt\u00e4\u00e4 sek\u00e4 toimihenkil\u00f6iden ett\u00e4 talkoolaisten tiedot.<\/span><span data-ccp-props=\"{&quot;201341983&quot;:0,&quot;335559739&quot;:160,&quot;335559740&quot;:259}\">\u00a0<\/span><\/p>\n<p><span data-contrast=\"none\">Lis\u00e4tietoa laista yksityisyyden suojasta ty\u00f6el\u00e4m\u00e4ss\u00e4 l\u00f6yd\u00e4t\u00a0<\/span><a href=\"https:\/\/www.finlex.fi\/fi\/laki\/ajantasa\/2004\/20040759\"><span data-contrast=\"none\">t\u00e4st\u00e4-&gt;&gt;<\/span><\/a><span data-contrast=\"auto\">\u00a0<\/span><span data-ccp-props=\"{&quot;201341983&quot;:0,&quot;335559739&quot;:160,&quot;335559740&quot;:259}\">\u00a0<\/span><\/p>\n<p><span data-ccp-props=\"{&quot;201341983&quot;:0,&quot;335559739&quot;:160,&quot;335559740&quot;:259}\">\u00a0<\/span><\/p>\n<p>[\/et_pb_text][\/et_pb_column][\/et_pb_row][\/et_pb_section]<\/p>\n","protected":false},"excerpt":{"rendered":"<p>[et_pb_section fb_built=&#8221;1&#8243; _builder_version=&#8221;4.6.6&#8243; _module_preset=&#8221;default&#8221;][et_pb_row _builder_version=&#8221;4.6.6&#8243; _module_preset=&#8221;default&#8221;][et_pb_column type=&#8221;4_4&#8243; _builder_version=&#8221;4.6.6&#8243; _module_preset=&#8221;default&#8221;][et_pb_text _builder_version=&#8221;4.6.6&#8243; _module_preset=&#8221;default&#8221; hover_enabled=&#8221;0&#8243; sticky_enabled=&#8221;0&#8243;] Rekisteriselosteet\u00a0 \u00a0 Pro Kaustinen ry yll\u00e4pit\u00e4\u00e4 kolmea rekisteri\u00e4 \u2013\u00a0Asiakasrekisteri \u2013\u00a0Esiintyj\u00e4tietorekisteri \u2013\u00a0Ty\u00f6ntekij\u00e4rekisteri\u00a0 N\u00e4iden rekisterien selosteet l\u00f6yd\u00e4t alta.\u00a0 \u00a0 ASIAKASREKISTERI\u00a0 Henkil\u00f6tietolain (523\/1999) ja yleisen tietosuoja-asetuksen (EU 2016\/679) mukainen rekisteriseloste\u00a0 Rekisterinpit\u00e4j\u00e4 Pro Kaustinen ry (Kaustisen kansanmusiikkijuhlat) Jyv\u00e4skyl\u00e4ntie 3, 69600 Kaustinen Rekisterist\u00e4 vastaava henkil\u00f6 Toiminnanjohtaja Valtteri [&hellip;]<\/p>\n","protected":false},"author":1,"featured_media":0,"parent":0,"menu_order":0,"comment_status":"closed","ping_status":"closed","template":"","meta":{"_et_pb_use_builder":"on","_et_pb_old_content":"","_et_gb_content_width":"","footnotes":""},"class_list":["post-40864","page","type-page","status-publish","hentry"],"yoast_head":"<!-- This site is optimized with the Yoast SEO plugin v27.4 - https:\/\/yoast.com\/product\/yoast-seo-wordpress\/ -->\n<title>Rekisteriselosteet - Kaustinen Folk Music Festival<\/title>\n<meta name=\"robots\" content=\"index, follow, max-snippet:-1, max-image-preview:large, max-video-preview:-1\" \/>\n<link rel=\"canonical\" href=\"https:\/\/kaustinen.net\/en\/rekisteriselosteet\/\" \/>\n<meta property=\"og:locale\" content=\"en_GB\" \/>\n<meta property=\"og:type\" content=\"article\" \/>\n<meta property=\"og:title\" content=\"Rekisteriselosteet - Kaustinen Folk Music Festival\" \/>\n<meta property=\"og:description\" content=\"[et_pb_section fb_built=&#8221;1&#8243; _builder_version=&#8221;4.6.6&#8243; _module_preset=&#8221;default&#8221;][et_pb_row _builder_version=&#8221;4.6.6&#8243; _module_preset=&#8221;default&#8221;][et_pb_column type=&#8221;4_4&#8243; _builder_version=&#8221;4.6.6&#8243; _module_preset=&#8221;default&#8221;][et_pb_text _builder_version=&#8221;4.6.6&#8243; _module_preset=&#8221;default&#8221; hover_enabled=&#8221;0&#8243; sticky_enabled=&#8221;0&#8243;] Rekisteriselosteet\u00a0 \u00a0 Pro Kaustinen ry yll\u00e4pit\u00e4\u00e4 kolmea rekisteri\u00e4 \u2013\u00a0Asiakasrekisteri \u2013\u00a0Esiintyj\u00e4tietorekisteri \u2013\u00a0Ty\u00f6ntekij\u00e4rekisteri\u00a0 N\u00e4iden rekisterien selosteet l\u00f6yd\u00e4t alta.\u00a0 \u00a0 ASIAKASREKISTERI\u00a0 Henkil\u00f6tietolain (523\/1999) ja yleisen tietosuoja-asetuksen (EU 2016\/679) mukainen rekisteriseloste\u00a0 Rekisterinpit\u00e4j\u00e4 Pro Kaustinen ry (Kaustisen kansanmusiikkijuhlat) Jyv\u00e4skyl\u00e4ntie 3, 69600 Kaustinen Rekisterist\u00e4 vastaava henkil\u00f6 Toiminnanjohtaja Valtteri [&hellip;]\" \/>\n<meta property=\"og:url\" content=\"https:\/\/kaustinen.net\/en\/rekisteriselosteet\/\" \/>\n<meta property=\"og:site_name\" content=\"Kaustinen Folk Music Festival\" \/>\n<meta property=\"article:modified_time\" content=\"2021-06-14T11:48:18+00:00\" \/>\n<meta name=\"twitter:card\" content=\"summary_large_image\" \/>\n<script type=\"application\/ld+json\" class=\"yoast-schema-graph\">{\"@context\":\"https:\\\/\\\/schema.org\",\"@graph\":[{\"@type\":\"WebPage\",\"@id\":\"https:\\\/\\\/kaustinen.net\\\/sv\\\/rekisteriselosteet\\\/\",\"url\":\"https:\\\/\\\/kaustinen.net\\\/sv\\\/rekisteriselosteet\\\/\",\"name\":\"Rekisteriselosteet - Kaustinen Folk Music Festival\",\"isPartOf\":{\"@id\":\"https:\\\/\\\/kaustinen.net\\\/sv\\\/#website\"},\"datePublished\":\"2021-06-07T10:17:42+00:00\",\"dateModified\":\"2021-06-14T11:48:18+00:00\",\"breadcrumb\":{\"@id\":\"https:\\\/\\\/kaustinen.net\\\/sv\\\/rekisteriselosteet\\\/#breadcrumb\"},\"inLanguage\":\"en-GB\",\"potentialAction\":[{\"@type\":\"ReadAction\",\"target\":[\"https:\\\/\\\/kaustinen.net\\\/sv\\\/rekisteriselosteet\\\/\"]}]},{\"@type\":\"BreadcrumbList\",\"@id\":\"https:\\\/\\\/kaustinen.net\\\/sv\\\/rekisteriselosteet\\\/#breadcrumb\",\"itemListElement\":[{\"@type\":\"ListItem\",\"position\":1,\"name\":\"Home\",\"item\":\"https:\\\/\\\/kaustinen.net\\\/\"},{\"@type\":\"ListItem\",\"position\":2,\"name\":\"Rekisteriselosteet\"}]},{\"@type\":\"WebSite\",\"@id\":\"https:\\\/\\\/kaustinen.net\\\/sv\\\/#website\",\"url\":\"https:\\\/\\\/kaustinen.net\\\/sv\\\/\",\"name\":\"Kaustinen Folk Music Festival\",\"description\":\"Kes\u00e4n onnellisimmat p\u00e4iv\u00e4t\",\"potentialAction\":[{\"@type\":\"SearchAction\",\"target\":{\"@type\":\"EntryPoint\",\"urlTemplate\":\"https:\\\/\\\/kaustinen.net\\\/sv\\\/?s={search_term_string}\"},\"query-input\":{\"@type\":\"PropertyValueSpecification\",\"valueRequired\":true,\"valueName\":\"search_term_string\"}}],\"inLanguage\":\"en-GB\"}]}<\/script>\n<!-- \/ Yoast SEO plugin. -->","yoast_head_json":{"title":"Rekisteriselosteet - Kaustinen Folk Music Festival","robots":{"index":"index","follow":"follow","max-snippet":"max-snippet:-1","max-image-preview":"max-image-preview:large","max-video-preview":"max-video-preview:-1"},"canonical":"https:\/\/kaustinen.net\/en\/rekisteriselosteet\/","og_locale":"en_GB","og_type":"article","og_title":"Rekisteriselosteet - Kaustinen Folk Music Festival","og_description":"[et_pb_section fb_built=&#8221;1&#8243; _builder_version=&#8221;4.6.6&#8243; _module_preset=&#8221;default&#8221;][et_pb_row _builder_version=&#8221;4.6.6&#8243; _module_preset=&#8221;default&#8221;][et_pb_column type=&#8221;4_4&#8243; _builder_version=&#8221;4.6.6&#8243; _module_preset=&#8221;default&#8221;][et_pb_text _builder_version=&#8221;4.6.6&#8243; _module_preset=&#8221;default&#8221; hover_enabled=&#8221;0&#8243; sticky_enabled=&#8221;0&#8243;] Rekisteriselosteet\u00a0 \u00a0 Pro Kaustinen ry yll\u00e4pit\u00e4\u00e4 kolmea rekisteri\u00e4 \u2013\u00a0Asiakasrekisteri \u2013\u00a0Esiintyj\u00e4tietorekisteri \u2013\u00a0Ty\u00f6ntekij\u00e4rekisteri\u00a0 N\u00e4iden rekisterien selosteet l\u00f6yd\u00e4t alta.\u00a0 \u00a0 ASIAKASREKISTERI\u00a0 Henkil\u00f6tietolain (523\/1999) ja yleisen tietosuoja-asetuksen (EU 2016\/679) mukainen rekisteriseloste\u00a0 Rekisterinpit\u00e4j\u00e4 Pro Kaustinen ry (Kaustisen kansanmusiikkijuhlat) Jyv\u00e4skyl\u00e4ntie 3, 69600 Kaustinen Rekisterist\u00e4 vastaava henkil\u00f6 Toiminnanjohtaja Valtteri [&hellip;]","og_url":"https:\/\/kaustinen.net\/en\/rekisteriselosteet\/","og_site_name":"Kaustinen Folk Music Festival","article_modified_time":"2021-06-14T11:48:18+00:00","twitter_card":"summary_large_image","schema":{"@context":"https:\/\/schema.org","@graph":[{"@type":"WebPage","@id":"https:\/\/kaustinen.net\/sv\/rekisteriselosteet\/","url":"https:\/\/kaustinen.net\/sv\/rekisteriselosteet\/","name":"Rekisteriselosteet - Kaustinen Folk Music Festival","isPartOf":{"@id":"https:\/\/kaustinen.net\/sv\/#website"},"datePublished":"2021-06-07T10:17:42+00:00","dateModified":"2021-06-14T11:48:18+00:00","breadcrumb":{"@id":"https:\/\/kaustinen.net\/sv\/rekisteriselosteet\/#breadcrumb"},"inLanguage":"en-GB","potentialAction":[{"@type":"ReadAction","target":["https:\/\/kaustinen.net\/sv\/rekisteriselosteet\/"]}]},{"@type":"BreadcrumbList","@id":"https:\/\/kaustinen.net\/sv\/rekisteriselosteet\/#breadcrumb","itemListElement":[{"@type":"ListItem","position":1,"name":"Home","item":"https:\/\/kaustinen.net\/"},{"@type":"ListItem","position":2,"name":"Rekisteriselosteet"}]},{"@type":"WebSite","@id":"https:\/\/kaustinen.net\/sv\/#website","url":"https:\/\/kaustinen.net\/sv\/","name":"Kaustinen Folk Music Festival","description":"Happiest Days of Summer","potentialAction":[{"@type":"SearchAction","target":{"@type":"EntryPoint","urlTemplate":"https:\/\/kaustinen.net\/sv\/?s={search_term_string}"},"query-input":{"@type":"PropertyValueSpecification","valueRequired":true,"valueName":"search_term_string"}}],"inLanguage":"en-GB"}]}},"jetpack_sharing_enabled":true,"_links":{"self":[{"href":"https:\/\/kaustinen.net\/en\/wp-json\/wp\/v2\/pages\/40864","targetHints":{"allow":["GET"]}}],"collection":[{"href":"https:\/\/kaustinen.net\/en\/wp-json\/wp\/v2\/pages"}],"about":[{"href":"https:\/\/kaustinen.net\/en\/wp-json\/wp\/v2\/types\/page"}],"author":[{"embeddable":true,"href":"https:\/\/kaustinen.net\/en\/wp-json\/wp\/v2\/users\/1"}],"replies":[{"embeddable":true,"href":"https:\/\/kaustinen.net\/en\/wp-json\/wp\/v2\/comments?post=40864"}],"version-history":[{"count":0,"href":"https:\/\/kaustinen.net\/en\/wp-json\/wp\/v2\/pages\/40864\/revisions"}],"wp:attachment":[{"href":"https:\/\/kaustinen.net\/en\/wp-json\/wp\/v2\/media?parent=40864"}],"curies":[{"name":"wp","href":"https:\/\/api.w.org\/{rel}","templated":true}]}}