{"id":40087,"date":"2026-01-09T20:30:00","date_gmt":"2026-01-09T18:30:00","guid":{"rendered":"https:\/\/kaustinen.net\/?page_id=40087"},"modified":"2026-01-09T13:42:17","modified_gmt":"2026-01-09T11:42:17","slug":"band-of-the-year","status":"publish","type":"page","link":"https:\/\/kaustinen.net\/en\/vuoden-yhtye\/","title":{"rendered":"Band of the Year 2026"},"content":{"rendered":"<p>[et_pb_section fb_built=&#8221;1&#8243; _builder_version=&#8221;4.6.6&#8243; _module_preset=&#8221;default&#8221;][et_pb_row _builder_version=&#8221;4.6.6&#8243; _module_preset=&#8221;default&#8221; width=&#8221;50vw&#8221; width_tablet=&#8221;70vw&#8221; width_phone=&#8221;80vw&#8221; width_last_edited=&#8221;on|phone&#8221;][et_pb_column type=&#8221;4_4&#8243; _builder_version=&#8221;4.6.6&#8243; _module_preset=&#8221;default&#8221;][et_pb_text _builder_version=&#8221;4.6.6&#8243; _module_preset=&#8221;default&#8221; header_font_size=&#8221;5vw&#8221; text_orientation=&#8221;center&#8221; hover_enabled=&#8221;0&#8243; header_font_size_tablet=&#8221;10vw&#8221; header_font_size_phone=&#8221;13vw&#8221; header_font_size_last_edited=&#8221;on|phone&#8221; sticky_enabled=&#8221;0&#8243;]<\/p>\n<h1 style=\"text-align: center;\">Vuoden yhtye 2026<br \/>Hilja Gr\u00f6nfors &amp; Lat\u0161o D\u017einta<\/h1>\n<p>[\/et_pb_text][\/et_pb_column][\/et_pb_row][\/et_pb_section][et_pb_section fb_built=&#8221;1&#8243; _builder_version=&#8221;4.6.6&#8243; _module_preset=&#8221;default&#8221; custom_padding=&#8221;||0px|||&#8221;][et_pb_row _builder_version=&#8221;4.6.6&#8243; _module_preset=&#8221;default&#8221; background_image=&#8221;https:\/\/kaustinen.net\/wp-content\/uploads\/2021\/02\/pikkuteltta.png&#8221; background_size=&#8221;contain&#8221; background_position=&#8221;top_center&#8221; width=&#8221;50%&#8221; width_tablet=&#8221;80%&#8221; width_phone=&#8221;92%&#8221; width_last_edited=&#8221;on|tablet&#8221; module_alignment=&#8221;center&#8221; custom_padding=&#8221;||59px|||&#8221;][et_pb_column type=&#8221;4_4&#8243; _builder_version=&#8221;4.6.6&#8243; _module_preset=&#8221;default&#8221;][et_pb_image src=&#8221;https:\/\/kaustinen.net\/wp-content\/uploads\/2026\/01\/hilja-gronfors_by_-maarit-kytoharju_kaustinenfmf.jpg&#8221; title_text=&#8221;hilja-gronfors_by_ maarit-kytoharju_kaustinenfmf&#8221; align=&#8221;center&#8221; _builder_version=&#8221;4.6.6&#8243; _module_preset=&#8221;default&#8221; background_enable_image=&#8221;off&#8221; max_width=&#8221;90%&#8221; max_width_tablet=&#8221;&#8221; max_width_phone=&#8221;&#8221; max_width_last_edited=&#8221;on|phone&#8221; animation_style=&#8221;slide&#8221; animation_direction=&#8221;bottom&#8221; hover_enabled=&#8221;0&#8243; sticky_enabled=&#8221;0&#8243;][\/et_pb_image][\/et_pb_column][\/et_pb_row][et_pb_row _builder_version=&#8221;4.6.6&#8243; _module_preset=&#8221;default&#8221; background_enable_image=&#8221;off&#8221; background_size=&#8221;contain&#8221; background_position=&#8221;top_center&#8221; width=&#8221;50%&#8221; width_tablet=&#8221;80%&#8221; width_phone=&#8221;92%&#8221; width_last_edited=&#8221;on|tablet&#8221; module_alignment=&#8221;center&#8221; custom_padding=&#8221;59px||59px||true|&#8221;][et_pb_column type=&#8221;4_4&#8243; _builder_version=&#8221;4.6.6&#8243; _module_preset=&#8221;default&#8221;][et_pb_text _builder_version=&#8221;4.6.6&#8243; _module_preset=&#8221;default&#8221; header_text_color=&#8221;#fec02d&#8221; header_2_text_color=&#8221;#000000&#8243; text_orientation=&#8221;center&#8221; width=&#8221;100%&#8221; width_tablet=&#8221;&#8221; width_phone=&#8221;&#8221; width_last_edited=&#8221;on|phone&#8221; module_alignment=&#8221;center&#8221; hover_enabled=&#8221;0&#8243; header_text_color__hover_enabled=&#8221;on|desktop&#8221; header_2_text_color__hover_enabled=&#8221;on|hover&#8221; header_2_text_color__hover=&#8221;#fec02d&#8221; sticky_enabled=&#8221;0&#8243;]<\/p>\n<p><em>Vuoden yhtye 2026 Hilja Gr\u00f6nfors &amp; Lat\u0161o D\u017einta. Kuva: Maarit Kyt\u00f6harju.<\/em><\/p>\n<p style=\"text-align: left;\">Kaustinen Folk Music Festivalin arvostetun Vuoden yhtye -nimityksen tarkoituksena on nostaa esiin yhtye, joka on ansioillaan, tuoreella otteellaan tai pitk\u00e4ll\u00e4 urallaan osoittanut erityist\u00e4 osaamista ja toimintaa kansanmusiikin saralla. Vuonna 2026 tunnustuksen saa <a href=\"https:\/\/hiljagronfors.wordpress.com\" target=\"_blank\" rel=\"noopener noreferrer\">Hilja Gr\u00f6nfors &amp; Lat\u0161o D\u017einta.<\/a><\/p>\n<p style=\"text-align: left;\">Hilja Gr\u00f6nfors on nimi, johon nykyp\u00e4iv\u00e4n\u00e4 henkil\u00f6ityy Suomen romanimusiikki. H\u00e4n on kansanmusiikin kent\u00e4ll\u00e4 ainutlaatuinen laulujen aarreaitta, joka tuntee syv\u00e4llisesti esitt\u00e4m\u00e4ns\u00e4 lauluston tyylipiirteet, historian ja kulttuuriset taustat. Mestarikansanlaulaja Gr\u00f6nfors on tehnyt vuosikymmenten ajan m\u00e4\u00e4r\u00e4tietoista ja tietoista ty\u00f6t\u00e4 romanilauluperinteen tallentamiseksi: h\u00e4n on kiert\u00e4nyt Suomea, ker\u00e4nnyt satoja lauluja vanhoilta laulajilta ja ollut keskeisess\u00e4 roolissa suullisen perinteen s\u00e4ilytt\u00e4misess\u00e4 tuleville sukupolville.<\/p>\n<p>Hilja Gr\u00f6nforsin pyyteet\u00f6n ja pitk\u00e4j\u00e4nteinen ty\u00f6 sai vuonna 2024 poikkeuksellisen laajan tunnustuksen, kun h\u00e4net vihittiin kunniatohtoriksi ja h\u00e4nelle my\u00f6nnettiin akateemikon arvonimi. Kansainv\u00e4lisestikin harvinainen kunnianosoitus on merkitt\u00e4v\u00e4 paitsi h\u00e4nelle itselleen, my\u00f6s koko suomalaiselle romaniyhteis\u00f6lle ja -kulttuurille. Kaustisella Gr\u00f6nfors esiintyy viisihenkisen Lat\u0161o D\u017einta -yhtyeen kanssa.<\/p>\n<p style=\"text-align: left;\">Kaustinen Folk Music Festival haluaa valinnallaan\u00a0nostaa esiin romanimusiikin ja -kulttuurin keskeisen merkityksen suomalaiselle kansanmusiikille sek\u00e4 Hilja Gr\u00f6nforsin poikkeuksellisen el\u00e4m\u00e4nty\u00f6n el\u00e4v\u00e4n perinteen vaalijana, siirt\u00e4j\u00e4n\u00e4 ja asiantuntijana.<\/p>\n<h5 style=\"text-align: center;\">Hilja Gr\u00f6nfors &amp; Lat\u0161o D\u017einta:<\/h5>\n<p style=\"text-align: center;\">Hilja Gr\u00f6nfors; laulu<\/p>\n<p style=\"text-align: center;\">Valtteri Bruun; kitara<\/p>\n<p style=\"text-align: center;\">Kiureli Sammallahti; harmonikka<\/p>\n<p style=\"text-align: center;\">Matti Pitk\u00e4nen; viulu, mandoliini<\/p>\n<p style=\"text-align: center;\">Sara Puljula; basso<\/p>\n<p style=\"text-align: center;\">\n<p>KATSO VIDEO K\u00f6yh\u00e4n \u00e4idin kodissa.<\/p>\n<p>[\/et_pb_text][et_pb_video src=&#8221;https:\/\/www.youtube.com\/watch?v=uioioJp-nvs&#038;t=1s&#8221; _builder_version=&#8221;4.6.6&#8243; _module_preset=&#8221;default&#8221; hover_enabled=&#8221;0&#8243; sticky_enabled=&#8221;0&#8243;][\/et_pb_video][et_pb_divider _builder_version=&#8221;4.6.6&#8243; _module_preset=&#8221;default&#8221;][\/et_pb_divider][et_pb_text _builder_version=&#8221;4.6.6&#8243; _module_preset=&#8221;default&#8221;]<\/p>\n<h3>Katso my\u00f6s:<\/h3>\n<p><a href=\"https:\/\/kaustinen.net\/vuoden-yhtyeet-kautta-aikojen\/\">Vuoden yhtyeet kautta aikain<\/a>[\/et_pb_text][\/et_pb_column][\/et_pb_row][\/et_pb_section]<\/p>\n","protected":false},"excerpt":{"rendered":"<p>[et_pb_section fb_built=&#8221;1&#8243; _builder_version=&#8221;4.6.6&#8243; _module_preset=&#8221;default&#8221;][et_pb_row _builder_version=&#8221;4.6.6&#8243; _module_preset=&#8221;default&#8221; width=&#8221;50vw&#8221; width_tablet=&#8221;70vw&#8221; width_phone=&#8221;80vw&#8221; width_last_edited=&#8221;on|phone&#8221;][et_pb_column type=&#8221;4_4&#8243; _builder_version=&#8221;4.6.6&#8243; _module_preset=&#8221;default&#8221;][et_pb_text _builder_version=&#8221;4.6.6&#8243; _module_preset=&#8221;default&#8221; header_font_size=&#8221;5vw&#8221; text_orientation=&#8221;center&#8221; hover_enabled=&#8221;0&#8243; header_font_size_tablet=&#8221;10vw&#8221; header_font_size_phone=&#8221;13vw&#8221; header_font_size_last_edited=&#8221;on|phone&#8221; sticky_enabled=&#8221;0&#8243;] Vuoden yhtye 2026Hilja Gr\u00f6nfors &amp; Lat\u0161o D\u017einta [\/et_pb_text][\/et_pb_column][\/et_pb_row][\/et_pb_section][et_pb_section fb_built=&#8221;1&#8243; _builder_version=&#8221;4.6.6&#8243; _module_preset=&#8221;default&#8221; custom_padding=&#8221;||0px|||&#8221;][et_pb_row _builder_version=&#8221;4.6.6&#8243; _module_preset=&#8221;default&#8221; background_image=&#8221;https:\/\/kaustinen.net\/wp-content\/uploads\/2021\/02\/pikkuteltta.png&#8221; background_size=&#8221;contain&#8221; background_position=&#8221;top_center&#8221; width=&#8221;50%&#8221; width_tablet=&#8221;80%&#8221; width_phone=&#8221;92%&#8221; width_last_edited=&#8221;on|tablet&#8221; module_alignment=&#8221;center&#8221; custom_padding=&#8221;||59px|||&#8221;][et_pb_column type=&#8221;4_4&#8243; _builder_version=&#8221;4.6.6&#8243; _module_preset=&#8221;default&#8221;][et_pb_image src=&#8221;https:\/\/kaustinen.net\/wp-content\/uploads\/2026\/01\/hilja-gronfors_by_-maarit-kytoharju_kaustinenfmf.jpg&#8221; title_text=&#8221;hilja-gronfors_by_ maarit-kytoharju_kaustinenfmf&#8221; align=&#8221;center&#8221; _builder_version=&#8221;4.6.6&#8243; _module_preset=&#8221;default&#8221; background_enable_image=&#8221;off&#8221; [&hellip;]<\/p>\n","protected":false},"author":1,"featured_media":0,"parent":0,"menu_order":0,"comment_status":"closed","ping_status":"closed","template":"","meta":{"_et_pb_use_builder":"on","_et_pb_old_content":"","_et_gb_content_width":"","footnotes":""},"class_list":["post-40087","page","type-page","status-publish","hentry"],"yoast_head":"<!-- This site is optimized with the Yoast SEO plugin v27.3 - https:\/\/yoast.com\/product\/yoast-seo-wordpress\/ -->\n<title>Vuoden yhtye 2026 - Kaustinen Folk Music Festival<\/title>\n<meta name=\"robots\" content=\"index, follow, max-snippet:-1, max-image-preview:large, max-video-preview:-1\" \/>\n<link rel=\"canonical\" href=\"https:\/\/kaustinen.net\/en\/band-of-the-year\/\" \/>\n<meta property=\"og:locale\" content=\"en_GB\" \/>\n<meta property=\"og:type\" content=\"article\" \/>\n<meta property=\"og:title\" content=\"Kaustinen Folk Music Festivalin Vuoden yhtye 2023 on \u00c4\u00e4niteatteri Iki-Turso\" \/>\n<meta property=\"og:description\" content=\"[et_pb_section fb_built=&#8221;1&#8243; _builder_version=&#8221;4.6.6&#8243; _module_preset=&#8221;default&#8221;][et_pb_row _builder_version=&#8221;4.6.6&#8243; _module_preset=&#8221;default&#8221; width=&#8221;50vw&#8221; width_tablet=&#8221;70vw&#8221; width_phone=&#8221;80vw&#8221; width_last_edited=&#8221;on|phone&#8221;][et_pb_column type=&#8221;4_4&#8243; _builder_version=&#8221;4.6.6&#8243; _module_preset=&#8221;default&#8221;][et_pb_text _builder_version=&#8221;4.6.6&#8243; _module_preset=&#8221;default&#8221; header_font_size=&#8221;5vw&#8221; text_orientation=&#8221;center&#8221; hover_enabled=&#8221;0&#8243; header_font_size_tablet=&#8221;10vw&#8221; header_font_size_phone=&#8221;13vw&#8221; header_font_size_last_edited=&#8221;on|phone&#8221; sticky_enabled=&#8221;0&#8243;] Vuoden yhtye 2026Hilja Gr\u00f6nfors &amp; Lat\u0161o D\u017einta [\/et_pb_text][\/et_pb_column][\/et_pb_row][\/et_pb_section][et_pb_section fb_built=&#8221;1&#8243; _builder_version=&#8221;4.6.6&#8243; _module_preset=&#8221;default&#8221; custom_padding=&#8221;||0px|||&#8221;][et_pb_row _builder_version=&#8221;4.6.6&#8243; _module_preset=&#8221;default&#8221; background_image=&#8221;https:\/\/kaustinen.net\/wp-content\/uploads\/2021\/02\/pikkuteltta.png&#8221; background_size=&#8221;contain&#8221; background_position=&#8221;top_center&#8221; width=&#8221;50%&#8221; width_tablet=&#8221;80%&#8221; width_phone=&#8221;92%&#8221; width_last_edited=&#8221;on|tablet&#8221; module_alignment=&#8221;center&#8221; custom_padding=&#8221;||59px|||&#8221;][et_pb_column type=&#8221;4_4&#8243; _builder_version=&#8221;4.6.6&#8243; _module_preset=&#8221;default&#8221;][et_pb_image src=&#8221;https:\/\/kaustinen.net\/wp-content\/uploads\/2026\/01\/hilja-gronfors_by_-maarit-kytoharju_kaustinenfmf.jpg&#8221; title_text=&#8221;hilja-gronfors_by_ maarit-kytoharju_kaustinenfmf&#8221; align=&#8221;center&#8221; _builder_version=&#8221;4.6.6&#8243; _module_preset=&#8221;default&#8221; background_enable_image=&#8221;off&#8221; [&hellip;]\" \/>\n<meta property=\"og:url\" content=\"https:\/\/kaustinen.net\/en\/band-of-the-year\/\" \/>\n<meta property=\"og:site_name\" content=\"Kaustinen Folk Music Festival\" \/>\n<meta property=\"og:image\" content=\"https:\/\/kaustinen.net\/wp-content\/uploads\/2023\/01\/Ikiturso_Kuvaaja_Wilma_Hurskainen-pieni-someen.jpg\" \/>\n\t<meta property=\"og:image:width\" content=\"627\" \/>\n\t<meta property=\"og:image:height\" content=\"418\" \/>\n\t<meta property=\"og:image:type\" content=\"image\/jpeg\" \/>\n<meta name=\"twitter:card\" content=\"summary_large_image\" \/>\n<meta name=\"twitter:title\" content=\"Kaustinen Folk Music Festivalin Vuoden yhtye 2023 on \u00c4\u00e4niteatteri Iki-Turso\" \/>\n<meta name=\"twitter:image\" content=\"https:\/\/kaustinen.net\/wp-content\/uploads\/2023\/01\/Ikiturso_Kuvaaja_Wilma_Hurskainen-pieni-someen.jpg\" \/>\n<meta name=\"twitter:label1\" content=\"Estimated reading time\" \/>\n\t<meta name=\"twitter:data1\" content=\"2 minutes\" \/>\n<script type=\"application\/ld+json\" class=\"yoast-schema-graph\">{\"@context\":\"https:\\\/\\\/schema.org\",\"@graph\":[{\"@type\":\"WebPage\",\"@id\":\"https:\\\/\\\/kaustinen.net\\\/vuoden-yhtye\\\/\",\"url\":\"https:\\\/\\\/kaustinen.net\\\/vuoden-yhtye\\\/\",\"name\":\"Vuoden yhtye 2026 - Kaustinen Folk Music Festival\",\"isPartOf\":{\"@id\":\"https:\\\/\\\/kaustinen.net\\\/sv\\\/#website\"},\"datePublished\":\"2026-01-09T18:30:00+00:00\",\"breadcrumb\":{\"@id\":\"https:\\\/\\\/kaustinen.net\\\/vuoden-yhtye\\\/#breadcrumb\"},\"inLanguage\":\"en-GB\",\"potentialAction\":[{\"@type\":\"ReadAction\",\"target\":[\"https:\\\/\\\/kaustinen.net\\\/vuoden-yhtye\\\/\"]}]},{\"@type\":\"BreadcrumbList\",\"@id\":\"https:\\\/\\\/kaustinen.net\\\/vuoden-yhtye\\\/#breadcrumb\",\"itemListElement\":[{\"@type\":\"ListItem\",\"position\":1,\"name\":\"Home\",\"item\":\"https:\\\/\\\/kaustinen.net\\\/\"},{\"@type\":\"ListItem\",\"position\":2,\"name\":\"Vuoden yhtye 2026\"}]},{\"@type\":\"WebSite\",\"@id\":\"https:\\\/\\\/kaustinen.net\\\/sv\\\/#website\",\"url\":\"https:\\\/\\\/kaustinen.net\\\/sv\\\/\",\"name\":\"Kaustinen Folk Music Festival\",\"description\":\"Kes\u00e4n onnellisimmat p\u00e4iv\u00e4t\",\"potentialAction\":[{\"@type\":\"SearchAction\",\"target\":{\"@type\":\"EntryPoint\",\"urlTemplate\":\"https:\\\/\\\/kaustinen.net\\\/sv\\\/?s={search_term_string}\"},\"query-input\":{\"@type\":\"PropertyValueSpecification\",\"valueRequired\":true,\"valueName\":\"search_term_string\"}}],\"inLanguage\":\"en-GB\"}]}<\/script>\n<!-- \/ Yoast SEO plugin. -->","yoast_head_json":{"title":"Band of the Year 2026 - Kaustinen Folk Music Festival","robots":{"index":"index","follow":"follow","max-snippet":"max-snippet:-1","max-image-preview":"max-image-preview:large","max-video-preview":"max-video-preview:-1"},"canonical":"https:\/\/kaustinen.net\/en\/band-of-the-year\/","og_locale":"en_GB","og_type":"article","og_title":"Kaustinen Folk Music Festivalin Vuoden yhtye 2023 on \u00c4\u00e4niteatteri Iki-Turso","og_description":"[et_pb_section fb_built=&#8221;1&#8243; _builder_version=&#8221;4.6.6&#8243; _module_preset=&#8221;default&#8221;][et_pb_row _builder_version=&#8221;4.6.6&#8243; _module_preset=&#8221;default&#8221; width=&#8221;50vw&#8221; width_tablet=&#8221;70vw&#8221; width_phone=&#8221;80vw&#8221; width_last_edited=&#8221;on|phone&#8221;][et_pb_column type=&#8221;4_4&#8243; _builder_version=&#8221;4.6.6&#8243; _module_preset=&#8221;default&#8221;][et_pb_text _builder_version=&#8221;4.6.6&#8243; _module_preset=&#8221;default&#8221; header_font_size=&#8221;5vw&#8221; text_orientation=&#8221;center&#8221; hover_enabled=&#8221;0&#8243; header_font_size_tablet=&#8221;10vw&#8221; header_font_size_phone=&#8221;13vw&#8221; header_font_size_last_edited=&#8221;on|phone&#8221; sticky_enabled=&#8221;0&#8243;] Vuoden yhtye 2026Hilja Gr\u00f6nfors &amp; Lat\u0161o D\u017einta [\/et_pb_text][\/et_pb_column][\/et_pb_row][\/et_pb_section][et_pb_section fb_built=&#8221;1&#8243; _builder_version=&#8221;4.6.6&#8243; _module_preset=&#8221;default&#8221; custom_padding=&#8221;||0px|||&#8221;][et_pb_row _builder_version=&#8221;4.6.6&#8243; _module_preset=&#8221;default&#8221; background_image=&#8221;https:\/\/kaustinen.net\/wp-content\/uploads\/2021\/02\/pikkuteltta.png&#8221; background_size=&#8221;contain&#8221; background_position=&#8221;top_center&#8221; width=&#8221;50%&#8221; width_tablet=&#8221;80%&#8221; width_phone=&#8221;92%&#8221; width_last_edited=&#8221;on|tablet&#8221; module_alignment=&#8221;center&#8221; custom_padding=&#8221;||59px|||&#8221;][et_pb_column type=&#8221;4_4&#8243; _builder_version=&#8221;4.6.6&#8243; _module_preset=&#8221;default&#8221;][et_pb_image src=&#8221;https:\/\/kaustinen.net\/wp-content\/uploads\/2026\/01\/hilja-gronfors_by_-maarit-kytoharju_kaustinenfmf.jpg&#8221; title_text=&#8221;hilja-gronfors_by_ maarit-kytoharju_kaustinenfmf&#8221; align=&#8221;center&#8221; _builder_version=&#8221;4.6.6&#8243; _module_preset=&#8221;default&#8221; background_enable_image=&#8221;off&#8221; [&hellip;]","og_url":"https:\/\/kaustinen.net\/en\/band-of-the-year\/","og_site_name":"Kaustinen Folk Music Festival","og_image":[{"width":627,"height":418,"url":"https:\/\/kaustinen.net\/wp-content\/uploads\/2023\/01\/Ikiturso_Kuvaaja_Wilma_Hurskainen-pieni-someen.jpg","type":"image\/jpeg"}],"twitter_card":"summary_large_image","twitter_title":"Kaustinen Folk Music Festivalin Vuoden yhtye 2023 on \u00c4\u00e4niteatteri Iki-Turso","twitter_image":"https:\/\/kaustinen.net\/wp-content\/uploads\/2023\/01\/Ikiturso_Kuvaaja_Wilma_Hurskainen-pieni-someen.jpg","twitter_misc":{"Estimated reading time":"2 minutes"},"schema":{"@context":"https:\/\/schema.org","@graph":[{"@type":"WebPage","@id":"https:\/\/kaustinen.net\/vuoden-yhtye\/","url":"https:\/\/kaustinen.net\/vuoden-yhtye\/","name":"Band of the Year 2026 - Kaustinen Folk Music Festival","isPartOf":{"@id":"https:\/\/kaustinen.net\/sv\/#website"},"datePublished":"2026-01-09T18:30:00+00:00","breadcrumb":{"@id":"https:\/\/kaustinen.net\/vuoden-yhtye\/#breadcrumb"},"inLanguage":"en-GB","potentialAction":[{"@type":"ReadAction","target":["https:\/\/kaustinen.net\/vuoden-yhtye\/"]}]},{"@type":"BreadcrumbList","@id":"https:\/\/kaustinen.net\/vuoden-yhtye\/#breadcrumb","itemListElement":[{"@type":"ListItem","position":1,"name":"Home","item":"https:\/\/kaustinen.net\/"},{"@type":"ListItem","position":2,"name":"Vuoden yhtye 2026"}]},{"@type":"WebSite","@id":"https:\/\/kaustinen.net\/sv\/#website","url":"https:\/\/kaustinen.net\/sv\/","name":"Kaustinen Folk Music Festival","description":"Happiest Days of Summer","potentialAction":[{"@type":"SearchAction","target":{"@type":"EntryPoint","urlTemplate":"https:\/\/kaustinen.net\/sv\/?s={search_term_string}"},"query-input":{"@type":"PropertyValueSpecification","valueRequired":true,"valueName":"search_term_string"}}],"inLanguage":"en-GB"}]}},"jetpack_sharing_enabled":true,"_links":{"self":[{"href":"https:\/\/kaustinen.net\/en\/wp-json\/wp\/v2\/pages\/40087","targetHints":{"allow":["GET"]}}],"collection":[{"href":"https:\/\/kaustinen.net\/en\/wp-json\/wp\/v2\/pages"}],"about":[{"href":"https:\/\/kaustinen.net\/en\/wp-json\/wp\/v2\/types\/page"}],"author":[{"embeddable":true,"href":"https:\/\/kaustinen.net\/en\/wp-json\/wp\/v2\/users\/1"}],"replies":[{"embeddable":true,"href":"https:\/\/kaustinen.net\/en\/wp-json\/wp\/v2\/comments?post=40087"}],"version-history":[{"count":32,"href":"https:\/\/kaustinen.net\/en\/wp-json\/wp\/v2\/pages\/40087\/revisions"}],"predecessor-version":[{"id":46133,"href":"https:\/\/kaustinen.net\/en\/wp-json\/wp\/v2\/pages\/40087\/revisions\/46133"}],"wp:attachment":[{"href":"https:\/\/kaustinen.net\/en\/wp-json\/wp\/v2\/media?parent=40087"}],"curies":[{"name":"wp","href":"https:\/\/api.w.org\/{rel}","templated":true}]}}