{"id":39856,"date":"2021-02-01T17:50:04","date_gmt":"2021-02-01T15:50:04","guid":{"rendered":"https:\/\/kaustinen.net\/?page_id=39856"},"modified":"2026-04-02T15:41:43","modified_gmt":"2026-04-02T12:41:43","slug":"media","status":"publish","type":"page","link":"https:\/\/kaustinen.net\/en\/media\/","title":{"rendered":"Media"},"content":{"rendered":"<p>[et_pb_section fb_built=&#8221;1&#8243; _builder_version=&#8221;4.6.6&#8243; _module_preset=&#8221;default&#8221;][et_pb_row column_structure=&#8221;1_4,3_4&#8243; _builder_version=&#8221;4.6.6&#8243; _module_preset=&#8221;default&#8221;][et_pb_column type=&#8221;1_4&#8243; _builder_version=&#8221;4.6.6&#8243; _module_preset=&#8221;default&#8221;][et_pb_sidebar area=&#8221;et_pb_widget_area_1&#8243; _builder_version=&#8221;4.6.6&#8243; _module_preset=&#8221;default&#8221; background_enable_color=&#8221;off&#8221; border_color_all=&#8221;#ffffff&#8221;][\/et_pb_sidebar][\/et_pb_column][et_pb_column type=&#8221;3_4&#8243; _builder_version=&#8221;4.6.6&#8243; _module_preset=&#8221;default&#8221;][et_pb_text _builder_version=&#8221;4.6.6&#8243; _module_preset=&#8221;default&#8221;]<\/p>\n<h1>Medialle<\/h1>\n<h2>Kaustinen Folk Music Festival | Press<\/h2>\n<p><a href=\"https:\/\/gest.fi\/customers\/chfaei\/4329\" style=\"font-size: 18px;\"><\/a><\/p>\n<p>[\/et_pb_text][et_pb_text _builder_version=&#8221;4.6.6&#8243; _module_preset=&#8221;default&#8221;]<\/p>\n<p><strong>S\u00e4hk\u00f6posti:<\/strong><br \/> press@kaustinen.net<\/p>\n<p>[\/et_pb_text][et_pb_text _builder_version=&#8221;4.6.6&#8243; _module_preset=&#8221;default&#8221;]<\/p>\n<h2>Mediakuvat 2026<\/h2>\n<p>Aikaisempien vuosien pressikuvia saa vapaasti ladata median k\u00e4ytt\u00f6\u00f6n t\u00e4st\u00e4 alapuolelta. Kuvat ovat 2500 px leveit\u00e4, resoluutio 72 ppi, v\u00e4rit RGB. Mainitsethan kuvaajan nimen aina kun mahdollista.<\/p>\n<p>Kuvia median k\u00e4ytt\u00f6\u00f6n on my\u00f6s kuvat.fi-palvelussa<br \/> <a href=\"https:\/\/kaustinenfmf.kuvat.fi\/kuvat\/\" target=\"_blank\" rel=\"noopener noreferrer\">https:\/\/kaustinenfmf.kuvat.fi\/kuvat\/<\/a><br \/> Salasana: media2016<\/p>\n<p>[\/et_pb_text][et_pb_image src=&#8221;https:\/\/kaustinen.net\/wp-content\/uploads\/2026\/04\/deira-by_leti-cernuda_kaustinenfmf-2500-px-300-ppi.jpg&#8221; _builder_version=&#8221;4.6.6&#8243; _module_preset=&#8221;default&#8221; title_text=&#8221;deira by_leti-cernuda_kaustinenfmf 2500 px 300 ppi&#8221; hover_enabled=&#8221;0&#8243; sticky_enabled=&#8221;0&#8243;][\/et_pb_image][et_pb_text _builder_version=&#8221;4.6.6&#8243; _module_preset=&#8221;default&#8221; hover_enabled=&#8221;0&#8243; sticky_enabled=&#8221;0&#8243;]<\/p>\n<p>Kiitetty Deira-yhtye tulee Espanjasta. Salvador Daza (vas.), Juan Almaraz ja Gonzalo Llao esitteliv\u00e4t debyyttialbuminsa Glasgow\u2019n Royal Concert Hallissa. Nyt vuorossa on Kaustinen. Kuva: Leti Cernuda<\/p>\n<p>[\/et_pb_text][et_pb_image src=&#8221;https:\/\/kaustinen.net\/wp-content\/uploads\/2026\/04\/tulitera_antti-paalanen_by_usva-torkki_kaustinenfmf-2500-px-300-ppi.jpg&#8221; _builder_version=&#8221;4.6.6&#8243; _module_preset=&#8221;default&#8221; title_text=&#8221;tulitera_antti-paalanen_by_usva-torkki_kaustinenfmf 2500 px 300 ppi&#8221; hover_enabled=&#8221;0&#8243; sticky_enabled=&#8221;0&#8243;][\/et_pb_image][et_pb_text _builder_version=&#8221;4.6.6&#8243; _module_preset=&#8221;default&#8221; hover_enabled=&#8221;0&#8243; sticky_enabled=&#8221;0&#8243;]<\/p>\n<p>Antti Paalasen faneille on j\u00e4rjestetty artistitapaaminen lauantain 18.7. iltap\u00e4iv\u00e4\u00e4n. Mukana on h\u00e4nen perheyhtyeens\u00e4 Tuliter\u00e4, jossa soittavat my\u00f6s Heidi ja Olavi Paalanen. Kuva: Usva Torkki<\/p>\n<p>[\/et_pb_text][et_pb_image src=&#8221;https:\/\/kaustinen.net\/wp-content\/uploads\/2026\/04\/maria-kalaniemi_pekko-kappi_tilda_by_aj-savolainen_kaustinenfmf-2500-px-300-ppi.jpg&#8221; _builder_version=&#8221;4.6.6&#8243; _module_preset=&#8221;default&#8221; title_text=&#8221;maria-kalaniemi_pekko-kappi_tilda_by_aj-savolainen_kaustinenfmf 2500 px 300 ppi&#8221; hover_enabled=&#8221;0&#8243; sticky_enabled=&#8221;0&#8243;][\/et_pb_image][et_pb_text _builder_version=&#8221;4.6.6&#8243; _module_preset=&#8221;default&#8221; hover_enabled=&#8221;0&#8243; sticky_enabled=&#8221;0&#8243;]<\/p>\n<p>Harmonikkataiteilija Maria Kalaniemi on luonut jouhikkotaiteilija Pekko K\u00e4pin kanssa poikkeuksellisen ruotsinkielisen taideteoksen Kalevalan runoon. Kuva: A. J. Savolainen<\/p>\n<p>[\/et_pb_text][et_pb_image src=&#8221;https:\/\/kaustinen.net\/wp-content\/uploads\/2026\/04\/napparit_folkskandia_by_risto-savolainen_kaustinenfmf-2500-px-300-ppi.jpg&#8221; _builder_version=&#8221;4.6.6&#8243; _module_preset=&#8221;default&#8221; title_text=&#8221;napparit_folkskandia_by_risto-savolainen_kaustinenfmf 2500 px 300 ppi&#8221; hover_enabled=&#8221;0&#8243; sticky_enabled=&#8221;0&#8243;][\/et_pb_image][et_pb_text _builder_version=&#8221;4.6.6&#8243; _module_preset=&#8221;default&#8221; hover_enabled=&#8221;0&#8243; sticky_enabled=&#8221;0&#8243;]<\/p>\n<p>Folkskandia-tapahtuma kokosi Kaustisen areenalle yli 550 nuorta soittamaan yhdess\u00e4 viime kes\u00e4n\u00e4. Kuva: Risto Savolainen<\/p>\n<p>[\/et_pb_text][et_pb_image src=&#8221;https:\/\/kaustinen.net\/wp-content\/uploads\/2026\/01\/vilma-jaa_by-ida-lindgren_kaustinenfmf.jpg&#8221; title_text=&#8221;vilma-jaa_by-ida-lindgren_kaustinenfmf&#8221; _builder_version=&#8221;4.6.6&#8243; _module_preset=&#8221;default&#8221;][\/et_pb_image][et_pb_text _builder_version=&#8221;4.6.6&#8243; _module_preset=&#8221;default&#8221;]<\/p>\n<p>Vilma J\u00e4\u00e4 rikkoo eri musiikkityylien rajoja yhten\u00e4 Kaustisen p\u00e4\u00e4esiintyjist\u00e4 ensi hein\u00e4kuussa. Kuva: Ida Linfgren<\/p>\n<p>[\/et_pb_text][et_pb_image src=&#8221;https:\/\/kaustinen.net\/wp-content\/uploads\/2026\/01\/hilja-gronfors_by_-maarit-kytoharju_kaustinenfmf.jpg&#8221; title_text=&#8221;hilja-gronfors_by_ maarit-kytoharju_kaustinenfmf&#8221; _builder_version=&#8221;4.6.6&#8243; _module_preset=&#8221;default&#8221;][\/et_pb_image][et_pb_text _builder_version=&#8221;4.6.6&#8243; _module_preset=&#8221;default&#8221; min_height=&#8221;15px&#8221;]<\/p>\n<p>Vuoden yhtye Hilja Gr\u00f6nfors &amp; Lat\u0161o D\u017einta esitt\u00e4\u00e4 romanimusiikin lauluaarteistoa. Kuva: Maarit Kyt\u00f6harju<\/p>\n<p>[\/et_pb_text][et_pb_image src=&#8221;https:\/\/kaustinen.net\/wp-content\/uploads\/2026\/01\/barlast_by_ruusa-johansson_kaustinenfmf.jpg&#8221; title_text=&#8221;barlast_by_ruusa-johansson_kaustinenfmf&#8221; _builder_version=&#8221;4.6.6&#8243; _module_preset=&#8221;default&#8221;][\/et_pb_image][et_pb_text _builder_version=&#8221;4.6.6&#8243; _module_preset=&#8221;default&#8221;]<\/p>\n<p>Barlast-yhtye yhdist\u00e4\u00e4 eri genrej\u00e4 ja on hy\u00f6dynt\u00e4nyt musiikissaan koneoppimismalleja. Kuva: Ruusa Johansson<\/p>\n<p>[\/et_pb_text][et_pb_image src=&#8221;https:\/\/kaustinen.net\/wp-content\/uploads\/2026\/01\/north-shore-celtic-ensemble_kaustinfmf.jpg&#8221; title_text=&#8221;north-shore-celtic-ensemble_kaustinfmf&#8221; _builder_version=&#8221;4.6.6&#8243; _module_preset=&#8221;default&#8221;][\/et_pb_image][et_pb_text _builder_version=&#8221;4.6.6&#8243; _module_preset=&#8221;default&#8221;]<\/p>\n<p>Kanadalainen North Shore Celtic Ensemble tuo festivaalille nuorten viulistien energiaa. Kuva: F.C. Entertainment<\/p>\n<p>[\/et_pb_text][\/et_pb_column][\/et_pb_row][\/et_pb_section][et_pb_section fb_built=&#8221;1&#8243; _builder_version=&#8221;4.6.6&#8243; _module_preset=&#8221;default&#8221;][et_pb_row _builder_version=&#8221;4.6.6&#8243; _module_preset=&#8221;default&#8221;][et_pb_column type=&#8221;4_4&#8243; _builder_version=&#8221;4.6.6&#8243; _module_preset=&#8221;default&#8221;][\/et_pb_column][\/et_pb_row][\/et_pb_section]<\/p>\n","protected":false},"excerpt":{"rendered":"<p>[et_pb_section fb_built=&#8221;1&#8243; _builder_version=&#8221;4.6.6&#8243; _module_preset=&#8221;default&#8221;][et_pb_row column_structure=&#8221;1_4,3_4&#8243; _builder_version=&#8221;4.6.6&#8243; _module_preset=&#8221;default&#8221;][et_pb_column type=&#8221;1_4&#8243; _builder_version=&#8221;4.6.6&#8243; _module_preset=&#8221;default&#8221;][et_pb_sidebar area=&#8221;et_pb_widget_area_1&#8243; _builder_version=&#8221;4.6.6&#8243; _module_preset=&#8221;default&#8221; background_enable_color=&#8221;off&#8221; border_color_all=&#8221;#ffffff&#8221;][\/et_pb_sidebar][\/et_pb_column][et_pb_column type=&#8221;3_4&#8243; _builder_version=&#8221;4.6.6&#8243; _module_preset=&#8221;default&#8221;][et_pb_text _builder_version=&#8221;4.6.6&#8243; _module_preset=&#8221;default&#8221;] Medialle Kaustinen Folk Music Festival | Press [\/et_pb_text][et_pb_text _builder_version=&#8221;4.6.6&#8243; _module_preset=&#8221;default&#8221;] S\u00e4hk\u00f6posti: press@kaustinen.net [\/et_pb_text][et_pb_text _builder_version=&#8221;4.6.6&#8243; _module_preset=&#8221;default&#8221;] Mediakuvat 2026 Aikaisempien vuosien pressikuvia saa vapaasti ladata median k\u00e4ytt\u00f6\u00f6n t\u00e4st\u00e4 alapuolelta. Kuvat ovat 2500 px leveit\u00e4, resoluutio 72 ppi, [&hellip;]<\/p>\n","protected":false},"author":1,"featured_media":0,"parent":0,"menu_order":0,"comment_status":"closed","ping_status":"closed","template":"","meta":{"_et_pb_use_builder":"on","_et_pb_old_content":"","_et_gb_content_width":"","footnotes":""},"class_list":["post-39856","page","type-page","status-publish","hentry"],"yoast_head":"<!-- This site is optimized with the Yoast SEO plugin v27.4 - https:\/\/yoast.com\/product\/yoast-seo-wordpress\/ -->\n<title>Media - Kaustinen Folk Music Festival<\/title>\n<meta name=\"robots\" content=\"index, follow, max-snippet:-1, max-image-preview:large, max-video-preview:-1\" \/>\n<link rel=\"canonical\" href=\"https:\/\/kaustinen.net\/en\/media\/\" \/>\n<meta property=\"og:locale\" content=\"en_GB\" \/>\n<meta property=\"og:type\" content=\"article\" \/>\n<meta property=\"og:title\" content=\"Media - Kaustinen Folk Music Festival\" \/>\n<meta property=\"og:description\" content=\"[et_pb_section fb_built=&#8221;1&#8243; _builder_version=&#8221;4.6.6&#8243; _module_preset=&#8221;default&#8221;][et_pb_row column_structure=&#8221;1_4,3_4&#8243; _builder_version=&#8221;4.6.6&#8243; _module_preset=&#8221;default&#8221;][et_pb_column type=&#8221;1_4&#8243; _builder_version=&#8221;4.6.6&#8243; _module_preset=&#8221;default&#8221;][et_pb_sidebar area=&#8221;et_pb_widget_area_1&#8243; _builder_version=&#8221;4.6.6&#8243; _module_preset=&#8221;default&#8221; background_enable_color=&#8221;off&#8221; border_color_all=&#8221;#ffffff&#8221;][\/et_pb_sidebar][\/et_pb_column][et_pb_column type=&#8221;3_4&#8243; _builder_version=&#8221;4.6.6&#8243; _module_preset=&#8221;default&#8221;][et_pb_text _builder_version=&#8221;4.6.6&#8243; _module_preset=&#8221;default&#8221;] Medialle Kaustinen Folk Music Festival | Press [\/et_pb_text][et_pb_text _builder_version=&#8221;4.6.6&#8243; _module_preset=&#8221;default&#8221;] S\u00e4hk\u00f6posti: press@kaustinen.net [\/et_pb_text][et_pb_text _builder_version=&#8221;4.6.6&#8243; _module_preset=&#8221;default&#8221;] Mediakuvat 2026 Aikaisempien vuosien pressikuvia saa vapaasti ladata median k\u00e4ytt\u00f6\u00f6n t\u00e4st\u00e4 alapuolelta. Kuvat ovat 2500 px leveit\u00e4, resoluutio 72 ppi, [&hellip;]\" \/>\n<meta property=\"og:url\" content=\"https:\/\/kaustinen.net\/en\/media\/\" \/>\n<meta property=\"og:site_name\" content=\"Kaustinen Folk Music Festival\" \/>\n<meta property=\"article:modified_time\" content=\"2026-04-02T12:41:43+00:00\" \/>\n<meta name=\"twitter:card\" content=\"summary_large_image\" \/>\n<meta name=\"twitter:label1\" content=\"Estimated reading time\" \/>\n\t<meta name=\"twitter:data1\" content=\"3 minutes\" \/>\n<script type=\"application\/ld+json\" class=\"yoast-schema-graph\">{\"@context\":\"https:\\\/\\\/schema.org\",\"@graph\":[{\"@type\":\"WebPage\",\"@id\":\"https:\\\/\\\/kaustinen.net\\\/media\\\/\",\"url\":\"https:\\\/\\\/kaustinen.net\\\/media\\\/\",\"name\":\"Media - Kaustinen Folk Music Festival\",\"isPartOf\":{\"@id\":\"https:\\\/\\\/kaustinen.net\\\/sv\\\/#website\"},\"datePublished\":\"2021-02-01T15:50:04+00:00\",\"dateModified\":\"2026-04-02T12:41:43+00:00\",\"breadcrumb\":{\"@id\":\"https:\\\/\\\/kaustinen.net\\\/media\\\/#breadcrumb\"},\"inLanguage\":\"en-GB\",\"potentialAction\":[{\"@type\":\"ReadAction\",\"target\":[\"https:\\\/\\\/kaustinen.net\\\/media\\\/\"]}]},{\"@type\":\"BreadcrumbList\",\"@id\":\"https:\\\/\\\/kaustinen.net\\\/media\\\/#breadcrumb\",\"itemListElement\":[{\"@type\":\"ListItem\",\"position\":1,\"name\":\"Home\",\"item\":\"https:\\\/\\\/kaustinen.net\\\/\"},{\"@type\":\"ListItem\",\"position\":2,\"name\":\"Media\"}]},{\"@type\":\"WebSite\",\"@id\":\"https:\\\/\\\/kaustinen.net\\\/sv\\\/#website\",\"url\":\"https:\\\/\\\/kaustinen.net\\\/sv\\\/\",\"name\":\"Kaustinen Folk Music Festival\",\"description\":\"Kes\u00e4n onnellisimmat p\u00e4iv\u00e4t\",\"potentialAction\":[{\"@type\":\"SearchAction\",\"target\":{\"@type\":\"EntryPoint\",\"urlTemplate\":\"https:\\\/\\\/kaustinen.net\\\/sv\\\/?s={search_term_string}\"},\"query-input\":{\"@type\":\"PropertyValueSpecification\",\"valueRequired\":true,\"valueName\":\"search_term_string\"}}],\"inLanguage\":\"en-GB\"}]}<\/script>\n<!-- \/ Yoast SEO plugin. -->","yoast_head_json":{"title":"Media - Kaustinen Folk Music Festival","robots":{"index":"index","follow":"follow","max-snippet":"max-snippet:-1","max-image-preview":"max-image-preview:large","max-video-preview":"max-video-preview:-1"},"canonical":"https:\/\/kaustinen.net\/en\/media\/","og_locale":"en_GB","og_type":"article","og_title":"Media - Kaustinen Folk Music Festival","og_description":"[et_pb_section fb_built=&#8221;1&#8243; _builder_version=&#8221;4.6.6&#8243; _module_preset=&#8221;default&#8221;][et_pb_row column_structure=&#8221;1_4,3_4&#8243; _builder_version=&#8221;4.6.6&#8243; _module_preset=&#8221;default&#8221;][et_pb_column type=&#8221;1_4&#8243; _builder_version=&#8221;4.6.6&#8243; _module_preset=&#8221;default&#8221;][et_pb_sidebar area=&#8221;et_pb_widget_area_1&#8243; _builder_version=&#8221;4.6.6&#8243; _module_preset=&#8221;default&#8221; background_enable_color=&#8221;off&#8221; border_color_all=&#8221;#ffffff&#8221;][\/et_pb_sidebar][\/et_pb_column][et_pb_column type=&#8221;3_4&#8243; _builder_version=&#8221;4.6.6&#8243; _module_preset=&#8221;default&#8221;][et_pb_text _builder_version=&#8221;4.6.6&#8243; _module_preset=&#8221;default&#8221;] Medialle Kaustinen Folk Music Festival | Press [\/et_pb_text][et_pb_text _builder_version=&#8221;4.6.6&#8243; _module_preset=&#8221;default&#8221;] S\u00e4hk\u00f6posti: press@kaustinen.net [\/et_pb_text][et_pb_text _builder_version=&#8221;4.6.6&#8243; _module_preset=&#8221;default&#8221;] Mediakuvat 2026 Aikaisempien vuosien pressikuvia saa vapaasti ladata median k\u00e4ytt\u00f6\u00f6n t\u00e4st\u00e4 alapuolelta. Kuvat ovat 2500 px leveit\u00e4, resoluutio 72 ppi, [&hellip;]","og_url":"https:\/\/kaustinen.net\/en\/media\/","og_site_name":"Kaustinen Folk Music Festival","article_modified_time":"2026-04-02T12:41:43+00:00","twitter_card":"summary_large_image","twitter_misc":{"Estimated reading time":"3 minutes"},"schema":{"@context":"https:\/\/schema.org","@graph":[{"@type":"WebPage","@id":"https:\/\/kaustinen.net\/media\/","url":"https:\/\/kaustinen.net\/media\/","name":"Media - Kaustinen Folk Music Festival","isPartOf":{"@id":"https:\/\/kaustinen.net\/sv\/#website"},"datePublished":"2021-02-01T15:50:04+00:00","dateModified":"2026-04-02T12:41:43+00:00","breadcrumb":{"@id":"https:\/\/kaustinen.net\/media\/#breadcrumb"},"inLanguage":"en-GB","potentialAction":[{"@type":"ReadAction","target":["https:\/\/kaustinen.net\/media\/"]}]},{"@type":"BreadcrumbList","@id":"https:\/\/kaustinen.net\/media\/#breadcrumb","itemListElement":[{"@type":"ListItem","position":1,"name":"Home","item":"https:\/\/kaustinen.net\/"},{"@type":"ListItem","position":2,"name":"Media"}]},{"@type":"WebSite","@id":"https:\/\/kaustinen.net\/sv\/#website","url":"https:\/\/kaustinen.net\/sv\/","name":"Kaustinen Folk Music Festival","description":"Happiest Days of Summer","potentialAction":[{"@type":"SearchAction","target":{"@type":"EntryPoint","urlTemplate":"https:\/\/kaustinen.net\/sv\/?s={search_term_string}"},"query-input":{"@type":"PropertyValueSpecification","valueRequired":true,"valueName":"search_term_string"}}],"inLanguage":"en-GB"}]}},"jetpack_sharing_enabled":true,"_links":{"self":[{"href":"https:\/\/kaustinen.net\/en\/wp-json\/wp\/v2\/pages\/39856","targetHints":{"allow":["GET"]}}],"collection":[{"href":"https:\/\/kaustinen.net\/en\/wp-json\/wp\/v2\/pages"}],"about":[{"href":"https:\/\/kaustinen.net\/en\/wp-json\/wp\/v2\/types\/page"}],"author":[{"embeddable":true,"href":"https:\/\/kaustinen.net\/en\/wp-json\/wp\/v2\/users\/1"}],"replies":[{"embeddable":true,"href":"https:\/\/kaustinen.net\/en\/wp-json\/wp\/v2\/comments?post=39856"}],"version-history":[{"count":128,"href":"https:\/\/kaustinen.net\/en\/wp-json\/wp\/v2\/pages\/39856\/revisions"}],"predecessor-version":[{"id":46485,"href":"https:\/\/kaustinen.net\/en\/wp-json\/wp\/v2\/pages\/39856\/revisions\/46485"}],"wp:attachment":[{"href":"https:\/\/kaustinen.net\/en\/wp-json\/wp\/v2\/media?parent=39856"}],"curies":[{"name":"wp","href":"https:\/\/api.w.org\/{rel}","templated":true}]}}