{"id":44178,"date":"2024-04-05T11:03:57","date_gmt":"2024-04-05T08:03:57","guid":{"rendered":"https:\/\/kaustinen.net\/?page_id=44178"},"modified":"2025-06-18T13:02:46","modified_gmt":"2025-06-18T10:02:46","slug":"about-the-festival","status":"publish","type":"page","link":"http:\/\/kaustinen.net\/en\/festivaalista\/","title":{"rendered":"About the festival"},"content":{"rendered":"<p>[et_pb_section fb_built=&#8221;1&#8243; admin_label=&#8221;section&#8221; _builder_version=&#8221;3.22&#8243;][et_pb_row column_structure=&#8221;1_4,3_4&#8243; admin_label=&#8221;row&#8221; _builder_version=&#8221;3.25&#8243; background_size=&#8221;initial&#8221; background_position=&#8221;top_left&#8221; background_repeat=&#8221;repeat&#8221;][et_pb_column type=&#8221;1_4&#8243; _builder_version=&#8221;3.25&#8243; custom_padding=&#8221;|||&#8221; custom_padding__hover=&#8221;|||&#8221;][et_pb_sidebar area=&#8221;et_pb_widget_area_1&#8243; _builder_version=&#8221;4.6.6&#8243; _module_preset=&#8221;default&#8221;][\/et_pb_sidebar][\/et_pb_column][et_pb_column type=&#8221;3_4&#8243; _builder_version=&#8221;3.25&#8243; custom_padding=&#8221;|||&#8221; custom_padding__hover=&#8221;|||&#8221;][et_pb_text _builder_version=&#8221;4.6.6&#8243; _module_preset=&#8221;default&#8221; hover_enabled=&#8221;0&#8243; sticky_enabled=&#8221;0&#8243;]<\/p>\n<h2>Tietoa Kaustisen kansanmusiikkijuhlista<\/h2>\n<p>Kaustinen Folk Music Festival on Pohjoismaiden suurin kansanmusiikkitapahtuma, jota on j\u00e4rjestetty jo vuodesta 1968. T\u00e4t\u00e4 ennenkin Kaustisella on ollut paikallisia tapahtumia, ja pelimannimusiikki on kulkenut paikkakunnan el\u00e4m\u00e4ss\u00e4 rinnalla jo kauan sit\u00e4 ennen. Festivaalia on j\u00e4rjestetty vuosien varrella eri j\u00e4rjest\u00e4j\u00e4organisaatioiden avulla, mutta alusta l\u00e4htien pysyvi\u00e4 asioita ovat olleet kansanmusiikki ja -tanssi eri muodoissaan. Alusta alkaen festivaali on ollut pelimannil\u00e4ht\u00f6inen, kansainv\u00e4linen ja tunnelmaltaan omaleimainen. Vuodesta 2011 tapahtumaa on j\u00e4rjest\u00e4nyt Pro Kaustinen ry.<\/p>\n<p>Kestoltaan tapahtuma on vaihdellut alun muutamasta p\u00e4iv\u00e4st\u00e4 ja p\u00e4iv\u00e4kohtaisesta ohjelmasta yhdeks\u00e4np\u00e4iv\u00e4iseen spektaakkeliin varasl\u00e4ht\u00f6ineen. Nyttemmin mitta on vakiintunut viikoksi maanantai-iltap\u00e4iv\u00e4st\u00e4 alkaen. Mittakaava Kaustinen Folk Music Festivalissa on jotakin ainutlaatuista. Lavoja on kolmisenkymment\u00e4, esiintyji\u00e4 enemm\u00e4n kuin Kaustisella asukkaita ja kaikkialla soi aamusta y\u00f6my\u00f6h\u00e4\u00e4n.<\/p>\n<p>Tapahtuman ytimen muodostaa Festivaalipuisto Kaustisen keskustassa. Siell\u00e4 sijaitsee Festivaaliareena, useita muita esiintymispaikkoja sek\u00e4 Pelimannitalo. Lis\u00e4ksi alueelle sijoittuu suurin osa tapahtuman palveluista, kuten erilaiset ruoka- ja tuotemyynnit. Lyhyen k\u00e4velymatkan p\u00e4\u00e4ss\u00e4 ovat muutkin keskeiset kohteet, kuten Kalliopaviljonki Kallioklubeineen ja \u2013 Krouveineen, sek\u00e4 Kansantaiteenkeskus Kaustinen-saleineen. Tapahtuma r\u00f6nsyilee my\u00f6s ymp\u00e4rist\u00f6\u00f6ns\u00e4, koska Kaustinen k\u00e4y kyl\u00e4\u00e4n vieden musiikkia my\u00f6s kauppojen ja palvelujen luo. Vuosittainen kyl\u00e4soitto j\u00e4rjestet\u00e4\u00e4n vaihtuvassa kyl\u00e4ss\u00e4, onhan eri kylill\u00e4 jopa toisistaan poikkeavat soittotyylit ja tavat kruusata, eli v\u00e4ritt\u00e4\u00e4 musiikkiaan.<\/p>\n<p>Periaatteena on, ett\u00e4 yksi p\u00e4iv\u00e4lippu kattaa kaiken k\u00e4siohjelmassa kulloisenakin p\u00e4iv\u00e4n\u00e4 olevan. Sill\u00e4 voi kulkea aamusta alkaen pikkutunneille saakka kiert\u00e4en ja kuunnellen, katsoen ja kokien. V\u00e4lill\u00e4 voi piipahtaa my\u00f6s majoituksessa, autolla, tai paikkakunnan palveluissa, koska alueelta voi v\u00e4lill\u00e4 poistua vapaasti ja palata niin monesti kuin mieli tekee lipun voimassaoloaikana. Lippu vain luetaan optisesti porteilla mennen tullen. Lis\u00e4tietoa lipuista sivulla Kaustinen.net\/liput.<\/p>\n<p>Festivaalialue on perheyst\u00e4v\u00e4llinen ja alueelta l\u00f6ytyykin lapsille paljon ohjelmaa, Lastenteltta puuhapisteineen sek\u00e4 leikkikentt\u00e4. Alle seitsem\u00e4nvuotiaille voi portilta saada oman Lasten Kaustinen -lipun vaikka vaatteisiin kiinnitett\u00e4v\u00e4ksi, johon voi merkit\u00e4 lapsen nimen ja huoltajan puhelinnumeron.<\/p>\n<p>Koirat ovat tervetulleita alueen ulkotiloihin, opaskoirat my\u00f6s ravintola-alueille ja sis\u00e4tiloihin. Koirat on pidett\u00e4v\u00e4 kytkettyin\u00e4 ja niiden j\u00e4t\u00f6kset on ker\u00e4tt\u00e4v\u00e4. Tupakointi on sallittua vain merkityiss\u00e4 paikoissa. Ensiapu l\u00f6ytyy yl\u00e4koululta ja alueella kiert\u00e4\u00e4 my\u00f6s ensiapupartioita. Infot l\u00f6ytyv\u00e4t Musiikkilukiolta ja alueen keskelt\u00e4 Info-Puodista. Tarkempia tietoja l\u00f6ytyy sivulta\u00a0<a href=\"https:\/\/kaustinen.net\/info\/\" target=\"_blank\" rel=\"noopener noreferrer\" title=\"Kaustinen Folk Music Festival Info\">Kaustinen.net\/info.<\/a><\/p>\n<p>[\/et_pb_text][et_pb_image src=&#8221;https:\/\/kaustinen.net\/wp-content\/uploads\/2024\/04\/KOTIALBUMI-KUVA-10.jpg&#8221; title_text=&#8221;Juhlakentt\u00e4 vuonna 1970. Kuva: Leo Torppa \/Kansanmusiikki-instituutin arkisto&#8221; _builder_version=&#8221;4.6.6&#8243; _module_preset=&#8221;default&#8221;][\/et_pb_image][et_pb_text _builder_version=&#8221;4.6.6&#8243; _module_preset=&#8221;default&#8221;]<\/p>\n<p style=\"text-align: center;\"><em>Vuonna 1970 juhlakent\u00e4ll\u00e4 n\u00e4ytti t\u00e4lt\u00e4. Kovin on n\u00e4kym\u00e4 muuttunut! Kuva: Leo Torppa \/ Kansanmusiikki-instituutin arkisto<\/em><\/p>\n<p>[\/et_pb_text][\/et_pb_column][\/et_pb_row][\/et_pb_section]<\/p>\n","protected":false},"excerpt":{"rendered":"<p>[et_pb_section fb_built=&#8221;1&#8243; admin_label=&#8221;section&#8221; _builder_version=&#8221;3.22&#8243;][et_pb_row column_structure=&#8221;1_4,3_4&#8243; admin_label=&#8221;row&#8221; _builder_version=&#8221;3.25&#8243; background_size=&#8221;initial&#8221; background_position=&#8221;top_left&#8221; background_repeat=&#8221;repeat&#8221;][et_pb_column type=&#8221;1_4&#8243; _builder_version=&#8221;3.25&#8243; custom_padding=&#8221;|||&#8221; custom_padding__hover=&#8221;|||&#8221;][et_pb_sidebar area=&#8221;et_pb_widget_area_1&#8243; _builder_version=&#8221;4.6.6&#8243; _module_preset=&#8221;default&#8221;][\/et_pb_sidebar][\/et_pb_column][et_pb_column type=&#8221;3_4&#8243; _builder_version=&#8221;3.25&#8243; custom_padding=&#8221;|||&#8221; custom_padding__hover=&#8221;|||&#8221;][et_pb_text _builder_version=&#8221;4.6.6&#8243; _module_preset=&#8221;default&#8221; hover_enabled=&#8221;0&#8243; sticky_enabled=&#8221;0&#8243;] Tietoa Kaustisen kansanmusiikkijuhlista Kaustinen Folk Music Festival on Pohjoismaiden suurin kansanmusiikkitapahtuma, jota on j\u00e4rjestetty jo vuodesta 1968. T\u00e4t\u00e4 ennenkin Kaustisella on ollut paikallisia tapahtumia, ja pelimannimusiikki on kulkenut paikkakunnan el\u00e4m\u00e4ss\u00e4 [&hellip;]<\/p>\n","protected":false},"author":10,"featured_media":44176,"parent":0,"menu_order":0,"comment_status":"closed","ping_status":"closed","template":"","meta":{"_et_pb_use_builder":"on","_et_pb_old_content":"<!-- wp:paragraph -->\n<p>Vuonna 1970 juhlakent\u00e4ll\u00e4 n\u00e4ytti t\u00e4lt\u00e4. Kovin on n\u00e4kym\u00e4 muuttunut! Kuva: Leo Torppa \/ Kansanmusiikki-instituutin arkisto<\/p>\n<!-- \/wp:paragraph -->","_et_gb_content_width":"","footnotes":""},"class_list":["post-44178","page","type-page","status-publish","has-post-thumbnail","hentry"],"yoast_head":"<!-- This site is optimized with the Yoast SEO plugin v27.3 - https:\/\/yoast.com\/product\/yoast-seo-wordpress\/ -->\n<title>Festivaalista - Kaustinen Folk Music Festival<\/title>\n<meta name=\"robots\" content=\"index, follow, max-snippet:-1, max-image-preview:large, max-video-preview:-1\" \/>\n<link rel=\"canonical\" href=\"https:\/\/kaustinen.net\/en\/about-the-festival\/\" \/>\n<meta property=\"og:locale\" content=\"en_GB\" \/>\n<meta property=\"og:type\" content=\"article\" \/>\n<meta property=\"og:title\" content=\"Festivaalista - Kaustinen Folk Music Festival\" \/>\n<meta property=\"og:description\" content=\"[et_pb_section fb_built=&#8221;1&#8243; admin_label=&#8221;section&#8221; _builder_version=&#8221;3.22&#8243;][et_pb_row column_structure=&#8221;1_4,3_4&#8243; admin_label=&#8221;row&#8221; _builder_version=&#8221;3.25&#8243; background_size=&#8221;initial&#8221; background_position=&#8221;top_left&#8221; background_repeat=&#8221;repeat&#8221;][et_pb_column type=&#8221;1_4&#8243; _builder_version=&#8221;3.25&#8243; custom_padding=&#8221;|||&#8221; custom_padding__hover=&#8221;|||&#8221;][et_pb_sidebar area=&#8221;et_pb_widget_area_1&#8243; _builder_version=&#8221;4.6.6&#8243; _module_preset=&#8221;default&#8221;][\/et_pb_sidebar][\/et_pb_column][et_pb_column type=&#8221;3_4&#8243; _builder_version=&#8221;3.25&#8243; custom_padding=&#8221;|||&#8221; custom_padding__hover=&#8221;|||&#8221;][et_pb_text _builder_version=&#8221;4.6.6&#8243; _module_preset=&#8221;default&#8221; hover_enabled=&#8221;0&#8243; sticky_enabled=&#8221;0&#8243;] Tietoa Kaustisen kansanmusiikkijuhlista Kaustinen Folk Music Festival on Pohjoismaiden suurin kansanmusiikkitapahtuma, jota on j\u00e4rjestetty jo vuodesta 1968. T\u00e4t\u00e4 ennenkin Kaustisella on ollut paikallisia tapahtumia, ja pelimannimusiikki on kulkenut paikkakunnan el\u00e4m\u00e4ss\u00e4 [&hellip;]\" \/>\n<meta property=\"og:url\" content=\"https:\/\/kaustinen.net\/en\/about-the-festival\/\" \/>\n<meta property=\"og:site_name\" content=\"Kaustinen Folk Music Festival\" \/>\n<meta property=\"article:modified_time\" content=\"2025-06-18T10:02:46+00:00\" \/>\n<meta property=\"og:image\" content=\"https:\/\/kaustinen.net\/wp-content\/uploads\/2024\/04\/KOTIALBUMI-KUVA-10.jpg\" \/>\n\t<meta property=\"og:image:width\" content=\"1800\" \/>\n\t<meta property=\"og:image:height\" content=\"1161\" \/>\n\t<meta property=\"og:image:type\" content=\"image\/jpeg\" \/>\n<meta name=\"twitter:card\" content=\"summary_large_image\" \/>\n<meta name=\"twitter:label1\" content=\"Estimated reading time\" \/>\n\t<meta name=\"twitter:data1\" content=\"2 minutes\" \/>\n<script type=\"application\/ld+json\" class=\"yoast-schema-graph\">{\"@context\":\"https:\\\/\\\/schema.org\",\"@graph\":[{\"@type\":\"WebPage\",\"@id\":\"https:\\\/\\\/kaustinen.net\\\/festivaalista\\\/\",\"url\":\"https:\\\/\\\/kaustinen.net\\\/festivaalista\\\/\",\"name\":\"Festivaalista - Kaustinen Folk Music Festival\",\"isPartOf\":{\"@id\":\"https:\\\/\\\/kaustinen.net\\\/sv\\\/#website\"},\"primaryImageOfPage\":{\"@id\":\"https:\\\/\\\/kaustinen.net\\\/festivaalista\\\/#primaryimage\"},\"image\":{\"@id\":\"https:\\\/\\\/kaustinen.net\\\/festivaalista\\\/#primaryimage\"},\"thumbnailUrl\":\"https:\\\/\\\/kaustinen.net\\\/wp-content\\\/uploads\\\/2024\\\/04\\\/KOTIALBUMI-KUVA-10.jpg\",\"datePublished\":\"2024-04-05T08:03:57+00:00\",\"dateModified\":\"2025-06-18T10:02:46+00:00\",\"breadcrumb\":{\"@id\":\"https:\\\/\\\/kaustinen.net\\\/festivaalista\\\/#breadcrumb\"},\"inLanguage\":\"en-GB\",\"potentialAction\":[{\"@type\":\"ReadAction\",\"target\":[\"https:\\\/\\\/kaustinen.net\\\/festivaalista\\\/\"]}]},{\"@type\":\"ImageObject\",\"inLanguage\":\"en-GB\",\"@id\":\"https:\\\/\\\/kaustinen.net\\\/festivaalista\\\/#primaryimage\",\"url\":\"https:\\\/\\\/kaustinen.net\\\/wp-content\\\/uploads\\\/2024\\\/04\\\/KOTIALBUMI-KUVA-10.jpg\",\"contentUrl\":\"https:\\\/\\\/kaustinen.net\\\/wp-content\\\/uploads\\\/2024\\\/04\\\/KOTIALBUMI-KUVA-10.jpg\",\"width\":1800,\"height\":1161,\"caption\":\"Vuonna 1970 juhlakent\u00e4ll\u00e4 n\u00e4ytti t\u00e4lt\u00e4. Kovin on n\u00e4kym\u00e4 muuttunut! Kuva: Leo Torppa \\\/ Kansanmusiikki-instituutin arkisto\"},{\"@type\":\"BreadcrumbList\",\"@id\":\"https:\\\/\\\/kaustinen.net\\\/festivaalista\\\/#breadcrumb\",\"itemListElement\":[{\"@type\":\"ListItem\",\"position\":1,\"name\":\"Home\",\"item\":\"https:\\\/\\\/kaustinen.net\\\/\"},{\"@type\":\"ListItem\",\"position\":2,\"name\":\"Festivaalista\"}]},{\"@type\":\"WebSite\",\"@id\":\"https:\\\/\\\/kaustinen.net\\\/sv\\\/#website\",\"url\":\"https:\\\/\\\/kaustinen.net\\\/sv\\\/\",\"name\":\"Kaustinen Folk Music Festival\",\"description\":\"Kes\u00e4n onnellisimmat p\u00e4iv\u00e4t\",\"potentialAction\":[{\"@type\":\"SearchAction\",\"target\":{\"@type\":\"EntryPoint\",\"urlTemplate\":\"https:\\\/\\\/kaustinen.net\\\/sv\\\/?s={search_term_string}\"},\"query-input\":{\"@type\":\"PropertyValueSpecification\",\"valueRequired\":true,\"valueName\":\"search_term_string\"}}],\"inLanguage\":\"en-GB\"}]}<\/script>\n<!-- \/ Yoast SEO plugin. -->","yoast_head_json":{"title":"About the festival - Kaustinen Folk Music Festival","robots":{"index":"index","follow":"follow","max-snippet":"max-snippet:-1","max-image-preview":"max-image-preview:large","max-video-preview":"max-video-preview:-1"},"canonical":"https:\/\/kaustinen.net\/en\/about-the-festival\/","og_locale":"en_GB","og_type":"article","og_title":"Festivaalista - Kaustinen Folk Music Festival","og_description":"[et_pb_section fb_built=&#8221;1&#8243; admin_label=&#8221;section&#8221; _builder_version=&#8221;3.22&#8243;][et_pb_row column_structure=&#8221;1_4,3_4&#8243; admin_label=&#8221;row&#8221; _builder_version=&#8221;3.25&#8243; background_size=&#8221;initial&#8221; background_position=&#8221;top_left&#8221; background_repeat=&#8221;repeat&#8221;][et_pb_column type=&#8221;1_4&#8243; _builder_version=&#8221;3.25&#8243; custom_padding=&#8221;|||&#8221; custom_padding__hover=&#8221;|||&#8221;][et_pb_sidebar area=&#8221;et_pb_widget_area_1&#8243; _builder_version=&#8221;4.6.6&#8243; _module_preset=&#8221;default&#8221;][\/et_pb_sidebar][\/et_pb_column][et_pb_column type=&#8221;3_4&#8243; _builder_version=&#8221;3.25&#8243; custom_padding=&#8221;|||&#8221; custom_padding__hover=&#8221;|||&#8221;][et_pb_text _builder_version=&#8221;4.6.6&#8243; _module_preset=&#8221;default&#8221; hover_enabled=&#8221;0&#8243; sticky_enabled=&#8221;0&#8243;] Tietoa Kaustisen kansanmusiikkijuhlista Kaustinen Folk Music Festival on Pohjoismaiden suurin kansanmusiikkitapahtuma, jota on j\u00e4rjestetty jo vuodesta 1968. T\u00e4t\u00e4 ennenkin Kaustisella on ollut paikallisia tapahtumia, ja pelimannimusiikki on kulkenut paikkakunnan el\u00e4m\u00e4ss\u00e4 [&hellip;]","og_url":"https:\/\/kaustinen.net\/en\/about-the-festival\/","og_site_name":"Kaustinen Folk Music Festival","article_modified_time":"2025-06-18T10:02:46+00:00","og_image":[{"width":1800,"height":1161,"url":"https:\/\/kaustinen.net\/wp-content\/uploads\/2024\/04\/KOTIALBUMI-KUVA-10.jpg","type":"image\/jpeg"}],"twitter_card":"summary_large_image","twitter_misc":{"Estimated reading time":"2 minutes"},"schema":{"@context":"https:\/\/schema.org","@graph":[{"@type":"WebPage","@id":"https:\/\/kaustinen.net\/festivaalista\/","url":"https:\/\/kaustinen.net\/festivaalista\/","name":"About the festival - Kaustinen Folk Music Festival","isPartOf":{"@id":"https:\/\/kaustinen.net\/sv\/#website"},"primaryImageOfPage":{"@id":"https:\/\/kaustinen.net\/festivaalista\/#primaryimage"},"image":{"@id":"https:\/\/kaustinen.net\/festivaalista\/#primaryimage"},"thumbnailUrl":"https:\/\/kaustinen.net\/wp-content\/uploads\/2024\/04\/KOTIALBUMI-KUVA-10.jpg","datePublished":"2024-04-05T08:03:57+00:00","dateModified":"2025-06-18T10:02:46+00:00","breadcrumb":{"@id":"https:\/\/kaustinen.net\/festivaalista\/#breadcrumb"},"inLanguage":"en-GB","potentialAction":[{"@type":"ReadAction","target":["https:\/\/kaustinen.net\/festivaalista\/"]}]},{"@type":"ImageObject","inLanguage":"en-GB","@id":"https:\/\/kaustinen.net\/festivaalista\/#primaryimage","url":"https:\/\/kaustinen.net\/wp-content\/uploads\/2024\/04\/KOTIALBUMI-KUVA-10.jpg","contentUrl":"https:\/\/kaustinen.net\/wp-content\/uploads\/2024\/04\/KOTIALBUMI-KUVA-10.jpg","width":1800,"height":1161,"caption":"Vuonna 1970 juhlakent\u00e4ll\u00e4 n\u00e4ytti t\u00e4lt\u00e4. Kovin on n\u00e4kym\u00e4 muuttunut! Kuva: Leo Torppa \/ Kansanmusiikki-instituutin arkisto"},{"@type":"BreadcrumbList","@id":"https:\/\/kaustinen.net\/festivaalista\/#breadcrumb","itemListElement":[{"@type":"ListItem","position":1,"name":"Home","item":"https:\/\/kaustinen.net\/"},{"@type":"ListItem","position":2,"name":"Festivaalista"}]},{"@type":"WebSite","@id":"https:\/\/kaustinen.net\/sv\/#website","url":"https:\/\/kaustinen.net\/sv\/","name":"Kaustinen Folk Music Festival","description":"Happiest Days of Summer","potentialAction":[{"@type":"SearchAction","target":{"@type":"EntryPoint","urlTemplate":"https:\/\/kaustinen.net\/sv\/?s={search_term_string}"},"query-input":{"@type":"PropertyValueSpecification","valueRequired":true,"valueName":"search_term_string"}}],"inLanguage":"en-GB"}]}},"jetpack_sharing_enabled":true,"_links":{"self":[{"href":"http:\/\/kaustinen.net\/en\/wp-json\/wp\/v2\/pages\/44178","targetHints":{"allow":["GET"]}}],"collection":[{"href":"http:\/\/kaustinen.net\/en\/wp-json\/wp\/v2\/pages"}],"about":[{"href":"http:\/\/kaustinen.net\/en\/wp-json\/wp\/v2\/types\/page"}],"author":[{"embeddable":true,"href":"http:\/\/kaustinen.net\/en\/wp-json\/wp\/v2\/users\/10"}],"replies":[{"embeddable":true,"href":"http:\/\/kaustinen.net\/en\/wp-json\/wp\/v2\/comments?post=44178"}],"version-history":[{"count":10,"href":"http:\/\/kaustinen.net\/en\/wp-json\/wp\/v2\/pages\/44178\/revisions"}],"predecessor-version":[{"id":45610,"href":"http:\/\/kaustinen.net\/en\/wp-json\/wp\/v2\/pages\/44178\/revisions\/45610"}],"wp:featuredmedia":[{"embeddable":true,"href":"http:\/\/kaustinen.net\/en\/wp-json\/wp\/v2\/media\/44176"}],"wp:attachment":[{"href":"http:\/\/kaustinen.net\/en\/wp-json\/wp\/v2\/media?parent=44178"}],"curies":[{"name":"wp","href":"https:\/\/api.w.org\/{rel}","templated":true}]}}