{"id":41916,"date":"2024-06-28T18:14:01","date_gmt":"2024-06-28T15:14:01","guid":{"rendered":"https:\/\/kaustinen.net\/?page_id=41916"},"modified":"2026-03-05T14:48:50","modified_gmt":"2026-03-05T12:48:50","slug":"childrens-caustic","status":"publish","type":"page","link":"http:\/\/kaustinen.net\/en\/lasten-kaustinen\/","title":{"rendered":"Kaustinen for kids"},"content":{"rendered":"<p>[et_pb_section fb_built=&#8221;1&#8243; _builder_version=&#8221;3.22&#8243;][et_pb_row column_structure=&#8221;1_4,3_4&#8243; _builder_version=&#8221;3.25&#8243; background_size=&#8221;initial&#8221; background_position=&#8221;top_left&#8221; background_repeat=&#8221;repeat&#8221;][et_pb_column type=&#8221;1_4&#8243; _builder_version=&#8221;3.25&#8243; custom_padding=&#8221;|||&#8221; custom_padding__hover=&#8221;|||&#8221;][et_pb_sidebar area=&#8221;sidebar-6&#8243; _builder_version=&#8221;4.6.6&#8243; _module_preset=&#8221;default&#8221; hover_enabled=&#8221;0&#8243; sticky_enabled=&#8221;0&#8243;][\/et_pb_sidebar][\/et_pb_column][et_pb_column type=&#8221;3_4&#8243; _builder_version=&#8221;3.25&#8243; custom_padding=&#8221;|||&#8221; custom_padding__hover=&#8221;|||&#8221;][et_pb_text _builder_version=&#8221;4.6.6&#8243; background_size=&#8221;initial&#8221; background_position=&#8221;top_left&#8221; background_repeat=&#8221;repeat&#8221; custom_padding=&#8221;0px||1px|||&#8221; link_option_url_new_window=&#8221;on&#8221;]<\/p>\n<h2><strong>Lasten Kaustinen<\/strong><\/h2>\n<p><img loading=\"lazy\" decoding=\"async\" src=\"https:\/\/kaustinen.net\/wp-content\/uploads\/2026\/01\/Puuhateltta_Usva-Torkki.jpg\" width=\"1000\" height=\"667\" alt=\"\" class=\"wp-image-46241 alignnone size-full\" \/><\/p>\n<p><em>Kuva: Krista J\u00e4rvel\u00e4<\/em><\/p>\n<p><strong><br \/> Lasten Kaustiseen<\/strong> kuuluu joka p\u00e4iv\u00e4 ohjelmaa tulviva Lastenteltta sek\u00e4 sen kainalossa sijaitseva Puuhateltta. Ohjelmaa l\u00f6ytyy kummassakin teltassa kaikenik\u00e4isille lapsille, ja Lasten Kaustisessa viihtyv\u00e4t my\u00f6s aikuiset, niin tummut kuin mummutkin. Jokaisen p\u00e4iv\u00e4n viimeiselle tunnille voi kuka tahansa ilmoittautua esiintym\u00e4\u00e4n, kun lava on vapaa.<\/p>\n<p>Puuhateltan ja Lastenteltan touhuihin voi osallistua yhdess\u00e4 oman aikuisen kanssa, mutta lapset ovat l\u00e4mpim\u00e4sti tervetulleita my\u00f6s itsekseen, kuitenkin oman aikuisen vastuulla.<\/p>\n<p>Tutustukaa festivaaleille saapuessanne kohtaamispaikkana toimivaan Puuhatelttaan. Jos lapsi hukkaa oman aikuisensa tai toisinp\u00e4in, kannattaa suunnata suoraan t\u00e4lle teltalle. Puuhateltalta voit halutessasi kysy\u00e4 vaatteeseen kiinnitett\u00e4v\u00e4\u00e4 yhteystieto -tarraa.<\/p>\n<h3><strong>Lasten liput<\/strong><\/h3>\n<p>Alle 7-vuotiaat ILMAISEKSI<\/p>\n<p>Lasten (7-15v.) p\u00e4iv\u00e4lippu <strong>10 \u20ac \/ pv\u00e4<\/strong><\/p>\n<p>Lasten (7-15v.) viikkolippu <strong>36 \u20ac<\/strong> (21.6. saakka), <strong>45 \u20ac<\/strong> (22.6. eteenp\u00e4in)<\/p>\n<p>Nuorisolippu (16-21v.) <strong>20 \u20ac \/ pv\u00e4<\/strong><\/p>\n<p>Nuorison viikkolippu (16-21v.) <strong>80 \u20ac \/ pv\u00e4<\/strong><\/p>\n<h3><strong><br \/> Lastenteltta<\/strong><\/h3>\n<p>Aukioloajat<\/p>\n<p>Ma klo 16.30\u201319<\/p>\n<p>Ti\u2013la klo 10\u201319<\/p>\n<p><img loading=\"lazy\" decoding=\"async\" class=\"wp-image-45404 alignnone size-full\" src=\"https:\/\/kaustinen.net\/wp-content\/uploads\/2025\/05\/Ottoset-tanssittaa-lastenteltalla-Krista-Jarvela-48-1.jpg\" alt=\"\" width=\"2048\" height=\"1367\" \/><\/p>\n<p><em>Kuva: Krista J\u00e4rvel\u00e4<\/em><\/p>\n<p>Ohjelmateltassa tapaat aina iki-ihanat, lastenteltan omat Tradilinnut. Jos lavalla ei juuri ole esityst\u00e4 k\u00e4ynniss\u00e4, Tradilintujen kanssa p\u00e4\u00e4set leikkim\u00e4\u00e4n ja laulamaan ennen seuraavan esityksen alkamista. Lastenteltan touhuihin voi osallistua yhdess\u00e4 oman aikuisen kanssa, mutta lapset ovat l\u00e4mpim\u00e4sti tervetulleita my\u00f6s itsekseen, kuitenkin oman aikuisen vastuulla.<\/p>\n<h3><strong>Puuhateltta<\/strong><\/h3>\n<p>Aukioloajat<\/p>\n<p>Ma klo 16.30\u201319<\/p>\n<p>Ti\u2013la klo 10\u201319<\/p>\n<p><img loading=\"lazy\" decoding=\"async\" class=\"wp-image-45406 alignnone size-full\" src=\"https:\/\/kaustinen.net\/wp-content\/uploads\/2025\/05\/Puuhaa-Krista-Jarvela-44.jpg\" alt=\"\" width=\"2048\" height=\"1367\" \/><\/p>\n<p><em>Kuva: Krista J\u00e4rvel\u00e4<\/em><\/p>\n<p>Puuhateltan touhuissa mukana <a href=\"https:\/\/lastenkulttuurikeskuslykky.fi\/\" target=\"_blank\" rel=\"noopener noreferrer\">Lastenkulttuurikeskus Lykyn<\/a> v\u00e4ki yhteisty\u00f6ss\u00e4 talkoolaisten kanssa. Ohjelmassa ohjattua k\u00e4sill\u00e4 tekemist\u00e4 sek\u00e4 vapaata piirustelua. Puuhateltan touhuihin voi osallistua yhdess\u00e4 oman aikuisen kanssa, mutta lapset ovat l\u00e4mpim\u00e4sti tervetulleita my\u00f6s itsekseen, kuitenkin oman aikuisen vastuulla.<\/p>\n<p>Lastenteltan ja puuhateltan vieress\u00e4 sijaitsee leikkipuisto, jossa on monenlaista v\u00e4linett\u00e4 puuhakkaaseen p\u00e4iv\u00e4\u00e4n.<\/p>\n<p><img loading=\"lazy\" decoding=\"async\" class=\"wp-image-45407 alignnone size-full\" src=\"https:\/\/kaustinen.net\/wp-content\/uploads\/2025\/05\/Lasten-leikkipuisto-Krista-Jarvela-386.jpg\" alt=\"\" width=\"2048\" height=\"1367\" \/><\/p>\n<p><em>Kuva: Krista J\u00e4rvel\u00e4<\/em><\/p>\n<h2><strong>Muita vinkkej\u00e4 lapsiperheen p\u00e4iv\u00e4n sujumiseen<\/strong><\/h2>\n<p>N\u00e4l\u00e4n yll\u00e4tt\u00e4ess\u00e4 l\u00f6ytyy festivaalialueelta festivaaliravintola sek\u00e4 useita ruokamyyntipisteit\u00e4, joista l\u00f6ytyy ruoka-annoksia moneen makuun.<\/p>\n<p>Anniskelualueilla on iltaisin 18-vuoden ik\u00e4raja. Muulloin lapset voivat liikkua anniskelualueilla vanhempien seurassa. Alle 18-vuotiaille on useimmilla esiintymispaikoilla oma ik\u00e4rajaton alue.<\/p>\n<p><strong>Lastenhoitohuone<\/strong> l\u00f6ytyy alakoululta. Siell\u00e4 perheen pienimm\u00e4t voivat leikki\u00e4 lattiatasossa samalla kun perhe voi lev\u00e4ht\u00e4\u00e4 hetken. Tilassa on vaipanvaihtomahdollisuus sek\u00e4 mahdollisuus l\u00e4mmitt\u00e4\u00e4 ruokaa. Infopisteet sijaitsevat musiikkilukiolla ja juhlapihalla. Lis\u00e4ksi henkil\u00f6kunta ja j\u00e4rjestyksenvalvojat auttavat aina tarvittaessa. Henkil\u00f6kunnan tunnistaa &#8221;T\u00f6is\u00e4&#8221;-tekstist\u00e4 paidassaan. Ensiapu l\u00f6ytyy yl\u00e4koululta, mink\u00e4 lis\u00e4ksi alueella liikkuu kiert\u00e4v\u00e4 ensiapuryhm\u00e4.<\/p>\n<p>Alueelta l\u00f6ytyy vesipullon t\u00e4ytt\u00f6piste.<\/p>\n<p>Juhla-alueen l\u00e4heisyydess\u00e4 on useita kauppoja, ravintoloita sek\u00e4 muita palveluita kuten apteekki.\u00a0 Alueella on helppoa ja turvallista liikkua lasten ja lastenvaunujen kanssa. Alue on esteet\u00f6n ja v\u00e4limatkat suhteellisen lyhyet. Lis\u00e4ksi suojaa l\u00f6ytyy niin auringolta, kuin sateeltakin. Koirat ovat my\u00f6s tervetulleita alueelle lukuun ottamatta ravintolatiloja.<\/p>\n<p>Parkkipaikat ovat kaikki k\u00e4velymatkan p\u00e4\u00e4ss\u00e4 ja niihin on liikenteenohjaus. Juhla-alueelle p\u00e4\u00e4see my\u00f6s festivaalibussilla Kokkolasta ja Vetelist\u00e4. Festivaalibussin pys\u00e4kki on aivan alueen p\u00e4\u00e4portin vieress\u00e4.<\/p>\n<h3><\/h3>\n<h3><strong><em>L\u00e4mpim\u00e4sti tervetuloa Kaustisen kansanmusiikkijuhlille koko perheen voimin!<\/em><\/strong><\/h3>\n<p>[\/et_pb_text][\/et_pb_column][\/et_pb_row][et_pb_row _builder_version=&#8221;4.6.6&#8243; _module_preset=&#8221;default&#8221;][et_pb_column type=&#8221;4_4&#8243; _builder_version=&#8221;4.6.6&#8243; _module_preset=&#8221;default&#8221;][et_pb_text _builder_version=&#8221;4.6.6&#8243; _module_preset=&#8221;default&#8221;]<\/p>\n<h2>Lastenohjelma t\u00e4ydentyy 9.1.2026 alkaen<\/h2>\n<p>[\/et_pb_text][\/et_pb_column][\/et_pb_row][\/et_pb_section]<\/p>\n","protected":false},"excerpt":{"rendered":"<p>[et_pb_section fb_built=&#8221;1&#8243; _builder_version=&#8221;3.22&#8243;][et_pb_row column_structure=&#8221;1_4,3_4&#8243; _builder_version=&#8221;3.25&#8243; background_size=&#8221;initial&#8221; background_position=&#8221;top_left&#8221; background_repeat=&#8221;repeat&#8221;][et_pb_column type=&#8221;1_4&#8243; _builder_version=&#8221;3.25&#8243; custom_padding=&#8221;|||&#8221; custom_padding__hover=&#8221;|||&#8221;][et_pb_sidebar area=&#8221;sidebar-6&#8243; _builder_version=&#8221;4.6.6&#8243; _module_preset=&#8221;default&#8221; hover_enabled=&#8221;0&#8243; sticky_enabled=&#8221;0&#8243;][\/et_pb_sidebar][\/et_pb_column][et_pb_column type=&#8221;3_4&#8243; _builder_version=&#8221;3.25&#8243; custom_padding=&#8221;|||&#8221; custom_padding__hover=&#8221;|||&#8221;][et_pb_text _builder_version=&#8221;4.6.6&#8243; background_size=&#8221;initial&#8221; background_position=&#8221;top_left&#8221; background_repeat=&#8221;repeat&#8221; custom_padding=&#8221;0px||1px|||&#8221; link_option_url_new_window=&#8221;on&#8221;] Lasten Kaustinen Kuva: Krista J\u00e4rvel\u00e4 Lasten Kaustiseen kuuluu joka p\u00e4iv\u00e4 ohjelmaa tulviva Lastenteltta sek\u00e4 sen kainalossa sijaitseva Puuhateltta. Ohjelmaa l\u00f6ytyy kummassakin teltassa kaikenik\u00e4isille lapsille, ja Lasten Kaustisessa viihtyv\u00e4t [&hellip;]<\/p>\n","protected":false},"author":12,"featured_media":0,"parent":0,"menu_order":0,"comment_status":"closed","ping_status":"closed","template":"","meta":{"_et_pb_use_builder":"on","_et_pb_old_content":"","_et_gb_content_width":"","footnotes":""},"class_list":["post-41916","page","type-page","status-publish","hentry"],"yoast_head":"<!-- This site is optimized with the Yoast SEO plugin v27.3 - https:\/\/yoast.com\/product\/yoast-seo-wordpress\/ -->\n<title>Lasten Kaustinen - Kaustinen Folk Music Festival<\/title>\n<meta name=\"robots\" content=\"index, follow, max-snippet:-1, max-image-preview:large, max-video-preview:-1\" \/>\n<link rel=\"canonical\" href=\"https:\/\/kaustinen.net\/en\/childrens-caustic\/\" \/>\n<meta property=\"og:locale\" content=\"en_GB\" \/>\n<meta property=\"og:type\" content=\"article\" \/>\n<meta property=\"og:title\" content=\"Lasten Kaustinen - Kaustinen Folk Music Festival\" \/>\n<meta property=\"og:description\" content=\"[et_pb_section fb_built=&#8221;1&#8243; _builder_version=&#8221;3.22&#8243;][et_pb_row column_structure=&#8221;1_4,3_4&#8243; _builder_version=&#8221;3.25&#8243; background_size=&#8221;initial&#8221; background_position=&#8221;top_left&#8221; background_repeat=&#8221;repeat&#8221;][et_pb_column type=&#8221;1_4&#8243; _builder_version=&#8221;3.25&#8243; custom_padding=&#8221;|||&#8221; custom_padding__hover=&#8221;|||&#8221;][et_pb_sidebar area=&#8221;sidebar-6&#8243; _builder_version=&#8221;4.6.6&#8243; _module_preset=&#8221;default&#8221; hover_enabled=&#8221;0&#8243; sticky_enabled=&#8221;0&#8243;][\/et_pb_sidebar][\/et_pb_column][et_pb_column type=&#8221;3_4&#8243; _builder_version=&#8221;3.25&#8243; custom_padding=&#8221;|||&#8221; custom_padding__hover=&#8221;|||&#8221;][et_pb_text _builder_version=&#8221;4.6.6&#8243; background_size=&#8221;initial&#8221; background_position=&#8221;top_left&#8221; background_repeat=&#8221;repeat&#8221; custom_padding=&#8221;0px||1px|||&#8221; link_option_url_new_window=&#8221;on&#8221;] Lasten Kaustinen Kuva: Krista J\u00e4rvel\u00e4 Lasten Kaustiseen kuuluu joka p\u00e4iv\u00e4 ohjelmaa tulviva Lastenteltta sek\u00e4 sen kainalossa sijaitseva Puuhateltta. Ohjelmaa l\u00f6ytyy kummassakin teltassa kaikenik\u00e4isille lapsille, ja Lasten Kaustisessa viihtyv\u00e4t [&hellip;]\" \/>\n<meta property=\"og:url\" content=\"https:\/\/kaustinen.net\/en\/childrens-caustic\/\" \/>\n<meta property=\"og:site_name\" content=\"Kaustinen Folk Music Festival\" \/>\n<meta property=\"article:modified_time\" content=\"2026-03-05T12:48:50+00:00\" \/>\n<meta property=\"og:image\" content=\"https:\/\/kaustinen.net\/wp-content\/uploads\/2026\/01\/Puuhateltta_Usva-Torkki.jpg\" \/>\n\t<meta property=\"og:image:width\" content=\"1000\" \/>\n\t<meta property=\"og:image:height\" content=\"667\" \/>\n\t<meta property=\"og:image:type\" content=\"image\/jpeg\" \/>\n<meta name=\"twitter:card\" content=\"summary_large_image\" \/>\n<meta name=\"twitter:label1\" content=\"Estimated reading time\" \/>\n\t<meta name=\"twitter:data1\" content=\"3 minutes\" \/>\n<script type=\"application\/ld+json\" class=\"yoast-schema-graph\">{\"@context\":\"https:\\\/\\\/schema.org\",\"@graph\":[{\"@type\":\"WebPage\",\"@id\":\"https:\\\/\\\/kaustinen.net\\\/lasten-kaustinen\\\/\",\"url\":\"https:\\\/\\\/kaustinen.net\\\/lasten-kaustinen\\\/\",\"name\":\"Lasten Kaustinen - Kaustinen Folk Music Festival\",\"isPartOf\":{\"@id\":\"https:\\\/\\\/kaustinen.net\\\/sv\\\/#website\"},\"primaryImageOfPage\":{\"@id\":\"https:\\\/\\\/kaustinen.net\\\/lasten-kaustinen\\\/#primaryimage\"},\"image\":{\"@id\":\"https:\\\/\\\/kaustinen.net\\\/lasten-kaustinen\\\/#primaryimage\"},\"thumbnailUrl\":\"https:\\\/\\\/kaustinen.net\\\/wp-content\\\/uploads\\\/2026\\\/01\\\/Puuhateltta_Usva-Torkki.jpg\",\"datePublished\":\"2024-06-28T15:14:01+00:00\",\"dateModified\":\"2026-03-05T12:48:50+00:00\",\"breadcrumb\":{\"@id\":\"https:\\\/\\\/kaustinen.net\\\/lasten-kaustinen\\\/#breadcrumb\"},\"inLanguage\":\"en-GB\",\"potentialAction\":[{\"@type\":\"ReadAction\",\"target\":[\"https:\\\/\\\/kaustinen.net\\\/lasten-kaustinen\\\/\"]}]},{\"@type\":\"ImageObject\",\"inLanguage\":\"en-GB\",\"@id\":\"https:\\\/\\\/kaustinen.net\\\/lasten-kaustinen\\\/#primaryimage\",\"url\":\"https:\\\/\\\/kaustinen.net\\\/wp-content\\\/uploads\\\/2026\\\/01\\\/Puuhateltta_Usva-Torkki.jpg\",\"contentUrl\":\"https:\\\/\\\/kaustinen.net\\\/wp-content\\\/uploads\\\/2026\\\/01\\\/Puuhateltta_Usva-Torkki.jpg\"},{\"@type\":\"BreadcrumbList\",\"@id\":\"https:\\\/\\\/kaustinen.net\\\/lasten-kaustinen\\\/#breadcrumb\",\"itemListElement\":[{\"@type\":\"ListItem\",\"position\":1,\"name\":\"Home\",\"item\":\"https:\\\/\\\/kaustinen.net\\\/\"},{\"@type\":\"ListItem\",\"position\":2,\"name\":\"Lasten Kaustinen\"}]},{\"@type\":\"WebSite\",\"@id\":\"https:\\\/\\\/kaustinen.net\\\/sv\\\/#website\",\"url\":\"https:\\\/\\\/kaustinen.net\\\/sv\\\/\",\"name\":\"Kaustinen Folk Music Festival\",\"description\":\"Kes\u00e4n onnellisimmat p\u00e4iv\u00e4t\",\"potentialAction\":[{\"@type\":\"SearchAction\",\"target\":{\"@type\":\"EntryPoint\",\"urlTemplate\":\"https:\\\/\\\/kaustinen.net\\\/sv\\\/?s={search_term_string}\"},\"query-input\":{\"@type\":\"PropertyValueSpecification\",\"valueRequired\":true,\"valueName\":\"search_term_string\"}}],\"inLanguage\":\"en-GB\"}]}<\/script>\n<!-- \/ Yoast SEO plugin. -->","yoast_head_json":{"title":"Children Kaustinen - Kaustinen Folk Music Festival","robots":{"index":"index","follow":"follow","max-snippet":"max-snippet:-1","max-image-preview":"max-image-preview:large","max-video-preview":"max-video-preview:-1"},"canonical":"https:\/\/kaustinen.net\/en\/childrens-caustic\/","og_locale":"en_GB","og_type":"article","og_title":"Lasten Kaustinen - Kaustinen Folk Music Festival","og_description":"[et_pb_section fb_built=&#8221;1&#8243; _builder_version=&#8221;3.22&#8243;][et_pb_row column_structure=&#8221;1_4,3_4&#8243; _builder_version=&#8221;3.25&#8243; background_size=&#8221;initial&#8221; background_position=&#8221;top_left&#8221; background_repeat=&#8221;repeat&#8221;][et_pb_column type=&#8221;1_4&#8243; _builder_version=&#8221;3.25&#8243; custom_padding=&#8221;|||&#8221; custom_padding__hover=&#8221;|||&#8221;][et_pb_sidebar area=&#8221;sidebar-6&#8243; _builder_version=&#8221;4.6.6&#8243; _module_preset=&#8221;default&#8221; hover_enabled=&#8221;0&#8243; sticky_enabled=&#8221;0&#8243;][\/et_pb_sidebar][\/et_pb_column][et_pb_column type=&#8221;3_4&#8243; _builder_version=&#8221;3.25&#8243; custom_padding=&#8221;|||&#8221; custom_padding__hover=&#8221;|||&#8221;][et_pb_text _builder_version=&#8221;4.6.6&#8243; background_size=&#8221;initial&#8221; background_position=&#8221;top_left&#8221; background_repeat=&#8221;repeat&#8221; custom_padding=&#8221;0px||1px|||&#8221; link_option_url_new_window=&#8221;on&#8221;] Lasten Kaustinen Kuva: Krista J\u00e4rvel\u00e4 Lasten Kaustiseen kuuluu joka p\u00e4iv\u00e4 ohjelmaa tulviva Lastenteltta sek\u00e4 sen kainalossa sijaitseva Puuhateltta. Ohjelmaa l\u00f6ytyy kummassakin teltassa kaikenik\u00e4isille lapsille, ja Lasten Kaustisessa viihtyv\u00e4t [&hellip;]","og_url":"https:\/\/kaustinen.net\/en\/childrens-caustic\/","og_site_name":"Kaustinen Folk Music Festival","article_modified_time":"2026-03-05T12:48:50+00:00","og_image":[{"width":1000,"height":667,"url":"https:\/\/kaustinen.net\/wp-content\/uploads\/2026\/01\/Puuhateltta_Usva-Torkki.jpg","type":"image\/jpeg"}],"twitter_card":"summary_large_image","twitter_misc":{"Estimated reading time":"3 minutes"},"schema":{"@context":"https:\/\/schema.org","@graph":[{"@type":"WebPage","@id":"https:\/\/kaustinen.net\/lasten-kaustinen\/","url":"https:\/\/kaustinen.net\/lasten-kaustinen\/","name":"Children Kaustinen - Kaustinen Folk Music Festival","isPartOf":{"@id":"https:\/\/kaustinen.net\/sv\/#website"},"primaryImageOfPage":{"@id":"https:\/\/kaustinen.net\/lasten-kaustinen\/#primaryimage"},"image":{"@id":"https:\/\/kaustinen.net\/lasten-kaustinen\/#primaryimage"},"thumbnailUrl":"https:\/\/kaustinen.net\/wp-content\/uploads\/2026\/01\/Puuhateltta_Usva-Torkki.jpg","datePublished":"2024-06-28T15:14:01+00:00","dateModified":"2026-03-05T12:48:50+00:00","breadcrumb":{"@id":"https:\/\/kaustinen.net\/lasten-kaustinen\/#breadcrumb"},"inLanguage":"en-GB","potentialAction":[{"@type":"ReadAction","target":["https:\/\/kaustinen.net\/lasten-kaustinen\/"]}]},{"@type":"ImageObject","inLanguage":"en-GB","@id":"https:\/\/kaustinen.net\/lasten-kaustinen\/#primaryimage","url":"https:\/\/kaustinen.net\/wp-content\/uploads\/2026\/01\/Puuhateltta_Usva-Torkki.jpg","contentUrl":"https:\/\/kaustinen.net\/wp-content\/uploads\/2026\/01\/Puuhateltta_Usva-Torkki.jpg"},{"@type":"BreadcrumbList","@id":"https:\/\/kaustinen.net\/lasten-kaustinen\/#breadcrumb","itemListElement":[{"@type":"ListItem","position":1,"name":"Home","item":"https:\/\/kaustinen.net\/"},{"@type":"ListItem","position":2,"name":"Lasten Kaustinen"}]},{"@type":"WebSite","@id":"https:\/\/kaustinen.net\/sv\/#website","url":"https:\/\/kaustinen.net\/sv\/","name":"Kaustinen Folk Music Festival","description":"Happiest Days of Summer","potentialAction":[{"@type":"SearchAction","target":{"@type":"EntryPoint","urlTemplate":"https:\/\/kaustinen.net\/sv\/?s={search_term_string}"},"query-input":{"@type":"PropertyValueSpecification","valueRequired":true,"valueName":"search_term_string"}}],"inLanguage":"en-GB"}]}},"jetpack_sharing_enabled":true,"_links":{"self":[{"href":"http:\/\/kaustinen.net\/en\/wp-json\/wp\/v2\/pages\/41916","targetHints":{"allow":["GET"]}}],"collection":[{"href":"http:\/\/kaustinen.net\/en\/wp-json\/wp\/v2\/pages"}],"about":[{"href":"http:\/\/kaustinen.net\/en\/wp-json\/wp\/v2\/types\/page"}],"author":[{"embeddable":true,"href":"http:\/\/kaustinen.net\/en\/wp-json\/wp\/v2\/users\/12"}],"replies":[{"embeddable":true,"href":"http:\/\/kaustinen.net\/en\/wp-json\/wp\/v2\/comments?post=41916"}],"version-history":[{"count":35,"href":"http:\/\/kaustinen.net\/en\/wp-json\/wp\/v2\/pages\/41916\/revisions"}],"predecessor-version":[{"id":46356,"href":"http:\/\/kaustinen.net\/en\/wp-json\/wp\/v2\/pages\/41916\/revisions\/46356"}],"wp:attachment":[{"href":"http:\/\/kaustinen.net\/en\/wp-json\/wp\/v2\/media?parent=41916"}],"curies":[{"name":"wp","href":"https:\/\/api.w.org\/{rel}","templated":true}]}}